{"id":10657,"date":"2022-12-22T12:50:53","date_gmt":"2022-12-22T11:50:53","guid":{"rendered":"https:\/\/www.arber.de\/sommer\/familienerlebnis\/"},"modified":"2022-12-22T12:50:53","modified_gmt":"2022-12-22T11:50:53","slug":"familienerlebnis","status":"publish","type":"page","link":"https:\/\/www.arber.de\/en\/sommer\/familienerlebnis\/","title":{"rendered":"Familienerlebnis"},"content":{"rendered":"\t\t<div data-elementor-type=\"wp-page\" data-elementor-id=\"10657\" class=\"elementor elementor-10657 elementor-4852\" data-elementor-post-type=\"page\">\n\t\t\t\t<div class=\"elementor-element elementor-element-49f48130 e-con-full e-flex e-con e-parent\" data-id=\"49f48130\" data-element_type=\"container\">\n\t\t<div class=\"elementor-element elementor-element-126a7dbb e-flex e-con-boxed e-con e-parent\" data-id=\"126a7dbb\" data-element_type=\"container\" data-settings=\"{&quot;background_background&quot;:&quot;classic&quot;,&quot;shape_divider_bottom&quot;:&quot;pyramids&quot;}\">\n\t\t\t\t\t<div class=\"e-con-inner\">\n\t\t\t\t<div class=\"elementor-shape elementor-shape-bottom\" aria-hidden=\"true\" data-negative=\"false\">\n\t\t\t<svg xmlns=\"http:\/\/www.w3.org\/2000\/svg\" viewBox=\"0 0 1000 100\" preserveAspectRatio=\"none\">\n\t<path class=\"elementor-shape-fill\" d=\"M761.9,44.1L643.1,27.2L333.8,98L0,3.8V0l1000,0v3.9\"\/>\n<\/svg>\t\t<\/div>\n\t\t\t\t\t<\/div>\n\t\t\t\t<\/div>\n\t\t<div class=\"elementor-element elementor-element-592c8d4b e-flex e-con-boxed e-con e-parent\" data-id=\"592c8d4b\" data-element_type=\"container\" data-settings=\"{&quot;background_background&quot;:&quot;gradient&quot;,&quot;shape_divider_bottom&quot;:&quot;pyramids&quot;}\">\n\t\t\t\t\t<div class=\"e-con-inner\">\n\t\t\t\t<div class=\"elementor-shape elementor-shape-bottom\" aria-hidden=\"true\" data-negative=\"false\">\n\t\t\t<svg xmlns=\"http:\/\/www.w3.org\/2000\/svg\" viewBox=\"0 0 1000 100\" preserveAspectRatio=\"none\">\n\t<path class=\"elementor-shape-fill\" d=\"M761.9,44.1L643.1,27.2L333.8,98L0,3.8V0l1000,0v3.9\"\/>\n<\/svg>\t\t<\/div>\n\t\t\t\t<div class=\"elementor-element elementor-element-fdc8121 elementor-widget__width-initial elementor-widget-mobile__width-inherit elementor-widget elementor-widget-heading\" data-id=\"fdc8121\" data-element_type=\"widget\" data-widget_type=\"heading.default\">\n\t\t\t\t<div class=\"elementor-widget-container\">\n\t\t\t\t\t<div class=\"elementor-heading-title elementor-size-default\">Familienerlebnis im Bayerischen Wald<\/div>\t\t\t\t<\/div>\n\t\t\t\t<\/div>\n\t\t\t\t\t<\/div>\n\t\t\t\t<\/div>\n\t\t\t\t<\/div>\n\t\t<div class=\"elementor-element elementor-element-120e4040 e-flex e-con-boxed e-con e-parent\" data-id=\"120e4040\" data-element_type=\"container\">\n\t\t\t\t\t<div class=\"e-con-inner\">\n\t\t<div class=\"elementor-element elementor-element-65914538 e-con-full e-flex e-con e-parent\" data-id=\"65914538\" data-element_type=\"container\" data-settings=\"{&quot;motion_fx_motion_fx_scrolling&quot;:&quot;yes&quot;,&quot;motion_fx_translateY_effect&quot;:&quot;yes&quot;,&quot;motion_fx_translateY_speed&quot;:{&quot;unit&quot;:&quot;px&quot;,&quot;size&quot;:1.5,&quot;sizes&quot;:[]},&quot;motion_fx_devices&quot;:[&quot;desktop&quot;,&quot;tablet&quot;],&quot;motion_fx_translateY_affectedRange&quot;:{&quot;unit&quot;:&quot;%&quot;,&quot;size&quot;:&quot;&quot;,&quot;sizes&quot;:{&quot;start&quot;:0,&quot;end&quot;:100}}}\">\n\t\t\t\t<div class=\"elementor-element elementor-element-712365d elementor-widget elementor-widget-heading\" data-id=\"712365d\" data-element_type=\"widget\" data-widget_type=\"heading.default\">\n\t\t\t\t<div class=\"elementor-widget-container\">\n\t\t\t\t\t<span class=\"elementor-heading-title elementor-size-default\">Sehen, staunen &amp; erleben<\/span>\t\t\t\t<\/div>\n\t\t\t\t<\/div>\n\t\t\t\t<div class=\"elementor-element elementor-element-2d6a4603 elementor-widget elementor-widget-heading\" data-id=\"2d6a4603\" data-element_type=\"widget\" data-widget_type=\"heading.default\">\n\t\t\t\t<div class=\"elementor-widget-container\">\n\t\t\t\t\t<h1 class=\"elementor-heading-title elementor-size-default\">Ausgezeichneter Familienspa\u00df am Gro\u00dfen Arber<\/h1>\t\t\t\t<\/div>\n\t\t\t\t<\/div>\n\t\t\t\t<div class=\"elementor-element elementor-element-67a575d4 elementor-widget elementor-widget-text-editor\" data-id=\"67a575d4\" data-element_type=\"widget\" data-widget_type=\"text-editor.default\">\n\t\t\t\t<div class=\"elementor-widget-container\">\n\t\t\t\t\t\t\t\t\t<p>Unser Gro\u00dfer Arber ist besonders f\u00fcr Familien sehr attraktiv. Ob im Winter mit seinen zahlreichen <a href=\"https:\/\/www.arber.de\/skigebiet\/familienskigebiet\/\" target=\"_blank\" rel=\"noopener\">Ski<\/a>&#8211; sowie <a href=\"https:\/\/www.arber.de\/skigebiet\/rodelbahnen\/\" target=\"_blank\" rel=\"noopener\">Rodelangeboten<\/a> f\u00fcr Gro\u00df und Klein oder in den Sommermonaten mit seinen vielf\u00e4ltigen Freizeitm\u00f6glichkeiten f\u00fcr jedes Alter \u2013 der h\u00f6chste Berg im Bayerischen Wald kann jede Generation begeistern.<\/p><p>Dank der hohen Qualit\u00e4t unseres Familienangebots wurden wir vom <a href=\"http:\/\/www.bayern.by\/\" target=\"_blank\" rel=\"noopener\">Tourismusverband Bayern<\/a> mit dem Titel \u201eKinderland-Erlebnispartner\u201c ausgezeichnet. Nur wer einen umfangreichen Katalog von bis zu 100 Qualit\u00e4tskriterien erf\u00fcllt, kann eine solche Ehre erhalten. So k\u00f6nnen wir Ihnen bei uns spannende Freizeitattraktionen f\u00fcr jede Altersklasse garantieren.<\/p>\t\t\t\t\t\t\t\t<\/div>\n\t\t\t\t<\/div>\n\t\t\t\t<\/div>\n\t\t<div class=\"elementor-element elementor-element-24ce55d1 e-con-full e-flex e-con e-parent\" data-id=\"24ce55d1\" data-element_type=\"container\" data-settings=\"{&quot;motion_fx_motion_fx_scrolling&quot;:&quot;yes&quot;,&quot;motion_fx_translateY_effect&quot;:&quot;yes&quot;,&quot;motion_fx_translateY_direction&quot;:&quot;negative&quot;,&quot;motion_fx_translateY_speed&quot;:{&quot;unit&quot;:&quot;px&quot;,&quot;size&quot;:3.5,&quot;sizes&quot;:[]},&quot;motion_fx_devices&quot;:[&quot;desktop&quot;,&quot;tablet&quot;],&quot;motion_fx_translateY_affectedRange&quot;:{&quot;unit&quot;:&quot;%&quot;,&quot;size&quot;:&quot;&quot;,&quot;sizes&quot;:{&quot;start&quot;:0,&quot;end&quot;:100}}}\">\n\t\t\t\t<div class=\"elementor-element elementor-element-54ece574 elementor-widget elementor-widget-image\" data-id=\"54ece574\" data-element_type=\"widget\" data-widget_type=\"image.default\">\n\t\t\t\t<div class=\"elementor-widget-container\">\n\t\t\t\t\t\t\t\t\t\t\t\t\t\t\t<img fetchpriority=\"high\" decoding=\"async\" width=\"800\" height=\"534\" src=\"https:\/\/www.arber.de\/wp-content\/uploads\/Woidlife150828mf006-1024x683.jpg\" class=\"attachment-large size-large wp-image-4870\" alt=\"\" srcset=\"https:\/\/www.arber.de\/wp-content\/uploads\/Woidlife150828mf006-1024x683.jpg 1024w, https:\/\/www.arber.de\/wp-content\/uploads\/Woidlife150828mf006-300x200.jpg 300w, https:\/\/www.arber.de\/wp-content\/uploads\/Woidlife150828mf006-768x512.jpg 768w, https:\/\/www.arber.de\/wp-content\/uploads\/Woidlife150828mf006-1536x1024.jpg 1536w, https:\/\/www.arber.de\/wp-content\/uploads\/Woidlife150828mf006-2048x1366.jpg 2048w\" sizes=\"(max-width: 800px) 100vw, 800px\" \/>\t\t\t\t\t\t\t\t\t\t\t\t\t\t\t<\/div>\n\t\t\t\t<\/div>\n\t\t\t\t<\/div>\n\t\t\t\t\t<\/div>\n\t\t\t\t<\/div>\n\t\t<div class=\"elementor-element elementor-element-e0b1e4c e-flex e-con-boxed e-con e-parent\" data-id=\"e0b1e4c\" data-element_type=\"container\">\n\t\t\t\t\t<div class=\"e-con-inner\">\n\t\t\t\t<div class=\"elementor-element elementor-element-72580a08 elementor-widget elementor-widget-gallery\" data-id=\"72580a08\" data-element_type=\"widget\" data-settings=\"{&quot;columns_mobile&quot;:2,&quot;columns_tablet&quot;:4,&quot;aspect_ratio&quot;:&quot;1:1&quot;,&quot;lazyload&quot;:&quot;yes&quot;,&quot;gallery_layout&quot;:&quot;grid&quot;,&quot;columns&quot;:4,&quot;gap&quot;:{&quot;unit&quot;:&quot;px&quot;,&quot;size&quot;:10,&quot;sizes&quot;:[]},&quot;gap_tablet&quot;:{&quot;unit&quot;:&quot;px&quot;,&quot;size&quot;:10,&quot;sizes&quot;:[]},&quot;gap_mobile&quot;:{&quot;unit&quot;:&quot;px&quot;,&quot;size&quot;:10,&quot;sizes&quot;:[]},&quot;link_to&quot;:&quot;file&quot;,&quot;overlay_background&quot;:&quot;yes&quot;,&quot;content_hover_animation&quot;:&quot;fade-in&quot;}\" data-widget_type=\"gallery.default\">\n\t\t\t\t<div class=\"elementor-widget-container\">\n\t\t\t\t\t\t\t<div class=\"elementor-gallery__container\">\n\t\t\t\t\t\t\t<a class=\"e-gallery-item elementor-gallery-item elementor-animated-content\" href=\"https:\/\/www.arber.de\/wp-content\/uploads\/Woidlife150829mf118.jpg\" data-elementor-open-lightbox=\"yes\" data-elementor-lightbox-slideshow=\"72580a08\" data-e-action-hash=\"#elementor-action%3Aaction%3Dlightbox%26settings%3DeyJpZCI6NDg1OSwidXJsIjoiaHR0cHM6XC9cL3d3dy5hcmJlci5kZVwvd3AtY29udGVudFwvdXBsb2Fkc1wvV29pZGxpZmUxNTA4MjltZjExOC5qcGciLCJzbGlkZXNob3ciOiI3MjU4MGEwOCJ9\">\n\t\t\t\t\t<div class=\"e-gallery-image elementor-gallery-item__image\" data-thumbnail=\"https:\/\/www.arber.de\/wp-content\/uploads\/Woidlife150829mf118-768x512.jpg\" data-width=\"768\" data-height=\"512\" aria-label=\"\" role=\"img\" ><\/div>\n\t\t\t\t\t\t\t\t\t\t\t<div class=\"elementor-gallery-item__overlay\"><\/div>\n\t\t\t\t\t\t\t\t\t\t\t\t\t\t<\/a>\n\t\t\t\t\t\t\t<a class=\"e-gallery-item elementor-gallery-item elementor-animated-content\" href=\"https:\/\/www.arber.de\/wp-content\/uploads\/Woidlife150829mf136.jpg\" data-elementor-open-lightbox=\"yes\" data-elementor-lightbox-slideshow=\"72580a08\" data-e-action-hash=\"#elementor-action%3Aaction%3Dlightbox%26settings%3DeyJpZCI6NDg2MywidXJsIjoiaHR0cHM6XC9cL3d3dy5hcmJlci5kZVwvd3AtY29udGVudFwvdXBsb2Fkc1wvV29pZGxpZmUxNTA4MjltZjEzNi5qcGciLCJzbGlkZXNob3ciOiI3MjU4MGEwOCJ9\">\n\t\t\t\t\t<div class=\"e-gallery-image elementor-gallery-item__image\" data-thumbnail=\"https:\/\/www.arber.de\/wp-content\/uploads\/Woidlife150829mf136-768x512.jpg\" data-width=\"768\" data-height=\"512\" aria-label=\"\" role=\"img\" ><\/div>\n\t\t\t\t\t\t\t\t\t\t\t<div class=\"elementor-gallery-item__overlay\"><\/div>\n\t\t\t\t\t\t\t\t\t\t\t\t\t\t<\/a>\n\t\t\t\t\t\t\t<a class=\"e-gallery-item elementor-gallery-item elementor-animated-content\" href=\"https:\/\/www.arber.de\/wp-content\/uploads\/Woidlife150828mf010_01.jpg\" data-elementor-open-lightbox=\"yes\" data-elementor-lightbox-slideshow=\"72580a08\" data-e-action-hash=\"#elementor-action%3Aaction%3Dlightbox%26settings%3DeyJpZCI6NDg3MSwidXJsIjoiaHR0cHM6XC9cL3d3dy5hcmJlci5kZVwvd3AtY29udGVudFwvdXBsb2Fkc1wvV29pZGxpZmUxNTA4MjhtZjAxMF8wMS5qcGciLCJzbGlkZXNob3ciOiI3MjU4MGEwOCJ9\">\n\t\t\t\t\t<div class=\"e-gallery-image elementor-gallery-item__image\" data-thumbnail=\"https:\/\/www.arber.de\/wp-content\/uploads\/Woidlife150828mf010_01-768x512.jpg\" data-width=\"768\" data-height=\"512\" aria-label=\"\" role=\"img\" ><\/div>\n\t\t\t\t\t\t\t\t\t\t\t<div class=\"elementor-gallery-item__overlay\"><\/div>\n\t\t\t\t\t\t\t\t\t\t\t\t\t\t<\/a>\n\t\t\t\t\t\t\t<a class=\"e-gallery-item elementor-gallery-item elementor-animated-content\" href=\"https:\/\/www.arber.de\/wp-content\/uploads\/Woidlife150828mf055.jpg\" data-elementor-open-lightbox=\"yes\" data-elementor-lightbox-slideshow=\"72580a08\" data-e-action-hash=\"#elementor-action%3Aaction%3Dlightbox%26settings%3DeyJpZCI6NDg3NSwidXJsIjoiaHR0cHM6XC9cL3d3dy5hcmJlci5kZVwvd3AtY29udGVudFwvdXBsb2Fkc1wvV29pZGxpZmUxNTA4MjhtZjA1NS5qcGciLCJzbGlkZXNob3ciOiI3MjU4MGEwOCJ9\">\n\t\t\t\t\t<div class=\"e-gallery-image elementor-gallery-item__image\" data-thumbnail=\"https:\/\/www.arber.de\/wp-content\/uploads\/Woidlife150828mf055-768x512.jpg\" data-width=\"768\" data-height=\"512\" aria-label=\"\" role=\"img\" ><\/div>\n\t\t\t\t\t\t\t\t\t\t\t<div class=\"elementor-gallery-item__overlay\"><\/div>\n\t\t\t\t\t\t\t\t\t\t\t\t\t\t<\/a>\n\t\t\t\t\t<\/div>\n\t\t\t\t\t<\/div>\n\t\t\t\t<\/div>\n\t\t\t\t\t<\/div>\n\t\t\t\t<\/div>\n\t\t<div class=\"elementor-element elementor-element-1dded102 e-flex e-con-boxed e-con e-parent\" data-id=\"1dded102\" data-element_type=\"container\" data-settings=\"{&quot;background_background&quot;:&quot;classic&quot;,&quot;shape_divider_top&quot;:&quot;pyramids&quot;,&quot;shape_divider_bottom&quot;:&quot;pyramids&quot;}\">\n\t\t\t\t\t<div class=\"e-con-inner\">\n\t\t\t\t<div class=\"elementor-shape elementor-shape-top\" aria-hidden=\"true\" data-negative=\"false\">\n\t\t\t<svg xmlns=\"http:\/\/www.w3.org\/2000\/svg\" viewBox=\"0 0 1000 100\" preserveAspectRatio=\"none\">\n\t<path class=\"elementor-shape-fill\" d=\"M761.9,44.1L643.1,27.2L333.8,98L0,3.8V0l1000,0v3.9\"\/>\n<\/svg>\t\t<\/div>\n\t\t\t\t<div class=\"elementor-shape elementor-shape-bottom\" aria-hidden=\"true\" data-negative=\"false\">\n\t\t\t<svg xmlns=\"http:\/\/www.w3.org\/2000\/svg\" viewBox=\"0 0 1000 100\" preserveAspectRatio=\"none\">\n\t<path class=\"elementor-shape-fill\" d=\"M761.9,44.1L643.1,27.2L333.8,98L0,3.8V0l1000,0v3.9\"\/>\n<\/svg>\t\t<\/div>\n\t\t<div class=\"elementor-element elementor-element-65eb1f57 e-flex e-con-boxed e-con e-parent\" data-id=\"65eb1f57\" data-element_type=\"container\">\n\t\t\t\t\t<div class=\"e-con-inner\">\n\t\t\t\t<div class=\"elementor-element elementor-element-10fca0a1 elementor-widget elementor-widget-heading\" data-id=\"10fca0a1\" data-element_type=\"widget\" data-widget_type=\"heading.default\">\n\t\t\t\t<div class=\"elementor-widget-container\">\n\t\t\t\t\t<h2 class=\"elementor-heading-title elementor-size-default\">Das Highlight f\u00fcr Ihre Spr\u00f6sslinge \u2013 unsere Erlebnis-Kinderspielpl\u00e4tze!<\/h2>\t\t\t\t<\/div>\n\t\t\t\t<\/div>\n\t\t\t\t<div class=\"elementor-element elementor-element-43915346 elementor-widget elementor-widget-text-editor\" data-id=\"43915346\" data-element_type=\"widget\" data-widget_type=\"text-editor.default\">\n\t\t\t\t<div class=\"elementor-widget-container\">\n\t\t\t\t\t\t\t\t\t<p>Auf Ihren Nachwuchs wartet an der Talstation und an der Bergstation eine ganz besondere \u00dcberraschung: Hier auf unseren Erlebnis-Kinderspielpl\u00e4tzen k\u00f6nnen Ihre Kleinen aufregende Rutschen sowie abwechslungsreiche Spielger\u00e4te erkunden und vielf\u00e4ltige Abenteuer erleben.\u00a0<\/p><p>Alle Anlagen stammen vom Qualit\u00e4tshersteller \u201eeibe\u201c, der f\u00fcr seinen hohen Sicherheitsstandard bekannt ist. Der gr\u00f6\u00dfte Anziehungspunkt ist die derzeit l\u00e4ngste Rutschbahn des Bayerischen Waldes mit zwei Steilkurven, welche direkt am Spielplatz an der Talstation ist.<\/p><p>Gelegentlich besucht unser beliebtes Maskottchen, der <a href=\"https:\/\/www.arber.de\/arbaer-unser-maskottchen\/\">\u201eArB\u00e4r\u201c<\/a>, h\u00f6chstpers\u00f6nlich unsere umfangreichen Spiel- und Spa\u00dfareale. Er bildet zusammen mit zwei lebensgro\u00dfen Figuren \u2013 eine Oma und ein Opa auf einer Bank \u2013 das ideale Willkommenskomitee f\u00fcr Sie und Ihre Familie.\u00a0<\/p><p>Lassen Sie Ihre Kinder unsere Erlebnisspielpl\u00e4tze erkunden und g\u00f6nnen Sie sich derweil eine Auszeit auf unseren Sonnenterrassen am <a href=\"https:\/\/www.arber.de\/gastronomie\/gasthaus-zur-gondelbahn\/\">Gasthaus zur Gondelbahn<\/a> oder in der <a href=\"https:\/\/www.arber.de\/gastronomie\/eisensteiner-huette\/\">Eisensteiner H\u00fctte<\/a> an der Bergstation. Von hier aus haben Sie Ihre Spr\u00f6sslinge stets im Blick!<\/p>\t\t\t\t\t\t\t\t<\/div>\n\t\t\t\t<\/div>\n\t\t\t\t\t<\/div>\n\t\t\t\t<\/div>\n\t\t\t\t\t<\/div>\n\t\t\t\t<\/div>\n\t\t<div class=\"elementor-element elementor-element-ce28400 e-flex e-con-boxed e-con e-parent\" data-id=\"ce28400\" data-element_type=\"container\">\n\t\t\t\t\t<div class=\"e-con-inner\">\n\t\t\t\t<div class=\"elementor-element elementor-element-be3adf6 elementor-widget elementor-widget-heading\" data-id=\"be3adf6\" data-element_type=\"widget\" data-widget_type=\"heading.default\">\n\t\t\t\t<div class=\"elementor-widget-container\">\n\t\t\t\t\t<h2 class=\"elementor-heading-title elementor-size-default\">Spannend, anschaulich und informativ \u2013 Naturkunde am Gro\u00dfen Arber!<\/h2>\t\t\t\t<\/div>\n\t\t\t\t<\/div>\n\t\t\t\t<div class=\"elementor-element elementor-element-07477b8 elementor-widget elementor-widget-text-editor\" data-id=\"07477b8\" data-element_type=\"widget\" data-widget_type=\"text-editor.default\">\n\t\t\t\t<div class=\"elementor-widget-container\">\n\t\t\t\t\t\t\t\t\t<p>Wenn Sie sich mit Ihrer Familie an unserem Gro\u00dfen Arber befinden, sollten Sie unserer <a href=\"https:\/\/www.arber.de\/gastronomie\/eisensteiner-huette\/\">Eisensteiner H\u00fctte<\/a> einen Besuch abstatten. Neben dem hilfsbereitem Service und einem umfangreichen gastronomischen Angebot finden Sie hier ebenfalls eine sehenswerte Naturkundeausstellung. Diese bietet Ihnen die M\u00f6glichkeit, sich vor Ihrem Gipfelbesuch kostenlos \u00fcber unsere au\u00dfergew\u00f6hnlich sch\u00f6ne Flora und Fauna zu informieren.<\/p><p>Im fr\u00fcheren Einfahrtsbereich der alten Sesselbahn haben wir au\u00dferdem einen Pr\u00e4sentationsraum f\u00fcr Sie geschaffen.<\/p><p>Nehmen Sie Platz und lassen Sie sich von einem unserer fantastischen Naturfilme verzaubern!<\/p>\t\t\t\t\t\t\t\t<\/div>\n\t\t\t\t<\/div>\n\t\t\t\t\t<\/div>\n\t\t\t\t<\/div>\n\t\t<div class=\"elementor-element elementor-element-55c4bc1e e-flex e-con-boxed e-con e-parent\" data-id=\"55c4bc1e\" data-element_type=\"container\">\n\t\t\t\t\t<div class=\"e-con-inner\">\n\t\t<div class=\"elementor-element elementor-element-624cee16 e-flex e-con-boxed e-con e-parent\" data-id=\"624cee16\" data-element_type=\"container\" data-settings=\"{&quot;background_background&quot;:&quot;gradient&quot;}\">\n\t\t\t\t\t<div class=\"e-con-inner\">\n\t\t\t\t<div class=\"elementor-element elementor-element-44f972f1 elementor-widget__width-initial animated-slow elementor-view-default elementor-invisible elementor-widget elementor-widget-icon\" data-id=\"44f972f1\" data-element_type=\"widget\" data-settings=\"{&quot;_animation&quot;:&quot;bounceIn&quot;,&quot;_animation_delay&quot;:400}\" data-widget_type=\"icon.default\">\n\t\t\t\t<div class=\"elementor-widget-container\">\n\t\t\t\t\t\t\t<div class=\"elementor-icon-wrapper\">\n\t\t\t<div class=\"elementor-icon\">\n\t\t\t<svg aria-hidden=\"true\" class=\"e-font-icon-svg e-fas-thumbs-up\" viewBox=\"0 0 512 512\" xmlns=\"http:\/\/www.w3.org\/2000\/svg\"><path d=\"M104 224H24c-13.255 0-24 10.745-24 24v240c0 13.255 10.745 24 24 24h80c13.255 0 24-10.745 24-24V248c0-13.255-10.745-24-24-24zM64 472c-13.255 0-24-10.745-24-24s10.745-24 24-24 24 10.745 24 24-10.745 24-24 24zM384 81.452c0 42.416-25.97 66.208-33.277 94.548h101.723c33.397 0 59.397 27.746 59.553 58.098.084 17.938-7.546 37.249-19.439 49.197l-.11.11c9.836 23.337 8.237 56.037-9.308 79.469 8.681 25.895-.069 57.704-16.382 74.757 4.298 17.598 2.244 32.575-6.148 44.632C440.202 511.587 389.616 512 346.839 512l-2.845-.001c-48.287-.017-87.806-17.598-119.56-31.725-15.957-7.099-36.821-15.887-52.651-16.178-6.54-.12-11.783-5.457-11.783-11.998v-213.77c0-3.2 1.282-6.271 3.558-8.521 39.614-39.144 56.648-80.587 89.117-113.111 14.804-14.832 20.188-37.236 25.393-58.902C282.515 39.293 291.817 0 312 0c24 0 72 8 72 81.452z\"><\/path><\/svg>\t\t\t<\/div>\n\t\t<\/div>\n\t\t\t\t\t\t<\/div>\n\t\t\t\t<\/div>\n\t\t\t\t<div class=\"elementor-element elementor-element-79324d0d elementor-widget elementor-widget-text-editor\" data-id=\"79324d0d\" data-element_type=\"widget\" data-widget_type=\"text-editor.default\">\n\t\t\t\t<div class=\"elementor-widget-container\">\n\t\t\t\t\t\t\t\t\t<p><strong>Qualit\u00e4tsversprechen<\/strong>. F\u00fcr unsere Familien garantieren wir stets H\u00d6CHSTE Qualit\u00e4t in unseren gastronomischen Einrichtungen, WC-Anlagen und Seilbahnanlagen.<\/p>\t\t\t\t\t\t\t\t<\/div>\n\t\t\t\t<\/div>\n\t\t\t\t\t<\/div>\n\t\t\t\t<\/div>\n\t\t\t\t\t<\/div>\n\t\t\t\t<\/div>\n\t\t<div class=\"elementor-element elementor-element-b9c2789 e-flex e-con-boxed e-con e-parent\" data-id=\"b9c2789\" data-element_type=\"container\">\n\t\t\t\t\t<div class=\"e-con-inner\">\n\t\t\t\t<div class=\"elementor-element elementor-element-9f52ecf elementor-widget elementor-widget-heading\" data-id=\"9f52ecf\" data-element_type=\"widget\" data-widget_type=\"heading.default\">\n\t\t\t\t<div class=\"elementor-widget-container\">\n\t\t\t\t\t<h2 class=\"elementor-heading-title elementor-size-default\">G\u00f6nnen Sie Ihren F\u00fc\u00dfen eine Pause \u2013 Kneippen am Gro\u00dfen Arber!<\/h2>\t\t\t\t<\/div>\n\t\t\t\t<\/div>\n\t\t\t\t<div class=\"elementor-element elementor-element-d6401be elementor-widget elementor-widget-text-editor\" data-id=\"d6401be\" data-element_type=\"widget\" data-widget_type=\"text-editor.default\">\n\t\t\t\t<div class=\"elementor-widget-container\">\n\t\t\t\t\t\t\t\t\t<p>Direkt unterhalb der Bergstation finden Sie nach einem ereignisreichen Tag mit Ihrer Familie einen besonderen Ort der Entspannung. Unser Kneippbecken bietet Ihnen und Ihren F\u00fc\u00dfen eine willkommene Abk\u00fchlung. Zudem bringt das erfrischende Fu\u00dfbad Ihren Kreislauf wieder in Schwung und geben Ihnen neue Energie f\u00fcr Ihre weiteren Abenteuer an unserem Gro\u00dfen Arber.<\/p>\t\t\t\t\t\t\t\t<\/div>\n\t\t\t\t<\/div>\n\t\t\t\t\t<\/div>\n\t\t\t\t<\/div>\n\t\t\t\t<\/div>\n\t\t","protected":false},"excerpt":{"rendered":"<p>Familienerlebnis im Bayerischen Wald Sehen, staunen &#038; erleben Ausgezeichneter Familienspa\u00df am Gro\u00dfen Arber Unser Gro\u00dfer Arber ist besonders f\u00fcr Familien sehr attraktiv. Ob im Winter mit seinen zahlreichen Ski&#8211; sowie Rodelangeboten f\u00fcr Gro\u00df und Klein oder in den Sommermonaten mit seinen vielf\u00e4ltigen Freizeitm\u00f6glichkeiten f\u00fcr jedes Alter \u2013 der h\u00f6chste Berg im Bayerischen Wald kann jede [&hellip;]<\/p>\n","protected":false},"author":1,"featured_media":0,"parent":10525,"menu_order":0,"comment_status":"closed","ping_status":"closed","template":"","meta":{"inline_featured_image":false,"footnotes":""},"class_list":["post-10657","page","type-page","status-publish","hentry"],"_links":{"self":[{"href":"https:\/\/www.arber.de\/en\/wp-json\/wp\/v2\/pages\/10657","targetHints":{"allow":["GET"]}}],"collection":[{"href":"https:\/\/www.arber.de\/en\/wp-json\/wp\/v2\/pages"}],"about":[{"href":"https:\/\/www.arber.de\/en\/wp-json\/wp\/v2\/types\/page"}],"author":[{"embeddable":true,"href":"https:\/\/www.arber.de\/en\/wp-json\/wp\/v2\/users\/1"}],"replies":[{"embeddable":true,"href":"https:\/\/www.arber.de\/en\/wp-json\/wp\/v2\/comments?post=10657"}],"version-history":[{"count":0,"href":"https:\/\/www.arber.de\/en\/wp-json\/wp\/v2\/pages\/10657\/revisions"}],"up":[{"embeddable":true,"href":"https:\/\/www.arber.de\/en\/wp-json\/wp\/v2\/pages\/10525"}],"wp:attachment":[{"href":"https:\/\/www.arber.de\/en\/wp-json\/wp\/v2\/media?parent=10657"}],"curies":[{"name":"wp","href":"https:\/\/api.w.org\/{rel}","templated":true}]}}