{"id":10605,"date":"2022-12-15T16:32:07","date_gmt":"2022-12-15T15:32:07","guid":{"rendered":"https:\/\/www.arber.de\/skigebiet\/rodelbahnen\/"},"modified":"2025-01-05T09:02:23","modified_gmt":"2025-01-05T08:02:23","slug":"rodelbahnen","status":"publish","type":"page","link":"https:\/\/www.arber.de\/en\/skigebiet\/rodelbahnen\/","title":{"rendered":"Rodelbahnen"},"content":{"rendered":"\t\t<div data-elementor-type=\"wp-page\" data-elementor-id=\"10605\" class=\"elementor elementor-10605 elementor-4146\" data-elementor-post-type=\"page\">\n\t\t\t\t<div class=\"elementor-element elementor-element-19b713a4 e-con-full e-flex e-con e-parent\" data-id=\"19b713a4\" data-element_type=\"container\">\n\t\t<div class=\"elementor-element elementor-element-18522106 e-flex e-con-boxed e-con e-child\" data-id=\"18522106\" data-element_type=\"container\" data-settings=\"{&quot;background_background&quot;:&quot;video&quot;,&quot;shape_divider_bottom&quot;:&quot;pyramids&quot;,&quot;background_video_link&quot;:&quot;https:\\\/\\\/www.arber.de\\\/wp-content\\\/uploads\\\/Rodelbahn.mp4&quot;}\">\n\t\t\t\t\t<div class=\"e-con-inner\">\n\t\t<div class=\"elementor-background-video-container elementor-hidden-mobile\" aria-hidden=\"true\">\n\t\t\t\t\t\t\t<video class=\"elementor-background-video-hosted\" autoplay muted playsinline loop><\/video>\n\t\t\t\t\t<\/div>\t\t<div class=\"elementor-shape elementor-shape-bottom\" aria-hidden=\"true\" data-negative=\"false\">\n\t\t\t<svg xmlns=\"http:\/\/www.w3.org\/2000\/svg\" viewBox=\"0 0 1000 100\" preserveAspectRatio=\"none\">\n\t<path class=\"elementor-shape-fill\" d=\"M761.9,44.1L643.1,27.2L333.8,98L0,3.8V0l1000,0v3.9\"\/>\n<\/svg>\t\t<\/div>\n\t\t\t\t\t<\/div>\n\t\t\t\t<\/div>\n\t\t<div class=\"elementor-element elementor-element-3b781bd2 e-flex e-con-boxed e-con e-child\" data-id=\"3b781bd2\" data-element_type=\"container\" data-settings=\"{&quot;background_background&quot;:&quot;gradient&quot;,&quot;shape_divider_bottom&quot;:&quot;pyramids&quot;}\">\n\t\t\t\t\t<div class=\"e-con-inner\">\n\t\t\t\t<div class=\"elementor-shape elementor-shape-bottom\" aria-hidden=\"true\" data-negative=\"false\">\n\t\t\t<svg xmlns=\"http:\/\/www.w3.org\/2000\/svg\" viewBox=\"0 0 1000 100\" preserveAspectRatio=\"none\">\n\t<path class=\"elementor-shape-fill\" d=\"M761.9,44.1L643.1,27.2L333.8,98L0,3.8V0l1000,0v3.9\"\/>\n<\/svg>\t\t<\/div>\n\t\t\t\t<div class=\"elementor-element elementor-element-6a0123ea elementor-widget__width-initial elementor-widget-mobile__width-inherit elementor-widget elementor-widget-heading\" data-id=\"6a0123ea\" data-element_type=\"widget\" data-widget_type=\"heading.default\">\n\t\t\t\t<div class=\"elementor-widget-container\">\n\t\t\t\t\t<h1 class=\"elementor-heading-title elementor-size-default\">Rodelbahnen am Gro\u00dfen Arber<\/h1>\t\t\t\t<\/div>\n\t\t\t\t<\/div>\n\t\t\t\t<div class=\"elementor-element elementor-element-61e0a23f elementor-widget__width-initial elementor-widget-mobile__width-inherit elementor-widget elementor-widget-text-editor\" data-id=\"61e0a23f\" data-element_type=\"widget\" data-widget_type=\"text-editor.default\">\n\t\t\t\t<div class=\"elementor-widget-container\">\n\t\t\t\t\t\t\t\t\t<p>Kufenspa\u00df f\u00fcr die gesamte Familie<\/p>\t\t\t\t\t\t\t\t<\/div>\n\t\t\t\t<\/div>\n\t\t\t\t\t<\/div>\n\t\t\t\t<\/div>\n\t\t\t\t<\/div>\n\t\t<div class=\"elementor-element elementor-element-411d5e9 e-flex e-con-boxed e-con e-parent\" data-id=\"411d5e9\" data-element_type=\"container\">\n\t\t\t\t\t<div class=\"e-con-inner\">\n\t\t<div class=\"elementor-element elementor-element-fd48c32 e-con-full e-flex e-con e-child\" data-id=\"fd48c32\" data-element_type=\"container\">\n\t\t\t\t<div class=\"elementor-element elementor-element-727ee8a6 elementor-widget elementor-widget-heading\" data-id=\"727ee8a6\" data-element_type=\"widget\" data-widget_type=\"heading.default\">\n\t\t\t\t<div class=\"elementor-widget-container\">\n\t\t\t\t\t<h2 class=\"elementor-heading-title elementor-size-default\">Gro\u00dfer Kufenspa\u00df f\u00fcr Kinder und Erwachsene<\/h2>\t\t\t\t<\/div>\n\t\t\t\t<\/div>\n\t\t\t\t<div class=\"elementor-element elementor-element-6b1e31d6 elementor-widget__width-initial elementor-widget elementor-widget-text-editor\" data-id=\"6b1e31d6\" data-element_type=\"widget\" data-widget_type=\"text-editor.default\">\n\t\t\t\t<div class=\"elementor-widget-container\">\n\t\t\t\t\t\t\t\t\t<p>Die Rodelgaudi f\u00fcr eure gesamte Familie beginnt mit der Auffahrt zur Mittelstation in unserer 6er Sesselbahn am Sonnenhang \u2013 die erste weltweit mit einem automatischen Kinderschlie\u00dfb\u00fcgel. Oben angekommen, k\u00f6nnt ihr euch sofort auf eine traumhafte Schlittenfahrt begeben.<\/p><p>Mit 1.200 m wartet eine au\u00dfergew\u00f6hnlich lange und zauberhaft sch\u00f6ne Abfahrt bis zum Thurnhof\u00adst\u00fcberl auf euch und eure Lieben.<\/p><p>Ein kostenloser Rodelbus bringt euch anschlie\u00dfend wieder zur\u00fcck zur Sonnenhang-Sesselbahn und der Spa\u00df kann von neuem beginnen!<\/p><p>Falls in eurem Reisegep\u00e4ck kein Platz f\u00fcr einen oder ausreichend Schlitten ist, dann k\u00f6nnt ihr in unserem Rodelverleih an der Talstation der Sonnenhang-Sesselbahn auch gerne ein Exemplar mieten.<\/p>\t\t\t\t\t\t\t\t<\/div>\n\t\t\t\t<\/div>\n\t\t\t\t<\/div>\n\t\t<div class=\"elementor-element elementor-element-b80765a e-con-full e-flex e-con e-child\" data-id=\"b80765a\" data-element_type=\"container\">\n\t\t\t\t<div class=\"elementor-element elementor-element-7a7abe6 elementor-widget elementor-widget-image\" data-id=\"7a7abe6\" data-element_type=\"widget\" data-widget_type=\"image.default\">\n\t\t\t\t<div class=\"elementor-widget-container\">\n\t\t\t\t\t\t\t\t\t\t\t\t\t\t\t\t<a href=\"https:\/\/www.arber.de\/wp-content\/uploads\/rodelbahn.jpg\" data-elementor-open-lightbox=\"yes\" data-e-action-hash=\"#elementor-action%3Aaction%3Dlightbox%26settings%3DeyJpZCI6NDE2MiwidXJsIjoiaHR0cHM6XC9cL3d3dy5hcmJlci5kZVwvd3AtY29udGVudFwvdXBsb2Fkc1wvcm9kZWxiYWhuLmpwZyJ9\">\n\t\t\t\t\t\t\t<img fetchpriority=\"high\" decoding=\"async\" width=\"768\" height=\"454\" src=\"https:\/\/www.arber.de\/wp-content\/uploads\/rodelbahn-768x454.jpg\" class=\"attachment-medium_large size-medium_large wp-image-4162\" alt=\"\" srcset=\"https:\/\/www.arber.de\/wp-content\/uploads\/rodelbahn-768x454.jpg 768w, https:\/\/www.arber.de\/wp-content\/uploads\/rodelbahn-300x177.jpg 300w, https:\/\/www.arber.de\/wp-content\/uploads\/rodelbahn.jpg 800w\" sizes=\"(max-width: 768px) 100vw, 768px\" \/>\t\t\t\t\t\t\t\t<\/a>\n\t\t\t\t\t\t\t\t\t\t\t\t\t\t\t<\/div>\n\t\t\t\t<\/div>\n\t\t\t\t<\/div>\n\t\t\t\t\t<\/div>\n\t\t\t\t<\/div>\n\t\t<div class=\"elementor-element elementor-element-76e9b65 e-flex e-con-boxed e-con e-parent\" data-id=\"76e9b65\" data-element_type=\"container\">\n\t\t\t\t\t<div class=\"e-con-inner\">\n\t\t<div class=\"elementor-element elementor-element-5c8e607d e-flex e-con-boxed e-con e-child\" data-id=\"5c8e607d\" data-element_type=\"container\" data-settings=\"{&quot;background_background&quot;:&quot;gradient&quot;}\">\n\t\t\t\t\t<div class=\"e-con-inner\">\n\t\t\t\t<div class=\"elementor-element elementor-element-5817634b elementor-widget__width-initial animated-slow elementor-view-default elementor-invisible elementor-widget elementor-widget-icon\" data-id=\"5817634b\" data-element_type=\"widget\" data-settings=\"{&quot;_animation&quot;:&quot;bounceIn&quot;,&quot;_animation_delay&quot;:400}\" data-widget_type=\"icon.default\">\n\t\t\t\t<div class=\"elementor-widget-container\">\n\t\t\t\t\t\t\t<div class=\"elementor-icon-wrapper\">\n\t\t\t<div class=\"elementor-icon\">\n\t\t\t<svg aria-hidden=\"true\" class=\"e-font-icon-svg e-fas-info-circle\" viewBox=\"0 0 512 512\" xmlns=\"http:\/\/www.w3.org\/2000\/svg\"><path d=\"M256 8C119.043 8 8 119.083 8 256c0 136.997 111.043 248 248 248s248-111.003 248-248C504 119.083 392.957 8 256 8zm0 110c23.196 0 42 18.804 42 42s-18.804 42-42 42-42-18.804-42-42 18.804-42 42-42zm56 254c0 6.627-5.373 12-12 12h-88c-6.627 0-12-5.373-12-12v-24c0-6.627 5.373-12 12-12h12v-64h-12c-6.627 0-12-5.373-12-12v-24c0-6.627 5.373-12 12-12h64c6.627 0 12 5.373 12 12v100h12c6.627 0 12 5.373 12 12v24z\"><\/path><\/svg>\t\t\t<\/div>\n\t\t<\/div>\n\t\t\t\t\t\t<\/div>\n\t\t\t\t<\/div>\n\t\t\t\t<div class=\"elementor-element elementor-element-1b36b86c elementor-widget elementor-widget-text-editor\" data-id=\"1b36b86c\" data-element_type=\"widget\" data-widget_type=\"text-editor.default\">\n\t\t\t\t<div class=\"elementor-widget-container\">\n\t\t\t\t\t\t\t\t\t<p><b>\u00d6ffnungszeiten: siehe Aktuelles oder im <a href=\"https:\/\/www.arber.de\/aktuell\/schneebericht\/\">Schneebericht<\/a><\/b><br><strong>Fahrzeiten<\/strong>: T\u00e4glich von 09:30 bis 15:30 Uhr<br><strong>Letzter Busverkehr<\/strong> vom Thurnhof zum&nbsp; Sonnenhang: 15:30 Uhr<\/p>\t\t\t\t\t\t\t\t<\/div>\n\t\t\t\t<\/div>\n\t\t\t\t<div class=\"elementor-element elementor-element-6c4faf0 elementor-widget elementor-widget-button\" data-id=\"6c4faf0\" data-element_type=\"widget\" data-widget_type=\"button.default\">\n\t\t\t\t<div class=\"elementor-widget-container\">\n\t\t\t\t\t\t\t\t\t<div class=\"elementor-button-wrapper\">\n\t\t\t\t\t<a class=\"elementor-button elementor-button-link elementor-size-sm\" href=\"https:\/\/www.arber.de\/preise\/\">\n\t\t\t\t\t\t<span class=\"elementor-button-content-wrapper\">\n\t\t\t\t\t\t\t\t\t<span class=\"elementor-button-text\">Preis\u00fcbersicht<\/span>\n\t\t\t\t\t<\/span>\n\t\t\t\t\t<\/a>\n\t\t\t\t<\/div>\n\t\t\t\t\t\t\t\t<\/div>\n\t\t\t\t<\/div>\n\t\t\t\t<div class=\"elementor-element elementor-element-3f33de9 elementor-widget elementor-widget-button\" data-id=\"3f33de9\" data-element_type=\"widget\" data-widget_type=\"button.default\">\n\t\t\t\t<div class=\"elementor-widget-container\">\n\t\t\t\t\t\t\t\t\t<div class=\"elementor-button-wrapper\">\n\t\t\t\t\t<a class=\"elementor-button elementor-button-link elementor-size-sm\" href=\"https:\/\/www.arber.de\/aktuell\/schneebericht\/\">\n\t\t\t\t\t\t<span class=\"elementor-button-content-wrapper\">\n\t\t\t\t\t\t\t\t\t<span class=\"elementor-button-text\">Schneebericht<\/span>\n\t\t\t\t\t<\/span>\n\t\t\t\t\t<\/a>\n\t\t\t\t<\/div>\n\t\t\t\t\t\t\t\t<\/div>\n\t\t\t\t<\/div>\n\t\t\t\t\t<\/div>\n\t\t\t\t<\/div>\n\t\t\t\t\t<\/div>\n\t\t\t\t<\/div>\n\t\t<div class=\"elementor-element elementor-element-2e4e3c7d e-flex e-con-boxed e-con e-parent\" data-id=\"2e4e3c7d\" data-element_type=\"container\" data-settings=\"{&quot;background_background&quot;:&quot;classic&quot;,&quot;shape_divider_top&quot;:&quot;pyramids&quot;,&quot;shape_divider_bottom&quot;:&quot;pyramids&quot;}\">\n\t\t\t\t\t<div class=\"e-con-inner\">\n\t\t\t\t<div class=\"elementor-shape elementor-shape-top\" aria-hidden=\"true\" data-negative=\"false\">\n\t\t\t<svg xmlns=\"http:\/\/www.w3.org\/2000\/svg\" viewBox=\"0 0 1000 100\" preserveAspectRatio=\"none\">\n\t<path class=\"elementor-shape-fill\" d=\"M761.9,44.1L643.1,27.2L333.8,98L0,3.8V0l1000,0v3.9\"\/>\n<\/svg>\t\t<\/div>\n\t\t\t\t<div class=\"elementor-shape elementor-shape-bottom\" aria-hidden=\"true\" data-negative=\"false\">\n\t\t\t<svg xmlns=\"http:\/\/www.w3.org\/2000\/svg\" viewBox=\"0 0 1000 100\" preserveAspectRatio=\"none\">\n\t<path class=\"elementor-shape-fill\" d=\"M761.9,44.1L643.1,27.2L333.8,98L0,3.8V0l1000,0v3.9\"\/>\n<\/svg>\t\t<\/div>\n\t\t<div class=\"elementor-element elementor-element-65b85275 e-con-full e-flex e-con e-child\" data-id=\"65b85275\" data-element_type=\"container\">\n\t\t\t\t<div class=\"elementor-element elementor-element-7712a2e5 elementor-widget elementor-widget-heading\" data-id=\"7712a2e5\" data-element_type=\"widget\" data-widget_type=\"heading.default\">\n\t\t\t\t<div class=\"elementor-widget-container\">\n\t\t\t\t\t<h2 class=\"elementor-heading-title elementor-size-default\">Rodeln am Gro\u00dfen Arber \u2013 Das Winterspa\u00df-Komplettpaket<\/h2>\t\t\t\t<\/div>\n\t\t\t\t<\/div>\n\t\t\t\t<\/div>\n\t\t<div class=\"elementor-element elementor-element-4edc0d7c e-con-full e-flex e-con e-child\" data-id=\"4edc0d7c\" data-element_type=\"container\">\n\t\t\t\t<div class=\"elementor-element elementor-element-4d7021dd elementor-widget elementor-widget-text-editor\" data-id=\"4d7021dd\" data-element_type=\"widget\" data-widget_type=\"text-editor.default\">\n\t\t\t\t<div class=\"elementor-widget-container\">\n\t\t\t\t\t\t\t\t\t<p>Nach der Gaudi auf der Piste empfehlen wir Ihnen eine St\u00e4rkung in einem unserer gem\u00fctlichen Gasth\u00e4user.<\/p><p>Dabei haben Sie die Wahl zwischen der <a href=\"https:\/\/www.arber.de\/gastronomie\/gasthaus-zur-gondelbahn\/\" target=\"_blank\" rel=\"noopener\">Gondelbahn<\/a> an der Talstation, dem Gasthaus <a href=\"https:\/\/www.arber.de\/gastronomie\/eisensteiner-huette\/\" target=\"_blank\" rel=\"noopener\">\u201eEisensteiner H\u00fctte\u201c<\/a> an der Bergstation (Auffahrt mit der Gondelbahn), einer Einkehr im <a href=\"https:\/\/www.arber.de\/gastronomie\/arber-stadl\/\" target=\"_blank\" rel=\"noopener\">Arberstadl<\/a> (Beginn Rodelbahn) oder am Ende der Rodelbahn im gem\u00fctlichen <a href=\"https:\/\/www.arber.de\/gastronomie\/thurnhofstueberl\/\" target=\"_blank\" rel=\"noopener\">Thurnhofst\u00fcberl<\/a>.<\/p><p>Eine z\u00fcnftige Brotzeit und ein leckeres Getr\u00e4nk sind der perfekte Ausklang f\u00fcr einen spannenden Rodeltag bei uns am Gro\u00dfen Arber!<\/p>\t\t\t\t\t\t\t\t<\/div>\n\t\t\t\t<\/div>\n\t\t\t\t<\/div>\n\t\t\t\t\t<\/div>\n\t\t\t\t<\/div>\n\t\t<div class=\"elementor-element elementor-element-393ef10 e-flex e-con-boxed e-con e-parent\" data-id=\"393ef10\" data-element_type=\"container\">\n\t\t\t\t\t<div class=\"e-con-inner\">\n\t\t\t\t<div class=\"elementor-element elementor-element-e182733 elementor-widget elementor-widget-image\" data-id=\"e182733\" data-element_type=\"widget\" data-widget_type=\"image.default\">\n\t\t\t\t<div class=\"elementor-widget-container\">\n\t\t\t\t\t\t\t\t\t\t\t\t\t\t\t\t<a href=\"https:\/\/www.arber.de\/wp-content\/uploads\/rodlen-am-arber-beispiele-erlaubt-scaled.jpg\" data-elementor-open-lightbox=\"yes\" data-e-action-hash=\"#elementor-action%3Aaction%3Dlightbox%26settings%3DeyJpZCI6NDE1OCwidXJsIjoiaHR0cHM6XC9cL3d3dy5hcmJlci5kZVwvd3AtY29udGVudFwvdXBsb2Fkc1wvcm9kbGVuLWFtLWFyYmVyLWJlaXNwaWVsZS1lcmxhdWJ0LXNjYWxlZC5qcGcifQ%3D%3D\">\n\t\t\t\t\t\t\t<img decoding=\"async\" width=\"768\" height=\"1086\" src=\"https:\/\/www.arber.de\/wp-content\/uploads\/rodlen-am-arber-beispiele-erlaubt-768x1086.jpg\" class=\"attachment-medium_large size-medium_large wp-image-4158\" alt=\"\" srcset=\"https:\/\/www.arber.de\/wp-content\/uploads\/rodlen-am-arber-beispiele-erlaubt-768x1086.jpg 768w, https:\/\/www.arber.de\/wp-content\/uploads\/rodlen-am-arber-beispiele-erlaubt-212x300.jpg 212w, https:\/\/www.arber.de\/wp-content\/uploads\/rodlen-am-arber-beispiele-erlaubt-724x1024.jpg 724w, https:\/\/www.arber.de\/wp-content\/uploads\/rodlen-am-arber-beispiele-erlaubt-1086x1536.jpg 1086w, https:\/\/www.arber.de\/wp-content\/uploads\/rodlen-am-arber-beispiele-erlaubt-1448x2048.jpg 1448w, https:\/\/www.arber.de\/wp-content\/uploads\/rodlen-am-arber-beispiele-erlaubt-scaled.jpg 1811w\" sizes=\"(max-width: 768px) 100vw, 768px\" \/>\t\t\t\t\t\t\t\t<\/a>\n\t\t\t\t\t\t\t\t\t\t\t\t\t\t\t<\/div>\n\t\t\t\t<\/div>\n\t\t\t\t\t<\/div>\n\t\t\t\t<\/div>\n\t\t\t\t<\/div>\n\t\t","protected":false},"excerpt":{"rendered":"<p>Rodelbahnen am Gro\u00dfen Arber Kufenspa\u00df f\u00fcr die gesamte Familie Gro\u00dfer Kufenspa\u00df f\u00fcr Kinder und Erwachsene Die Rodelgaudi f\u00fcr eure gesamte Familie beginnt mit der Auffahrt zur Mittelstation in unserer 6er Sesselbahn am Sonnenhang \u2013 die erste weltweit mit einem automatischen Kinderschlie\u00dfb\u00fcgel. Oben angekommen, k\u00f6nnt ihr euch sofort auf eine traumhafte Schlittenfahrt begeben. Mit 1.200 m [&hellip;]<\/p>\n","protected":false},"author":1,"featured_media":0,"parent":8569,"menu_order":0,"comment_status":"closed","ping_status":"closed","template":"","meta":{"inline_featured_image":false,"footnotes":""},"class_list":["post-10605","page","type-page","status-publish","hentry"],"_links":{"self":[{"href":"https:\/\/www.arber.de\/en\/wp-json\/wp\/v2\/pages\/10605","targetHints":{"allow":["GET"]}}],"collection":[{"href":"https:\/\/www.arber.de\/en\/wp-json\/wp\/v2\/pages"}],"about":[{"href":"https:\/\/www.arber.de\/en\/wp-json\/wp\/v2\/types\/page"}],"author":[{"embeddable":true,"href":"https:\/\/www.arber.de\/en\/wp-json\/wp\/v2\/users\/1"}],"replies":[{"embeddable":true,"href":"https:\/\/www.arber.de\/en\/wp-json\/wp\/v2\/comments?post=10605"}],"version-history":[{"count":27,"href":"https:\/\/www.arber.de\/en\/wp-json\/wp\/v2\/pages\/10605\/revisions"}],"predecessor-version":[{"id":12966,"href":"https:\/\/www.arber.de\/en\/wp-json\/wp\/v2\/pages\/10605\/revisions\/12966"}],"up":[{"embeddable":true,"href":"https:\/\/www.arber.de\/en\/wp-json\/wp\/v2\/pages\/8569"}],"wp:attachment":[{"href":"https:\/\/www.arber.de\/en\/wp-json\/wp\/v2\/media?parent=10605"}],"curies":[{"name":"wp","href":"https:\/\/api.w.org\/{rel}","templated":true}]}}