{"id":10603,"date":"2022-11-15T17:56:36","date_gmt":"2022-11-15T16:56:36","guid":{"rendered":"https:\/\/www.arber.de\/skigebiet\/family-skiing-area\/arbaer-kinderland\/"},"modified":"2024-12-30T08:44:43","modified_gmt":"2024-12-30T07:44:43","slug":"arbaer-kinderland","status":"publish","type":"page","link":"https:\/\/www.arber.de\/en\/skigebiet\/family-skiing-area\/arbaer-kinderland\/","title":{"rendered":"ArB\u00e4r-Kinderland"},"content":{"rendered":"\t\t<div data-elementor-type=\"wp-page\" data-elementor-id=\"10603\" class=\"elementor elementor-10603 elementor-3015\" data-elementor-post-type=\"page\">\n\t\t\t\t<div class=\"elementor-element elementor-element-1903959 e-con-full e-flex e-con e-parent\" data-id=\"1903959\" data-element_type=\"container\">\n\t\t<div class=\"elementor-element elementor-element-6f3dea8 e-flex e-con-boxed e-con e-child\" data-id=\"6f3dea8\" data-element_type=\"container\" data-settings=\"{&quot;background_background&quot;:&quot;video&quot;,&quot;shape_divider_bottom&quot;:&quot;pyramids&quot;,&quot;background_video_start&quot;:11,&quot;background_video_end&quot;:81,&quot;background_video_link&quot;:&quot;https:\\\/\\\/www.arber.de\\\/wp-content\\\/uploads\\\/0829.mp4&quot;}\">\n\t\t\t\t\t<div class=\"e-con-inner\">\n\t\t<div class=\"elementor-background-video-container elementor-hidden-mobile\" aria-hidden=\"true\">\n\t\t\t\t\t\t\t<video class=\"elementor-background-video-hosted\" autoplay muted playsinline loop><\/video>\n\t\t\t\t\t<\/div>\t\t<div class=\"elementor-shape elementor-shape-bottom\" aria-hidden=\"true\" data-negative=\"false\">\n\t\t\t<svg xmlns=\"http:\/\/www.w3.org\/2000\/svg\" viewBox=\"0 0 1000 100\" preserveAspectRatio=\"none\">\n\t<path class=\"elementor-shape-fill\" d=\"M761.9,44.1L643.1,27.2L333.8,98L0,3.8V0l1000,0v3.9\"\/>\n<\/svg>\t\t<\/div>\n\t\t\t\t\t<\/div>\n\t\t\t\t<\/div>\n\t\t\t\t<\/div>\n\t\t<div class=\"elementor-element elementor-element-37083a73 e-flex e-con-boxed e-con e-parent\" data-id=\"37083a73\" data-element_type=\"container\">\n\t\t\t\t\t<div class=\"e-con-inner\">\n\t\t<div class=\"elementor-element elementor-element-70c723ed e-con-full e-flex e-con e-child\" data-id=\"70c723ed\" data-element_type=\"container\" data-settings=\"{&quot;motion_fx_motion_fx_scrolling&quot;:&quot;yes&quot;,&quot;motion_fx_translateY_effect&quot;:&quot;yes&quot;,&quot;motion_fx_translateY_speed&quot;:{&quot;unit&quot;:&quot;px&quot;,&quot;size&quot;:1.5,&quot;sizes&quot;:[]},&quot;motion_fx_devices&quot;:[&quot;desktop&quot;,&quot;tablet&quot;],&quot;motion_fx_translateY_affectedRange&quot;:{&quot;unit&quot;:&quot;%&quot;,&quot;size&quot;:&quot;&quot;,&quot;sizes&quot;:{&quot;start&quot;:0,&quot;end&quot;:100}}}\">\n\t\t\t\t<div class=\"elementor-element elementor-element-29cf7c89 elementor-widget elementor-widget-heading\" data-id=\"29cf7c89\" data-element_type=\"widget\" data-widget_type=\"heading.default\">\n\t\t\t\t<div class=\"elementor-widget-container\">\n\t\t\t\t\t<h1 class=\"elementor-heading-title elementor-size-default\">Vorfahrt f\u00fcr Kinder im ArB\u00e4r-Kinderland<\/h1>\t\t\t\t<\/div>\n\t\t\t\t<\/div>\n\t\t\t\t<div class=\"elementor-element elementor-element-ad5636e elementor-widget elementor-widget-image\" data-id=\"ad5636e\" data-element_type=\"widget\" data-widget_type=\"image.default\">\n\t\t\t\t<div class=\"elementor-widget-container\">\n\t\t\t\t\t\t\t\t\t\t\t\t\t\t\t<img fetchpriority=\"high\" decoding=\"async\" width=\"800\" height=\"470\" src=\"https:\/\/www.arber.de\/wp-content\/uploads\/Woidlife160121mf128-1024x601.jpg\" class=\"attachment-large size-large wp-image-3018\" alt=\"\" srcset=\"https:\/\/www.arber.de\/wp-content\/uploads\/Woidlife160121mf128-1024x601.jpg 1024w, https:\/\/www.arber.de\/wp-content\/uploads\/Woidlife160121mf128-300x176.jpg 300w, https:\/\/www.arber.de\/wp-content\/uploads\/Woidlife160121mf128-768x451.jpg 768w, https:\/\/www.arber.de\/wp-content\/uploads\/Woidlife160121mf128-1536x901.jpg 1536w, https:\/\/www.arber.de\/wp-content\/uploads\/Woidlife160121mf128-2048x1201.jpg 2048w\" sizes=\"(max-width: 800px) 100vw, 800px\" \/>\t\t\t\t\t\t\t\t\t\t\t\t\t\t\t<\/div>\n\t\t\t\t<\/div>\n\t\t\t\t<\/div>\n\t\t<div class=\"elementor-element elementor-element-2ecf7abf e-con-full e-flex e-con e-child\" data-id=\"2ecf7abf\" data-element_type=\"container\" data-settings=\"{&quot;motion_fx_motion_fx_scrolling&quot;:&quot;yes&quot;,&quot;motion_fx_translateY_effect&quot;:&quot;yes&quot;,&quot;motion_fx_translateY_direction&quot;:&quot;negative&quot;,&quot;motion_fx_translateY_speed&quot;:{&quot;unit&quot;:&quot;px&quot;,&quot;size&quot;:3.5,&quot;sizes&quot;:[]},&quot;motion_fx_devices&quot;:[&quot;desktop&quot;,&quot;tablet&quot;],&quot;motion_fx_translateY_affectedRange&quot;:{&quot;unit&quot;:&quot;%&quot;,&quot;size&quot;:&quot;&quot;,&quot;sizes&quot;:{&quot;start&quot;:0,&quot;end&quot;:100}}}\">\n\t\t\t\t<div class=\"elementor-element elementor-element-55df71fa elementor-widget elementor-widget-image\" data-id=\"55df71fa\" data-element_type=\"widget\" data-widget_type=\"image.default\">\n\t\t\t\t<div class=\"elementor-widget-container\">\n\t\t\t\t\t\t\t\t\t\t\t\t\t\t\t<img decoding=\"async\" width=\"800\" height=\"586\" src=\"https:\/\/www.arber.de\/wp-content\/uploads\/Woidlife160121mf130_Startseite-1024x750.jpg\" class=\"attachment-large size-large wp-image-3020\" alt=\"\" srcset=\"https:\/\/www.arber.de\/wp-content\/uploads\/Woidlife160121mf130_Startseite-1024x750.jpg 1024w, https:\/\/www.arber.de\/wp-content\/uploads\/Woidlife160121mf130_Startseite-300x220.jpg 300w, https:\/\/www.arber.de\/wp-content\/uploads\/Woidlife160121mf130_Startseite-768x562.jpg 768w, https:\/\/www.arber.de\/wp-content\/uploads\/Woidlife160121mf130_Startseite-1536x1125.jpg 1536w, https:\/\/www.arber.de\/wp-content\/uploads\/Woidlife160121mf130_Startseite.jpg 1680w\" sizes=\"(max-width: 800px) 100vw, 800px\" \/>\t\t\t\t\t\t\t\t\t\t\t\t\t\t\t<\/div>\n\t\t\t\t<\/div>\n\t\t\t\t<div class=\"elementor-element elementor-element-2a038a4f elementor-widget elementor-widget-heading\" data-id=\"2a038a4f\" data-element_type=\"widget\" data-widget_type=\"heading.default\">\n\t\t\t\t<div class=\"elementor-widget-container\">\n\t\t\t\t\t<h2 class=\"elementor-heading-title elementor-size-default\">Perfekt f\u00fcr den Einstieg<\/h2>\t\t\t\t<\/div>\n\t\t\t\t<\/div>\n\t\t\t\t<div class=\"elementor-element elementor-element-3467b5ff elementor-widget elementor-widget-text-editor\" data-id=\"3467b5ff\" data-element_type=\"widget\" data-widget_type=\"text-editor.default\">\n\t\t\t\t<div class=\"elementor-widget-container\">\n\t\t\t\t\t\t\t\t\t<p>Unser kuscheliges Maskottchen am Gro\u00dfen Arber \u2013 der bei unseren jungen G\u00e4sten sehr beliebte <a href=\"https:\/\/www.arber.de\/arbaer-unser-maskottchen\/\" target=\"_blank\" rel=\"noopener\">ArB\u00e4r<\/a> \u2013 ist Namensgeber f\u00fcr das abenteuerreiche Kinderland am Thurnhof.<\/p><p>Hier finden die gro\u00dfen und kleinen Nachwuchs-Skistars optimale Voraussetzungen f\u00fcr die ersten Schw\u00fcnge im Schnee.<\/p><p>Dabei wird Sicherheit bei uns besonders gro\u00dfgeschrieben! Die flachen H\u00e4nge minimieren jegliches Verletzungsrisiko und dank des offenen Gel\u00e4ndes behalten Sie Ihre kleinen Gipfel\u00adst\u00fcrmer stets im Blickfeld. Das geschulte Personal der angrenzenden\u00a0<a title=\"Opens internal link in current window\" href=\"https:\/\/www.arber.de\/skischulen\/\">Skischulen<\/a>\u00a0befindet sich ebenfalls immer in Iher unmittelbaren N\u00e4he.\u00a0<\/p>\t\t\t\t\t\t\t\t<\/div>\n\t\t\t\t<\/div>\n\t\t\t\t<\/div>\n\t\t\t\t\t<\/div>\n\t\t\t\t<\/div>\n\t\t<div class=\"elementor-element elementor-element-9c19756 e-flex e-con-boxed e-con e-parent\" data-id=\"9c19756\" data-element_type=\"container\">\n\t\t\t\t\t<div class=\"e-con-inner\">\n\t\t<div class=\"elementor-element elementor-element-9bb560b e-con-full e-flex elementor-invisible e-con e-child\" data-id=\"9bb560b\" data-element_type=\"container\" data-settings=\"{&quot;background_background&quot;:&quot;classic&quot;,&quot;animation&quot;:&quot;bounceIn&quot;}\">\n\t\t\t\t<div class=\"elementor-element elementor-element-0b0aa2c elementor-widget__width-auto elementor-widget elementor-widget-image\" data-id=\"0b0aa2c\" data-element_type=\"widget\" data-widget_type=\"image.default\">\n\t\t\t\t<div class=\"elementor-widget-container\">\n\t\t\t\t\t\t\t\t\t\t\t\t\t\t\t<img decoding=\"async\" width=\"200\" height=\"150\" src=\"https:\/\/www.arber.de\/wp-content\/uploads\/skiresort-bestes-kinderland.jpg\" class=\"attachment-full size-full wp-image-3043\" alt=\"\" \/>\t\t\t\t\t\t\t\t\t\t\t\t\t\t\t<\/div>\n\t\t\t\t<\/div>\n\t\t\t\t<\/div>\n\t\t\t\t\t<\/div>\n\t\t\t\t<\/div>\n\t\t<div class=\"elementor-element elementor-element-2f9ac9b1 e-flex e-con-boxed e-con e-parent\" data-id=\"2f9ac9b1\" data-element_type=\"container\" data-settings=\"{&quot;background_background&quot;:&quot;classic&quot;,&quot;shape_divider_top&quot;:&quot;pyramids&quot;,&quot;shape_divider_bottom&quot;:&quot;pyramids&quot;}\">\n\t\t\t\t\t<div class=\"e-con-inner\">\n\t\t\t\t<div class=\"elementor-shape elementor-shape-top\" aria-hidden=\"true\" data-negative=\"false\">\n\t\t\t<svg xmlns=\"http:\/\/www.w3.org\/2000\/svg\" viewBox=\"0 0 1000 100\" preserveAspectRatio=\"none\">\n\t<path class=\"elementor-shape-fill\" d=\"M761.9,44.1L643.1,27.2L333.8,98L0,3.8V0l1000,0v3.9\"\/>\n<\/svg>\t\t<\/div>\n\t\t\t\t<div class=\"elementor-shape elementor-shape-bottom\" aria-hidden=\"true\" data-negative=\"false\">\n\t\t\t<svg xmlns=\"http:\/\/www.w3.org\/2000\/svg\" viewBox=\"0 0 1000 100\" preserveAspectRatio=\"none\">\n\t<path class=\"elementor-shape-fill\" d=\"M761.9,44.1L643.1,27.2L333.8,98L0,3.8V0l1000,0v3.9\"\/>\n<\/svg>\t\t<\/div>\n\t\t<div class=\"elementor-element elementor-element-8af1f1a e-con-full e-flex e-con e-child\" data-id=\"8af1f1a\" data-element_type=\"container\">\n\t\t\t\t<div class=\"elementor-element elementor-element-85980a6 elementor-widget elementor-widget-heading\" data-id=\"85980a6\" data-element_type=\"widget\" data-widget_type=\"heading.default\">\n\t\t\t\t<div class=\"elementor-widget-container\">\n\t\t\t\t\t<h2 class=\"elementor-heading-title elementor-size-default\">Im Kinderland bleiben keine W\u00fcnsche offen<\/h2>\t\t\t\t<\/div>\n\t\t\t\t<\/div>\n\t\t\t\t<\/div>\n\t\t<div class=\"elementor-element elementor-element-33aeadf4 e-con-full e-flex e-con e-child\" data-id=\"33aeadf4\" data-element_type=\"container\">\n\t\t\t\t<div class=\"elementor-element elementor-element-8e2175b elementor-widget elementor-widget-text-editor\" data-id=\"8e2175b\" data-element_type=\"widget\" data-widget_type=\"text-editor.default\">\n\t\t\t\t<div class=\"elementor-widget-container\">\n\t\t\t\t\t\t\t\t\t<p>Falls eure Spr\u00f6sslinge eine kleine Verschnaufpause von den vielen spannenden Erlebnissen in unse\u00adrem Kinderland ben\u00f6tigen, hei\u00dfen wir euch in unserem Aufenthaltsraum gerne willkommen. Kindergerechte Toiletten geh\u00f6ren hier selbst\u00adver\u00adst\u00e4nd\u00adlich zur Ausstattung dazu.<\/p><p>Sollte eure kleinen Gipfelst\u00fcrmern der Magen knurren, findet ihr in unserem gem\u00fctlichen <a href=\"https:\/\/www.arber.de\/gastronomie\/thurnhofstueberl\/\">Thurnhofst\u00fcberl<\/a> eine gro\u00dfe Auswahl verschiedener Speisen und leckerer Getr\u00e4nke f\u00fcr eine z\u00fcnftige Brotzeit mit euren Lieben.<\/p>\t\t\t\t\t\t\t\t<\/div>\n\t\t\t\t<\/div>\n\t\t\t\t<div class=\"elementor-element elementor-element-96f7caf elementor-mobile-align-justify elementor-widget elementor-widget-button\" data-id=\"96f7caf\" data-element_type=\"widget\" data-widget_type=\"button.default\">\n\t\t\t\t<div class=\"elementor-widget-container\">\n\t\t\t\t\t\t\t\t\t<div class=\"elementor-button-wrapper\">\n\t\t\t\t\t<a class=\"elementor-button elementor-button-link elementor-size-sm\" href=\"#\">\n\t\t\t\t\t\t<span class=\"elementor-button-content-wrapper\">\n\t\t\t\t\t\t\t\t\t<span class=\"elementor-button-text\">Zum Thurnhofst\u00fcberl<\/span>\n\t\t\t\t\t<\/span>\n\t\t\t\t\t<\/a>\n\t\t\t\t<\/div>\n\t\t\t\t\t\t\t\t<\/div>\n\t\t\t\t<\/div>\n\t\t\t\t<\/div>\n\t\t\t\t\t<\/div>\n\t\t\t\t<\/div>\n\t\t<div class=\"elementor-element elementor-element-1d59524b animated-slow e-flex e-con-boxed elementor-invisible e-con e-parent\" data-id=\"1d59524b\" data-element_type=\"container\" data-settings=\"{&quot;animation&quot;:&quot;bounceInUp&quot;,&quot;animation_delay&quot;:100}\">\n\t\t\t\t\t<div class=\"e-con-inner\">\n\t\t<div class=\"elementor-element elementor-element-96b074f e-flex e-con-boxed e-con e-child\" data-id=\"96b074f\" data-element_type=\"container\" data-settings=\"{&quot;background_background&quot;:&quot;gradient&quot;}\">\n\t\t\t\t\t<div class=\"e-con-inner\">\n\t\t<div class=\"elementor-element elementor-element-4a12be38 e-con-full e-flex e-con e-child\" data-id=\"4a12be38\" data-element_type=\"container\">\n\t\t\t\t<div class=\"elementor-element elementor-element-623cfc82 elementor-widget elementor-widget-heading\" data-id=\"623cfc82\" data-element_type=\"widget\" data-widget_type=\"heading.default\">\n\t\t\t\t<div class=\"elementor-widget-container\">\n\t\t\t\t\t<span class=\"elementor-heading-title elementor-size-default\">Kein Anstellen, kein Warten<\/span>\t\t\t\t<\/div>\n\t\t\t\t<\/div>\n\t\t\t\t<div class=\"elementor-element elementor-element-105e08c9 elementor-widget elementor-widget-heading\" data-id=\"105e08c9\" data-element_type=\"widget\" data-widget_type=\"heading.default\">\n\t\t\t\t<div class=\"elementor-widget-container\">\n\t\t\t\t\t<h2 class=\"elementor-heading-title elementor-size-default\">Tickets gleich online kaufen!<\/h2>\t\t\t\t<\/div>\n\t\t\t\t<\/div>\n\t\t\t\t<\/div>\n\t\t<div class=\"elementor-element elementor-element-297820b0 e-con-full e-flex e-con e-child\" data-id=\"297820b0\" data-element_type=\"container\">\n\t\t\t\t<div class=\"elementor-element elementor-element-1a72ae0e elementor-widget__width-auto elementor-tablet-align-justify elementor-widget-tablet__width-inherit elementor-widget elementor-widget-button\" data-id=\"1a72ae0e\" data-element_type=\"widget\" data-widget_type=\"button.default\">\n\t\t\t\t<div class=\"elementor-widget-container\">\n\t\t\t\t\t\t\t\t\t<div class=\"elementor-button-wrapper\">\n\t\t\t\t\t<a class=\"elementor-button elementor-button-link elementor-size-sm\" href=\"https:\/\/www.arbercard.de\/\" target=\"_blank\" rel=\"noopener\">\n\t\t\t\t\t\t<span class=\"elementor-button-content-wrapper\">\n\t\t\t\t\t\t\t\t\t<span class=\"elementor-button-text\">Zum Ticket-Shop<\/span>\n\t\t\t\t\t<\/span>\n\t\t\t\t\t<\/a>\n\t\t\t\t<\/div>\n\t\t\t\t\t\t\t\t<\/div>\n\t\t\t\t<\/div>\n\t\t\t\t<div class=\"elementor-element elementor-element-4f0473a9 elementor-widget__width-auto elementor-tablet-align-justify elementor-widget-tablet__width-inherit elementor-widget elementor-widget-button\" data-id=\"4f0473a9\" data-element_type=\"widget\" data-widget_type=\"button.default\">\n\t\t\t\t<div class=\"elementor-widget-container\">\n\t\t\t\t\t\t\t\t\t<div class=\"elementor-button-wrapper\">\n\t\t\t\t\t<a class=\"elementor-button elementor-button-link elementor-size-sm\" href=\"https:\/\/www.arber.de\/preise\/\">\n\t\t\t\t\t\t<span class=\"elementor-button-content-wrapper\">\n\t\t\t\t\t\t\t\t\t<span class=\"elementor-button-text\">Zu den Preisen<\/span>\n\t\t\t\t\t<\/span>\n\t\t\t\t\t<\/a>\n\t\t\t\t<\/div>\n\t\t\t\t\t\t\t\t<\/div>\n\t\t\t\t<\/div>\n\t\t\t\t<\/div>\n\t\t\t\t\t<\/div>\n\t\t\t\t<\/div>\n\t\t\t\t\t<\/div>\n\t\t\t\t<\/div>\n\t\t<div class=\"elementor-element elementor-element-54cedfeb e-flex e-con-boxed elementor-invisible e-con e-parent\" data-id=\"54cedfeb\" data-element_type=\"container\" data-settings=\"{&quot;animation&quot;:&quot;fadeInUp&quot;}\">\n\t\t\t\t\t<div class=\"e-con-inner\">\n\t\t\t\t<div class=\"elementor-element elementor-element-790c6ad9 elementor-widget elementor-widget-heading\" data-id=\"790c6ad9\" data-element_type=\"widget\" data-widget_type=\"heading.default\">\n\t\t\t\t<div class=\"elementor-widget-container\">\n\t\t\t\t\t<h2 class=\"elementor-heading-title elementor-size-default\">Mit dem Zauberteppich ins Schneevergn\u00fcgen<\/h2>\t\t\t\t<\/div>\n\t\t\t\t<\/div>\n\t\t\t\t<div class=\"elementor-element elementor-element-e8c7e02 elementor-widget elementor-widget-text-editor\" data-id=\"e8c7e02\" data-element_type=\"widget\" data-widget_type=\"text-editor.default\">\n\t\t\t\t<div class=\"elementor-widget-container\">\n\t\t\t\t\t\t\t\t\t<p>Der Einstieg in unser Kinderland beginnt direkt auf der Sonnenterrasse des Thurnhofst\u00fcberls. Von hier aus k\u00f6nnt ihr stets auf eure Spr\u00f6sslinge Acht geben und sie bei ihren wilden Skiabenteuern beobachten.<\/p><p>Vier F\u00f6rderb\u00e4nder mit L\u00e4ngen von 15m, 30m, 70m und sogar 100m warten nur darauf, von den jungen Skisportlern erobert zu werden. Dabei sind Wartezeiten durch Anstehen nahezu ausgeschlossen, denn unsere B\u00e4nder transportieren stolze 1000 Kinder in der Stunde.<\/p>\t\t\t\t\t\t\t\t<\/div>\n\t\t\t\t<\/div>\n\t\t\t\t<div class=\"elementor-element elementor-element-f580c80 elementor-arrows-position-inside elementor-invisible elementor-widget elementor-widget-image-carousel\" data-id=\"f580c80\" data-element_type=\"widget\" data-settings=\"{&quot;slides_to_show&quot;:&quot;5&quot;,&quot;slides_to_show_tablet&quot;:&quot;4&quot;,&quot;slides_to_show_mobile&quot;:&quot;2&quot;,&quot;slides_to_scroll&quot;:&quot;1&quot;,&quot;navigation&quot;:&quot;arrows&quot;,&quot;lazyload&quot;:&quot;yes&quot;,&quot;_animation&quot;:&quot;fadeInUp&quot;,&quot;autoplay&quot;:&quot;yes&quot;,&quot;pause_on_hover&quot;:&quot;yes&quot;,&quot;pause_on_interaction&quot;:&quot;yes&quot;,&quot;autoplay_speed&quot;:5000,&quot;infinite&quot;:&quot;yes&quot;,&quot;speed&quot;:500,&quot;image_spacing_custom&quot;:{&quot;unit&quot;:&quot;px&quot;,&quot;size&quot;:20,&quot;sizes&quot;:[]},&quot;image_spacing_custom_tablet&quot;:{&quot;unit&quot;:&quot;px&quot;,&quot;size&quot;:&quot;&quot;,&quot;sizes&quot;:[]},&quot;image_spacing_custom_mobile&quot;:{&quot;unit&quot;:&quot;px&quot;,&quot;size&quot;:&quot;&quot;,&quot;sizes&quot;:[]}}\" data-widget_type=\"image-carousel.default\">\n\t\t\t\t<div class=\"elementor-widget-container\">\n\t\t\t\t\t\t\t<div class=\"elementor-image-carousel-wrapper swiper\" role=\"region\" aria-roledescription=\"carousel\" aria-label=\"Image Carousel\" dir=\"ltr\">\n\t\t\t<div class=\"elementor-image-carousel swiper-wrapper\" aria-live=\"off\">\n\t\t\t\t\t\t\t\t<div class=\"swiper-slide\" role=\"group\" aria-roledescription=\"slide\" aria-label=\"1 of 12\"><figure class=\"swiper-slide-inner\"><img class=\"swiper-slide-image swiper-lazy\" data-src=\"https:\/\/www.arber.de\/wp-content\/uploads\/skiresort_uk15_4_1314_de.jpg\" alt=\"skiresort_uk15_4_1314_de\" \/><div class=\"swiper-lazy-preloader\"><\/div><\/figure><\/div><div class=\"swiper-slide\" role=\"group\" aria-roledescription=\"slide\" aria-label=\"2 of 12\"><figure class=\"swiper-slide-inner\"><img class=\"swiper-slide-image swiper-lazy\" data-src=\"https:\/\/www.arber.de\/wp-content\/uploads\/skiresort_b03_14_de.jpg\" alt=\"skiresort_b03_14_de\" \/><div class=\"swiper-lazy-preloader\"><\/div><\/figure><\/div><div class=\"swiper-slide\" role=\"group\" aria-roledescription=\"slide\" aria-label=\"3 of 12\"><figure class=\"swiper-slide-inner\"><img class=\"swiper-slide-image swiper-lazy\" data-src=\"https:\/\/www.arber.de\/wp-content\/uploads\/skiresort_tk_3.6_1314_de.jpg\" alt=\"skiresort_tk_3.6_1314_de\" \/><div class=\"swiper-lazy-preloader\"><\/div><\/figure><\/div><div class=\"swiper-slide\" role=\"group\" aria-roledescription=\"slide\" aria-label=\"4 of 12\"><figure class=\"swiper-slide-inner\"><img class=\"swiper-slide-image swiper-lazy\" data-src=\"https:\/\/www.arber.de\/wp-content\/uploads\/skiresort_uk03_4_1314_de.jpg\" alt=\"skiresort_uk03_4_1314_de\" \/><div class=\"swiper-lazy-preloader\"><\/div><\/figure><\/div><div class=\"swiper-slide\" role=\"group\" aria-roledescription=\"slide\" aria-label=\"5 of 12\"><figure class=\"swiper-slide-inner\"><img class=\"swiper-slide-image swiper-lazy\" data-src=\"https:\/\/www.arber.de\/wp-content\/uploads\/skiresort_uk04_4_1314_de.jpg\" alt=\"skiresort_uk04_4_1314_de\" \/><div class=\"swiper-lazy-preloader\"><\/div><\/figure><\/div><div class=\"swiper-slide\" role=\"group\" aria-roledescription=\"slide\" aria-label=\"6 of 12\"><figure class=\"swiper-slide-inner\"><img class=\"swiper-slide-image swiper-lazy\" data-src=\"https:\/\/www.arber.de\/wp-content\/uploads\/skiresort_uk05_4_1314_de.jpg\" alt=\"skiresort_uk05_4_1314_de\" \/><div class=\"swiper-lazy-preloader\"><\/div><\/figure><\/div><div class=\"swiper-slide\" role=\"group\" aria-roledescription=\"slide\" aria-label=\"7 of 12\"><figure class=\"swiper-slide-inner\"><img class=\"swiper-slide-image swiper-lazy\" data-src=\"https:\/\/www.arber.de\/wp-content\/uploads\/skiresort_uk07_4_1314_de.jpg\" alt=\"skiresort_uk07_4_1314_de\" \/><div class=\"swiper-lazy-preloader\"><\/div><\/figure><\/div><div class=\"swiper-slide\" role=\"group\" aria-roledescription=\"slide\" aria-label=\"8 of 12\"><figure class=\"swiper-slide-inner\"><img class=\"swiper-slide-image swiper-lazy\" data-src=\"https:\/\/www.arber.de\/wp-content\/uploads\/skiresort_uk08_5_1314_de.jpg\" alt=\"skiresort_uk08_5_1314_de\" \/><div class=\"swiper-lazy-preloader\"><\/div><\/figure><\/div><div class=\"swiper-slide\" role=\"group\" aria-roledescription=\"slide\" aria-label=\"9 of 12\"><figure class=\"swiper-slide-inner\"><img class=\"swiper-slide-image swiper-lazy\" data-src=\"https:\/\/www.arber.de\/wp-content\/uploads\/skiresort_uk09_4_1314_de.jpg\" alt=\"skiresort_uk09_4_1314_de\" \/><div class=\"swiper-lazy-preloader\"><\/div><\/figure><\/div><div class=\"swiper-slide\" role=\"group\" aria-roledescription=\"slide\" aria-label=\"10 of 12\"><figure class=\"swiper-slide-inner\"><img class=\"swiper-slide-image swiper-lazy\" data-src=\"https:\/\/www.arber.de\/wp-content\/uploads\/skiresort_uk10_4_1314_de.jpg\" alt=\"skiresort_uk10_4_1314_de\" \/><div class=\"swiper-lazy-preloader\"><\/div><\/figure><\/div><div class=\"swiper-slide\" role=\"group\" aria-roledescription=\"slide\" aria-label=\"11 of 12\"><figure class=\"swiper-slide-inner\"><img class=\"swiper-slide-image swiper-lazy\" data-src=\"https:\/\/www.arber.de\/wp-content\/uploads\/skiresort_uk11_4_1314_de.jpg\" alt=\"skiresort_uk11_4_1314_de\" \/><div class=\"swiper-lazy-preloader\"><\/div><\/figure><\/div><div class=\"swiper-slide\" role=\"group\" aria-roledescription=\"slide\" aria-label=\"12 of 12\"><figure class=\"swiper-slide-inner\"><img class=\"swiper-slide-image swiper-lazy\" data-src=\"https:\/\/www.arber.de\/wp-content\/uploads\/skiresort_uk14_5_1314_de.jpg\" alt=\"skiresort_uk14_5_1314_de\" \/><div class=\"swiper-lazy-preloader\"><\/div><\/figure><\/div>\t\t\t<\/div>\n\t\t\t\t\t\t\t\t\t\t\t\t<div class=\"elementor-swiper-button elementor-swiper-button-prev\" role=\"button\" tabindex=\"0\">\n\t\t\t\t\t\t<svg aria-hidden=\"true\" class=\"e-font-icon-svg e-eicon-chevron-left\" viewBox=\"0 0 1000 1000\" xmlns=\"http:\/\/www.w3.org\/2000\/svg\"><path d=\"M646 125C629 125 613 133 604 142L308 442C296 454 292 471 292 487 292 504 296 521 308 533L604 854C617 867 629 875 646 875 663 875 679 871 692 858 704 846 713 829 713 812 713 796 708 779 692 767L438 487 692 225C700 217 708 204 708 187 708 171 704 154 692 142 675 129 663 125 646 125Z\"><\/path><\/svg>\t\t\t\t\t<\/div>\n\t\t\t\t\t<div class=\"elementor-swiper-button elementor-swiper-button-next\" role=\"button\" tabindex=\"0\">\n\t\t\t\t\t\t<svg aria-hidden=\"true\" class=\"e-font-icon-svg e-eicon-chevron-right\" viewBox=\"0 0 1000 1000\" xmlns=\"http:\/\/www.w3.org\/2000\/svg\"><path d=\"M696 533C708 521 713 504 713 487 713 471 708 454 696 446L400 146C388 133 375 125 354 125 338 125 325 129 313 142 300 154 292 171 292 187 292 204 296 221 308 233L563 492 304 771C292 783 288 800 288 817 288 833 296 850 308 863 321 871 338 875 354 875 371 875 388 867 400 854L696 533Z\"><\/path><\/svg>\t\t\t\t\t<\/div>\n\t\t\t\t\n\t\t\t\t\t\t\t\t\t<\/div>\n\t\t\t\t\t\t<\/div>\n\t\t\t\t<\/div>\n\t\t\t\t\t<\/div>\n\t\t\t\t<\/div>\n\t\t\t\t<\/div>\n\t\t","protected":false},"excerpt":{"rendered":"<p>Vorfahrt f\u00fcr Kinder im ArB\u00e4r-Kinderland Perfekt f\u00fcr den Einstieg Unser kuscheliges Maskottchen am Gro\u00dfen Arber \u2013 der bei unseren jungen G\u00e4sten sehr beliebte ArB\u00e4r \u2013 ist Namensgeber f\u00fcr das abenteuerreiche Kinderland am Thurnhof. Hier finden die gro\u00dfen und kleinen Nachwuchs-Skistars optimale Voraussetzungen f\u00fcr die ersten Schw\u00fcnge im Schnee. Dabei wird Sicherheit bei uns besonders gro\u00dfgeschrieben! [&hellip;]<\/p>\n","protected":false},"author":1,"featured_media":0,"parent":1005,"menu_order":0,"comment_status":"closed","ping_status":"closed","template":"","meta":{"inline_featured_image":false,"footnotes":""},"class_list":["post-10603","page","type-page","status-publish","hentry"],"_links":{"self":[{"href":"https:\/\/www.arber.de\/en\/wp-json\/wp\/v2\/pages\/10603","targetHints":{"allow":["GET"]}}],"collection":[{"href":"https:\/\/www.arber.de\/en\/wp-json\/wp\/v2\/pages"}],"about":[{"href":"https:\/\/www.arber.de\/en\/wp-json\/wp\/v2\/types\/page"}],"author":[{"embeddable":true,"href":"https:\/\/www.arber.de\/en\/wp-json\/wp\/v2\/users\/1"}],"replies":[{"embeddable":true,"href":"https:\/\/www.arber.de\/en\/wp-json\/wp\/v2\/comments?post=10603"}],"version-history":[{"count":12,"href":"https:\/\/www.arber.de\/en\/wp-json\/wp\/v2\/pages\/10603\/revisions"}],"predecessor-version":[{"id":12910,"href":"https:\/\/www.arber.de\/en\/wp-json\/wp\/v2\/pages\/10603\/revisions\/12910"}],"up":[{"embeddable":true,"href":"https:\/\/www.arber.de\/en\/wp-json\/wp\/v2\/pages\/1005"}],"wp:attachment":[{"href":"https:\/\/www.arber.de\/en\/wp-json\/wp\/v2\/media?parent=10603"}],"curies":[{"name":"wp","href":"https:\/\/api.w.org\/{rel}","templated":true}]}}