{"id":10598,"date":"2022-12-16T10:29:57","date_gmt":"2022-12-16T09:29:57","guid":{"rendered":"https:\/\/www.arber.de\/skigebiet\/tourenski\/"},"modified":"2022-12-16T10:29:57","modified_gmt":"2022-12-16T09:29:57","slug":"tourenski","status":"publish","type":"page","link":"https:\/\/www.arber.de\/en\/skigebiet\/tourenski\/","title":{"rendered":"Tourenski"},"content":{"rendered":"\t\t<div data-elementor-type=\"wp-page\" data-elementor-id=\"10598\" class=\"elementor elementor-10598 elementor-4212\" data-elementor-post-type=\"page\">\n\t\t\t\t<div class=\"elementor-element elementor-element-20d3919a e-con-full e-flex e-con e-parent\" data-id=\"20d3919a\" data-element_type=\"container\">\n\t\t<div class=\"elementor-element elementor-element-78fb2de9 e-flex e-con-boxed e-con e-parent\" data-id=\"78fb2de9\" data-element_type=\"container\" data-settings=\"{&quot;background_background&quot;:&quot;classic&quot;,&quot;shape_divider_bottom&quot;:&quot;pyramids&quot;}\">\n\t\t\t\t\t<div class=\"e-con-inner\">\n\t\t\t\t<div class=\"elementor-shape elementor-shape-bottom\" aria-hidden=\"true\" data-negative=\"false\">\n\t\t\t<svg xmlns=\"http:\/\/www.w3.org\/2000\/svg\" viewBox=\"0 0 1000 100\" preserveAspectRatio=\"none\">\n\t<path class=\"elementor-shape-fill\" d=\"M761.9,44.1L643.1,27.2L333.8,98L0,3.8V0l1000,0v3.9\"\/>\n<\/svg>\t\t<\/div>\n\t\t\t\t\t<\/div>\n\t\t\t\t<\/div>\n\t\t<div class=\"elementor-element elementor-element-13487b31 e-flex e-con-boxed e-con e-parent\" data-id=\"13487b31\" data-element_type=\"container\" data-settings=\"{&quot;background_background&quot;:&quot;gradient&quot;,&quot;shape_divider_bottom&quot;:&quot;pyramids&quot;}\">\n\t\t\t\t\t<div class=\"e-con-inner\">\n\t\t\t\t<div class=\"elementor-shape elementor-shape-bottom\" aria-hidden=\"true\" data-negative=\"false\">\n\t\t\t<svg xmlns=\"http:\/\/www.w3.org\/2000\/svg\" viewBox=\"0 0 1000 100\" preserveAspectRatio=\"none\">\n\t<path class=\"elementor-shape-fill\" d=\"M761.9,44.1L643.1,27.2L333.8,98L0,3.8V0l1000,0v3.9\"\/>\n<\/svg>\t\t<\/div>\n\t\t\t\t<div class=\"elementor-element elementor-element-409645e0 elementor-widget__width-initial elementor-widget-mobile__width-inherit elementor-widget elementor-widget-heading\" data-id=\"409645e0\" data-element_type=\"widget\" data-widget_type=\"heading.default\">\n\t\t\t\t<div class=\"elementor-widget-container\">\n\t\t\t\t\t<div class=\"elementor-heading-title elementor-size-default\">Tourenskigehen am Gro\u00dfen Arber<\/div>\t\t\t\t<\/div>\n\t\t\t\t<\/div>\n\t\t\t\t<div class=\"elementor-element elementor-element-6dcdf287 elementor-widget__width-initial elementor-widget-mobile__width-inherit elementor-widget elementor-widget-text-editor\" data-id=\"6dcdf287\" data-element_type=\"widget\" data-widget_type=\"text-editor.default\">\n\t\t\t\t<div class=\"elementor-widget-container\">\n\t\t\t\t\t\t\t\t\t<p>Der Gro\u00dfe Arbers lockt im Winter nicht nur Skifahrer und Snowboarder an, sondern auch begeisterte Skitourengeher. Die Region rund um den h\u00f6chsten Gipfel des Bayerischen Waldes bietet eine F\u00fclle von M\u00f6glichkeiten, die Faszination des Skitourengehens zu erleben.<\/p>\t\t\t\t\t\t\t\t<\/div>\n\t\t\t\t<\/div>\n\t\t\t\t\t<\/div>\n\t\t\t\t<\/div>\n\t\t\t\t<\/div>\n\t\t<div class=\"elementor-element elementor-element-1cc99a94 e-flex e-con-boxed e-con e-parent\" data-id=\"1cc99a94\" data-element_type=\"container\">\n\t\t\t\t\t<div class=\"e-con-inner\">\n\t\t<div class=\"elementor-element elementor-element-461a5b55 e-flex e-con-boxed e-con e-parent\" data-id=\"461a5b55\" data-element_type=\"container\" data-settings=\"{&quot;background_background&quot;:&quot;gradient&quot;}\">\n\t\t\t\t\t<div class=\"e-con-inner\">\n\t\t\t\t<div class=\"elementor-element elementor-element-4b8b9053 elementor-widget__width-initial animated-slow elementor-view-default elementor-invisible elementor-widget elementor-widget-icon\" data-id=\"4b8b9053\" data-element_type=\"widget\" data-settings=\"{&quot;_animation&quot;:&quot;bounceIn&quot;,&quot;_animation_delay&quot;:400}\" data-widget_type=\"icon.default\">\n\t\t\t\t<div class=\"elementor-widget-container\">\n\t\t\t\t\t\t\t<div class=\"elementor-icon-wrapper\">\n\t\t\t<div class=\"elementor-icon\">\n\t\t\t<svg aria-hidden=\"true\" class=\"e-font-icon-svg e-fas-info-circle\" viewBox=\"0 0 512 512\" xmlns=\"http:\/\/www.w3.org\/2000\/svg\"><path d=\"M256 8C119.043 8 8 119.083 8 256c0 136.997 111.043 248 248 248s248-111.003 248-248C504 119.083 392.957 8 256 8zm0 110c23.196 0 42 18.804 42 42s-18.804 42-42 42-42-18.804-42-42 18.804-42 42-42zm56 254c0 6.627-5.373 12-12 12h-88c-6.627 0-12-5.373-12-12v-24c0-6.627 5.373-12 12-12h12v-64h-12c-6.627 0-12-5.373-12-12v-24c0-6.627 5.373-12 12-12h64c6.627 0 12 5.373 12 12v100h12c6.627 0 12 5.373 12 12v24z\"><\/path><\/svg>\t\t\t<\/div>\n\t\t<\/div>\n\t\t\t\t\t\t<\/div>\n\t\t\t\t<\/div>\n\t\t\t\t<div class=\"elementor-element elementor-element-1995edd2 elementor-widget elementor-widget-text-editor\" data-id=\"1995edd2\" data-element_type=\"widget\" data-widget_type=\"text-editor.default\">\n\t\t\t\t<div class=\"elementor-widget-container\">\n\t\t\t\t\t\t\t\t\t<p><strong>Liebe Tourengeher und Schneeschuhwanderer,<\/strong><\/p><p>am Arber sind alle Skipisten ab dem Skibetriebsende aus Sicherheitsgr\u00fcnden f\u00fcr die Pistenpr\u00e4parierung mit Seilwinden-Pistenraupen auf Anordnung der Gemeinde Bayerisch Eisenstein gesperrt. Tourengeher und Schneeschuhwanderer k\u00f6nnen jedoch trotzdem \u00fcber die Osthang-Verl\u00e4ngerung (Strecke \u201eG\u201c) in der Zeit ab 16.30 bis 22.00 Uhr aufsteigen und wieder abfahren, weil die Osthangverl\u00e4ngerung \u201eG\u201c erst ab 22.00 Uhr mit den Windenraupen pr\u00e4pariert wird.<\/p><p>Wir weisen aus Sicherheitsgr\u00fcnden ausdr\u00fccklich darauf hin, dass ein Aufsteigen und Abfahren auf allen anderen Arber-Pisten wegen der Pr\u00e4parierung mit Seilwinden-Pistenraupen Lebensgefahr bedeutet.<\/p>\t\t\t\t\t\t\t\t<\/div>\n\t\t\t\t<\/div>\n\t\t\t\t\t<\/div>\n\t\t\t\t<\/div>\n\t\t\t\t\t<\/div>\n\t\t\t\t<\/div>\n\t\t<div class=\"elementor-element elementor-element-ccc1b61 e-flex e-con-boxed e-con e-parent\" data-id=\"ccc1b61\" data-element_type=\"container\">\n\t\t\t\t\t<div class=\"e-con-inner\">\n\t\t<div class=\"elementor-element elementor-element-36b74f7 e-flex e-con-boxed e-con e-parent\" data-id=\"36b74f7\" data-element_type=\"container\">\n\t\t\t\t\t<div class=\"e-con-inner\">\n\t\t\t\t<div class=\"elementor-element elementor-element-6d23ff8 elementor-widget elementor-widget-heading\" data-id=\"6d23ff8\" data-element_type=\"widget\" data-widget_type=\"heading.default\">\n\t\t\t\t<div class=\"elementor-widget-container\">\n\t\t\t\t\t<h2 class=\"elementor-heading-title elementor-size-default\">Tourenskigehen am Gro\u00dfen Arber<\/h2>\t\t\t\t<\/div>\n\t\t\t\t<\/div>\n\t\t\t\t<div class=\"elementor-element elementor-element-2438024 elementor-widget elementor-widget-text-editor\" data-id=\"2438024\" data-element_type=\"widget\" data-widget_type=\"text-editor.default\">\n\t\t\t\t<div class=\"elementor-widget-container\">\n\t\t\t\t\t\t\t\t\t<p>Die Skitourenstrecke G, die am Osthang des Gro\u00dfen Arbers verl\u00e4uft, ist eine der beliebtesten Routen f\u00fcr Skitourengeher in der Region. Die Route beginnt an der Talstation (Gasthaus zur Gondelbahn) und f\u00fchrt entlang eines gut markierten G-Piste.<\/p><p>Die Strecke G ist bekannt f\u00fcr ihre Vielseitigkeit, da sie sowohl f\u00fcr Anf\u00e4nger als auch f\u00fcr erfahrene Skitourengeher geeignet ist. Der Aufstieg kann je nach Kondition und Geschwindigkeit zwischen 1 und 3 Stunden dauern. Die Anstrengungen werden jedoch durch die atemberaubende Aussicht vom Gipfel belohnt. Sobald man den Gipfel erreicht hat, erstreckt sich vor einem ein beeindruckendes Panorama, das von den umliegenden verschneiten Gipfeln und W\u00e4ldern gepr\u00e4gt ist.<\/p><p>Ein besonderer Reiz der Skitour am Gro\u00dfen Arber liegt in der M\u00f6glichkeit, auch am sp\u00e4ten Nachmittag oder Abend unterwegs zu sein.<\/p><p>Wer auch abseits des Gro\u00dfen Arbers Skitouren unternehmen m\u00f6chte, findet in der Umgebung zahlreiche weitere M\u00f6glichkeiten. Die sanften H\u00fcgel und verschneiten W\u00e4lder schaffen eine einladende Atmosph\u00e4re f\u00fcr Skitourenliebhaber.<\/p>\t\t\t\t\t\t\t\t<\/div>\n\t\t\t\t<\/div>\n\t\t\t\t\t<\/div>\n\t\t\t\t<\/div>\n\t\t<div class=\"elementor-element elementor-element-5e79ca6 e-flex e-con-boxed e-con e-parent\" data-id=\"5e79ca6\" data-element_type=\"container\">\n\t\t\t\t\t<div class=\"e-con-inner\">\n\t\t\t\t<div class=\"elementor-element elementor-element-4a82aed elementor-widget elementor-widget-html\" data-id=\"4a82aed\" data-element_type=\"widget\" data-widget_type=\"html.default\">\n\t\t\t\t<div class=\"elementor-widget-container\">\n\t\t\t\t\t <div class=\"brlbs-cmpnt-container brlbs-cmpnt-content-blocker brlbs-cmpnt-with-individual-styles\" data-borlabs-cookie-content-blocker-id=\"default\" data-borlabs-cookie-content=\"PGlmcmFtZSBzcmM9J2h0dHBzOi8vbW9kdWxlLnRvdXJpbmZyYS5jb20vYm9kZW5tYWlzL3N1Y2hlX3RvdXIucGhwP2dlb2NfY2F0PVNraXRvdXInIG5hbWU9J215aUZyYW1lJyB3aWR0aD0nNDAwcHgnIGhlaWdodD0nNzAwcHgnPjwvaWZyYW1lPg==\"><div class=\"brlbs-cmpnt-cb-preset-a\"> <p class=\"brlbs-cmpnt-cb-description\">You are currently viewing a placeholder content from <strong>Default<\/strong>. To access the actual content, click the button below. Please note that doing so will share data with third-party providers.<\/p> <div class=\"brlbs-cmpnt-cb-buttons\"> <a class=\"brlbs-cmpnt-cb-btn\" href=\"#\" data-borlabs-cookie-unblock role=\"button\">Unblock content<\/a> <a class=\"brlbs-cmpnt-cb-btn\" href=\"#\" data-borlabs-cookie-accept-service role=\"button\" style=\"display: none\">Accept required service and unblock content<\/a> <\/div> <a class=\"brlbs-cmpnt-cb-provider-toggle\" href=\"#\" data-borlabs-cookie-show-provider-information role=\"button\">More Information<\/a> <\/div><\/div>\t\t\t\t<\/div>\n\t\t\t\t<\/div>\n\t\t\t\t\t<\/div>\n\t\t\t\t<\/div>\n\t\t\t\t\t<\/div>\n\t\t\t\t<\/div>\n\t\t<div class=\"elementor-element elementor-element-4f4d0ba e-flex e-con-boxed e-con e-parent\" data-id=\"4f4d0ba\" data-element_type=\"container\">\n\t\t\t\t\t<div class=\"e-con-inner\">\n\t\t\t\t<div class=\"elementor-element elementor-element-24780f8 elementor-widget elementor-widget-heading\" data-id=\"24780f8\" data-element_type=\"widget\" data-widget_type=\"heading.default\">\n\t\t\t\t<div class=\"elementor-widget-container\">\n\t\t\t\t\t<h2 class=\"elementor-heading-title elementor-size-default\">H\u00e4ufig gestellte Fragen:<\/h2>\t\t\t\t<\/div>\n\t\t\t\t<\/div>\n\t\t\t\t<div class=\"elementor-element elementor-element-1648d09 elementor-widget elementor-widget-accordion\" data-id=\"1648d09\" data-element_type=\"widget\" data-widget_type=\"accordion.default\">\n\t\t\t\t<div class=\"elementor-widget-container\">\n\t\t\t\t\t\t\t<div class=\"elementor-accordion\">\n\t\t\t\t\t\t\t<div class=\"elementor-accordion-item\">\n\t\t\t\t\t<div id=\"elementor-tab-title-2331\" class=\"elementor-tab-title\" data-tab=\"1\" role=\"button\" aria-controls=\"elementor-tab-content-2331\" aria-expanded=\"false\">\n\t\t\t\t\t\t\t\t\t\t\t\t\t<span class=\"elementor-accordion-icon elementor-accordion-icon-left\" aria-hidden=\"true\">\n\t\t\t\t\t\t\t\t\t\t\t\t\t\t\t<span class=\"elementor-accordion-icon-closed\"><svg class=\"e-font-icon-svg e-fas-plus\" viewBox=\"0 0 448 512\" xmlns=\"http:\/\/www.w3.org\/2000\/svg\"><path d=\"M416 208H272V64c0-17.67-14.33-32-32-32h-32c-17.67 0-32 14.33-32 32v144H32c-17.67 0-32 14.33-32 32v32c0 17.67 14.33 32 32 32h144v144c0 17.67 14.33 32 32 32h32c17.67 0 32-14.33 32-32V304h144c17.67 0 32-14.33 32-32v-32c0-17.67-14.33-32-32-32z\"><\/path><\/svg><\/span>\n\t\t\t\t\t\t\t\t<span class=\"elementor-accordion-icon-opened\"><svg class=\"e-font-icon-svg e-fas-minus\" viewBox=\"0 0 448 512\" xmlns=\"http:\/\/www.w3.org\/2000\/svg\"><path d=\"M416 208H32c-17.67 0-32 14.33-32 32v32c0 17.67 14.33 32 32 32h384c17.67 0 32-14.33 32-32v-32c0-17.67-14.33-32-32-32z\"><\/path><\/svg><\/span>\n\t\t\t\t\t\t\t\t\t\t\t\t\t\t<\/span>\n\t\t\t\t\t\t\t\t\t\t\t\t<a class=\"elementor-accordion-title\" tabindex=\"0\">Ist das Skitourengehen am Gro\u00dfen Arber erlaubt?<\/a>\n\t\t\t\t\t<\/div>\n\t\t\t\t\t<div id=\"elementor-tab-content-2331\" class=\"elementor-tab-content elementor-clearfix\" data-tab=\"1\" role=\"region\" aria-labelledby=\"elementor-tab-title-2331\"><p>Ja, das Tourenskigehen ist am Gro\u00dfen Arber erlaubt.<\/p><p>Aber alle Skipisten sind ab dem Skibetriebsende aus Sicherheitsgr\u00fcnden f\u00fcr die Pistenpr\u00e4parierung mit Seilwinden-Pistenraupen auf Anordnung der Gemeinde Bayerisch Eisenstein gesperrt. Tourengeher und Schneeschuhwanderer k\u00f6nnen jedoch trotzdem \u00fcber die Osthang-Verl\u00e4ngerung (Strecke \u201eG\u201c) in der Zeit ab 16.30 bis 22.00 Uhr aufsteigen und wieder abfahren, weil die Osthangverl\u00e4ngerung \u201eG\u201c erst ab 22.00 Uhr mit den Windenraupen pr\u00e4pariert wird.<\/p><\/div>\n\t\t\t\t<\/div>\n\t\t\t\t\t\t\t<div class=\"elementor-accordion-item\">\n\t\t\t\t\t<div id=\"elementor-tab-title-2332\" class=\"elementor-tab-title\" data-tab=\"2\" role=\"button\" aria-controls=\"elementor-tab-content-2332\" aria-expanded=\"false\">\n\t\t\t\t\t\t\t\t\t\t\t\t\t<span class=\"elementor-accordion-icon elementor-accordion-icon-left\" aria-hidden=\"true\">\n\t\t\t\t\t\t\t\t\t\t\t\t\t\t\t<span class=\"elementor-accordion-icon-closed\"><svg class=\"e-font-icon-svg e-fas-plus\" viewBox=\"0 0 448 512\" xmlns=\"http:\/\/www.w3.org\/2000\/svg\"><path d=\"M416 208H272V64c0-17.67-14.33-32-32-32h-32c-17.67 0-32 14.33-32 32v144H32c-17.67 0-32 14.33-32 32v32c0 17.67 14.33 32 32 32h144v144c0 17.67 14.33 32 32 32h32c17.67 0 32-14.33 32-32V304h144c17.67 0 32-14.33 32-32v-32c0-17.67-14.33-32-32-32z\"><\/path><\/svg><\/span>\n\t\t\t\t\t\t\t\t<span class=\"elementor-accordion-icon-opened\"><svg class=\"e-font-icon-svg e-fas-minus\" viewBox=\"0 0 448 512\" xmlns=\"http:\/\/www.w3.org\/2000\/svg\"><path d=\"M416 208H32c-17.67 0-32 14.33-32 32v32c0 17.67 14.33 32 32 32h384c17.67 0 32-14.33 32-32v-32c0-17.67-14.33-32-32-32z\"><\/path><\/svg><\/span>\n\t\t\t\t\t\t\t\t\t\t\t\t\t\t<\/span>\n\t\t\t\t\t\t\t\t\t\t\t\t<a class=\"elementor-accordion-title\" tabindex=\"0\">Bis zu welcher Uhrzeit ist das Skitourengehen am Gro\u00dfen Arber erlaubt?<\/a>\n\t\t\t\t\t<\/div>\n\t\t\t\t\t<div id=\"elementor-tab-content-2332\" class=\"elementor-tab-content elementor-clearfix\" data-tab=\"2\" role=\"region\" aria-labelledby=\"elementor-tab-title-2332\"><p>Alle Skipisten sind ab dem Skibetriebsende aus Sicherheitsgr\u00fcnden f\u00fcr die Pistenpr\u00e4parierung mit Seilwinden-Pistenraupen auf Anordnung der Gemeinde Bayerisch Eisenstein gesperrt.<\/p><p>Tourengeher und Schneeschuhwanderer k\u00f6nnen jedoch trotzdem \u00fcber die Osthang-Verl\u00e4ngerung (Strecke \u201eG\u201c) in der Zeit ab <strong>16.30 bis 22.00 Uhr<\/strong> aufsteigen und wieder abfahren, weil die Osthangverl\u00e4ngerung \u201eG\u201c erst ab 22.00 Uhr mit den Windenraupen pr\u00e4pariert wird.<\/p><\/div>\n\t\t\t\t<\/div>\n\t\t\t\t\t\t\t<div class=\"elementor-accordion-item\">\n\t\t\t\t\t<div id=\"elementor-tab-title-2333\" class=\"elementor-tab-title\" data-tab=\"3\" role=\"button\" aria-controls=\"elementor-tab-content-2333\" aria-expanded=\"false\">\n\t\t\t\t\t\t\t\t\t\t\t\t\t<span class=\"elementor-accordion-icon elementor-accordion-icon-left\" aria-hidden=\"true\">\n\t\t\t\t\t\t\t\t\t\t\t\t\t\t\t<span class=\"elementor-accordion-icon-closed\"><svg class=\"e-font-icon-svg e-fas-plus\" viewBox=\"0 0 448 512\" xmlns=\"http:\/\/www.w3.org\/2000\/svg\"><path d=\"M416 208H272V64c0-17.67-14.33-32-32-32h-32c-17.67 0-32 14.33-32 32v144H32c-17.67 0-32 14.33-32 32v32c0 17.67 14.33 32 32 32h144v144c0 17.67 14.33 32 32 32h32c17.67 0 32-14.33 32-32V304h144c17.67 0 32-14.33 32-32v-32c0-17.67-14.33-32-32-32z\"><\/path><\/svg><\/span>\n\t\t\t\t\t\t\t\t<span class=\"elementor-accordion-icon-opened\"><svg class=\"e-font-icon-svg e-fas-minus\" viewBox=\"0 0 448 512\" xmlns=\"http:\/\/www.w3.org\/2000\/svg\"><path d=\"M416 208H32c-17.67 0-32 14.33-32 32v32c0 17.67 14.33 32 32 32h384c17.67 0 32-14.33 32-32v-32c0-17.67-14.33-32-32-32z\"><\/path><\/svg><\/span>\n\t\t\t\t\t\t\t\t\t\t\t\t\t\t<\/span>\n\t\t\t\t\t\t\t\t\t\t\t\t<a class=\"elementor-accordion-title\" tabindex=\"0\">Wie viel kostet das Tourenskigehen oder Parken am Gro\u00dfen Arber?<\/a>\n\t\t\t\t\t<\/div>\n\t\t\t\t\t<div id=\"elementor-tab-content-2333\" class=\"elementor-tab-content elementor-clearfix\" data-tab=\"3\" role=\"region\" aria-labelledby=\"elementor-tab-title-2333\"><p>Tourenskigeher m\u00fcssen an den Parkautomaten ein Ticket f\u00fcr 4,00 \u20ac l\u00f6sen.<\/p><\/div>\n\t\t\t\t<\/div>\n\t\t\t\t\t\t\t<div class=\"elementor-accordion-item\">\n\t\t\t\t\t<div id=\"elementor-tab-title-2334\" class=\"elementor-tab-title\" data-tab=\"4\" role=\"button\" aria-controls=\"elementor-tab-content-2334\" aria-expanded=\"false\">\n\t\t\t\t\t\t\t\t\t\t\t\t\t<span class=\"elementor-accordion-icon elementor-accordion-icon-left\" aria-hidden=\"true\">\n\t\t\t\t\t\t\t\t\t\t\t\t\t\t\t<span class=\"elementor-accordion-icon-closed\"><svg class=\"e-font-icon-svg e-fas-plus\" viewBox=\"0 0 448 512\" xmlns=\"http:\/\/www.w3.org\/2000\/svg\"><path d=\"M416 208H272V64c0-17.67-14.33-32-32-32h-32c-17.67 0-32 14.33-32 32v144H32c-17.67 0-32 14.33-32 32v32c0 17.67 14.33 32 32 32h144v144c0 17.67 14.33 32 32 32h32c17.67 0 32-14.33 32-32V304h144c17.67 0 32-14.33 32-32v-32c0-17.67-14.33-32-32-32z\"><\/path><\/svg><\/span>\n\t\t\t\t\t\t\t\t<span class=\"elementor-accordion-icon-opened\"><svg class=\"e-font-icon-svg e-fas-minus\" viewBox=\"0 0 448 512\" xmlns=\"http:\/\/www.w3.org\/2000\/svg\"><path d=\"M416 208H32c-17.67 0-32 14.33-32 32v32c0 17.67 14.33 32 32 32h384c17.67 0 32-14.33 32-32v-32c0-17.67-14.33-32-32-32z\"><\/path><\/svg><\/span>\n\t\t\t\t\t\t\t\t\t\t\t\t\t\t<\/span>\n\t\t\t\t\t\t\t\t\t\t\t\t<a class=\"elementor-accordion-title\" tabindex=\"0\">Wann findet jeweils der Tourenskigeher-Stammtisch statt?<\/a>\n\t\t\t\t\t<\/div>\n\t\t\t\t\t<div id=\"elementor-tab-content-2334\" class=\"elementor-tab-content elementor-clearfix\" data-tab=\"4\" role=\"region\" aria-labelledby=\"elementor-tab-title-2334\"><p>Jeden Mittwoch, ab Januar, findet im Arberschutzhaus der Tourenskigeherstammtisch statt. <\/p><\/div>\n\t\t\t\t<\/div>\n\t\t\t\t\t\t\t<div class=\"elementor-accordion-item\">\n\t\t\t\t\t<div id=\"elementor-tab-title-2335\" class=\"elementor-tab-title\" data-tab=\"5\" role=\"button\" aria-controls=\"elementor-tab-content-2335\" aria-expanded=\"false\">\n\t\t\t\t\t\t\t\t\t\t\t\t\t<span class=\"elementor-accordion-icon elementor-accordion-icon-left\" aria-hidden=\"true\">\n\t\t\t\t\t\t\t\t\t\t\t\t\t\t\t<span class=\"elementor-accordion-icon-closed\"><svg class=\"e-font-icon-svg e-fas-plus\" viewBox=\"0 0 448 512\" xmlns=\"http:\/\/www.w3.org\/2000\/svg\"><path d=\"M416 208H272V64c0-17.67-14.33-32-32-32h-32c-17.67 0-32 14.33-32 32v144H32c-17.67 0-32 14.33-32 32v32c0 17.67 14.33 32 32 32h144v144c0 17.67 14.33 32 32 32h32c17.67 0 32-14.33 32-32V304h144c17.67 0 32-14.33 32-32v-32c0-17.67-14.33-32-32-32z\"><\/path><\/svg><\/span>\n\t\t\t\t\t\t\t\t<span class=\"elementor-accordion-icon-opened\"><svg class=\"e-font-icon-svg e-fas-minus\" viewBox=\"0 0 448 512\" xmlns=\"http:\/\/www.w3.org\/2000\/svg\"><path d=\"M416 208H32c-17.67 0-32 14.33-32 32v32c0 17.67 14.33 32 32 32h384c17.67 0 32-14.33 32-32v-32c0-17.67-14.33-32-32-32z\"><\/path><\/svg><\/span>\n\t\t\t\t\t\t\t\t\t\t\t\t\t\t<\/span>\n\t\t\t\t\t\t\t\t\t\t\t\t<a class=\"elementor-accordion-title\" tabindex=\"0\">Wieso ist das Tourenskigehen am Gro\u00dfen Arber nicht in der Nacht erlaubt?<\/a>\n\t\t\t\t\t<\/div>\n\t\t\t\t\t<div id=\"elementor-tab-content-2335\" class=\"elementor-tab-content elementor-clearfix\" data-tab=\"5\" role=\"region\" aria-labelledby=\"elementor-tab-title-2335\"><div class=\"elementor-element elementor-element-49ce12e6 elementor-widget elementor-widget-text-editor\" data-id=\"49ce12e6\" data-element_type=\"widget\" data-widget_type=\"text-editor.default\"><div class=\"elementor-widget-container\"><p>Das Tourengehen und Schneeschuhwandern am Arber ist mittlerweile ein sehr beliebtes abendliches Hobby geworden. Deshalb hat sich die ARBER-BERGBAHN f\u00fcr die Tourengeher und Schneeschuhgeher folgende gute L\u00f6sung einfallen lassen, damit die notwendige Pistenpr\u00e4parierung mit Seilwinden und das allgemeine Verbot des Betretens w\u00e4hrend dem Pistenpr\u00e4parieren, sowie der Wunsch der Tourengeher in gutem Einklang zu bringen sind.<\/p><\/div><\/div><div class=\"elementor-element elementor-element-7960ea32 elementor-widget elementor-widget-text-editor\" data-id=\"7960ea32\" data-element_type=\"widget\" data-widget_type=\"text-editor.default\"><div class=\"elementor-widget-container\"><p>Auf Vorschlag der Bergwacht und von Tourengeher-Insidern kann in Abstimmung mit der ARBER-BERGBAHN die sogenannte Osthangverl\u00e4ngerung (Strecke \u201eG\u201c) zum Aufsteigen mit Tourenskiern und dann zum Abfahren genutzt werden. Gleiches gilt auch f\u00fcr die Schneeschuhwanderer.<\/p><\/div><\/div><div class=\"elementor-element elementor-element-b9fad55 elementor-widget elementor-widget-text-editor\" data-id=\"b9fad55\" data-element_type=\"widget\" data-widget_type=\"text-editor.default\"><div class=\"elementor-widget-container\"><p>D.h. die ARBER-BERGBAHN beginnt zwar mit der Pr\u00e4parierung mit den Windenpistenraupen und mit den normalen Pistenraupen <strong>ab 16.30 Uhr f\u00fcr alle Pisten am Arber \u2013 au\u00dfer der Osthang-Verl\u00e4ngerung (Strecke \u201eG\u201c)<\/strong>. In dieser Osthang-Verl\u00e4ngerung beginnt die ARBER-BERGBAHN <strong>erst ab 22.00 Uhr<\/strong>.<\/p><p>D.h. bis 22.00 Uhr k\u00f6nnen die Tourengeher und Schneeschuhgeher \u00fcber die Osthang-Verl\u00e4ngerung aufsteigen und den sehr beliebten Einkehrschwung im Arberschutzhaus machen und dann wieder sicher abfahren. Nat\u00fcrlich auch nur \u00fcber die Osthang-Verl\u00e4ngerung zur Talstation, ohne dass die Tourengeher in der Osthang-Verl\u00e4ngerung mit Pistenraupen und deren Windenseil rechnen m\u00fcssen.<\/p><p>Auf allen anderen Strecken sind die Pistenraupen mit der Seilwinde unterwegs und ein Abfahren dort im gesperrten Bereich w\u00e4re lebensgef\u00e4hrlich.<\/p><p>Die ARBER-BERGBAHN weist aber ausdr\u00fccklich darauf hin, dass ab dem Ende des regul\u00e4ren Skibetriebes ab 16.30 Uhr auch die Verkehrssicherungspflicht als Liftbetreiber endet. Das Abfahren wie auch das Aufsteigen in der Osthang-Verl\u00e4ngerung erfolgt auf eigene Verantwortung \u2013 doch das ist bei den Tourengehern bekannt. Diese Regelung gilt nur f\u00fcr die Osthang-Verl\u00e4ngerung und nicht f\u00fcr alle anderen Strecken am Arber.<\/p><\/div><\/div><div class=\"elementor-element elementor-element-af558e4 elementor-widget elementor-widget-text-editor\" data-id=\"af558e4\" data-element_type=\"widget\" data-widget_type=\"text-editor.default\"><div class=\"elementor-widget-container\"><p>Damit sollte k\u00fcnftig eine gute L\u00f6sung f\u00fcr die Tourengeher und die Schneeschuhwanderer innerhalb der von der Gemeinde Bayerisch Eisenstein vorgegebenen gesetzlichen Regelungen gefunden werden und m\u00f6gliche Unf\u00e4lle mit den Pistenraupen beim Seilwindenbetrieb verhin\u00addert werden.<\/p><\/div><\/div><\/div>\n\t\t\t\t<\/div>\n\t\t\t\t\t\t\t\t<\/div>\n\t\t\t\t\t\t<\/div>\n\t\t\t\t<\/div>\n\t\t\t\t\t<\/div>\n\t\t\t\t<\/div>\n\t\t\t\t<\/div>\n\t\t","protected":false},"excerpt":{"rendered":"<p>Tourenskigehen am Gro\u00dfen Arber Der Gro\u00dfe Arbers lockt im Winter nicht nur Skifahrer und Snowboarder an, sondern auch begeisterte Skitourengeher. Die Region rund um den h\u00f6chsten Gipfel des Bayerischen Waldes bietet eine F\u00fclle von M\u00f6glichkeiten, die Faszination des Skitourengehens zu erleben. Liebe Tourengeher und Schneeschuhwanderer, am Arber sind alle Skipisten ab dem Skibetriebsende aus Sicherheitsgr\u00fcnden [&hellip;]<\/p>\n","protected":false},"author":1,"featured_media":0,"parent":8569,"menu_order":0,"comment_status":"closed","ping_status":"closed","template":"","meta":{"inline_featured_image":false,"footnotes":""},"class_list":["post-10598","page","type-page","status-publish","hentry"],"_links":{"self":[{"href":"https:\/\/www.arber.de\/en\/wp-json\/wp\/v2\/pages\/10598","targetHints":{"allow":["GET"]}}],"collection":[{"href":"https:\/\/www.arber.de\/en\/wp-json\/wp\/v2\/pages"}],"about":[{"href":"https:\/\/www.arber.de\/en\/wp-json\/wp\/v2\/types\/page"}],"author":[{"embeddable":true,"href":"https:\/\/www.arber.de\/en\/wp-json\/wp\/v2\/users\/1"}],"replies":[{"embeddable":true,"href":"https:\/\/www.arber.de\/en\/wp-json\/wp\/v2\/comments?post=10598"}],"version-history":[{"count":0,"href":"https:\/\/www.arber.de\/en\/wp-json\/wp\/v2\/pages\/10598\/revisions"}],"up":[{"embeddable":true,"href":"https:\/\/www.arber.de\/en\/wp-json\/wp\/v2\/pages\/8569"}],"wp:attachment":[{"href":"https:\/\/www.arber.de\/en\/wp-json\/wp\/v2\/media?parent=10598"}],"curies":[{"name":"wp","href":"https:\/\/api.w.org\/{rel}","templated":true}]}}