{"id":10562,"date":"2022-12-13T15:41:24","date_gmt":"2022-12-13T14:41:24","guid":{"rendered":"https:\/\/www.arber.de\/gastronomie\/arber-stadl\/"},"modified":"2025-12-26T15:25:17","modified_gmt":"2025-12-26T14:25:17","slug":"arber-stadl","status":"publish","type":"page","link":"https:\/\/www.arber.de\/en\/gastronomie\/arber-stadl\/","title":{"rendered":"Arber Stadl"},"content":{"rendered":"\t\t<div data-elementor-type=\"wp-page\" data-elementor-id=\"10562\" class=\"elementor elementor-10562 elementor-3867\" data-elementor-post-type=\"page\">\n\t\t\t\t<div class=\"elementor-element elementor-element-7acd715c e-con-full e-flex e-con e-parent\" data-id=\"7acd715c\" data-element_type=\"container\" data-settings=\"{&quot;shape_divider_bottom&quot;:&quot;pyramids&quot;}\">\n\t\t\t\t<div class=\"elementor-shape elementor-shape-bottom\" aria-hidden=\"true\" data-negative=\"false\">\n\t\t\t<svg xmlns=\"http:\/\/www.w3.org\/2000\/svg\" viewBox=\"0 0 1000 100\" preserveAspectRatio=\"none\">\n\t<path class=\"elementor-shape-fill\" d=\"M761.9,44.1L643.1,27.2L333.8,98L0,3.8V0l1000,0v3.9\"\/>\n<\/svg>\t\t<\/div>\n\t\t<div class=\"elementor-element elementor-element-41db3cf7 e-flex e-con-boxed e-con e-child\" data-id=\"41db3cf7\" data-element_type=\"container\" data-settings=\"{&quot;background_background&quot;:&quot;classic&quot;,&quot;shape_divider_bottom&quot;:&quot;pyramids&quot;}\">\n\t\t\t\t\t<div class=\"e-con-inner\">\n\t\t\t\t<div class=\"elementor-shape elementor-shape-bottom\" aria-hidden=\"true\" data-negative=\"false\">\n\t\t\t<svg xmlns=\"http:\/\/www.w3.org\/2000\/svg\" viewBox=\"0 0 1000 100\" preserveAspectRatio=\"none\">\n\t<path class=\"elementor-shape-fill\" d=\"M761.9,44.1L643.1,27.2L333.8,98L0,3.8V0l1000,0v3.9\"\/>\n<\/svg>\t\t<\/div>\n\t\t\t\t\t<\/div>\n\t\t\t\t<\/div>\n\t\t<div class=\"elementor-element elementor-element-5b6d4065 e-flex e-con-boxed e-con e-child\" data-id=\"5b6d4065\" data-element_type=\"container\" data-settings=\"{&quot;background_background&quot;:&quot;gradient&quot;,&quot;shape_divider_bottom&quot;:&quot;pyramids&quot;}\">\n\t\t\t\t\t<div class=\"e-con-inner\">\n\t\t\t\t<div class=\"elementor-shape elementor-shape-bottom\" aria-hidden=\"true\" data-negative=\"false\">\n\t\t\t<svg xmlns=\"http:\/\/www.w3.org\/2000\/svg\" viewBox=\"0 0 1000 100\" preserveAspectRatio=\"none\">\n\t<path class=\"elementor-shape-fill\" d=\"M761.9,44.1L643.1,27.2L333.8,98L0,3.8V0l1000,0v3.9\"\/>\n<\/svg>\t\t<\/div>\n\t\t\t\t<div class=\"elementor-element elementor-element-31b9dfce elementor-widget elementor-widget-heading\" data-id=\"31b9dfce\" data-element_type=\"widget\" data-widget_type=\"heading.default\">\n\t\t\t\t<div class=\"elementor-widget-container\">\n\t\t\t\t\t<h2 class=\"elementor-heading-title elementor-size-default\">Arber Stadl<\/h2>\t\t\t\t<\/div>\n\t\t\t\t<\/div>\n\t\t\t\t<div class=\"elementor-element elementor-element-5d5edd62 elementor-widget__width-initial elementor-widget elementor-widget-text-editor\" data-id=\"5d5edd62\" data-element_type=\"widget\" data-widget_type=\"text-editor.default\">\n\t\t\t\t<div class=\"elementor-widget-container\">\n\t\t\t\t\t\t\t\t\t<p>Die urige Bergh\u00fctte am Sonnenhang<\/p>\t\t\t\t\t\t\t\t<\/div>\n\t\t\t\t<\/div>\n\t\t\t\t\t<\/div>\n\t\t\t\t<\/div>\n\t\t\t\t<\/div>\n\t\t<div class=\"elementor-element elementor-element-3622b5ea e-flex e-con-boxed e-con e-parent\" data-id=\"3622b5ea\" data-element_type=\"container\">\n\t\t\t\t\t<div class=\"e-con-inner\">\n\t\t<div class=\"elementor-element elementor-element-4c9292e9 e-con-full animated-slow e-flex e-con e-child\" data-id=\"4c9292e9\" data-element_type=\"container\" data-settings=\"{&quot;background_background&quot;:&quot;classic&quot;,&quot;animation&quot;:&quot;none&quot;}\">\n\t\t\t\t<div class=\"elementor-element elementor-element-4206efac elementor-widget elementor-widget-heading\" data-id=\"4206efac\" data-element_type=\"widget\" data-widget_type=\"heading.default\">\n\t\t\t\t<div class=\"elementor-widget-container\">\n\t\t\t\t\t<h2 class=\"elementor-heading-title elementor-size-default\">Z\u00fcnftige Einkehr mitten auf der Piste!<\/h2>\t\t\t\t<\/div>\n\t\t\t\t<\/div>\n\t\t\t\t<div class=\"elementor-element elementor-element-82840e4 elementor-widget elementor-widget-text-editor\" data-id=\"82840e4\" data-element_type=\"widget\" data-widget_type=\"text-editor.default\">\n\t\t\t\t<div class=\"elementor-widget-container\">\n\t\t\t\t\t\t\t\t\t<p>Direkt an der Sonnenhang Bergstation gelegen, erwartet dich eine gem\u00fctliche H\u00fctte, die perfekt f\u00fcr Skifahrer, Tourenskigeher, Rodler und Winterwanderer gelegen ist.<\/p><p>Ob du dich nach einer abenteuerlichen Skitour st\u00e4rken m\u00f6chtest, eine Pause w\u00e4hrend der Rodelgaudi einlegen willst oder einfach eine die Sonne auf der Terrasse genie\u00dfen m\u00f6chtest \u2013 der Arberstadl ist der ideale Ort, um sich aufzuw\u00e4rmen und den Tag zu genie\u00dfen.<\/p><p>Das Besondere am Arberstadl ist, dass wir auch w\u00e4hrend des Flutlichtbetriebs ge\u00f6ffnet haben. Somit kannst du auch abends das atemberaubende Panorama und die magische Atmosph\u00e4re des Gro\u00dfen Arbers in vollen Z\u00fcgen erleben.<\/p><p>Unser freundliches und aufmerksames Team steht dir stets zur Seite und freut sich darauf, dich mit H\u00fctten-Schmankerln und k\u00f6stlichen Getr\u00e4nken zu verw\u00f6hnen. Falls du besondere Anliegen bez\u00fcglich Unvertr\u00e4glichkeiten oder Allergien hast, z\u00f6gere nicht, uns darauf anzusprechen \u2013 wir k\u00fcmmern uns gerne um deine individuellen Bed\u00fcrfnisse.<\/p><p>Wir freuen uns darauf, dich bald bei uns begr\u00fc\u00dfen zu d\u00fcrfen!<\/p>\t\t\t\t\t\t\t\t<\/div>\n\t\t\t\t<\/div>\n\t\t\t\t<\/div>\n\t\t<div class=\"elementor-element elementor-element-26bf1df1 e-con-full e-flex e-con e-child\" data-id=\"26bf1df1\" data-element_type=\"container\">\n\t\t<div class=\"elementor-element elementor-element-66a3237c animated-slow e-flex e-con-boxed e-con e-child\" data-id=\"66a3237c\" data-element_type=\"container\" data-settings=\"{&quot;background_background&quot;:&quot;classic&quot;,&quot;sticky&quot;:&quot;top&quot;,&quot;sticky_on&quot;:[&quot;desktop&quot;,&quot;tablet&quot;],&quot;sticky_offset&quot;:20,&quot;sticky_effects_offset&quot;:20,&quot;sticky_parent&quot;:&quot;yes&quot;,&quot;animation&quot;:&quot;none&quot;,&quot;sticky_anchor_link_offset&quot;:0}\">\n\t\t\t\t\t<div class=\"e-con-inner\">\n\t\t\t\t<div class=\"elementor-element elementor-element-1715278d elementor-widget elementor-widget-heading\" data-id=\"1715278d\" data-element_type=\"widget\" data-widget_type=\"heading.default\">\n\t\t\t\t<div class=\"elementor-widget-container\">\n\t\t\t\t\t<span class=\"elementor-heading-title elementor-size-default\">\u00d6ffnungszeiten<\/span>\t\t\t\t<\/div>\n\t\t\t\t<\/div>\n\t\t\t\t<div class=\"elementor-element elementor-element-1a9a5f63 elementor-widget elementor-widget-heading\" data-id=\"1a9a5f63\" data-element_type=\"widget\" data-widget_type=\"heading.default\">\n\t\t\t\t<div class=\"elementor-widget-container\">\n\t\t\t\t\t<div class=\"elementor-heading-title elementor-size-default\">Im Winter t\u00e4glich von 10:00 Uhr bis 15:30 Uhr durchgehend warme K\u00fcche<br><br>Reservierung nicht m\u00f6glich!<\/div>\t\t\t\t<\/div>\n\t\t\t\t<\/div>\n\t\t\t\t\t<\/div>\n\t\t\t\t<\/div>\n\t\t\t\t<\/div>\n\t\t\t\t\t<\/div>\n\t\t\t\t<\/div>\n\t\t<div class=\"elementor-element elementor-element-19be562f e-flex e-con-boxed e-con e-parent\" data-id=\"19be562f\" data-element_type=\"container\">\n\t\t\t\t\t<div class=\"e-con-inner\">\n\t\t\t\t<div class=\"elementor-element elementor-element-79ab7e83 elementor-widget elementor-widget-gallery\" data-id=\"79ab7e83\" data-element_type=\"widget\" data-settings=\"{&quot;columns&quot;:2,&quot;gap&quot;:{&quot;unit&quot;:&quot;px&quot;,&quot;size&quot;:30,&quot;sizes&quot;:[]},&quot;columns_tablet&quot;:3,&quot;columns_mobile&quot;:2,&quot;image_hover_animation&quot;:&quot;grow&quot;,&quot;lazyload&quot;:&quot;yes&quot;,&quot;gallery_layout&quot;:&quot;grid&quot;,&quot;gap_tablet&quot;:{&quot;unit&quot;:&quot;px&quot;,&quot;size&quot;:10,&quot;sizes&quot;:[]},&quot;gap_mobile&quot;:{&quot;unit&quot;:&quot;px&quot;,&quot;size&quot;:10,&quot;sizes&quot;:[]},&quot;link_to&quot;:&quot;file&quot;,&quot;aspect_ratio&quot;:&quot;3:2&quot;,&quot;overlay_background&quot;:&quot;yes&quot;,&quot;content_hover_animation&quot;:&quot;fade-in&quot;}\" data-widget_type=\"gallery.default\">\n\t\t\t\t<div class=\"elementor-widget-container\">\n\t\t\t\t\t\t\t<div class=\"elementor-gallery__container\">\n\t\t\t\t\t\t\t<a class=\"e-gallery-item elementor-gallery-item elementor-animated-content\" href=\"https:\/\/www.arber.de\/wp-content\/uploads\/Arberstadl-Morgengluehen-scaled.jpg\" data-elementor-open-lightbox=\"yes\" data-elementor-lightbox-slideshow=\"79ab7e83\" data-e-action-hash=\"#elementor-action%3Aaction%3Dlightbox%26settings%3DeyJpZCI6Njg5MCwidXJsIjoiaHR0cHM6XC9cL3d3dy5hcmJlci5kZVwvd3AtY29udGVudFwvdXBsb2Fkc1wvQXJiZXJzdGFkbC1Nb3JnZW5nbHVlaGVuLXNjYWxlZC5qcGciLCJzbGlkZXNob3ciOiI3OWFiN2U4MyJ9\">\n\t\t\t\t\t<div class=\"e-gallery-image elementor-gallery-item__image\" data-thumbnail=\"https:\/\/www.arber.de\/wp-content\/uploads\/Arberstadl-Morgengluehen-768x512.jpg\" data-width=\"768\" data-height=\"512\" aria-label=\"\" role=\"img\" ><\/div>\n\t\t\t\t\t\t\t\t\t\t\t<div class=\"elementor-gallery-item__overlay\"><\/div>\n\t\t\t\t\t\t\t\t\t\t\t\t\t\t<\/a>\n\t\t\t\t\t\t\t<a class=\"e-gallery-item elementor-gallery-item elementor-animated-content\" href=\"https:\/\/www.arber.de\/wp-content\/uploads\/2020-11-19_19112020-Arber-Hennenkobel_Woidlife191120mf019_84403-scaled.jpg\" data-elementor-open-lightbox=\"yes\" data-elementor-lightbox-slideshow=\"79ab7e83\" data-e-action-hash=\"#elementor-action%3Aaction%3Dlightbox%26settings%3DeyJpZCI6Njg4NiwidXJsIjoiaHR0cHM6XC9cL3d3dy5hcmJlci5kZVwvd3AtY29udGVudFwvdXBsb2Fkc1wvMjAyMC0xMS0xOV8xOTExMjAyMC1BcmJlci1IZW5uZW5rb2JlbF9Xb2lkbGlmZTE5MTEyMG1mMDE5Xzg0NDAzLXNjYWxlZC5qcGciLCJzbGlkZXNob3ciOiI3OWFiN2U4MyJ9\">\n\t\t\t\t\t<div class=\"e-gallery-image elementor-gallery-item__image\" data-thumbnail=\"https:\/\/www.arber.de\/wp-content\/uploads\/2020-11-19_19112020-Arber-Hennenkobel_Woidlife191120mf019_84403-768x501.jpg\" data-width=\"768\" data-height=\"501\" aria-label=\"\" role=\"img\" ><\/div>\n\t\t\t\t\t\t\t\t\t\t\t<div class=\"elementor-gallery-item__overlay\"><\/div>\n\t\t\t\t\t\t\t\t\t\t\t\t\t\t<\/a>\n\t\t\t\t\t<\/div>\n\t\t\t\t\t<\/div>\n\t\t\t\t<\/div>\n\t\t\t\t\t<\/div>\n\t\t\t\t<\/div>\n\t\t\t\t<\/div>\n\t\t","protected":false},"excerpt":{"rendered":"<p>Die urige Bergh\u00fctte am Sonnenhang Z\u00fcnftige Einkehr mitten auf der Piste! Direkt an der Sonnenhang Bergstation gelegen, erwartet dich eine gem\u00fctliche H\u00fctte, die perfekt f\u00fcr Skifahrer, Tourenskigeher, Rodler und Winterwanderer gelegen ist. Ob du dich nach einer abenteuerlichen Skitour st\u00e4rken m\u00f6chtest, eine Pause w\u00e4hrend der Rodelgaudi einlegen willst oder einfach eine die Sonne auf der [&hellip;]<\/p>\n","protected":false},"author":1,"featured_media":0,"parent":8602,"menu_order":0,"comment_status":"closed","ping_status":"closed","template":"","meta":{"inline_featured_image":false,"footnotes":""},"class_list":["post-10562","page","type-page","status-publish","hentry"],"_links":{"self":[{"href":"https:\/\/www.arber.de\/en\/wp-json\/wp\/v2\/pages\/10562","targetHints":{"allow":["GET"]}}],"collection":[{"href":"https:\/\/www.arber.de\/en\/wp-json\/wp\/v2\/pages"}],"about":[{"href":"https:\/\/www.arber.de\/en\/wp-json\/wp\/v2\/types\/page"}],"author":[{"embeddable":true,"href":"https:\/\/www.arber.de\/en\/wp-json\/wp\/v2\/users\/1"}],"replies":[{"embeddable":true,"href":"https:\/\/www.arber.de\/en\/wp-json\/wp\/v2\/comments?post=10562"}],"version-history":[{"count":9,"href":"https:\/\/www.arber.de\/en\/wp-json\/wp\/v2\/pages\/10562\/revisions"}],"predecessor-version":[{"id":14393,"href":"https:\/\/www.arber.de\/en\/wp-json\/wp\/v2\/pages\/10562\/revisions\/14393"}],"up":[{"embeddable":true,"href":"https:\/\/www.arber.de\/en\/wp-json\/wp\/v2\/pages\/8602"}],"wp:attachment":[{"href":"https:\/\/www.arber.de\/en\/wp-json\/wp\/v2\/media?parent=10562"}],"curies":[{"name":"wp","href":"https:\/\/api.w.org\/{rel}","templated":true}]}}