{"id":10549,"date":"2022-11-08T16:29:55","date_gmt":"2022-11-08T15:29:55","guid":{"rendered":"https:\/\/www.arber.de\/jobs\/"},"modified":"2026-03-23T15:15:31","modified_gmt":"2026-03-23T14:15:31","slug":"jobs","status":"publish","type":"page","link":"https:\/\/www.arber.de\/en\/jobs\/","title":{"rendered":"Jobs"},"content":{"rendered":"\t\t<div data-elementor-type=\"wp-page\" data-elementor-id=\"10549\" class=\"elementor elementor-10549 elementor-1480\" data-elementor-post-type=\"page\">\n\t\t\t\t<div class=\"elementor-element elementor-element-528bf085 e-con-full e-flex e-con e-parent\" data-id=\"528bf085\" data-element_type=\"container\" data-settings=\"{&quot;shape_divider_bottom&quot;:&quot;pyramids&quot;}\">\n\t\t\t\t<div class=\"elementor-shape elementor-shape-bottom\" aria-hidden=\"true\" data-negative=\"false\">\n\t\t\t<svg xmlns=\"http:\/\/www.w3.org\/2000\/svg\" viewBox=\"0 0 1000 100\" preserveAspectRatio=\"none\">\n\t<path class=\"elementor-shape-fill\" d=\"M761.9,44.1L643.1,27.2L333.8,98L0,3.8V0l1000,0v3.9\"\/>\n<\/svg>\t\t<\/div>\n\t\t<div class=\"elementor-element elementor-element-7efa72ba e-flex e-con-boxed e-con e-child\" data-id=\"7efa72ba\" data-element_type=\"container\" data-settings=\"{&quot;background_background&quot;:&quot;classic&quot;,&quot;shape_divider_bottom&quot;:&quot;pyramids&quot;}\">\n\t\t\t\t\t<div class=\"e-con-inner\">\n\t\t\t\t<div class=\"elementor-shape elementor-shape-bottom\" aria-hidden=\"true\" data-negative=\"false\">\n\t\t\t<svg xmlns=\"http:\/\/www.w3.org\/2000\/svg\" viewBox=\"0 0 1000 100\" preserveAspectRatio=\"none\">\n\t<path class=\"elementor-shape-fill\" d=\"M761.9,44.1L643.1,27.2L333.8,98L0,3.8V0l1000,0v3.9\"\/>\n<\/svg>\t\t<\/div>\n\t\t\t\t\t<\/div>\n\t\t\t\t<\/div>\n\t\t<div class=\"elementor-element elementor-element-6ecd21ba e-flex e-con-boxed e-con e-child\" data-id=\"6ecd21ba\" data-element_type=\"container\" data-settings=\"{&quot;background_background&quot;:&quot;gradient&quot;,&quot;shape_divider_bottom&quot;:&quot;pyramids&quot;}\">\n\t\t\t\t\t<div class=\"e-con-inner\">\n\t\t\t\t<div class=\"elementor-shape elementor-shape-bottom\" aria-hidden=\"true\" data-negative=\"false\">\n\t\t\t<svg xmlns=\"http:\/\/www.w3.org\/2000\/svg\" viewBox=\"0 0 1000 100\" preserveAspectRatio=\"none\">\n\t<path class=\"elementor-shape-fill\" d=\"M761.9,44.1L643.1,27.2L333.8,98L0,3.8V0l1000,0v3.9\"\/>\n<\/svg>\t\t<\/div>\n\t\t\t\t<div class=\"elementor-element elementor-element-5724d9e0 elementor-widget__width-initial elementor-widget-mobile__width-inherit elementor-widget elementor-widget-heading\" data-id=\"5724d9e0\" data-element_type=\"widget\" data-widget_type=\"heading.default\">\n\t\t\t\t<div class=\"elementor-widget-container\">\n\t\t\t\t\t<div class=\"elementor-heading-title elementor-size-default\">Wir suchen Dich!<\/div>\t\t\t\t<\/div>\n\t\t\t\t<\/div>\n\t\t\t\t<div class=\"elementor-element elementor-element-74266f02 elementor-widget__width-initial elementor-widget-mobile__width-inherit elementor-widget elementor-widget-text-editor\" data-id=\"74266f02\" data-element_type=\"widget\" data-widget_type=\"text-editor.default\">\n\t\t\t\t<div class=\"elementor-widget-container\">\n\t\t\t\t\t\t\t\t\t<p>Jobs am Gro\u00dfen Arber<\/p>\t\t\t\t\t\t\t\t<\/div>\n\t\t\t\t<\/div>\n\t\t\t\t<div class=\"elementor-element elementor-element-9bd458e elementor-widget elementor-widget-button\" data-id=\"9bd458e\" data-element_type=\"widget\" data-widget_type=\"button.default\">\n\t\t\t\t<div class=\"elementor-widget-container\">\n\t\t\t\t\t\t\t\t\t<div class=\"elementor-button-wrapper\">\n\t\t\t\t\t<a class=\"elementor-button elementor-button-link elementor-size-sm\" href=\"#stellen\">\n\t\t\t\t\t\t<span class=\"elementor-button-content-wrapper\">\n\t\t\t\t\t\t\t\t\t<span class=\"elementor-button-text\">Direkt zu den Stellen<\/span>\n\t\t\t\t\t<\/span>\n\t\t\t\t\t<\/a>\n\t\t\t\t<\/div>\n\t\t\t\t\t\t\t\t<\/div>\n\t\t\t\t<\/div>\n\t\t\t\t\t<\/div>\n\t\t\t\t<\/div>\n\t\t\t\t<\/div>\n\t\t<div class=\"elementor-element elementor-element-2ada7886 e-flex e-con-boxed e-con e-parent\" data-id=\"2ada7886\" data-element_type=\"container\">\n\t\t\t\t\t<div class=\"e-con-inner\">\n\t\t<div class=\"elementor-element elementor-element-27a261f7 e-con-full e-flex e-con e-child\" data-id=\"27a261f7\" data-element_type=\"container\" data-settings=\"{&quot;motion_fx_motion_fx_scrolling&quot;:&quot;yes&quot;,&quot;motion_fx_translateY_effect&quot;:&quot;yes&quot;,&quot;motion_fx_translateY_speed&quot;:{&quot;unit&quot;:&quot;px&quot;,&quot;size&quot;:1.5,&quot;sizes&quot;:[]},&quot;motion_fx_devices&quot;:[&quot;desktop&quot;,&quot;tablet&quot;],&quot;motion_fx_translateY_affectedRange&quot;:{&quot;unit&quot;:&quot;%&quot;,&quot;size&quot;:&quot;&quot;,&quot;sizes&quot;:{&quot;start&quot;:0,&quot;end&quot;:100}}}\">\n\t\t\t\t<div class=\"elementor-element elementor-element-39f8a8ef elementor-widget elementor-widget-heading\" data-id=\"39f8a8ef\" data-element_type=\"widget\" data-widget_type=\"heading.default\">\n\t\t\t\t<div class=\"elementor-widget-container\">\n\t\t\t\t\t<h1 class=\"elementor-heading-title elementor-size-default\">Jobs am Gro\u00dfen Arber<\/h1>\t\t\t\t<\/div>\n\t\t\t\t<\/div>\n\t\t\t\t<div class=\"elementor-element elementor-element-7a90302 elementor-widget elementor-widget-text-editor\" data-id=\"7a90302\" data-element_type=\"widget\" data-widget_type=\"text-editor.default\">\n\t\t\t\t<div class=\"elementor-widget-container\">\n\t\t\t\t\t\t\t\t\t<p>Du m\u00f6chtest hoch hinaus? Einen besonderen Arbeitsplatz und tolle Kollegen? Dann bewirb dich einfach bei uns am Gro\u00dfen Arber!<\/p>\t\t\t\t\t\t\t\t<\/div>\n\t\t\t\t<\/div>\n\t\t\t\t<div class=\"elementor-element elementor-element-1fe750cb elementor-widget elementor-widget-text-editor\" data-id=\"1fe750cb\" data-element_type=\"widget\" data-widget_type=\"text-editor.default\">\n\t\t\t\t<div class=\"elementor-widget-container\">\n\t\t\t\t\t\t\t\t\t<p>Die Arber-Bergbahn ist ein modernes Traditions\u00adunter\u00adnehmen mit \u00fcber 80 Mitarbeitern und unterschiedlichen Fachbereichen.<\/p><p>Mit uns verbindet man die Liftanlagen am Gro\u00dfen Arber. Im Winter sind wir das gr\u00f6\u00dfte Familienskigebiet im Bayerischen Wald mit einer 6er-Gondelbahn, zwei 6er-Sesselbahnen, drei Schleppliften sowie f\u00fcnf Zauberteppichen. Wir betreiben zwei gro\u00dfe Skiverleih und &#8211; depotstationen, k\u00fcmmern uns um die Beschneiung sowie um die Pr\u00e4parierung in der Nacht. Im Sommer bef\u00f6rdern wir mit unserer 6er-Gondelbahn Wanderer und Ausflugsg\u00e4ste in den Gipfelbereich, k\u00fcmmern uns um die Wanderwege und f\u00fchren wichtigte Revisionsarbeiten durch.<\/p><p>Neben der technischen Abteilung verwalten wir insgesammt 6 Gastronomiebetriebe am Gro\u00dfen Arber und Arbersee.<\/p><p>Wir freuen uns auf Dich \u2013 komme doch einfach zum Arber und werde Teil eines jungen und motivierten Teams.<\/p>\t\t\t\t\t\t\t\t<\/div>\n\t\t\t\t<\/div>\n\t\t\t\t<\/div>\n\t\t<div class=\"elementor-element elementor-element-41ce742 e-con-full e-flex e-con e-child\" data-id=\"41ce742\" data-element_type=\"container\" data-settings=\"{&quot;motion_fx_motion_fx_scrolling&quot;:&quot;yes&quot;,&quot;motion_fx_translateY_effect&quot;:&quot;yes&quot;,&quot;motion_fx_translateY_direction&quot;:&quot;negative&quot;,&quot;motion_fx_translateY_speed&quot;:{&quot;unit&quot;:&quot;px&quot;,&quot;size&quot;:3.5,&quot;sizes&quot;:[]},&quot;motion_fx_devices&quot;:[&quot;desktop&quot;,&quot;tablet&quot;],&quot;motion_fx_translateY_affectedRange&quot;:{&quot;unit&quot;:&quot;%&quot;,&quot;size&quot;:&quot;&quot;,&quot;sizes&quot;:{&quot;start&quot;:0,&quot;end&quot;:100}}}\">\n\t\t\t\t<div class=\"elementor-element elementor-element-79c9f2b8 elementor-widget elementor-widget-image\" data-id=\"79c9f2b8\" data-element_type=\"widget\" data-widget_type=\"image.default\">\n\t\t\t\t<div class=\"elementor-widget-container\">\n\t\t\t\t\t\t\t\t\t\t\t\t\t\t\t<img fetchpriority=\"high\" decoding=\"async\" width=\"800\" height=\"626\" src=\"https:\/\/www.arber.de\/wp-content\/uploads\/arber-familienskigebiet-1024x801.jpg\" class=\"attachment-large size-large wp-image-1012\" alt=\"\" srcset=\"https:\/\/www.arber.de\/wp-content\/uploads\/arber-familienskigebiet-1024x801.jpg 1024w, https:\/\/www.arber.de\/wp-content\/uploads\/arber-familienskigebiet-300x235.jpg 300w, https:\/\/www.arber.de\/wp-content\/uploads\/arber-familienskigebiet-768x601.jpg 768w, https:\/\/www.arber.de\/wp-content\/uploads\/arber-familienskigebiet-1536x1202.jpg 1536w, https:\/\/www.arber.de\/wp-content\/uploads\/arber-familienskigebiet.jpg 2000w\" sizes=\"(max-width: 800px) 100vw, 800px\" \/>\t\t\t\t\t\t\t\t\t\t\t\t\t\t\t<\/div>\n\t\t\t\t<\/div>\n\t\t\t\t<div class=\"elementor-element elementor-element-1fcb5ab elementor-icon-list--layout-traditional elementor-list-item-link-full_width elementor-widget elementor-widget-icon-list\" data-id=\"1fcb5ab\" data-element_type=\"widget\" data-widget_type=\"icon-list.default\">\n\t\t\t\t<div class=\"elementor-widget-container\">\n\t\t\t\t\t\t\t<ul class=\"elementor-icon-list-items\">\n\t\t\t\t\t\t\t<li class=\"elementor-icon-list-item\">\n\t\t\t\t\t\t\t\t\t\t\t<span class=\"elementor-icon-list-icon\">\n\t\t\t\t\t\t\t<svg aria-hidden=\"true\" class=\"e-font-icon-svg e-fas-check-circle\" viewBox=\"0 0 512 512\" xmlns=\"http:\/\/www.w3.org\/2000\/svg\"><path d=\"M504 256c0 136.967-111.033 248-248 248S8 392.967 8 256 119.033 8 256 8s248 111.033 248 248zM227.314 387.314l184-184c6.248-6.248 6.248-16.379 0-22.627l-22.627-22.627c-6.248-6.249-16.379-6.249-22.628 0L216 308.118l-70.059-70.059c-6.248-6.248-16.379-6.248-22.628 0l-22.627 22.627c-6.248 6.248-6.248 16.379 0 22.627l104 104c6.249 6.249 16.379 6.249 22.628.001z\"><\/path><\/svg>\t\t\t\t\t\t<\/span>\n\t\t\t\t\t\t\t\t\t\t<span class=\"elementor-icon-list-text\">Arbeiten mit modernster Technik<\/span>\n\t\t\t\t\t\t\t\t\t<\/li>\n\t\t\t\t\t\t\t\t<li class=\"elementor-icon-list-item\">\n\t\t\t\t\t\t\t\t\t\t\t<span class=\"elementor-icon-list-icon\">\n\t\t\t\t\t\t\t<svg aria-hidden=\"true\" class=\"e-font-icon-svg e-fas-check-circle\" viewBox=\"0 0 512 512\" xmlns=\"http:\/\/www.w3.org\/2000\/svg\"><path d=\"M504 256c0 136.967-111.033 248-248 248S8 392.967 8 256 119.033 8 256 8s248 111.033 248 248zM227.314 387.314l184-184c6.248-6.248 6.248-16.379 0-22.627l-22.627-22.627c-6.248-6.249-16.379-6.249-22.628 0L216 308.118l-70.059-70.059c-6.248-6.248-16.379-6.248-22.628 0l-22.627 22.627c-6.248 6.248-6.248 16.379 0 22.627l104 104c6.249 6.249 16.379 6.249 22.628.001z\"><\/path><\/svg>\t\t\t\t\t\t<\/span>\n\t\t\t\t\t\t\t\t\t\t<span class=\"elementor-icon-list-text\">Geregelte Arbeitszeiten von 09:00 bis 17:00 Uhr<\/span>\n\t\t\t\t\t\t\t\t\t<\/li>\n\t\t\t\t\t\t\t\t<li class=\"elementor-icon-list-item\">\n\t\t\t\t\t\t\t\t\t\t\t<span class=\"elementor-icon-list-icon\">\n\t\t\t\t\t\t\t<svg aria-hidden=\"true\" class=\"e-font-icon-svg e-fas-check-circle\" viewBox=\"0 0 512 512\" xmlns=\"http:\/\/www.w3.org\/2000\/svg\"><path d=\"M504 256c0 136.967-111.033 248-248 248S8 392.967 8 256 119.033 8 256 8s248 111.033 248 248zM227.314 387.314l184-184c6.248-6.248 6.248-16.379 0-22.627l-22.627-22.627c-6.248-6.249-16.379-6.249-22.628 0L216 308.118l-70.059-70.059c-6.248-6.248-16.379-6.248-22.628 0l-22.627 22.627c-6.248 6.248-6.248 16.379 0 22.627l104 104c6.249 6.249 16.379 6.249 22.628.001z\"><\/path><\/svg>\t\t\t\t\t\t<\/span>\n\t\t\t\t\t\t\t\t\t\t<span class=\"elementor-icon-list-text\">Sonn- &amp; Feiertagszuschl\u00e4ge<\/span>\n\t\t\t\t\t\t\t\t\t<\/li>\n\t\t\t\t\t\t<\/ul>\n\t\t\t\t\t\t<\/div>\n\t\t\t\t<\/div>\n\t\t\t\t<\/div>\n\t\t\t\t\t<\/div>\n\t\t\t\t<\/div>\n\t\t<div class=\"elementor-element elementor-element-9cd775f e-flex e-con-boxed e-con e-parent\" data-id=\"9cd775f\" data-element_type=\"container\" id=\"stellen\">\n\t\t\t\t\t<div class=\"e-con-inner\">\n\t\t\t\t<div class=\"elementor-element elementor-element-10929c2 elementor-widget elementor-widget-heading\" data-id=\"10929c2\" data-element_type=\"widget\" data-widget_type=\"heading.default\">\n\t\t\t\t<div class=\"elementor-widget-container\">\n\t\t\t\t\t<h2 class=\"elementor-heading-title elementor-size-default\">Aktuelle Stellenangebote<\/h2>\t\t\t\t<\/div>\n\t\t\t\t<\/div>\n\t\t\t\t<div class=\"elementor-element elementor-element-f8d7dd2 elementor-widget elementor-widget-wpjmc-jobs\" data-id=\"f8d7dd2\" data-element_type=\"widget\" data-widget_type=\"wpjmc-jobs.default\">\n\t\t\t\t<div class=\"elementor-widget-container\">\n\t\t\t\t\t<style>.elementor-element-f8d7dd2 .job_filters .search_submit {display: none !important;} .elementor-element-f8d7dd2 .job_filters .search_remote_position {display: none !important;} .elementor-element-f8d7dd2 .job_filters .job_types {display: none !important;} .elementor-element-f8d7dd2 .rp4wp-related-job_listing>ul li.job_listing a img.company_logo, .rp4wp-related-job_listing>ul li.no_job_listings_found a img.company_logo, ul.job_listings li.job_listing a img.company_logo, ul.job_listings li.no_job_listings_found a img.company_logo {display: none !important;} .elementor-element-f8d7dd2 .rp4wp-related-job_listing>ul li.job_listing a div.position .company, .rp4wp-related-job_listing>ul li.no_job_listings_found a div.position .company, ul.job_listings li.job_listing a div.position .company, ul.job_listings li.no_job_listings_found a div.position .company {display: none !important;} .elementor-element-f8d7dd2 .rp4wp-related-job_listing>ul li.job_listing a div.location, .rp4wp-related-job_listing>ul li.no_job_listings_found a div.location, ul.job_listings li.job_listing a div.location, ul.job_listings li.no_job_listings_found a div.location {display: block !important;} .elementor-element-f8d7dd2 .rp4wp-related-job_listing>ul li.job_listing a .meta, .rp4wp-related-job_listing>ul li.no_job_listings_found a .meta, ul.job_listings li.job_listing a .meta, ul.job_listings li.no_job_listings_found a .meta {display: none !important;} .elementor-element-f8d7dd2 .job_filters .showing_jobs {display: none !important;} .elementor-element-f8d7dd2 .job_filters .showing_jobs a.rss_link {display: none !important;} .elementor-element-f8d7dd2 .job_filters .search_jobs input, .elementor-element-f8d7dd2 .job_filters .search_jobs select {outline: none}<\/style><div class=\"job_listings\" data-location=\"\" data-keywords=\"\" data-show_filters=\"true\" data-show_pagination=\"true\" data-per_page=\"10\" data-orderby=\"date\" data-order=\"desc\" data-categories=\"\" data-disable-form-state-storage=\"\" data-featured_first=\"false\" data-featured=\"false\" data-filled=\"false\" data-post_id=\"10549\" >\n<form class=\"job_filters\">\n\t\n\t<div class=\"search_jobs\">\n\t\t\n\t\t<div class=\"search_keywords\">\n\t\t\t<label for=\"search_keywords\">Keywords<\/label>\n\t\t\t<input type=\"text\" name=\"search_keywords\" id=\"search_keywords\" placeholder=\"Keywords\" value=\"\" \/>\n\t\t<\/div>\n\n\t\t<div class=\"search_location\">\n\t\t\t<label for=\"search_location\">Location<\/label>\n\t\t\t<input type=\"text\" name=\"search_location\" id=\"search_location\" placeholder=\"Location\" value=\"\" \/>\n\t\t<\/div>\n\n\t\t\n\t\t<div style=\"clear: both\"><\/div>\n\n\t\t\n\t\t\t\t\t<div class=\"search_submit\">\n\t\t\t\t<input type=\"submit\" value=\"Search Jobs\">\n\t\t\t<\/div>\n\t\t\n\t\t\t<\/div>\n\n\t\t<ul class=\"job_types\">\n\t\t\t<\/ul>\n\t<input type=\"hidden\" name=\"filter_job_type[]\" value=\"\" \/>\n<div class=\"showing_jobs\"><\/div><\/form>\n\n\n<noscript>Your browser does not support JavaScript, or it is disabled. JavaScript must be enabled in order to view listings.<\/noscript>\n<ul class=\"job_listings\">\n<\/ul>\n<\/div>\t\t\t\t<\/div>\n\t\t\t\t<\/div>\n\t\t\t\t\t<\/div>\n\t\t\t\t<\/div>\n\t\t<div class=\"elementor-element elementor-element-5b9af4b1 animated-slow e-flex e-con-boxed elementor-invisible e-con e-parent\" data-id=\"5b9af4b1\" data-element_type=\"container\" data-settings=\"{&quot;animation&quot;:&quot;bounceInUp&quot;,&quot;animation_delay&quot;:100}\">\n\t\t\t\t\t<div class=\"e-con-inner\">\n\t\t<div class=\"elementor-element elementor-element-32c78500 e-flex e-con-boxed e-con e-child\" data-id=\"32c78500\" data-element_type=\"container\" data-settings=\"{&quot;background_background&quot;:&quot;gradient&quot;}\">\n\t\t\t\t\t<div class=\"e-con-inner\">\n\t\t<div class=\"elementor-element elementor-element-6580a03b e-con-full e-flex e-con e-child\" data-id=\"6580a03b\" data-element_type=\"container\">\n\t\t\t\t<div class=\"elementor-element elementor-element-20eef639 elementor-widget elementor-widget-heading\" data-id=\"20eef639\" data-element_type=\"widget\" data-widget_type=\"heading.default\">\n\t\t\t\t<div class=\"elementor-widget-container\">\n\t\t\t\t\t<h2 class=\"elementor-heading-title elementor-size-default\">Bewerben kannst du dich entweder per Post oder per E-Mail<\/h2>\t\t\t\t<\/div>\n\t\t\t\t<\/div>\n\t\t\t\t<\/div>\n\t\t<div class=\"elementor-element elementor-element-3bb390dc e-con-full e-flex e-con e-child\" data-id=\"3bb390dc\" data-element_type=\"container\">\n\t\t\t\t<div class=\"elementor-element elementor-element-c4d9a95 elementor-widget elementor-widget-text-editor\" data-id=\"c4d9a95\" data-element_type=\"widget\" data-widget_type=\"text-editor.default\">\n\t\t\t\t<div class=\"elementor-widget-container\">\n\t\t\t\t\t\t\t\t\t<p>F\u00fcrstlich Hohenzollernsche ARBER-BERGBAHN e.K.<br \/>Personalabteilung<br \/>Talstation Arber 1<br \/>94252 Bayerisch Eisenstein<\/p><p>arber@hohenzollern.com<\/p>\t\t\t\t\t\t\t\t<\/div>\n\t\t\t\t<\/div>\n\t\t\t\t<\/div>\n\t\t\t\t\t<\/div>\n\t\t\t\t<\/div>\n\t\t\t\t\t<\/div>\n\t\t\t\t<\/div>\n\t\t<div class=\"elementor-element elementor-element-f1c3471 e-flex e-con-boxed e-con e-parent\" data-id=\"f1c3471\" data-element_type=\"container\">\n\t\t\t\t\t<div class=\"e-con-inner\">\n\t\t\t\t\t<\/div>\n\t\t\t\t<\/div>\n\t\t\t\t<\/div>\n\t\t","protected":false},"excerpt":{"rendered":"<p>Wir suchen Dich! Jobs am Gro\u00dfen Arber Direkt zu den Stellen Jobs am Gro\u00dfen Arber Du m\u00f6chtest hoch hinaus? Einen besonderen Arbeitsplatz und tolle Kollegen? Dann bewirb dich einfach bei uns am Gro\u00dfen Arber! Die Arber-Bergbahn ist ein modernes Traditions\u00adunter\u00adnehmen mit \u00fcber 80 Mitarbeitern und unterschiedlichen Fachbereichen. Mit uns verbindet man die Liftanlagen am Gro\u00dfen [&hellip;]<\/p>\n","protected":false},"author":1,"featured_media":0,"parent":0,"menu_order":0,"comment_status":"closed","ping_status":"closed","template":"","meta":{"inline_featured_image":false,"footnotes":""},"class_list":["post-10549","page","type-page","status-publish","hentry"],"_links":{"self":[{"href":"https:\/\/www.arber.de\/en\/wp-json\/wp\/v2\/pages\/10549","targetHints":{"allow":["GET"]}}],"collection":[{"href":"https:\/\/www.arber.de\/en\/wp-json\/wp\/v2\/pages"}],"about":[{"href":"https:\/\/www.arber.de\/en\/wp-json\/wp\/v2\/types\/page"}],"author":[{"embeddable":true,"href":"https:\/\/www.arber.de\/en\/wp-json\/wp\/v2\/users\/1"}],"replies":[{"embeddable":true,"href":"https:\/\/www.arber.de\/en\/wp-json\/wp\/v2\/comments?post=10549"}],"version-history":[{"count":30,"href":"https:\/\/www.arber.de\/en\/wp-json\/wp\/v2\/pages\/10549\/revisions"}],"predecessor-version":[{"id":14701,"href":"https:\/\/www.arber.de\/en\/wp-json\/wp\/v2\/pages\/10549\/revisions\/14701"}],"wp:attachment":[{"href":"https:\/\/www.arber.de\/en\/wp-json\/wp\/v2\/media?parent=10549"}],"curies":[{"name":"wp","href":"https:\/\/api.w.org\/{rel}","templated":true}]}}