{"id":8621,"date":"2023-01-13T10:00:18","date_gmt":"2023-01-13T09:00:18","guid":{"rendered":"https:\/\/www.arber.de\/preise-2\/"},"modified":"2023-10-05T16:51:03","modified_gmt":"2023-10-05T14:51:03","slug":"preise","status":"publish","type":"page","link":"https:\/\/www.arber.de\/cs\/sommer\/preise\/","title":{"rendered":"Ceny letn\u00ed"},"content":{"rendered":"\t\t<div data-elementor-type=\"wp-page\" data-elementor-id=\"8621\" class=\"elementor elementor-8621 elementor-5852\" data-elementor-post-type=\"page\">\n\t\t\t\t<div class=\"elementor-element elementor-element-1ecc4d01 e-con-full e-flex e-con e-parent\" data-id=\"1ecc4d01\" data-element_type=\"container\">\n\t\t<div class=\"elementor-element elementor-element-4210ca7a e-flex e-con-boxed e-con e-child\" data-id=\"4210ca7a\" data-element_type=\"container\" data-settings=\"{&quot;background_background&quot;:&quot;classic&quot;,&quot;shape_divider_bottom&quot;:&quot;pyramids&quot;}\">\n\t\t\t\t\t<div class=\"e-con-inner\">\n\t\t\t\t<div class=\"elementor-shape elementor-shape-bottom\" aria-hidden=\"true\" data-negative=\"false\">\n\t\t\t<svg xmlns=\"http:\/\/www.w3.org\/2000\/svg\" viewBox=\"0 0 1000 100\" preserveAspectRatio=\"none\">\n\t<path class=\"elementor-shape-fill\" d=\"M761.9,44.1L643.1,27.2L333.8,98L0,3.8V0l1000,0v3.9\"\/>\n<\/svg>\t\t<\/div>\n\t\t\t\t\t<\/div>\n\t\t\t\t<\/div>\n\t\t<div class=\"elementor-element elementor-element-222dfdfe e-flex e-con-boxed e-con e-child\" data-id=\"222dfdfe\" data-element_type=\"container\" data-settings=\"{&quot;background_background&quot;:&quot;gradient&quot;,&quot;shape_divider_bottom&quot;:&quot;pyramids&quot;}\">\n\t\t\t\t\t<div class=\"e-con-inner\">\n\t\t\t\t<div class=\"elementor-shape elementor-shape-bottom\" aria-hidden=\"true\" data-negative=\"false\">\n\t\t\t<svg xmlns=\"http:\/\/www.w3.org\/2000\/svg\" viewBox=\"0 0 1000 100\" preserveAspectRatio=\"none\">\n\t<path class=\"elementor-shape-fill\" d=\"M761.9,44.1L643.1,27.2L333.8,98L0,3.8V0l1000,0v3.9\"\/>\n<\/svg>\t\t<\/div>\n\t\t\t\t<div class=\"elementor-element elementor-element-74b33390 elementor-widget__width-initial elementor-widget-mobile__width-inherit elementor-widget elementor-widget-heading\" data-id=\"74b33390\" data-element_type=\"widget\" data-widget_type=\"heading.default\">\n\t\t\t\t<div class=\"elementor-widget-container\">\n\t\t\t\t\t<div class=\"elementor-heading-title elementor-size-default\">P\u0159ehled v\u0161ech cen vstupenek na letn\u00ed sez\u00f3nu<\/div>\t\t\t\t<\/div>\n\t\t\t\t<\/div>\n\t\t\t\t\t<\/div>\n\t\t\t\t<\/div>\n\t\t\t\t<\/div>\n\t\t<div class=\"elementor-element elementor-element-05445c9 e-flex e-con-boxed e-con e-parent\" data-id=\"05445c9\" data-element_type=\"container\">\n\t\t\t\t\t<div class=\"e-con-inner\">\n\t\t\t\t<div class=\"elementor-element elementor-element-4686368 elementor-widget elementor-widget-heading\" data-id=\"4686368\" data-element_type=\"widget\" data-widget_type=\"heading.default\">\n\t\t\t\t<div class=\"elementor-widget-container\">\n\t\t\t\t\t<h2 class=\"elementor-heading-title elementor-size-default\">Jednotliv\u00e9 j\u00edzdy<\/h2>\t\t\t\t<\/div>\n\t\t\t\t<\/div>\n\t\t\t\t<div class=\"elementor-element elementor-element-00f5cf4 elementor-widget-mobile__width-inherit elementor-widget elementor-widget-jet-table\" data-id=\"00f5cf4\" data-element_type=\"widget\" data-widget_type=\"jet-table.default\">\n\t\t\t\t<div class=\"elementor-widget-container\">\n\t\t\t\t\t<div class=\"elementor-jet-table jet-elements\">\n\t\t<div class=\"jet-table-wrapper jet-table-responsive-mobile\">\n\t\t\t<table class=\"jet-table jet-table--fa5-compat\">\n\t\t\t\t<thead class=\"jet-table__head\"><tr class=\"jet-table__head-row\"><th class=\"jet-table__cell elementor-repeater-item-0df56a6 jet-table__head-cell\" scope=\"col\"><div class=\"jet-table__cell-inner\"><div class=\"jet-table__cell-content\"><\/div><\/div><\/th><th class=\"jet-table__cell elementor-repeater-item-5371ccd jet-table__head-cell\" scope=\"col\"><div class=\"jet-table__cell-inner\"><div class=\"jet-table__cell-content\"><div class=\"jet-table__cell-text\">J\u00edzda nahoru<\/div><\/div><\/div><\/th><th class=\"jet-table__cell elementor-repeater-item-54f8621 jet-table__head-cell\" scope=\"col\"><div class=\"jet-table__cell-inner\"><div class=\"jet-table__cell-content\"><div class=\"jet-table__cell-text\">J\u00edzda dol\u016f<\/div><\/div><\/div><\/th><th class=\"jet-table__cell elementor-repeater-item-936ff9d jet-table__head-cell\" scope=\"col\"><div class=\"jet-table__cell-inner\"><div class=\"jet-table__cell-content\"><div class=\"jet-table__cell-text\">J\u00edzda nahoru a dol\u016f<\/div><\/div><\/div><\/th><\/tr><\/thead>\n\t\t\t\t\t\t\t\t<tbody class=\"jet-table__body\"><tr class=\"jet-table__body-row elementor-repeater-item-56cfaea\"><td class=\"jet-table__cell elementor-repeater-item-1eb206b jet-table__body-cell\"><div class=\"jet-table__cell-inner\"><div class=\"jet-table__cell-content\"><div class=\"jet-table__cell-text\">Dosp\u011bl\u00fd<\/div><\/div><\/div><\/td><td class=\"jet-table__cell elementor-repeater-item-5a1df86 jet-table__body-cell\"><div class=\"jet-table__cell-inner\"><div class=\"jet-table__cell-content\"><div class=\"jet-table__cell-text\">12,00 \u20ac<\/div><\/div><\/div><\/td><td class=\"jet-table__cell elementor-repeater-item-ec8c731 jet-table__body-cell\"><div class=\"jet-table__cell-inner\"><div class=\"jet-table__cell-content\"><div class=\"jet-table__cell-text\">12,00 \u20ac<\/div><\/div><\/div><\/td><td class=\"jet-table__cell elementor-repeater-item-16caaed jet-table__body-cell\"><div class=\"jet-table__cell-inner\"><div class=\"jet-table__cell-content\"><div class=\"jet-table__cell-text\">15,00 \u20ac<\/div><\/div><\/div><\/td><\/tr><tr class=\"jet-table__body-row elementor-repeater-item-8292635\"><td class=\"jet-table__cell elementor-repeater-item-1445312 jet-table__body-cell\"><div class=\"jet-table__cell-inner\"><div class=\"jet-table__cell-content\"><div class=\"jet-table__cell-text\">D\u011bti (6 &#8211; 16 let)<\/div><\/div><\/div><\/td><td class=\"jet-table__cell elementor-repeater-item-fe0ae2d jet-table__body-cell\"><div class=\"jet-table__cell-inner\"><div class=\"jet-table__cell-content\"><div class=\"jet-table__cell-text\">10,00 \u20ac<\/div><\/div><\/div><\/td><td class=\"jet-table__cell elementor-repeater-item-f5aee43 jet-table__body-cell\"><div class=\"jet-table__cell-inner\"><div class=\"jet-table__cell-content\"><div class=\"jet-table__cell-text\">10,00 \u20ac<\/div><\/div><\/div><\/td><td class=\"jet-table__cell elementor-repeater-item-63a766d jet-table__body-cell\"><div class=\"jet-table__cell-inner\"><div class=\"jet-table__cell-content\"><div class=\"jet-table__cell-text\">11,00 \u20ac<\/div><\/div><\/div><\/td><\/tr><\/tbody>\n\t\t\t<\/table>\n\t\t<\/div>\n\n\t\t<\/div>\t\t\t\t<\/div>\n\t\t\t\t<\/div>\n\t\t\t\t<div class=\"elementor-element elementor-element-3c678b9 elementor-widget elementor-widget-heading\" data-id=\"3c678b9\" data-element_type=\"widget\" data-widget_type=\"heading.default\">\n\t\t\t\t<div class=\"elementor-widget-container\">\n\t\t\t\t\t<h2 class=\"elementor-heading-title elementor-size-default\">Rodinn\u00e9 j\u00edzdenky<\/h2>\t\t\t\t<\/div>\n\t\t\t\t<\/div>\n\t\t\t\t<div class=\"elementor-element elementor-element-98bb9f6 elementor-widget-mobile__width-inherit elementor-widget elementor-widget-jet-table\" data-id=\"98bb9f6\" data-element_type=\"widget\" data-widget_type=\"jet-table.default\">\n\t\t\t\t<div class=\"elementor-widget-container\">\n\t\t\t\t\t<div class=\"elementor-jet-table jet-elements\">\n\t\t<div class=\"jet-table-wrapper jet-table-responsive-mobile\">\n\t\t\t<table class=\"jet-table jet-table--fa5-compat\">\n\t\t\t\t<thead class=\"jet-table__head\"><tr class=\"jet-table__head-row\"><th class=\"jet-table__cell elementor-repeater-item-0df56a6 jet-table__head-cell\" scope=\"col\"><div class=\"jet-table__cell-inner\"><div class=\"jet-table__cell-content\"><\/div><\/div><\/th><th class=\"jet-table__cell elementor-repeater-item-5371ccd jet-table__head-cell\" scope=\"col\"><div class=\"jet-table__cell-inner\"><div class=\"jet-table__cell-content\"><div class=\"jet-table__cell-text\">J\u00edzda nahoru<\/div><\/div><\/div><\/th><th class=\"jet-table__cell elementor-repeater-item-54f8621 jet-table__head-cell\" scope=\"col\"><div class=\"jet-table__cell-inner\"><div class=\"jet-table__cell-content\"><div class=\"jet-table__cell-text\">J\u00edzda dol\u016f<\/div><\/div><\/div><\/th><th class=\"jet-table__cell elementor-repeater-item-936ff9d jet-table__head-cell\" scope=\"col\"><div class=\"jet-table__cell-inner\"><div class=\"jet-table__cell-content\"><div class=\"jet-table__cell-text\">J\u00edzda nahoru a dol\u016f<\/div><\/div><\/div><\/th><\/tr><\/thead>\n\t\t\t\t\t\t\t\t<tbody class=\"jet-table__body\"><tr class=\"jet-table__body-row elementor-repeater-item-c693f1f\"><td class=\"jet-table__cell elementor-repeater-item-1761ab9 jet-table__body-cell\"><div class=\"jet-table__cell-inner\"><div class=\"jet-table__cell-content\"><div class=\"jet-table__cell-text\">2 dosp\u011bl\u00ed + <nobr>1 d\u00edt\u011b<\/nobr><\/div><\/div><\/div><\/td><td class=\"jet-table__cell elementor-repeater-item-c0b88e2 jet-table__body-cell\"><div class=\"jet-table__cell-inner\"><div class=\"jet-table__cell-content\"><div class=\"jet-table__cell-text\">27,00 \u20ac<\/div><\/div><\/div><\/td><td class=\"jet-table__cell elementor-repeater-item-e458573 jet-table__body-cell\"><div class=\"jet-table__cell-inner\"><div class=\"jet-table__cell-content\"><div class=\"jet-table__cell-text\">27,00 \u20ac<\/div><\/div><\/div><\/td><td class=\"jet-table__cell elementor-repeater-item-b95c31b jet-table__body-cell\"><div class=\"jet-table__cell-inner\"><div class=\"jet-table__cell-content\"><div class=\"jet-table__cell-text\">34,00 \u20ac<\/div><\/div><\/div><\/td><\/tr><tr class=\"jet-table__body-row elementor-repeater-item-e3ce3d7\"><td class=\"jet-table__cell elementor-repeater-item-9302279 jet-table__body-cell\"><div class=\"jet-table__cell-inner\"><div class=\"jet-table__cell-content\"><div class=\"jet-table__cell-text\">2 dosp\u011bl\u00ed + <nobr>2 d\u011bti<\/nobr><\/div><\/div><\/div><\/td><td class=\"jet-table__cell elementor-repeater-item-6a76be3 jet-table__body-cell\"><div class=\"jet-table__cell-inner\"><div class=\"jet-table__cell-content\"><div class=\"jet-table__cell-text\">30,00 \u20ac<\/div><\/div><\/div><\/td><td class=\"jet-table__cell elementor-repeater-item-4ec57e4 jet-table__body-cell\"><div class=\"jet-table__cell-inner\"><div class=\"jet-table__cell-content\"><div class=\"jet-table__cell-text\"><nobr>30,00 \u20ac<\/nobr><\/div><\/div><\/div><\/td><td class=\"jet-table__cell elementor-repeater-item-eea1beb jet-table__body-cell\"><div class=\"jet-table__cell-inner\"><div class=\"jet-table__cell-content\"><div class=\"jet-table__cell-text\">40,00 \u20ac<\/div><\/div><\/div><\/td><\/tr><\/tbody>\n\t\t\t<\/table>\n\t\t<\/div>\n\n\t\t<\/div>\t\t\t\t<\/div>\n\t\t\t\t<\/div>\n\t\t\t\t<div class=\"elementor-element elementor-element-6c08535 elementor-widget elementor-widget-heading\" data-id=\"6c08535\" data-element_type=\"widget\" data-widget_type=\"heading.default\">\n\t\t\t\t<div class=\"elementor-widget-container\">\n\t\t\t\t\t<h2 class=\"elementor-heading-title elementor-size-default\">Skupinov\u00e9 j\u00edzdy (od 20 osob)<\/h2>\t\t\t\t<\/div>\n\t\t\t\t<\/div>\n\t\t\t\t<div class=\"elementor-element elementor-element-1f4819c elementor-widget-mobile__width-inherit elementor-widget elementor-widget-jet-table\" data-id=\"1f4819c\" data-element_type=\"widget\" data-widget_type=\"jet-table.default\">\n\t\t\t\t<div class=\"elementor-widget-container\">\n\t\t\t\t\t<div class=\"elementor-jet-table jet-elements\">\n\t\t<div class=\"jet-table-wrapper jet-table-responsive-mobile\">\n\t\t\t<table class=\"jet-table jet-table--fa5-compat\">\n\t\t\t\t<thead class=\"jet-table__head\"><tr class=\"jet-table__head-row\"><th class=\"jet-table__cell elementor-repeater-item-0df56a6 jet-table__head-cell\" scope=\"col\"><div class=\"jet-table__cell-inner\"><div class=\"jet-table__cell-content\"><\/div><\/div><\/th><th class=\"jet-table__cell elementor-repeater-item-5371ccd jet-table__head-cell\" scope=\"col\"><div class=\"jet-table__cell-inner\"><div class=\"jet-table__cell-content\"><div class=\"jet-table__cell-text\">J\u00edzda nahoru<\/div><\/div><\/div><\/th><th class=\"jet-table__cell elementor-repeater-item-54f8621 jet-table__head-cell\" scope=\"col\"><div class=\"jet-table__cell-inner\"><div class=\"jet-table__cell-content\"><div class=\"jet-table__cell-text\">J\u00edzda dol\u016f<\/div><\/div><\/div><\/th><th class=\"jet-table__cell elementor-repeater-item-936ff9d jet-table__head-cell\" scope=\"col\"><div class=\"jet-table__cell-inner\"><div class=\"jet-table__cell-content\"><div class=\"jet-table__cell-text\">J\u00edzda nahoru a dol\u016f<\/div><\/div><\/div><\/th><\/tr><\/thead>\n\t\t\t\t\t\t\t\t<tbody class=\"jet-table__body\"><tr class=\"jet-table__body-row elementor-repeater-item-56cfaea\"><td class=\"jet-table__cell elementor-repeater-item-1eb206b jet-table__body-cell\"><div class=\"jet-table__cell-inner\"><div class=\"jet-table__cell-content\"><div class=\"jet-table__cell-text\">Dosp\u011bl\u00fd<\/div><\/div><\/div><\/td><td class=\"jet-table__cell elementor-repeater-item-5a1df86 jet-table__body-cell\"><div class=\"jet-table__cell-inner\"><div class=\"jet-table__cell-content\"><div class=\"jet-table__cell-text\">10,00 \u20ac<\/div><\/div><\/div><\/td><td class=\"jet-table__cell elementor-repeater-item-ec8c731 jet-table__body-cell\"><div class=\"jet-table__cell-inner\"><div class=\"jet-table__cell-content\"><div class=\"jet-table__cell-text\">10,00 \u20ac<\/div><\/div><\/div><\/td><td class=\"jet-table__cell elementor-repeater-item-16caaed jet-table__body-cell\"><div class=\"jet-table__cell-inner\"><div class=\"jet-table__cell-content\"><div class=\"jet-table__cell-text\">13,00 \u20ac<\/div><\/div><\/div><\/td><\/tr><tr class=\"jet-table__body-row elementor-repeater-item-8292635\"><td class=\"jet-table__cell elementor-repeater-item-1445312 jet-table__body-cell\"><div class=\"jet-table__cell-inner\"><div class=\"jet-table__cell-content\"><div class=\"jet-table__cell-text\">D\u011bti (6 &#8211; 16 let)<\/div><\/div><\/div><\/td><td class=\"jet-table__cell elementor-repeater-item-fe0ae2d jet-table__body-cell\"><div class=\"jet-table__cell-inner\"><div class=\"jet-table__cell-content\"><div class=\"jet-table__cell-text\">8,50 \u20ac<\/div><\/div><\/div><\/td><td class=\"jet-table__cell elementor-repeater-item-f5aee43 jet-table__body-cell\"><div class=\"jet-table__cell-inner\"><div class=\"jet-table__cell-content\"><div class=\"jet-table__cell-text\">8,50 \u20ac<\/div><\/div><\/div><\/td><td class=\"jet-table__cell elementor-repeater-item-63a766d jet-table__body-cell\"><div class=\"jet-table__cell-inner\"><div class=\"jet-table__cell-content\"><div class=\"jet-table__cell-text\">10,00 \u20ac<\/div><\/div><\/div><\/td><\/tr><\/tbody>\n\t\t\t<\/table>\n\t\t<\/div>\n\n\t\t<\/div>\t\t\t\t<\/div>\n\t\t\t\t<\/div>\n\t\t\t\t<div class=\"elementor-element elementor-element-1e490e3 elementor-widget elementor-widget-heading\" data-id=\"1e490e3\" data-element_type=\"widget\" data-widget_type=\"heading.default\">\n\t\t\t\t<div class=\"elementor-widget-container\">\n\t\t\t\t\t<h2 class=\"elementor-heading-title elementor-size-default\">Slevy a dodate\u010dn\u00e9 n\u00e1klady<\/h2>\t\t\t\t<\/div>\n\t\t\t\t<\/div>\n\t\t\t\t<div class=\"elementor-element elementor-element-75e4193 elementor-widget-mobile__width-inherit elementor-widget elementor-widget-jet-table\" data-id=\"75e4193\" data-element_type=\"widget\" data-widget_type=\"jet-table.default\">\n\t\t\t\t<div class=\"elementor-widget-container\">\n\t\t\t\t\t<div class=\"elementor-jet-table jet-elements\">\n\t\t<div class=\"jet-table-wrapper jet-table-responsive-mobile\">\n\t\t\t<table class=\"jet-table jet-table--fa5-compat\">\n\t\t\t\t<thead class=\"jet-table__head\"><tr class=\"jet-table__head-row\"><th class=\"jet-table__cell elementor-repeater-item-0df56a6 jet-table__head-cell\" scope=\"col\"><div class=\"jet-table__cell-inner\"><div class=\"jet-table__cell-content\"><\/div><\/div><\/th><th class=\"jet-table__cell elementor-repeater-item-5371ccd jet-table__head-cell\" scope=\"col\"><div class=\"jet-table__cell-inner\"><div class=\"jet-table__cell-content\"><div class=\"jet-table__cell-text\">J\u00edzda nahoru<\/div><\/div><\/div><\/th><th class=\"jet-table__cell elementor-repeater-item-54f8621 jet-table__head-cell\" scope=\"col\"><div class=\"jet-table__cell-inner\"><div class=\"jet-table__cell-content\"><div class=\"jet-table__cell-text\">J\u00edzda dol\u016f<\/div><\/div><\/div><\/th><th class=\"jet-table__cell elementor-repeater-item-936ff9d jet-table__head-cell\" scope=\"col\"><div class=\"jet-table__cell-inner\"><div class=\"jet-table__cell-content\"><div class=\"jet-table__cell-text\">J\u00edzda nahoru a dol\u016f<\/div><\/div><\/div><\/th><\/tr><\/thead>\n\t\t\t\t\t\t\t\t<tbody class=\"jet-table__body\"><tr class=\"jet-table__body-row elementor-repeater-item-56cfaea\"><td class=\"jet-table__cell elementor-repeater-item-1eb206b jet-table__body-cell\"><div class=\"jet-table__cell-inner\"><div class=\"jet-table__cell-content\"><div class=\"jet-table__cell-text\">Karta hosta*<\/div><\/div><\/div><\/td><td class=\"jet-table__cell elementor-repeater-item-5a1df86 jet-table__body-cell\"><div class=\"jet-table__cell-inner\"><div class=\"jet-table__cell-content\"><div class=\"jet-table__cell-text\">\/<\/div><\/div><\/div><\/td><td class=\"jet-table__cell elementor-repeater-item-ec8c731 jet-table__body-cell\"><div class=\"jet-table__cell-inner\"><div class=\"jet-table__cell-content\"><div class=\"jet-table__cell-text\">\/<\/div><\/div><\/div><\/td><td class=\"jet-table__cell elementor-repeater-item-16caaed jet-table__body-cell\"><div class=\"jet-table__cell-inner\"><div class=\"jet-table__cell-content\"><div class=\"jet-table__cell-text\">&#8211; 0,50 \u20ac<\/div><\/div><\/div><\/td><\/tr><tr class=\"jet-table__body-row elementor-repeater-item-8292635\"><td class=\"jet-table__cell elementor-repeater-item-1445312 jet-table__body-cell\"><div class=\"jet-table__cell-inner\"><div class=\"jet-table__cell-content\"><div class=\"jet-table__cell-text\">Deaktivovan\u00e9 ID**<\/div><\/div><\/div><\/td><td class=\"jet-table__cell elementor-repeater-item-fe0ae2d jet-table__body-cell\"><div class=\"jet-table__cell-inner\"><div class=\"jet-table__cell-content\"><div class=\"jet-table__cell-text\">&#8211; 1,50 \u20ac<\/div><\/div><\/div><\/td><td class=\"jet-table__cell elementor-repeater-item-f5aee43 jet-table__body-cell\"><div class=\"jet-table__cell-inner\"><div class=\"jet-table__cell-content\"><div class=\"jet-table__cell-text\"><nobr>&#8211; 1,50 \u20ac<\/nobr><\/div><\/div><\/div><\/td><td class=\"jet-table__cell elementor-repeater-item-63a766d jet-table__body-cell\"><div class=\"jet-table__cell-inner\"><div class=\"jet-table__cell-content\"><div class=\"jet-table__cell-text\">&#8211; 2,00 \u20ac<\/div><\/div><\/div><\/td><\/tr><tr class=\"jet-table__body-row elementor-repeater-item-026812f\"><td class=\"jet-table__cell elementor-repeater-item-1bca312 jet-table__body-cell\"><div class=\"jet-table__cell-inner\"><div class=\"jet-table__cell-content\"><div class=\"jet-table__cell-text\">Psi a zavazadla<\/div><\/div><\/div><\/td><td class=\"jet-table__cell elementor-repeater-item-7cc8fec jet-table__body-cell\"><div class=\"jet-table__cell-inner\"><div class=\"jet-table__cell-content\"><div class=\"jet-table__cell-text\">\/<\/div><\/div><\/div><\/td><td class=\"jet-table__cell elementor-repeater-item-c0e1e74 jet-table__body-cell\"><div class=\"jet-table__cell-inner\"><div class=\"jet-table__cell-content\"><div class=\"jet-table__cell-text\">\/<\/div><\/div><\/div><\/td><td class=\"jet-table__cell elementor-repeater-item-51c019d jet-table__body-cell\"><div class=\"jet-table__cell-inner\"><div class=\"jet-table__cell-content\"><div class=\"jet-table__cell-text\">+ 4,00 \u20ac<\/div><\/div><\/div><\/td><\/tr><\/tbody>\n\t\t\t<\/table>\n\t\t<\/div>\n\n\t\t<\/div>\t\t\t\t<\/div>\n\t\t\t\t<\/div>\n\t\t\t\t\t<\/div>\n\t\t\t\t<\/div>\n\t\t\t\t<\/div>\n\t\t","protected":false},"excerpt":{"rendered":"<p>P\u0159ehled v\u0161ech cen vstupenek na letn\u00ed sez\u00f3nu Jednotliv\u00e9 j\u00edzdy J\u00edzda nahoru J\u00edzda dol\u016f J\u00edzda nahoru a dol\u016f Dosp\u011bl\u00fd 12,00 \u20ac 12,00 \u20ac 15,00 \u20ac D\u011bti (6 &#8211; 16 let) 10,00 \u20ac 10,00 \u20ac 11,00 \u20ac Rodinn\u00e9 j\u00edzdenky J\u00edzda nahoru J\u00edzda dol\u016f J\u00edzda nahoru a dol\u016f 2 dosp\u011bl\u00ed + 1 d\u00edt\u011b 27,00 \u20ac 27,00 \u20ac 34,00 [&hellip;]<\/p>\n","protected":false},"author":1,"featured_media":0,"parent":10524,"menu_order":0,"comment_status":"closed","ping_status":"closed","template":"","meta":{"inline_featured_image":false,"footnotes":""},"class_list":["post-8621","page","type-page","status-publish","hentry"],"_links":{"self":[{"href":"https:\/\/www.arber.de\/cs\/wp-json\/wp\/v2\/pages\/8621","targetHints":{"allow":["GET"]}}],"collection":[{"href":"https:\/\/www.arber.de\/cs\/wp-json\/wp\/v2\/pages"}],"about":[{"href":"https:\/\/www.arber.de\/cs\/wp-json\/wp\/v2\/types\/page"}],"author":[{"embeddable":true,"href":"https:\/\/www.arber.de\/cs\/wp-json\/wp\/v2\/users\/1"}],"replies":[{"embeddable":true,"href":"https:\/\/www.arber.de\/cs\/wp-json\/wp\/v2\/comments?post=8621"}],"version-history":[{"count":2,"href":"https:\/\/www.arber.de\/cs\/wp-json\/wp\/v2\/pages\/8621\/revisions"}],"predecessor-version":[{"id":9732,"href":"https:\/\/www.arber.de\/cs\/wp-json\/wp\/v2\/pages\/8621\/revisions\/9732"}],"up":[{"embeddable":true,"href":"https:\/\/www.arber.de\/cs\/wp-json\/wp\/v2\/pages\/10524"}],"wp:attachment":[{"href":"https:\/\/www.arber.de\/cs\/wp-json\/wp\/v2\/media?parent=8621"}],"curies":[{"name":"wp","href":"https:\/\/api.w.org\/{rel}","templated":true}]}}