{"id":8607,"date":"2022-12-20T10:28:10","date_gmt":"2022-12-20T09:28:10","guid":{"rendered":"https:\/\/www.arber.de\/service\/newsletteranmeldung\/"},"modified":"2023-10-20T13:48:35","modified_gmt":"2023-10-20T11:48:35","slug":"newsletteranmeldung","status":"publish","type":"page","link":"https:\/\/www.arber.de\/cs\/service\/newsletteranmeldung\/","title":{"rendered":"P\u0159ihl\u00e1sit se k odb\u011bru novinek"},"content":{"rendered":"\t\t<div data-elementor-type=\"wp-page\" data-elementor-id=\"8607\" class=\"elementor elementor-8607 elementor-4510\" data-elementor-post-type=\"page\">\n\t\t\t\t<div class=\"elementor-element elementor-element-1e9dad2c e-con-full e-flex e-con e-parent\" data-id=\"1e9dad2c\" data-element_type=\"container\">\n\t\t<div class=\"elementor-element elementor-element-196ab273 e-flex e-con-boxed e-con e-child\" data-id=\"196ab273\" data-element_type=\"container\" data-settings=\"{&quot;background_background&quot;:&quot;classic&quot;,&quot;shape_divider_bottom&quot;:&quot;pyramids&quot;}\">\n\t\t\t\t\t<div class=\"e-con-inner\">\n\t\t\t\t<div class=\"elementor-shape elementor-shape-bottom\" aria-hidden=\"true\" data-negative=\"false\">\n\t\t\t<svg xmlns=\"http:\/\/www.w3.org\/2000\/svg\" viewBox=\"0 0 1000 100\" preserveAspectRatio=\"none\">\n\t<path class=\"elementor-shape-fill\" d=\"M761.9,44.1L643.1,27.2L333.8,98L0,3.8V0l1000,0v3.9\"\/>\n<\/svg>\t\t<\/div>\n\t\t\t\t\t<\/div>\n\t\t\t\t<\/div>\n\t\t<div class=\"elementor-element elementor-element-6b03437f e-flex e-con-boxed e-con e-child\" data-id=\"6b03437f\" data-element_type=\"container\" data-settings=\"{&quot;background_background&quot;:&quot;gradient&quot;,&quot;shape_divider_bottom&quot;:&quot;pyramids&quot;}\">\n\t\t\t\t\t<div class=\"e-con-inner\">\n\t\t\t\t<div class=\"elementor-shape elementor-shape-bottom\" aria-hidden=\"true\" data-negative=\"false\">\n\t\t\t<svg xmlns=\"http:\/\/www.w3.org\/2000\/svg\" viewBox=\"0 0 1000 100\" preserveAspectRatio=\"none\">\n\t<path class=\"elementor-shape-fill\" d=\"M761.9,44.1L643.1,27.2L333.8,98L0,3.8V0l1000,0v3.9\"\/>\n<\/svg>\t\t<\/div>\n\t\t\t\t\t<\/div>\n\t\t\t\t<\/div>\n\t\t\t\t<\/div>\n\t\t<div class=\"elementor-element elementor-element-f6f6eb3 e-flex e-con-boxed e-con e-parent\" data-id=\"f6f6eb3\" data-element_type=\"container\">\n\t\t\t\t\t<div class=\"e-con-inner\">\n\t\t\t\t\t<\/div>\n\t\t\t\t<\/div>\n\t\t<div class=\"elementor-element elementor-element-41576dd e-flex e-con-boxed e-con e-parent\" data-id=\"41576dd\" data-element_type=\"container\">\n\t\t\t\t\t<div class=\"e-con-inner\">\n\t\t\t\t<div class=\"elementor-element elementor-element-55302f5 elementor-widget elementor-widget-jet-blog-text-ticker\" data-id=\"55302f5\" data-element_type=\"widget\" data-widget_type=\"jet-blog-text-ticker.default\">\n\t\t\t\t<div class=\"elementor-widget-container\">\n\t\t\t\t\t<div class=\"elementor-jet-blog-text-ticker jet-blog\"><div class=\"jet-text-ticker\">\n\t\t\t<div class=\"jet-text-ticker__posts-wrap\">\n\t\t<div class=\"jet-text-ticker__posts\" data-slider-atts='{\"slidesToShow\":1,\"slidesToScroll\":1,\"fade\":true,\"arrows\":true,\"prevArrow\":\"<i class=\\\"jet-arrow-prev jet-blog-arrow\\\"><svg width=\\\"24\\\" height=\\\"24\\\" viewBox=\\\"0 0 24 24\\\" fill=\\\"none\\\" xmlns=\\\"http:\\\/\\\/www.w3.org\\\/2000\\\/svg\\\"><path d=\\\"M12 3.7249L13.675 5.4249L8.25 10.8249L20.275 10.8249L20.275 13.1749L8.24999 13.1749L13.675 18.5999L12 20.2749L3.725 11.9999L12 3.7249Z\\\" fill=\\\"#0F172A\\\"\\\/><\\\/svg><\\\/i>\",\"nextArrow\":\"<i class=\\\"jet-arrow-next jet-blog-arrow\\\"><svg width=\\\"24\\\" height=\\\"24\\\" viewBox=\\\"0 0 24 24\\\" fill=\\\"none\\\" xmlns=\\\"http:\\\/\\\/www.w3.org\\\/2000\\\/svg\\\"><path d=\\\"M12 20.2751L10.325 18.5751L15.75 13.1751H3.72501V10.8251H15.75L10.325 5.4001L12 3.7251L20.275 12.0001L12 20.2751Z\\\" fill=\\\"#0F172A\\\"\\\/><\\\/svg><\\\/i>\",\"autoplay\":true,\"autoplaySpeed\":5000}' dir=\"ltr\" data-typing=\"1\">\t\t\t\t<div class=\"jet-text-ticker__item\">\n\t\t\t\t\t<div class=\"jet-text-ticker__item-content jet-use-typing jet-multiline-typing\">\n\t\t\t\t\t\t\t\t\t\t\t\t\t\t\t\t\t\t<div class=\"jet-text-ticker__post-date jet-blog-hidden-mobile\"><span class=\"jet-text-ticker__post-date-icon jet-blog-icon\"><svg aria-hidden=\"true\" class=\"e-font-icon-svg e-far-clock\" viewBox=\"0 0 512 512\" xmlns=\"http:\/\/www.w3.org\/2000\/svg\"><path d=\"M256 8C119 8 8 119 8 256s111 248 248 248 248-111 248-248S393 8 256 8zm0 448c-110.5 0-200-89.5-200-200S145.5 56 256 56s200 89.5 200 200-89.5 200-200 200zm61.8-104.4l-84.9-61.7c-3.1-2.3-4.9-5.9-4.9-9.7V116c0-6.6 5.4-12 12-12h32c6.6 0 12 5.4 12 12v141.7l66.8 48.6c5.4 3.9 6.5 11.4 2.6 16.8L334.6 349c-3.9 5.3-11.4 6.5-16.8 2.6z\"><\/path><\/svg><\/span> 03.12.2023<\/div>\t\t\t\t\t\t<div class=\"jet-text-ticker__item-typed-wrap\">\n\t\t\t\t\t\t\t<a href=\"https:\/\/www.arber.de\/cs\/sonnenhang-je-otevren-nepretrzite-od-04-12-2023\/\" class=\"jet-text-ticker__item-typed\"><span class=\"jet-text-ticker__item-typed-inner\" data-typing-text=\"Sonnenhang je otev\u0159en nep\u0159etr\u017eit\u011b od 04.12.2023!\">Sonnenhang je otev\u0159en nep\u0159etr\u017eit\u011b od 04.12.2023!<\/span><\/a>\t\t\t\t\t\t<\/div>\n\t\t\t\t\t<\/div>\n\t\t\t\t<\/div>\n\t\t\t\t<\/div>\n\t<\/div>\n<\/div><\/div>\t\t\t\t<\/div>\n\t\t\t\t<\/div>\n\t\t\t\t\t<\/div>\n\t\t\t\t<\/div>\n\t\t\t\t<\/div>\n\t\t","protected":false},"excerpt":{"rendered":"<p>&#8222;,&#8220;nextArrow&#8220;:&#8220;&#8222;,&#8220;autoplay&#8220;:true,&#8220;autoplaySpeed&#8220;:5000}&#8216; dir=&#8220;ltr&#8220; data-typing=&#8220;1&#8243;> 27.07.2023 Entdecke den brandneuen Kinderspielplatz an der Bergstation 27.07.2023 Gondelbahn t\u00e4glich bis 05.11.2023 ge\u00f6ffnet<\/p>\n","protected":false},"author":1,"featured_media":0,"parent":8571,"menu_order":0,"comment_status":"closed","ping_status":"closed","template":"","meta":{"inline_featured_image":false,"footnotes":""},"class_list":["post-8607","page","type-page","status-publish","hentry"],"_links":{"self":[{"href":"https:\/\/www.arber.de\/cs\/wp-json\/wp\/v2\/pages\/8607","targetHints":{"allow":["GET"]}}],"collection":[{"href":"https:\/\/www.arber.de\/cs\/wp-json\/wp\/v2\/pages"}],"about":[{"href":"https:\/\/www.arber.de\/cs\/wp-json\/wp\/v2\/types\/page"}],"author":[{"embeddable":true,"href":"https:\/\/www.arber.de\/cs\/wp-json\/wp\/v2\/users\/1"}],"replies":[{"embeddable":true,"href":"https:\/\/www.arber.de\/cs\/wp-json\/wp\/v2\/comments?post=8607"}],"version-history":[{"count":7,"href":"https:\/\/www.arber.de\/cs\/wp-json\/wp\/v2\/pages\/8607\/revisions"}],"predecessor-version":[{"id":10207,"href":"https:\/\/www.arber.de\/cs\/wp-json\/wp\/v2\/pages\/8607\/revisions\/10207"}],"up":[{"embeddable":true,"href":"https:\/\/www.arber.de\/cs\/wp-json\/wp\/v2\/pages\/8571"}],"wp:attachment":[{"href":"https:\/\/www.arber.de\/cs\/wp-json\/wp\/v2\/media?parent=8607"}],"curies":[{"name":"wp","href":"https:\/\/api.w.org\/{rel}","templated":true}]}}