{"id":8601,"date":"2022-11-16T15:52:04","date_gmt":"2022-11-16T14:52:04","guid":{"rendered":"https:\/\/www.arber.de\/gastronomie\/"},"modified":"2023-08-26T12:41:41","modified_gmt":"2023-08-26T10:41:41","slug":"gastronomie","status":"publish","type":"page","link":"https:\/\/www.arber.de\/cs\/gastronomie\/","title":{"rendered":"gastronomie"},"content":{"rendered":"\t\t<div data-elementor-type=\"wp-page\" data-elementor-id=\"8601\" class=\"elementor elementor-8601 elementor-3210\" data-elementor-post-type=\"page\">\n\t\t\t\t<div class=\"elementor-element elementor-element-058bc96 e-flex e-con-boxed e-con e-parent\" data-id=\"058bc96\" data-element_type=\"container\" data-settings=\"{&quot;background_background&quot;:&quot;classic&quot;,&quot;shape_divider_bottom&quot;:&quot;pyramids&quot;,&quot;shape_divider_bottom_negative&quot;:&quot;yes&quot;}\">\n\t\t\t\t\t<div class=\"e-con-inner\">\n\t\t\t\t<div class=\"elementor-shape elementor-shape-bottom\" aria-hidden=\"true\" data-negative=\"true\">\n\t\t\t<svg xmlns=\"http:\/\/www.w3.org\/2000\/svg\" viewBox=\"0 0 1000 100\" preserveAspectRatio=\"none\">\n\t<path class=\"elementor-shape-fill\" d=\"M761.9,40.6L643.1,24L333.9,93.8L0.1,1H0v99h1000V1\"\/>\n<\/svg>\t\t<\/div>\n\t\t\t\t\t<\/div>\n\t\t\t\t<\/div>\n\t\t<div class=\"elementor-element elementor-element-abc3cad e-flex e-con-boxed e-con e-parent\" data-id=\"abc3cad\" data-element_type=\"container\">\n\t\t\t\t\t<div class=\"e-con-inner\">\n\t\t\t\t<div class=\"elementor-element elementor-element-7ba6653 elementor-widget elementor-widget-heading\" data-id=\"7ba6653\" data-element_type=\"widget\" data-widget_type=\"heading.default\">\n\t\t\t\t<div class=\"elementor-widget-container\">\n\t\t\t\t\t<h1 class=\"elementor-heading-title elementor-size-default\">Za\u017eijte gastronomii ve Velk\u00e9m Javoru a Arbersee<\/h1>\t\t\t\t<\/div>\n\t\t\t\t<\/div>\n\t\t\t\t<div class=\"elementor-element elementor-element-e41f52c elementor-widget elementor-widget-text-editor\" data-id=\"e41f52c\" data-element_type=\"widget\" data-widget_type=\"text-editor.default\">\n\t\t\t\t<div class=\"elementor-widget-container\">\n\t\t\t\t\t\t\t\t\t<p>\u010cekaj\u00ed zde na v\u00e1s \u010detn\u00e9 gastronomick\u00e9 horsk\u00e9 chaty, zasazen\u00e9 do \u00fachvatn\u00e9 p\u0159\u00edrody Velk\u00e9ho Javoru, kter\u00e9 zavr\u0161\u00ed va\u0161i n\u00e1v\u0161t\u011bvu kulin\u00e1\u0159sk\u00fdmi specialitami. Od tradi\u010dn\u00edch bavorsk\u00fdch lah\u016fdek po lahodn\u00e9 dom\u00e1c\u00ed kol\u00e1\u010de, horsk\u00e9 chaty na Velk\u00e9m Javoru nab\u00edzej\u00ed to prav\u00e9 pro ka\u017ed\u00fd vkus.<\/p>\n\t\t\t\t\t\t\t\t<\/div>\n\t\t\t\t<\/div>\n\t\t<div class=\"elementor-element elementor-element-dad3286 e-flex e-con-boxed e-con e-parent\" data-id=\"dad3286\" data-element_type=\"container\">\n\t\t\t\t\t<div class=\"e-con-inner\">\n\t\t\t\t\t<\/div>\n\t\t\t\t<\/div>\n\t\t\t\t<div class=\"elementor-element elementor-element-ece7ba4 elementor-widget elementor-widget-text-editor\" data-id=\"ece7ba4\" data-element_type=\"widget\" data-widget_type=\"text-editor.default\">\n\t\t\t\t<div class=\"elementor-widget-container\">\n\t\t\t\t\t\t\t\t\t<p><strong>Eisensteiner H\u00fctte:<\/strong> <br \/>Bezbari\u00e9rov\u00e1 chata Eisensteiner H\u00fctte je skute\u010dn\u00fdm zasv\u011bcen\u00fdm tipem. Zde si m\u016f\u017eete odpo\u010dinout po dechberouc\u00ed t\u00fa\u0159e nebo mezi sjezdovkami a nechat se h\u00fd\u010dkat vydatn\u00fdmi region\u00e1ln\u00edmi specialitami. Malebn\u00fd v\u00fdhled na okoln\u00ed hory z na\u0161\u00ed slune\u010dn\u00ed terasy ud\u011bl\u00e1 z va\u0161\u00ed n\u00e1v\u0161t\u011bvy nezapomenuteln\u00fd z\u00e1\u017eitek.<\/p>\n<p><strong>P\u0159\u00edst\u0159e\u0161ek Arber s ubytov\u00e1n\u00edm<\/strong> :<br \/>Na konci celodenn\u00ed t\u00fary, jako v\u00fdchoz\u00ed bod pro t\u00faru p\u0159i v\u00fdchodu slunce nebo chcete-li b\u00fdt prvn\u00ed na sjezdovce, nab\u00edz\u00ed Arberschutzhaus jedine\u010dn\u00e9 p\u0159enocov\u00e1n\u00ed. U\u017eijte si pohodu na horsk\u00e9 chat\u011b a nechte se h\u00fd\u010dkat dom\u00e1c\u00edmi dobrotami.<\/p>\n<p><strong>Hostinec ke kabinkov\u00e9 lanovce:<\/strong><br \/>Gasthaus zur Gondelbahn se nach\u00e1z\u00ed p\u0159\u00edmo u kabinkov\u00e9 lanovky a \u010dek\u00e1 na v\u00e1s s v\u0159elou atmosf\u00e9rou a lahodn\u00fdmi pokrmy. Ide\u00e1ln\u00ed m\u00edsto pro pos\u00edlen\u00ed p\u0159ed nebo po j\u00edzd\u011b na gondole a pro vychutn\u00e1n\u00ed fascinuj\u00edc\u00edho v\u00fdhledu.<\/p>\n<p><strong>Arberstadl a Thurnhofst\u00fcberl:<\/strong><br \/>Arberstadl a Thurnhofst\u00fcberl jsou dva rustik\u00e1ln\u00ed hostince, kter\u00e9 v zim\u011b zap\u016fsob\u00ed sv\u00fdm autentick\u00fdm kouzlem a rustik\u00e1ln\u00ed atmosf\u00e9rou. Tyto dv\u011b chaty, kter\u00e9 se nach\u00e1zej\u00ed p\u0159\u00edmo na sjezdovk\u00e1ch a v d\u011btsk\u00e9m are\u00e1lu ArB\u00e4r, jsou ide\u00e1ln\u00edm m\u00edstem setk\u00e1n\u00ed mezi sjezdovkami.<\/p>\n<p><strong>Arberseehaus<\/strong> na velk\u00e9m Arbersee je jen 3 km daleko: Na b\u0159ehu idylick\u00e9ho Gro\u00dfer Arbersee na v\u00e1s \u010dek\u00e1 Arberseehaus s jedine\u010dnou polohou a n\u00e1dhernou terasou. U\u017eijte si v\u00fdhled na velk\u00e9 Arbersee z kr\u00e1sn\u00e9 slune\u010dn\u00ed terasy a nechte se h\u00fd\u010dkat lahodn\u00fdmi pokrmy.<\/p>\n\t\t\t\t\t\t\t\t<\/div>\n\t\t\t\t<\/div>\n\t\t\t\t\t<\/div>\n\t\t\t\t<\/div>\n\t\t\t\t<\/div>\n\t\t","protected":false},"excerpt":{"rendered":"<p>Za\u017eijte gastronomii ve Velk\u00e9m Javoru a Arbersee \u010cekaj\u00ed zde na v\u00e1s \u010detn\u00e9 gastronomick\u00e9 horsk\u00e9 chaty, zasazen\u00e9 do \u00fachvatn\u00e9 p\u0159\u00edrody Velk\u00e9ho Javoru, kter\u00e9 zavr\u0161\u00ed va\u0161i n\u00e1v\u0161t\u011bvu kulin\u00e1\u0159sk\u00fdmi specialitami. Od tradi\u010dn\u00edch bavorsk\u00fdch lah\u016fdek po lahodn\u00e9 dom\u00e1c\u00ed kol\u00e1\u010de, horsk\u00e9 chaty na Velk\u00e9m Javoru nab\u00edzej\u00ed to prav\u00e9 pro ka\u017ed\u00fd vkus. Eisensteiner H\u00fctte\u200b Die barrierefreie H\u00fctte unterhalb des Gipfels mit [&hellip;]<\/p>\n","protected":false},"author":1,"featured_media":0,"parent":0,"menu_order":0,"comment_status":"closed","ping_status":"closed","template":"","meta":{"inline_featured_image":false,"footnotes":""},"class_list":["post-8601","page","type-page","status-publish","hentry"],"_links":{"self":[{"href":"https:\/\/www.arber.de\/cs\/wp-json\/wp\/v2\/pages\/8601","targetHints":{"allow":["GET"]}}],"collection":[{"href":"https:\/\/www.arber.de\/cs\/wp-json\/wp\/v2\/pages"}],"about":[{"href":"https:\/\/www.arber.de\/cs\/wp-json\/wp\/v2\/types\/page"}],"author":[{"embeddable":true,"href":"https:\/\/www.arber.de\/cs\/wp-json\/wp\/v2\/users\/1"}],"replies":[{"embeddable":true,"href":"https:\/\/www.arber.de\/cs\/wp-json\/wp\/v2\/comments?post=8601"}],"version-history":[{"count":1,"href":"https:\/\/www.arber.de\/cs\/wp-json\/wp\/v2\/pages\/8601\/revisions"}],"predecessor-version":[{"id":8661,"href":"https:\/\/www.arber.de\/cs\/wp-json\/wp\/v2\/pages\/8601\/revisions\/8661"}],"wp:attachment":[{"href":"https:\/\/www.arber.de\/cs\/wp-json\/wp\/v2\/media?parent=8601"}],"curies":[{"name":"wp","href":"https:\/\/api.w.org\/{rel}","templated":true}]}}