{"id":8547,"date":"2023-08-23T15:43:40","date_gmt":"2023-08-23T13:43:40","guid":{"rendered":"https:\/\/www.arber.de\/erlebnisse\/"},"modified":"2023-10-24T14:18:23","modified_gmt":"2023-10-24T12:18:23","slug":"erlebnisse","status":"publish","type":"page","link":"https:\/\/www.arber.de\/cs\/erlebnisse\/","title":{"rendered":"Rezervujte si z\u00e1\u017eitky online"},"content":{"rendered":"\t\t<div data-elementor-type=\"wp-page\" data-elementor-id=\"8547\" class=\"elementor elementor-8547 elementor-7700\" data-elementor-post-type=\"page\">\n\t\t\t\t<div class=\"elementor-element elementor-element-41309fa3 e-con-full e-flex e-con e-parent\" data-id=\"41309fa3\" data-element_type=\"container\">\n\t\t<div class=\"elementor-element elementor-element-4ce3bf81 e-flex e-con-boxed e-con e-child\" data-id=\"4ce3bf81\" data-element_type=\"container\" data-settings=\"{&quot;background_background&quot;:&quot;classic&quot;,&quot;shape_divider_bottom&quot;:&quot;pyramids&quot;}\">\n\t\t\t\t\t<div class=\"e-con-inner\">\n\t\t\t\t<div class=\"elementor-shape elementor-shape-bottom\" aria-hidden=\"true\" data-negative=\"false\">\n\t\t\t<svg xmlns=\"http:\/\/www.w3.org\/2000\/svg\" viewBox=\"0 0 1000 100\" preserveAspectRatio=\"none\">\n\t<path class=\"elementor-shape-fill\" d=\"M761.9,44.1L643.1,27.2L333.8,98L0,3.8V0l1000,0v3.9\"\/>\n<\/svg>\t\t<\/div>\n\t\t\t\t\t<\/div>\n\t\t\t\t<\/div>\n\t\t<div class=\"elementor-element elementor-element-5d682025 e-flex e-con-boxed e-con e-child\" data-id=\"5d682025\" data-element_type=\"container\" data-settings=\"{&quot;background_background&quot;:&quot;gradient&quot;,&quot;shape_divider_bottom&quot;:&quot;pyramids&quot;}\">\n\t\t\t\t\t<div class=\"e-con-inner\">\n\t\t\t\t<div class=\"elementor-shape elementor-shape-bottom\" aria-hidden=\"true\" data-negative=\"false\">\n\t\t\t<svg xmlns=\"http:\/\/www.w3.org\/2000\/svg\" viewBox=\"0 0 1000 100\" preserveAspectRatio=\"none\">\n\t<path class=\"elementor-shape-fill\" d=\"M761.9,44.1L643.1,27.2L333.8,98L0,3.8V0l1000,0v3.9\"\/>\n<\/svg>\t\t<\/div>\n\t\t\t\t<div class=\"elementor-element elementor-element-343d26c5 elementor-widget__width-initial elementor-widget-mobile__width-inherit elementor-widget elementor-widget-heading\" data-id=\"343d26c5\" data-element_type=\"widget\" data-widget_type=\"heading.default\">\n\t\t\t\t<div class=\"elementor-widget-container\">\n\t\t\t\t\t<div class=\"elementor-heading-title elementor-size-default\">Rezervujte si z\u00e1\u017eitky online<\/div>\t\t\t\t<\/div>\n\t\t\t\t<\/div>\n\t\t\t\t<div class=\"elementor-element elementor-element-5ffb4a2d elementor-widget__width-initial elementor-widget-mobile__width-inherit elementor-widget elementor-widget-text-editor\" data-id=\"5ffb4a2d\" data-element_type=\"widget\" data-widget_type=\"text-editor.default\">\n\t\t\t\t<div class=\"elementor-widget-container\">\n\t\t\t\t\t\t\t\t\t<p><strong>Tou\u017e\u00edte po inspiraci? M\u00e1te chu\u0165 na t\u00faru s pr\u016fvodcem? Nebo byste r\u00e1di za\u017eili nezapomenuteln\u00fd koncert? Bez ohledu na to, jak chcete str\u00e1vit dovolenou, objevte na\u0161i \u0161irokou \u0161k\u00e1lu nab\u00eddek dobrodru\u017estv\u00ed. Zajist\u011bte si sv\u00e9 pr\u00e1zdninov\u00e9 dobrodru\u017estv\u00ed \u0161it\u00e9 na m\u00edru ji\u017e nyn\u00ed a vytvo\u0159te si vzpom\u00ednky, kter\u00e9 budou trvat nav\u017edy.<\/strong><\/p>\n\t\t\t\t\t\t\t\t<\/div>\n\t\t\t\t<\/div>\n\t\t\t\t\t<\/div>\n\t\t\t\t<\/div>\n\t\t\t\t<\/div>\n\t\t<div class=\"elementor-element elementor-element-d8661f9 e-flex e-con-boxed e-con e-parent\" data-id=\"d8661f9\" data-element_type=\"container\">\n\t\t\t\t\t<div class=\"e-con-inner\">\n\t\t\t\t<div class=\"elementor-element elementor-element-b6ecbc6 elementor-widget elementor-widget-html\" data-id=\"b6ecbc6\" data-element_type=\"widget\" data-widget_type=\"html.default\">\n\t\t\t\t<div class=\"elementor-widget-container\">\n\t\t\t\t\t <div class=\"brlbs-cmpnt-container brlbs-cmpnt-content-blocker brlbs-cmpnt-with-individual-styles\" data-borlabs-cookie-content-blocker-id=\"deskline\" data-borlabs-cookie-content=\"DQo8c2NyaXB0IGFzeW5jIHNyYz1odHRwczovL3Jlc2MuZGVza2xpbmUubmV0L0RXNS9zdGFydC9PQlNFWFAvOWU2Yzk1ZDAtOThjMy00NzZmLTlmMDEtOTcwMDYyZmY4NDE0L2luZGV4LmpzPg0KDQp3aW5kb3cuZHcgPSB3aW5kb3cuZHcgfHwgZnVuY3Rpb24gKCkgeyAoZHcucSA9IGR3LnEgfHwgW10pLnB1c2goYXJndW1lbnRzKSB9Ow0KZHcoJ3NldHRpbmdzJywnOWU2Yzk1ZDAtOThjMy00NzZmLTlmMDEtOTcwMDYyZmY4NDE0JywNCnsNCg0KImNvbnRleHQiOiB7DQoNCiJsaW5rS2V5IjogIm9ic2V4cHJlZ2JheXdhbGQiLA0KInRhcmdldFJvdXRlIjpbDQoNCiIvZXJsZWJuaXNzZSINCl0NCg0KfSwNCg0KImxhbmciOiAnZGUnLA0KInRhcmdldCI6ICJFbGVtZW50SUQiDQoNCn0pOw0KPC9zY3JpcHQ+DQo=\"><div class=\"brlbs-cmpnt-cb-preset-a\"> <p class=\"brlbs-cmpnt-cb-description\">You are currently viewing a placeholder content from <strong>Deskline<\/strong>. To access the actual content, click the button below. Please note that doing so will share data with third-party providers.<\/p> <div class=\"brlbs-cmpnt-cb-buttons\"> <a class=\"brlbs-cmpnt-cb-btn\" href=\"#\" data-borlabs-cookie-unblock role=\"button\">Unblock content<\/a> <a class=\"brlbs-cmpnt-cb-btn\" href=\"#\" data-borlabs-cookie-accept-service role=\"button\" style=\"display: none\">Accept required service and unblock content<\/a> <\/div> <a class=\"brlbs-cmpnt-cb-provider-toggle\" href=\"#\" data-borlabs-cookie-show-provider-information role=\"button\">More Information<\/a> '<\/div>'<\/div>\t\t\t\t<\/div>\n\t\t\t\t<\/div>\n\t\t\t\t\t<\/div>\n\t\t\t\t<\/div>\n\t\t\t\t<\/div>\n\t\t","protected":false},"excerpt":{"rendered":"<p>Rezervujte si z\u00e1\u017eitky online Tou\u017e\u00edte po inspiraci? M\u00e1te chu\u0165 na t\u00faru s pr\u016fvodcem? Nebo byste r\u00e1di za\u017eili nezapomenuteln\u00fd koncert? Bez ohledu na to, jak chcete str\u00e1vit dovolenou, objevte na\u0161i \u0161irokou \u0161k\u00e1lu nab\u00eddek dobrodru\u017estv\u00ed. Zajist\u011bte si sv\u00e9 pr\u00e1zdninov\u00e9 dobrodru\u017estv\u00ed \u0161it\u00e9 na m\u00edru ji\u017e nyn\u00ed a vytvo\u0159te si vzpom\u00ednky, kter\u00e9 budou trvat nav\u017edy.<\/p>\n","protected":false},"author":3,"featured_media":0,"parent":0,"menu_order":0,"comment_status":"closed","ping_status":"closed","template":"","meta":{"inline_featured_image":false,"footnotes":""},"class_list":["post-8547","page","type-page","status-publish","hentry"],"_links":{"self":[{"href":"https:\/\/www.arber.de\/cs\/wp-json\/wp\/v2\/pages\/8547","targetHints":{"allow":["GET"]}}],"collection":[{"href":"https:\/\/www.arber.de\/cs\/wp-json\/wp\/v2\/pages"}],"about":[{"href":"https:\/\/www.arber.de\/cs\/wp-json\/wp\/v2\/types\/page"}],"author":[{"embeddable":true,"href":"https:\/\/www.arber.de\/cs\/wp-json\/wp\/v2\/users\/3"}],"replies":[{"embeddable":true,"href":"https:\/\/www.arber.de\/cs\/wp-json\/wp\/v2\/comments?post=8547"}],"version-history":[{"count":4,"href":"https:\/\/www.arber.de\/cs\/wp-json\/wp\/v2\/pages\/8547\/revisions"}],"predecessor-version":[{"id":10238,"href":"https:\/\/www.arber.de\/cs\/wp-json\/wp\/v2\/pages\/8547\/revisions\/10238"}],"wp:attachment":[{"href":"https:\/\/www.arber.de\/cs\/wp-json\/wp\/v2\/media?parent=8547"}],"curies":[{"name":"wp","href":"https:\/\/api.w.org\/{rel}","templated":true}]}}