{"id":8544,"date":"2022-12-20T10:43:09","date_gmt":"2022-12-20T09:43:09","guid":{"rendered":"https:\/\/www.arber.de\/kontakt\/"},"modified":"2023-08-26T12:37:38","modified_gmt":"2023-08-26T10:37:38","slug":"kontakt","status":"publish","type":"page","link":"https:\/\/www.arber.de\/cs\/service\/kontakt\/","title":{"rendered":"Kontakt"},"content":{"rendered":"\t\t<div data-elementor-type=\"wp-page\" data-elementor-id=\"8544\" class=\"elementor elementor-8544 elementor-4521\" data-elementor-post-type=\"page\">\n\t\t\t\t<div class=\"elementor-element elementor-element-2ee0da7 e-con-full e-flex e-con e-parent\" data-id=\"2ee0da7\" data-element_type=\"container\">\n\t\t<div class=\"elementor-element elementor-element-27f08002 e-flex e-con-boxed e-con e-parent\" data-id=\"27f08002\" data-element_type=\"container\" data-settings=\"{&quot;background_background&quot;:&quot;classic&quot;,&quot;shape_divider_bottom&quot;:&quot;pyramids&quot;}\">\n\t\t\t\t\t<div class=\"e-con-inner\">\n\t\t\t\t<div class=\"elementor-shape elementor-shape-bottom\" aria-hidden=\"true\" data-negative=\"false\">\n\t\t\t<svg xmlns=\"http:\/\/www.w3.org\/2000\/svg\" viewBox=\"0 0 1000 100\" preserveAspectRatio=\"none\">\n\t<path class=\"elementor-shape-fill\" d=\"M761.9,44.1L643.1,27.2L333.8,98L0,3.8V0l1000,0v3.9\"\/>\n<\/svg>\t\t<\/div>\n\t\t\t\t\t<\/div>\n\t\t\t\t<\/div>\n\t\t<div class=\"elementor-element elementor-element-3ba50c87 e-flex e-con-boxed e-con e-parent\" data-id=\"3ba50c87\" data-element_type=\"container\" data-settings=\"{&quot;background_background&quot;:&quot;gradient&quot;,&quot;shape_divider_bottom&quot;:&quot;pyramids&quot;}\">\n\t\t\t\t\t<div class=\"e-con-inner\">\n\t\t\t\t<div class=\"elementor-shape elementor-shape-bottom\" aria-hidden=\"true\" data-negative=\"false\">\n\t\t\t<svg xmlns=\"http:\/\/www.w3.org\/2000\/svg\" viewBox=\"0 0 1000 100\" preserveAspectRatio=\"none\">\n\t<path class=\"elementor-shape-fill\" d=\"M761.9,44.1L643.1,27.2L333.8,98L0,3.8V0l1000,0v3.9\"\/>\n<\/svg>\t\t<\/div>\n\t\t\t\t<div class=\"elementor-element elementor-element-1891868a elementor-widget__width-initial elementor-widget-mobile__width-inherit elementor-widget elementor-widget-heading\" data-id=\"1891868a\" data-element_type=\"widget\" data-widget_type=\"heading.default\">\n\t\t\t\t<div class=\"elementor-widget-container\">\n\t\t\t\t\t<h1 class=\"elementor-heading-title elementor-size-default\">Kontaktujte ARBER-BERGBAHN<\/h1>\t\t\t\t<\/div>\n\t\t\t\t<\/div>\n\t\t\t\t<div class=\"elementor-element elementor-element-40199dc2 elementor-widget__width-initial elementor-widget-mobile__width-inherit elementor-widget elementor-widget-text-editor\" data-id=\"40199dc2\" data-element_type=\"widget\" data-widget_type=\"text-editor.default\">\n\t\t\t\t<div class=\"elementor-widget-container\">\n\t\t\t\t\t\t\t\t\t<p><strong>Va\u0161e data jsou u n\u00e1s v bezpe\u010d\u00ed<\/strong> \u2013 va\u0161e soukrom\u00ed je pro n\u00e1s d\u016fle\u017eit\u00e9. V\u0161echny informace, kter\u00e9 poskytnete, budou pova\u017eov\u00e1ny za d\u016fv\u011brn\u00e9<\/p>\n\t\t\t\t\t\t\t\t<\/div>\n\t\t\t\t<\/div>\n\t\t\t\t\t<\/div>\n\t\t\t\t<\/div>\n\t\t\t\t<\/div>\n\t\t<div class=\"elementor-element elementor-element-a642951 e-flex e-con-boxed e-con e-parent\" data-id=\"a642951\" data-element_type=\"container\">\n\t\t\t\t\t<div class=\"e-con-inner\">\n\t\t<div class=\"elementor-element elementor-element-d951039 e-con-full e-flex e-con e-parent\" data-id=\"d951039\" data-element_type=\"container\">\n\t\t\t\t<div class=\"elementor-element elementor-element-726082b elementor-widget elementor-widget-heading\" data-id=\"726082b\" data-element_type=\"widget\" data-widget_type=\"heading.default\">\n\t\t\t\t<div class=\"elementor-widget-container\">\n\t\t\t\t\t<h2 class=\"elementor-heading-title elementor-size-default\">Postar\u00e1me se o v\u00e1\u0161 po\u017eadavek<\/h2>\t\t\t\t<\/div>\n\t\t\t\t<\/div>\n\t\t\t\t<div class=\"elementor-element elementor-element-ae3a254 elementor-widget elementor-widget-text-editor\" data-id=\"ae3a254\" data-element_type=\"widget\" data-widget_type=\"text-editor.default\">\n\t\t\t\t<div class=\"elementor-widget-container\">\n\t\t\t\t\t\t\t\t\t<p>T\u011b\u0161\u00ed n\u00e1s, \u017ee m\u00e1te o ARBER-BERGBAHN z\u00e1jem a jste V\u00e1m k dispozici. A\u0165 u\u017e m\u00e1te chv\u00e1lu, kritiku, n\u00e1vrhy nebo dotazy \u2013 jsme tu, abychom podpo\u0159ili va\u0161e obavy.<\/p>\n<p>N\u00e1\u0161 praktick\u00fd kontaktn\u00ed formul\u00e1\u0159 v\u00e1m umo\u017en\u00ed snadno n\u00e1s kontaktovat. Jednodu\u0161e vypl\u0148te po\u017eadovan\u00e1 pole a po\u0161lete n\u00e1m svou zpr\u00e1vu. <\/p>\n\t\t\t\t\t\t\t\t<\/div>\n\t\t\t\t<\/div>\n\t\t\t\t<div class=\"elementor-element elementor-element-b180cf6 elementor-widget elementor-widget-text-editor\" data-id=\"b180cf6\" data-element_type=\"widget\" data-widget_type=\"text-editor.default\">\n\t\t\t\t<div class=\"elementor-widget-container\">\n\t\t\t\t\t\t\t\t\t<p>\u00dadoln\u00ed stanice Grosser Arber<br \/>94252 Bayerisch Eisenstein<\/p>\n<p>Tel.: +49 (0) 9925 9414-0<br \/>Fax: +49 (0) 9925 9414-40<\/p>\n<p><a href=\"mailto:arber@hohenzollern.com\">arber@hohenzollern.com<\/a><br \/><a href=\"https:\/\/www.arber.de\/\">www.arber.de<\/a><\/p>\n\t\t\t\t\t\t\t\t<\/div>\n\t\t\t\t<\/div>\n\t\t\t\t<\/div>\n\t\t<div class=\"elementor-element elementor-element-15bc545 e-con-full e-flex e-con e-parent\" data-id=\"15bc545\" data-element_type=\"container\" data-settings=\"{&quot;background_background&quot;:&quot;classic&quot;}\">\n\t\t\t\t<div class=\"elementor-element elementor-element-b4a1602 elementor-widget elementor-widget-heading\" data-id=\"b4a1602\" data-element_type=\"widget\" data-widget_type=\"heading.default\">\n\t\t\t\t<div class=\"elementor-widget-container\">\n\t\t\t\t\t<h3 class=\"elementor-heading-title elementor-size-default\">va\u0161e data<\/h3>\t\t\t\t<\/div>\n\t\t\t\t<\/div>\n\t\t\t\t<div class=\"elementor-element elementor-element-5881825 elementor-button-align-stretch elementor-widget elementor-widget-form\" data-id=\"5881825\" data-element_type=\"widget\" data-settings=\"{&quot;step_next_label&quot;:&quot;dal\\u0161\\u00ed&quot;,&quot;step_previous_label&quot;:&quot;p\\u0159edchoz\\u00ed&quot;,&quot;button_width&quot;:&quot;100&quot;,&quot;step_type&quot;:&quot;number_text&quot;,&quot;step_icon_shape&quot;:&quot;circle&quot;}\" data-widget_type=\"form.default\">\n\t\t\t\t<div class=\"elementor-widget-container\">\n\t\t\t\t\t\t\t<form class=\"elementor-form\" method=\"post\" name=\"Nov\u00e1 forma\" aria-label=\"Nov\u00e1 forma\">\n\t\t\t<input type=\"hidden\" name=\"post_id\" value=\"8544\"\/>\n\t\t\t<input type=\"hidden\" name=\"form_id\" value=\"5881825\"\/>\n\t\t\t<input type=\"hidden\" name=\"referer_title\" value=\"\" \/>\n\n\t\t\t\n\t\t\t<div class=\"elementor-form-fields-wrapper elementor-labels-above\">\n\t\t\t\t\t\t\t\t<div class=\"elementor-field-type-text elementor-field-group elementor-column elementor-field-group-name elementor-col-100 elementor-field-required elementor-mark-required\">\n\t\t\t\t\t\t\t\t\t\t\t\t<label for=\"form-field-name\" class=\"elementor-field-label\">\n\t\t\t\t\t\t\t\tJm\u00e9no\t\t\t\t\t\t\t<\/label>\n\t\t\t\t\t\t\t\t\t\t\t\t\t\t<input size=\"1\" type=\"text\" name=\"form_fields[name]\" id=\"form-field-name\" class=\"elementor-field elementor-size-sm  elementor-field-textual\" required=\"required\">\n\t\t\t\t\t\t\t\t\t\t\t<\/div>\n\t\t\t\t\t\t\t\t<div class=\"elementor-field-type-email elementor-field-group elementor-column elementor-field-group-email elementor-col-100 elementor-field-required elementor-mark-required\">\n\t\t\t\t\t\t\t\t\t\t\t\t<label for=\"form-field-email\" class=\"elementor-field-label\">\n\t\t\t\t\t\t\t\te-mailem\t\t\t\t\t\t\t<\/label>\n\t\t\t\t\t\t\t\t\t\t\t\t\t\t<input size=\"1\" type=\"email\" name=\"form_fields[email]\" id=\"form-field-email\" class=\"elementor-field elementor-size-sm  elementor-field-textual\" required=\"required\">\n\t\t\t\t\t\t\t\t\t\t\t<\/div>\n\t\t\t\t\t\t\t\t<div class=\"elementor-field-type-tel elementor-field-group elementor-column elementor-field-group-field_a7ad485 elementor-col-100\">\n\t\t\t\t\t\t\t\t\t\t\t\t<label for=\"form-field-field_a7ad485\" class=\"elementor-field-label\">\n\t\t\t\t\t\t\t\tTelefon\t\t\t\t\t\t\t<\/label>\n\t\t\t\t\t\t\t\t<input size=\"1\" type=\"tel\" name=\"form_fields[field_a7ad485]\" id=\"form-field-field_a7ad485\" class=\"elementor-field elementor-size-sm  elementor-field-textual\" pattern=\"[0-9()#&amp;+*-=.]+\" title=\"Only numbers and phone characters (#, -, *, etc) are accepted.\">\n\n\t\t\t\t\t\t<\/div>\n\t\t\t\t\t\t\t\t<div class=\"elementor-field-type-textarea elementor-field-group elementor-column elementor-field-group-message elementor-col-100\">\n\t\t\t\t\t\t\t\t\t\t\t\t<label for=\"form-field-message\" class=\"elementor-field-label\">\n\t\t\t\t\t\t\t\tZpr\u00e1va\t\t\t\t\t\t\t<\/label>\n\t\t\t\t\t\t<textarea class=\"elementor-field-textual elementor-field  elementor-size-sm\" name=\"form_fields[message]\" id=\"form-field-message\" rows=\"4\"><\/textarea>\t\t\t\t<\/div>\n\t\t\t\t\t\t\t\t<div class=\"elementor-field-type-acceptance elementor-field-group elementor-column elementor-field-group-field_a1549a7 elementor-col-100 elementor-field-required elementor-mark-required\">\n\t\t\t\t\t\t\t\t\t\t\t\t<label for=\"form-field-field_a1549a7\" class=\"elementor-field-label\">\n\t\t\t\t\t\t\t\tOchrana osobn\u00edch \u00fadaj\u016f\t\t\t\t\t\t\t<\/label>\n\t\t\t\t\t\t\t\t<div class=\"elementor-field-subgroup\">\n\t\t\t<span class=\"elementor-field-option\">\n\t\t\t\t<input type=\"checkbox\" name=\"form_fields[field_a1549a7]\" id=\"form-field-field_a1549a7\" class=\"elementor-field elementor-size-sm  elementor-acceptance-field\" required=\"required\">\n\t\t\t\t<label for=\"form-field-field_a1549a7\">Souhlas\u00edte s t\u00edm, \u017ee va\u0161e \u00fadaje budou pou\u017eity ke zpracov\u00e1n\u00ed va\u0161eho po\u017eadavku. Dal\u0161\u00ed informace a pokyny k odvol\u00e1n\u00ed naleznete v <a href=\"https:\/\/www.arber.de\/datenschutz\/\">prohl\u00e1\u0161en\u00ed o ochran\u011b \u00fadaj\u016f<\/a><\/label>\t\t\t<\/span>\n\t\t<\/div>\n\t\t\t\t\t\t<\/div>\n\t\t\t\t\t\t\t\t<div class=\"elementor-field-group elementor-column elementor-field-type-submit elementor-col-100 e-form__buttons\">\n\t\t\t\t\t<button class=\"elementor-button elementor-size-sm\" type=\"submit\">\n\t\t\t\t\t\t<span class=\"elementor-button-content-wrapper\">\n\t\t\t\t\t\t\t\t\t\t\t\t\t\t\t\t\t\t\t\t\t\t<span class=\"elementor-button-text\">Poslat<\/span>\n\t\t\t\t\t\t\t\t\t\t\t\t\t<\/span>\n\t\t\t\t\t<\/button>\n\t\t\t\t<\/div>\n\t\t\t<\/div>\n\t\t<\/form>\n\t\t\t\t\t\t<\/div>\n\t\t\t\t<\/div>\n\t\t\t\t<\/div>\n\t\t\t\t\t<\/div>\n\t\t\t\t<\/div>\n\t\t\t\t<\/div>\n\t\t","protected":false},"excerpt":{"rendered":"<p>Kontaktujte ARBER-BERGBAHN Va\u0161e data jsou u n\u00e1s v bezpe\u010d\u00ed \u2013 va\u0161e soukrom\u00ed je pro n\u00e1s d\u016fle\u017eit\u00e9. V\u0161echny informace, kter\u00e9 poskytnete, budou pova\u017eov\u00e1ny za d\u016fv\u011brn\u00e9 Postar\u00e1me se o v\u00e1\u0161 po\u017eadavek T\u011b\u0161\u00ed n\u00e1s, \u017ee m\u00e1te o ARBER-BERGBAHN z\u00e1jem a jste V\u00e1m k dispozici. A\u0165 u\u017e m\u00e1te chv\u00e1lu, kritiku, n\u00e1vrhy nebo dotazy \u2013 jsme tu, abychom podpo\u0159ili va\u0161e [&hellip;]<\/p>\n","protected":false},"author":1,"featured_media":0,"parent":8571,"menu_order":0,"comment_status":"closed","ping_status":"closed","template":"","meta":{"inline_featured_image":false,"footnotes":""},"class_list":["post-8544","page","type-page","status-publish","hentry"],"_links":{"self":[{"href":"https:\/\/www.arber.de\/cs\/wp-json\/wp\/v2\/pages\/8544","targetHints":{"allow":["GET"]}}],"collection":[{"href":"https:\/\/www.arber.de\/cs\/wp-json\/wp\/v2\/pages"}],"about":[{"href":"https:\/\/www.arber.de\/cs\/wp-json\/wp\/v2\/types\/page"}],"author":[{"embeddable":true,"href":"https:\/\/www.arber.de\/cs\/wp-json\/wp\/v2\/users\/1"}],"replies":[{"embeddable":true,"href":"https:\/\/www.arber.de\/cs\/wp-json\/wp\/v2\/comments?post=8544"}],"version-history":[{"count":1,"href":"https:\/\/www.arber.de\/cs\/wp-json\/wp\/v2\/pages\/8544\/revisions"}],"predecessor-version":[{"id":8554,"href":"https:\/\/www.arber.de\/cs\/wp-json\/wp\/v2\/pages\/8544\/revisions\/8554"}],"up":[{"embeddable":true,"href":"https:\/\/www.arber.de\/cs\/wp-json\/wp\/v2\/pages\/8571"}],"wp:attachment":[{"href":"https:\/\/www.arber.de\/cs\/wp-json\/wp\/v2\/media?parent=8544"}],"curies":[{"name":"wp","href":"https:\/\/api.w.org\/{rel}","templated":true}]}}