{"id":8538,"date":"2023-08-23T15:04:06","date_gmt":"2023-08-23T13:04:06","guid":{"rendered":"https:\/\/www.arber.de\/goldsteig-fernwanderweg-am-grossen-arber\/"},"modified":"2023-10-05T16:07:29","modified_gmt":"2023-10-05T14:07:29","slug":"goldsteig-fernwanderweg-am-grossen-arber","status":"publish","type":"page","link":"https:\/\/www.arber.de\/cs\/goldsteig-fernwanderweg-am-grossen-arber\/","title":{"rendered":"D\u00e1lkov\u00e1 turistick\u00e1 trasa Goldsteig na Velk\u00e9m Javoru"},"content":{"rendered":"\t\t<div data-elementor-type=\"wp-page\" data-elementor-id=\"8538\" class=\"elementor elementor-8538 elementor-7615\" data-elementor-post-type=\"page\">\n\t\t\t\t<div class=\"elementor-element elementor-element-3d6d6142 e-con-full e-flex e-con e-parent\" data-id=\"3d6d6142\" data-element_type=\"container\">\n\t\t<div class=\"elementor-element elementor-element-04aba9f e-flex e-con-boxed e-con e-child\" data-id=\"04aba9f\" data-element_type=\"container\" data-settings=\"{&quot;background_background&quot;:&quot;video&quot;,&quot;background_video_link&quot;:&quot;https:\\\/\\\/www.arber.de\\\/wp-content\\\/uploads\\\/Goldsteig.mp4&quot;,&quot;shape_divider_bottom&quot;:&quot;pyramids&quot;,&quot;background_play_once&quot;:&quot;yes&quot;}\">\n\t\t\t\t\t<div class=\"e-con-inner\">\n\t\t<div class=\"elementor-background-video-container elementor-hidden-mobile\" aria-hidden=\"true\">\n\t\t\t\t\t\t\t<video class=\"elementor-background-video-hosted\" autoplay muted playsinline><\/video>\n\t\t\t\t\t<\/div>\t\t<div class=\"elementor-shape elementor-shape-bottom\" aria-hidden=\"true\" data-negative=\"false\">\n\t\t\t<svg xmlns=\"http:\/\/www.w3.org\/2000\/svg\" viewBox=\"0 0 1000 100\" preserveAspectRatio=\"none\">\n\t<path class=\"elementor-shape-fill\" d=\"M761.9,44.1L643.1,27.2L333.8,98L0,3.8V0l1000,0v3.9\"\/>\n<\/svg>\t\t<\/div>\n\t\t\t\t\t<\/div>\n\t\t\t\t<\/div>\n\t\t<div class=\"elementor-element elementor-element-1f8363dc e-flex e-con-boxed e-con e-child\" data-id=\"1f8363dc\" data-element_type=\"container\" data-settings=\"{&quot;background_background&quot;:&quot;gradient&quot;,&quot;shape_divider_bottom&quot;:&quot;pyramids&quot;}\">\n\t\t\t\t\t<div class=\"e-con-inner\">\n\t\t\t\t<div class=\"elementor-shape elementor-shape-bottom\" aria-hidden=\"true\" data-negative=\"false\">\n\t\t\t<svg xmlns=\"http:\/\/www.w3.org\/2000\/svg\" viewBox=\"0 0 1000 100\" preserveAspectRatio=\"none\">\n\t<path class=\"elementor-shape-fill\" d=\"M761.9,44.1L643.1,27.2L333.8,98L0,3.8V0l1000,0v3.9\"\/>\n<\/svg>\t\t<\/div>\n\t\t\t\t<div class=\"elementor-element elementor-element-73018272 elementor-widget__width-initial elementor-widget-mobile__width-inherit elementor-widget elementor-widget-heading\" data-id=\"73018272\" data-element_type=\"widget\" data-widget_type=\"heading.default\">\n\t\t\t\t<div class=\"elementor-widget-container\">\n\t\t\t\t\t<h1 class=\"elementor-heading-title elementor-size-default\">Dobrodru\u017estv\u00ed na vrcholu na Velk\u00e9m Javoru: Odhalen\u00ed kouzla Goldsteigu<\/h1>\t\t\t\t<\/div>\n\t\t\t\t<\/div>\n\t\t\t\t\t<\/div>\n\t\t\t\t<\/div>\n\t\t\t\t<\/div>\n\t\t<div class=\"elementor-element elementor-element-16ec33ce e-flex e-con-boxed e-con e-parent\" data-id=\"16ec33ce\" data-element_type=\"container\">\n\t\t\t\t\t<div class=\"e-con-inner\">\n\t\t<div class=\"elementor-element elementor-element-62cf36c2 e-con-full e-flex e-con e-child\" data-id=\"62cf36c2\" data-element_type=\"container\" data-settings=\"{&quot;motion_fx_motion_fx_scrolling&quot;:&quot;yes&quot;,&quot;motion_fx_translateY_effect&quot;:&quot;yes&quot;,&quot;motion_fx_translateY_speed&quot;:{&quot;unit&quot;:&quot;px&quot;,&quot;size&quot;:1.5,&quot;sizes&quot;:[]},&quot;motion_fx_devices&quot;:[&quot;desktop&quot;,&quot;tablet&quot;],&quot;motion_fx_translateY_affectedRange&quot;:{&quot;unit&quot;:&quot;%&quot;,&quot;size&quot;:&quot;&quot;,&quot;sizes&quot;:{&quot;start&quot;:0,&quot;end&quot;:100}}}\">\n\t\t\t\t<div class=\"elementor-element elementor-element-3bb52fb1 elementor-widget elementor-widget-heading\" data-id=\"3bb52fb1\" data-element_type=\"widget\" data-widget_type=\"heading.default\">\n\t\t\t\t<div class=\"elementor-widget-container\">\n\t\t\t\t\t<h2 class=\"elementor-heading-title elementor-size-default\">Objevte fascinaci Goldsteigu<\/h2>\t\t\t\t<\/div>\n\t\t\t\t<\/div>\n\t\t\t\t<div class=\"elementor-element elementor-element-3627b25e elementor-widget elementor-widget-text-editor\" data-id=\"3627b25e\" data-element_type=\"widget\" data-widget_type=\"text-editor.default\">\n\t\t\t\t<div class=\"elementor-widget-container\">\n\t\t\t\t\t\t\t\t\t<p>Goldsteig je mnohem v\u00edc ne\u017e jen turistick\u00e1 stezka \u2013 je to dobrodru\u017estv\u00ed, kter\u00e9 v\u00e1s provede \u00fachvatnou krajinou Bavorsk\u00e9ho lesa. Goldsteig s celkovou d\u00e9lkou p\u0159es 660 kilometr\u016f nab\u00edz\u00ed nesrovnatelnou p\u0159\u00edle\u017eitost poznat kr\u00e1sy tohoto regionu ve v\u0161ech jeho podob\u00e1ch.<\/p>\n<p>Za\u017eijte Goldsteig a objevte kouzlo Bavorsk\u00e9ho lesa jedine\u010dn\u00fdm zp\u016fsobem. Nez\u00e1le\u017e\u00ed na tom, zda se rozhodnete pro severn\u00ed nebo ji\u017en\u00ed cestu nebo si troufnete na osmitis\u00edcovou t\u00faru, Goldsteig slibuje nezapomenuteln\u00e1 dobrodru\u017estv\u00ed uprost\u0159ed p\u016fsobiv\u00e9 p\u0159\u00edrodn\u00ed krajiny.<\/p>\n\t\t\t\t\t\t\t\t<\/div>\n\t\t\t\t<\/div>\n\t\t\t\t<\/div>\n\t\t<div class=\"elementor-element elementor-element-6267b058 e-con-full e-flex e-con e-child\" data-id=\"6267b058\" data-element_type=\"container\" data-settings=\"{&quot;motion_fx_motion_fx_scrolling&quot;:&quot;yes&quot;,&quot;motion_fx_translateY_effect&quot;:&quot;yes&quot;,&quot;motion_fx_translateY_direction&quot;:&quot;negative&quot;,&quot;motion_fx_translateY_speed&quot;:{&quot;unit&quot;:&quot;px&quot;,&quot;size&quot;:3.5,&quot;sizes&quot;:[]},&quot;motion_fx_devices&quot;:[&quot;desktop&quot;,&quot;tablet&quot;],&quot;motion_fx_translateY_affectedRange&quot;:{&quot;unit&quot;:&quot;%&quot;,&quot;size&quot;:&quot;&quot;,&quot;sizes&quot;:{&quot;start&quot;:0,&quot;end&quot;:100}}}\">\n\t\t\t\t<div class=\"elementor-element elementor-element-2fbb7062 elementor-widget elementor-widget-image\" data-id=\"2fbb7062\" data-element_type=\"widget\" data-widget_type=\"image.default\">\n\t\t\t\t<div class=\"elementor-widget-container\">\n\t\t\t\t\t\t\t\t\t\t\t\t\t\t\t<img fetchpriority=\"high\" decoding=\"async\" width=\"800\" height=\"534\" src=\"https:\/\/www.arber.de\/wp-content\/uploads\/Woidlife150829mf106-1024x683.jpg\" class=\"attachment-large size-large wp-image-7533\" alt=\"\" srcset=\"https:\/\/www.arber.de\/wp-content\/uploads\/Woidlife150829mf106-1024x683.jpg 1024w, https:\/\/www.arber.de\/wp-content\/uploads\/Woidlife150829mf106-300x200.jpg 300w, https:\/\/www.arber.de\/wp-content\/uploads\/Woidlife150829mf106-768x512.jpg 768w, https:\/\/www.arber.de\/wp-content\/uploads\/Woidlife150829mf106-1536x1024.jpg 1536w, https:\/\/www.arber.de\/wp-content\/uploads\/Woidlife150829mf106-2048x1366.jpg 2048w\" sizes=\"(max-width: 800px) 100vw, 800px\" \/>\t\t\t\t\t\t\t\t\t\t\t\t\t\t\t<\/div>\n\t\t\t\t<\/div>\n\t\t\t\t<\/div>\n\t\t\t\t\t<\/div>\n\t\t\t\t<\/div>\n\t\t<div class=\"elementor-element elementor-element-81fd5d6 e-flex e-con-boxed e-con e-parent\" data-id=\"81fd5d6\" data-element_type=\"container\">\n\t\t\t\t\t<div class=\"e-con-inner\">\n\t\t\t\t<div class=\"elementor-element elementor-element-a5ff4c3 elementor-widget elementor-widget-gallery\" data-id=\"a5ff4c3\" data-element_type=\"widget\" data-settings=\"{&quot;columns_mobile&quot;:&quot;2&quot;,&quot;columns_tablet&quot;:&quot;4&quot;,&quot;aspect_ratio&quot;:&quot;1:1&quot;,&quot;lazyload&quot;:&quot;yes&quot;,&quot;gallery_layout&quot;:&quot;grid&quot;,&quot;columns&quot;:4,&quot;gap&quot;:{&quot;unit&quot;:&quot;px&quot;,&quot;size&quot;:10,&quot;sizes&quot;:[]},&quot;gap_tablet&quot;:{&quot;unit&quot;:&quot;px&quot;,&quot;size&quot;:10,&quot;sizes&quot;:[]},&quot;gap_mobile&quot;:{&quot;unit&quot;:&quot;px&quot;,&quot;size&quot;:10,&quot;sizes&quot;:[]},&quot;link_to&quot;:&quot;file&quot;,&quot;overlay_background&quot;:&quot;yes&quot;,&quot;content_hover_animation&quot;:&quot;fade-in&quot;}\" data-widget_type=\"gallery.default\">\n\t\t\t\t<div class=\"elementor-widget-container\">\n\t\t\t\t\t\t\t<div class=\"elementor-gallery__container\">\n\t\t\t\t\t\t\t<a class=\"e-gallery-item elementor-gallery-item elementor-animated-content\" href=\"https:\/\/www.arber.de\/wp-content\/uploads\/Woidlife150829mf110.jpg\" data-elementor-open-lightbox=\"yes\" data-elementor-lightbox-slideshow=\"a5ff4c3\" data-e-action-hash=\"#elementor-action%3Aaction%3Dlightbox%26settings%3DeyJpZCI6NTU3MCwidXJsIjoiaHR0cHM6XC9cL3d3dy5hcmJlci5kZVwvd3AtY29udGVudFwvdXBsb2Fkc1wvV29pZGxpZmUxNTA4MjltZjExMC5qcGciLCJzbGlkZXNob3ciOiJhNWZmNGMzIn0%3D\">\n\t\t\t\t\t<div class=\"e-gallery-image elementor-gallery-item__image\" data-thumbnail=\"https:\/\/www.arber.de\/wp-content\/uploads\/Woidlife150829mf110-768x512.jpg\" data-width=\"768\" data-height=\"512\" aria-label=\"\" role=\"img\" ><\/div>\n\t\t\t\t\t\t\t\t\t\t\t<div class=\"elementor-gallery-item__overlay\"><\/div>\n\t\t\t\t\t\t\t\t\t\t\t\t\t\t<\/a>\n\t\t\t\t\t\t\t<a class=\"e-gallery-item elementor-gallery-item elementor-animated-content\" href=\"https:\/\/www.arber.de\/wp-content\/uploads\/Woidlife150828mf077.jpg\" data-elementor-open-lightbox=\"yes\" data-elementor-lightbox-slideshow=\"a5ff4c3\" data-e-action-hash=\"#elementor-action%3Aaction%3Dlightbox%26settings%3DeyJpZCI6NzUwNCwidXJsIjoiaHR0cHM6XC9cL3d3dy5hcmJlci5kZVwvd3AtY29udGVudFwvdXBsb2Fkc1wvV29pZGxpZmUxNTA4MjhtZjA3Ny5qcGciLCJzbGlkZXNob3ciOiJhNWZmNGMzIn0%3D\">\n\t\t\t\t\t<div class=\"e-gallery-image elementor-gallery-item__image\" data-thumbnail=\"https:\/\/www.arber.de\/wp-content\/uploads\/Woidlife150828mf077-768x512.jpg\" data-width=\"768\" data-height=\"512\" aria-label=\"\" role=\"img\" ><\/div>\n\t\t\t\t\t\t\t\t\t\t\t<div class=\"elementor-gallery-item__overlay\"><\/div>\n\t\t\t\t\t\t\t\t\t\t\t\t\t\t<\/a>\n\t\t\t\t\t\t\t<a class=\"e-gallery-item elementor-gallery-item elementor-animated-content\" href=\"https:\/\/www.arber.de\/wp-content\/uploads\/Woidlife150828mf089.jpg\" data-elementor-open-lightbox=\"yes\" data-elementor-lightbox-slideshow=\"a5ff4c3\" data-e-action-hash=\"#elementor-action%3Aaction%3Dlightbox%26settings%3DeyJpZCI6NzUxNiwidXJsIjoiaHR0cHM6XC9cL3d3dy5hcmJlci5kZVwvd3AtY29udGVudFwvdXBsb2Fkc1wvV29pZGxpZmUxNTA4MjhtZjA4OS5qcGciLCJzbGlkZXNob3ciOiJhNWZmNGMzIn0%3D\">\n\t\t\t\t\t<div class=\"e-gallery-image elementor-gallery-item__image\" data-thumbnail=\"https:\/\/www.arber.de\/wp-content\/uploads\/Woidlife150828mf089-768x512.jpg\" data-width=\"768\" data-height=\"512\" aria-label=\"\" role=\"img\" ><\/div>\n\t\t\t\t\t\t\t\t\t\t\t<div class=\"elementor-gallery-item__overlay\"><\/div>\n\t\t\t\t\t\t\t\t\t\t\t\t\t\t<\/a>\n\t\t\t\t\t\t\t<a class=\"e-gallery-item elementor-gallery-item elementor-animated-content\" href=\"https:\/\/www.arber.de\/wp-content\/uploads\/Woidlife150829mf102.jpg\" data-elementor-open-lightbox=\"yes\" data-elementor-lightbox-slideshow=\"a5ff4c3\" data-e-action-hash=\"#elementor-action%3Aaction%3Dlightbox%26settings%3DeyJpZCI6NzUyOCwidXJsIjoiaHR0cHM6XC9cL3d3dy5hcmJlci5kZVwvd3AtY29udGVudFwvdXBsb2Fkc1wvV29pZGxpZmUxNTA4MjltZjEwMi5qcGciLCJzbGlkZXNob3ciOiJhNWZmNGMzIn0%3D\">\n\t\t\t\t\t<div class=\"e-gallery-image elementor-gallery-item__image\" data-thumbnail=\"https:\/\/www.arber.de\/wp-content\/uploads\/Woidlife150829mf102-768x512.jpg\" data-width=\"768\" data-height=\"512\" aria-label=\"\" role=\"img\" ><\/div>\n\t\t\t\t\t\t\t\t\t\t\t<div class=\"elementor-gallery-item__overlay\"><\/div>\n\t\t\t\t\t\t\t\t\t\t\t\t\t\t<\/a>\n\t\t\t\t\t<\/div>\n\t\t\t\t\t<\/div>\n\t\t\t\t<\/div>\n\t\t\t\t\t<\/div>\n\t\t\t\t<\/div>\n\t\t<div class=\"elementor-element elementor-element-7ef025a6 e-flex e-con-boxed e-con e-parent\" data-id=\"7ef025a6\" data-element_type=\"container\" data-settings=\"{&quot;background_background&quot;:&quot;classic&quot;,&quot;shape_divider_top&quot;:&quot;pyramids&quot;}\">\n\t\t\t\t\t<div class=\"e-con-inner\">\n\t\t\t\t<div class=\"elementor-shape elementor-shape-top\" aria-hidden=\"true\" data-negative=\"false\">\n\t\t\t<svg xmlns=\"http:\/\/www.w3.org\/2000\/svg\" viewBox=\"0 0 1000 100\" preserveAspectRatio=\"none\">\n\t<path class=\"elementor-shape-fill\" d=\"M761.9,44.1L643.1,27.2L333.8,98L0,3.8V0l1000,0v3.9\"\/>\n<\/svg>\t\t<\/div>\n\t\t<div class=\"elementor-element elementor-element-5506e261 e-flex e-con-boxed e-con e-child\" data-id=\"5506e261\" data-element_type=\"container\">\n\t\t\t\t\t<div class=\"e-con-inner\">\n\t\t\t\t<div class=\"elementor-element elementor-element-8c1006d elementor-widget elementor-widget-heading\" data-id=\"8c1006d\" data-element_type=\"widget\" data-widget_type=\"heading.default\">\n\t\t\t\t<div class=\"elementor-widget-container\">\n\t\t\t\t\t<h3 class=\"elementor-heading-title elementor-size-default\">Etapy a trasy Goldsteig<\/h3>\t\t\t\t<\/div>\n\t\t\t\t<\/div>\n\t\t\t\t<div class=\"elementor-element elementor-element-58077fb1 elementor-widget elementor-widget-text-editor\" data-id=\"58077fb1\" data-element_type=\"widget\" data-widget_type=\"text-editor.default\">\n\t\t\t\t<div class=\"elementor-widget-container\">\n\t\t\t\t\t\t\t\t\t<p>Goldsteig je rozd\u011blen do r\u016fzn\u00fdch etap, od pohodov\u00fdch denn\u00edch t\u00far a\u017e po n\u00e1ro\u010dn\u00e9 trasy. Hlavn\u00ed trasa se d\u011bl\u00ed na \u201eGoldsteig Nord\u201c a \u201eGoldsteig S\u00fcd\u201c. \u201eGoldsteig Nord\u201c se t\u00e1hne p\u0159es 300 kilometr\u016f od Marktredwitz do Pasova. Tato trasa vede drsnou a divokou kr\u00e1sou Hornofalck\u00e9ho lesa a nab\u00edz\u00ed p\u016fsobiv\u00e9 v\u00fdhledy a z\u00e1\u017eitky z p\u0159\u00edrody. \u201eGoldsteig S\u00fcd\u201c se t\u00e1hne p\u0159es 360 kilometr\u016f od Pasova a\u017e po Stezku bavorsko-\u010desk\u00e9ho p\u0159\u00e1telstv\u00ed a nab\u00edz\u00ed turist\u016fm p\u0159\u00edle\u017eitost prozkoumat m\u00edrnou horskou krajinu Bavorsk\u00e9ho lesa.<\/p>\n\t\t\t\t\t\t\t\t<\/div>\n\t\t\t\t<\/div>\n\t\t\t\t\t<\/div>\n\t\t\t\t<\/div>\n\t\t\t\t\t<\/div>\n\t\t\t\t<\/div>\n\t\t<div class=\"elementor-element elementor-element-ade1752 e-flex e-con-boxed e-con e-parent\" data-id=\"ade1752\" data-element_type=\"container\" data-settings=\"{&quot;background_background&quot;:&quot;classic&quot;,&quot;shape_divider_top&quot;:&quot;wave-brush&quot;}\">\n\t\t\t\t\t<div class=\"e-con-inner\">\n\t\t\t\t<div class=\"elementor-shape elementor-shape-top\" aria-hidden=\"true\" data-negative=\"false\">\n\t\t\t<svg xmlns=\"http:\/\/www.w3.org\/2000\/svg\" viewBox=\"0 0 283.5 27.8\" preserveAspectRatio=\"none\">\n\t<path class=\"elementor-shape-fill\" d=\"M283.5,9.7c0,0-7.3,4.3-14,4.6c-6.8,0.3-12.6,0-20.9-1.5c-11.3-2-33.1-10.1-44.7-5.7\ts-12.1,4.6-18,7.4c-6.6,3.2-20,9.6-36.6,9.3C131.6,23.5,99.5,7.2,86.3,8c-1.4,0.1-6.6,0.8-10.5,2c-3.8,1.2-9.4,3.8-17,4.7\tc-3.2,0.4-8.3,1.1-14.2,0.9c-1.5-0.1-6.3-0.4-12-1.6c-5.7-1.2-11-3.1-15.8-3.7C6.5,9.2,0,10.8,0,10.8V0h283.5V9.7z M260.8,11.3\tc-0.7-1-2-0.4-4.3-0.4c-2.3,0-6.1-1.2-5.8-1.1c0.3,0.1,3.1,1.5,6,1.9C259.7,12.2,261.4,12.3,260.8,11.3z M242.4,8.6\tc0,0-2.4-0.2-5.6-0.9c-3.2-0.8-10.3-2.8-15.1-3.5c-8.2-1.1-15.8,0-15.1,0.1c0.8,0.1,9.6-0.6,17.6,1.1c3.3,0.7,9.3,2.2,12.4,2.7\tC239.9,8.7,242.4,8.6,242.4,8.6z M185.2,8.5c1.7-0.7-13.3,4.7-18.5,6.1c-2.1,0.6-6.2,1.6-10,2c-3.9,0.4-8.9,0.4-8.8,0.5\tc0,0.2,5.8,0.8,11.2,0c5.4-0.8,5.2-1.1,7.6-1.6C170.5,14.7,183.5,9.2,185.2,8.5z M199.1,6.9c0.2,0-0.8-0.4-4.8,1.1\tc-4,1.5-6.7,3.5-6.9,3.7c-0.2,0.1,3.5-1.8,6.6-3C197,7.5,199,6.9,199.1,6.9z M283,6c-0.1,0.1-1.9,1.1-4.8,2.5s-6.9,2.8-6.7,2.7\tc0.2,0,3.5-0.6,7.4-2.5C282.8,6.8,283.1,5.9,283,6z M31.3,11.6c0.1-0.2-1.9-0.2-4.5-1.2s-5.4-1.6-7.8-2C15,7.6,7.3,8.5,7.7,8.6\tC8,8.7,15.9,8.3,20.2,9.3c2.2,0.5,2.4,0.5,5.7,1.6S31.2,11.9,31.3,11.6z M73,9.2c0.4-0.1,3.5-1.6,8.4-2.6c4.9-1.1,8.9-0.5,8.9-0.8\tc0-0.3-1-0.9-6.2-0.3S72.6,9.3,73,9.2z M71.6,6.7C71.8,6.8,75,5.4,77.3,5c2.3-0.3,1.9-0.5,1.9-0.6c0-0.1-1.1-0.2-2.7,0.2\tC74.8,5.1,71.4,6.6,71.6,6.7z M93.6,4.4c0.1,0.2,3.5,0.8,5.6,1.8c2.1,1,1.8,0.6,1.9,0.5c0.1-0.1-0.8-0.8-2.4-1.3\tC97.1,4.8,93.5,4.2,93.6,4.4z M65.4,11.1c-0.1,0.3,0.3,0.5,1.9-0.2s2.6-1.3,2.2-1.2s-0.9,0.4-2.5,0.8C65.3,10.9,65.5,10.8,65.4,11.1\tz M34.5,12.4c-0.2,0,2.1,0.8,3.3,0.9c1.2,0.1,2,0.1,2-0.2c0-0.3-0.1-0.5-1.6-0.4C36.6,12.8,34.7,12.4,34.5,12.4z M152.2,21.1\tc-0.1,0.1-2.4-0.3-7.5-0.3c-5,0-13.6-2.4-17.2-3.5c-3.6-1.1,10,3.9,16.5,4.1C150.5,21.6,152.3,21,152.2,21.1z\"\/>\n\t<path class=\"elementor-shape-fill\" d=\"M269.6,18c-0.1-0.1-4.6,0.3-7.2,0c-7.3-0.7-17-3.2-16.6-2.9c0.4,0.3,13.7,3.1,17,3.3\tC267.7,18.8,269.7,18,269.6,18z\"\/>\n\t<path class=\"elementor-shape-fill\" d=\"M227.4,9.8c-0.2-0.1-4.5-1-9.5-1.2c-5-0.2-12.7,0.6-12.3,0.5c0.3-0.1,5.9-1.8,13.3-1.2\tS227.6,9.9,227.4,9.8z\"\/>\n\t<path class=\"elementor-shape-fill\" d=\"M204.5,13.4c-0.1-0.1,2-1,3.2-1.1c1.2-0.1,2,0,2,0.3c0,0.3-0.1,0.5-1.6,0.4\tC206.4,12.9,204.6,13.5,204.5,13.4z\"\/>\n\t<path class=\"elementor-shape-fill\" d=\"M201,10.6c0-0.1-4.4,1.2-6.3,2.2c-1.9,0.9-6.2,3.1-6.1,3.1c0.1,0.1,4.2-1.6,6.3-2.6\tS201,10.7,201,10.6z\"\/>\n\t<path class=\"elementor-shape-fill\" d=\"M154.5,26.7c-0.1-0.1-4.6,0.3-7.2,0c-7.3-0.7-17-3.2-16.6-2.9c0.4,0.3,13.7,3.1,17,3.3\tC152.6,27.5,154.6,26.8,154.5,26.7z\"\/>\n\t<path class=\"elementor-shape-fill\" d=\"M41.9,19.3c0,0,1.2-0.3,2.9-0.1c1.7,0.2,5.8,0.9,8.2,0.7c4.2-0.4,7.4-2.7,7-2.6\tc-0.4,0-4.3,2.2-8.6,1.9c-1.8-0.1-5.1-0.5-6.7-0.4S41.9,19.3,41.9,19.3z\"\/>\n\t<path class=\"elementor-shape-fill\" d=\"M75.5,12.6c0.2,0.1,2-0.8,4.3-1.1c2.3-0.2,2.1-0.3,2.1-0.5c0-0.1-1.8-0.4-3.4,0\tC76.9,11.5,75.3,12.5,75.5,12.6z\"\/>\n\t<path class=\"elementor-shape-fill\" d=\"M15.6,13.2c0-0.1,4.3,0,6.7,0.5c2.4,0.5,5,1.9,5,2c0,0.1-2.7-0.8-5.1-1.4\tC19.9,13.7,15.7,13.3,15.6,13.2z\"\/>\n<\/svg>\t\t<\/div>\n\t\t<div class=\"elementor-element elementor-element-3a1f47b e-con-full e-flex e-con e-child\" data-id=\"3a1f47b\" data-element_type=\"container\">\n\t\t\t\t<div class=\"elementor-element elementor-element-46e01c8 elementor-widget elementor-widget-heading\" data-id=\"46e01c8\" data-element_type=\"widget\" data-widget_type=\"heading.default\">\n\t\t\t\t<div class=\"elementor-widget-container\">\n\t\t\t\t\t<h2 class=\"elementor-heading-title elementor-size-default\">N\u00e1\u0161 tip: Arberschutzhaus a 8tis\u00edcov\u00fd z\u00e1jezd<\/h2>\t\t\t\t<\/div>\n\t\t\t\t<\/div>\n\t\t\t\t<div class=\"elementor-element elementor-element-aec0ab4 elementor-widget elementor-widget-text-editor\" data-id=\"aec0ab4\" data-element_type=\"widget\" data-widget_type=\"text-editor.default\">\n\t\t\t\t<div class=\"elementor-widget-container\">\n\t\t\t\t\t\t\t\t\t<p>Absolutn\u00edm vrcholem na Goldsteig je Arberschutzhaus, kter\u00fd tr\u016fn\u00ed ve v\u00fd\u0161ce 1456 metr\u016f na vrcholu Velk\u00e9ho Javoru. Arberschutzhaus je c\u00edlem osmitis\u00edcov\u00e9 t\u00fary, kde m\u016f\u017eete za jeden den vystoupat na osm vrchol\u016f nad 1000 metr\u016f. Tato v\u00fdzva v\u00e1s odm\u011bn\u00ed dechberouc\u00edmi panoramatick\u00fdmi v\u00fdhledy a nesrovnateln\u00fdm pocitem \u00fasp\u011bchu.<\/p>\n\t\t\t\t\t\t\t\t<\/div>\n\t\t\t\t<\/div>\n\t\t\t\t<div class=\"elementor-element elementor-element-a8139f7 elementor-widget elementor-widget-button\" data-id=\"a8139f7\" data-element_type=\"widget\" data-widget_type=\"button.default\">\n\t\t\t\t<div class=\"elementor-widget-container\">\n\t\t\t\t\t\t\t\t\t<div class=\"elementor-button-wrapper\">\n\t\t\t\t\t<a class=\"elementor-button elementor-button-link elementor-size-sm\" href=\"https:\/\/arberschutzhaus.de\/uebernachten\/buchen-reservieren.html?T=628%2Ftypo3conf%2Fext%2Fbootstrap_package%2FResources%2FPublic%2FImages%2Fflags%2Fger.gif\" target=\"_blank\" rel=\"noopener\">\n\t\t\t\t\t\t<span class=\"elementor-button-content-wrapper\">\n\t\t\t\t\t\t\t\t\t<span class=\"elementor-button-text\">Chcete-li rezervovat pokoj v Arberschutzhaus<\/span>\n\t\t\t\t\t<\/span>\n\t\t\t\t\t<\/a>\n\t\t\t\t<\/div>\n\t\t\t\t\t\t\t\t<\/div>\n\t\t\t\t<\/div>\n\t\t\t\t<\/div>\n\t\t<div class=\"elementor-element elementor-element-29516e0 e-con-full e-flex e-con e-child\" data-id=\"29516e0\" data-element_type=\"container\">\n\t\t\t\t<div class=\"elementor-element elementor-element-fbd50fb elementor-widget elementor-widget-jet-instagram-gallery\" data-id=\"fbd50fb\" data-element_type=\"widget\" data-settings=\"{&quot;columns&quot;:3}\" data-widget_type=\"jet-instagram-gallery.default\">\n\t\t\t\t<div class=\"elementor-widget-container\">\n\t\t\t\t\t <div class=\"brlbs-cmpnt-container brlbs-cmpnt-content-blocker brlbs-cmpnt-with-individual-styles\" data-borlabs-cookie-content-blocker-id=\"instagram-jet-elements\" data-borlabs-cookie-content=\"PGRpdiBjbGFzcz0iZWxlbWVudG9yLWpldC1pbnN0YWdyYW0tZ2FsbGVyeSBqZXQtZWxlbWVudHMiPgo8ZGl2IGNsYXNzPSJqZXQtaW5zdGFncmFtLWdhbGxlcnlfX2luc3RhbmNlIGxheW91dC10eXBlLW1hc29ucnkgc2hvdy1vdmVybGF5LW9uLWhvdmVyIHNhbHZhdHRvcmUgY29sdW1uLWRlc2t0b3AtMyBjb2x1bW4tdGFibGV0LTIgY29sdW1uLW1vYmlsZS0xIiBkYXRhLWNvbHVtbnMgZGF0YS1zZXR0aW5ncz0neyJsYXlvdXRUeXBlIjoibWFzb25yeSIsImNvbHVtbnMiOjMsImNvbHVtbnNUYWJsZXQiOiIiLCJjb2x1bW5zTW9iaWxlIjoiIn0nPjxkaXYgY2xhc3M9ImpldC1pbnN0YWdyYW0tZ2FsbGVyeV9faXRlbSAiPjxkaXYgY2xhc3M9ImpldC1pbnN0YWdyYW0tZ2FsbGVyeV9faW5uZXIiPjxhIGNsYXNzPSJqZXQtaW5zdGFncmFtLWdhbGxlcnlfX2xpbmsiIGhyZWY9IiIgdGFyZ2V0PSJfYmxhbmsiIHJlbD0ibm9mb2xsb3ciPjxkaXYgY2xhc3M9ImpldC1pbnN0YWdyYW0tZ2FsbGVyeV9fbWVkaWEiPjwvZGl2PjxkaXYgY2xhc3M9ImpldC1pbnN0YWdyYW0tZ2FsbGVyeV9fY29udGVudCI+PC9kaXY+PC9hPjwvZGl2PjwvZGl2PjwvZGl2Pgo8L2Rpdj4=\"><div class=\"brlbs-cmpnt-cb-preset-b brlbs-cmpnt-cb-instagram-jet-elements\"> <div class=\"brlbs-cmpnt-cb-thumbnail\" style=\"background-image: url('https:\/\/www.arber.de\/wp-content\/uploads\/borlabs-cookie\/1\/cb-instagram-(1)-main.png')\"><\/div> <div class=\"brlbs-cmpnt-cb-main\"> <div class=\"brlbs-cmpnt-cb-content\"> <p class=\"brlbs-cmpnt-cb-description\">You are currently viewing a placeholder content from <strong>Instagram<\/strong>. To access the actual content, click the button below. Please note that doing so will share data with third-party providers.<\/p> <a class=\"brlbs-cmpnt-cb-provider-toggle\" href=\"#\" data-borlabs-cookie-show-provider-information role=\"button\">More Information<\/a> <\/div> <div class=\"brlbs-cmpnt-cb-buttons\"> <a class=\"brlbs-cmpnt-cb-btn\" href=\"#\" data-borlabs-cookie-unblock role=\"button\">Unblock content<\/a> <a class=\"brlbs-cmpnt-cb-btn\" href=\"#\" data-borlabs-cookie-accept-service role=\"button\" style=\"display: inherit\">Accept required service and unblock content<\/a> <\/div> <\/div> <\/div><\/div>\t\t\t\t<\/div>\n\t\t\t\t<\/div>\n\t\t\t\t<\/div>\n\t\t\t\t\t<\/div>\n\t\t\t\t<\/div>\n\t\t\t\t<\/div>\n\t\t","protected":false},"excerpt":{"rendered":"<p>Dobrodru\u017estv\u00ed na vrcholu na Velk\u00e9m Javoru: Odhalen\u00ed kouzla Goldsteigu Objevte fascinaci Goldsteigu Goldsteig je mnohem v\u00edc ne\u017e jen turistick\u00e1 stezka \u2013 je to dobrodru\u017estv\u00ed, kter\u00e9 v\u00e1s provede \u00fachvatnou krajinou Bavorsk\u00e9ho lesa. Goldsteig s celkovou d\u00e9lkou p\u0159es 660 kilometr\u016f nab\u00edz\u00ed nesrovnatelnou p\u0159\u00edle\u017eitost poznat kr\u00e1sy tohoto regionu ve v\u0161ech jeho podob\u00e1ch. Za\u017eijte Goldsteig a objevte kouzlo Bavorsk\u00e9ho [&hellip;]<\/p>\n","protected":false},"author":3,"featured_media":0,"parent":0,"menu_order":0,"comment_status":"closed","ping_status":"closed","template":"","meta":{"inline_featured_image":false,"footnotes":""},"class_list":["post-8538","page","type-page","status-publish","hentry"],"_links":{"self":[{"href":"https:\/\/www.arber.de\/cs\/wp-json\/wp\/v2\/pages\/8538","targetHints":{"allow":["GET"]}}],"collection":[{"href":"https:\/\/www.arber.de\/cs\/wp-json\/wp\/v2\/pages"}],"about":[{"href":"https:\/\/www.arber.de\/cs\/wp-json\/wp\/v2\/types\/page"}],"author":[{"embeddable":true,"href":"https:\/\/www.arber.de\/cs\/wp-json\/wp\/v2\/users\/3"}],"replies":[{"embeddable":true,"href":"https:\/\/www.arber.de\/cs\/wp-json\/wp\/v2\/comments?post=8538"}],"version-history":[{"count":4,"href":"https:\/\/www.arber.de\/cs\/wp-json\/wp\/v2\/pages\/8538\/revisions"}],"predecessor-version":[{"id":9698,"href":"https:\/\/www.arber.de\/cs\/wp-json\/wp\/v2\/pages\/8538\/revisions\/9698"}],"wp:attachment":[{"href":"https:\/\/www.arber.de\/cs\/wp-json\/wp\/v2\/media?parent=8538"}],"curies":[{"name":"wp","href":"https:\/\/api.w.org\/{rel}","templated":true}]}}