{"id":13678,"date":"2025-06-11T09:54:06","date_gmt":"2025-06-11T07:54:06","guid":{"rendered":"https:\/\/www.arber.de\/aktuell\/pocasi\/"},"modified":"2025-06-19T09:41:50","modified_gmt":"2025-06-19T07:41:50","slug":"pocasi","status":"publish","type":"page","link":"https:\/\/www.arber.de\/cs\/aktuell\/pocasi\/","title":{"rendered":"Po\u010das\u00ed"},"content":{"rendered":"\t\t<div data-elementor-type=\"wp-page\" data-elementor-id=\"13678\" class=\"elementor elementor-13678 elementor-13589\" data-elementor-post-type=\"page\">\n\t\t\t\t<div class=\"elementor-element elementor-element-9937468 e-con-full e-flex e-con e-parent\" data-id=\"9937468\" data-element_type=\"container\">\n\t\t\t\t<div class=\"elementor-element elementor-element-f08f6eb elementor-widget elementor-widget-html\" data-id=\"f08f6eb\" data-element_type=\"widget\" data-widget_type=\"html.default\">\n\t\t\t\t<div class=\"elementor-widget-container\">\n\t\t\t\t\t<div class=\"pano-full\">\r\n  <script src=\"https:\/\/static.panomax.com\/front\/gallerythumb\/2.0\/gt.js\" type=\"text\/javascript\"><\/script>\r\n<script type=\"text\/javascript\">\r\n\/\/ <![CDATA[\r\nPmaxGThumb.place({key: \"286000193\", resolution: \"reduced\", width:1920});\r\n\/\/ ]]>\r\n<\/script>\r\n  \r\n   <\/div>\r\n\t\t\t\t<\/div>\n\t\t\t\t<\/div>\n\t\t\t\t<\/div>\n\t\t<div class=\"elementor-element elementor-element-24bf319 e-con-full e-flex e-con e-parent\" data-id=\"24bf319\" data-element_type=\"container\">\n\t\t<div class=\"elementor-element elementor-element-3d90300 e-con-full e-flex e-con e-child\" data-id=\"3d90300\" data-element_type=\"container\">\n\t\t\t\t<div class=\"elementor-element elementor-element-1901ed5 elementor-hidden-tablet elementor-hidden-mobile elementor-widget elementor-widget-html\" data-id=\"1901ed5\" data-element_type=\"widget\" data-widget_type=\"html.default\">\n\t\t\t\t<div class=\"elementor-widget-container\">\n\t\t\t\t\t<script async src=\"https:\/\/pagead2.googlesyndication.com\/pagead\/js\/adsbygoogle.js?client=ca-pub-7227747204893348\"\r\n     crossorigin=\"anonymous\"><\/script><!-- Display Vertical --><ins class=\"adsbygoogle\" style=\"display:inline-block;width:200px;height:600px\" data-ad-client=\"ca-pub-7227747204893348\" data-ad-slot=\"1384623419\"><\/ins><script>(adsbygoogle = window.adsbygoogle || []).push({});\r\n<\/script>\t\t\t\t<\/div>\n\t\t\t\t<\/div>\n\t\t\t\t<div class=\"elementor-element elementor-element-2e16e9b elementor-hidden-tablet elementor-hidden-mobile elementor-widget elementor-widget-html\" data-id=\"2e16e9b\" data-element_type=\"widget\" data-widget_type=\"html.default\">\n\t\t\t\t<div class=\"elementor-widget-container\">\n\t\t\t\t\t<script async src=\"https:\/\/pagead2.googlesyndication.com\/pagead\/js\/adsbygoogle.js?client=ca-pub-7227747204893348\"\r\n     crossorigin=\"anonymous\"><\/script><!-- Display Webcam\/Wetter --><ins class=\"adsbygoogle\" style=\"display:block\" data-ad-client=\"ca-pub-7227747204893348\" data-ad-slot=\"3975520942\" data-ad-format=\"auto\" data-full-width-responsive=\"true\"><\/ins><script>(adsbygoogle = window.adsbygoogle || []).push({});\r\n<\/script>\t\t\t\t<\/div>\n\t\t\t\t<\/div>\n\t\t\t\t<\/div>\n\t\t<div class=\"elementor-element elementor-element-1c44684 e-con-full e-flex e-con e-child\" data-id=\"1c44684\" data-element_type=\"container\" data-settings=\"{&quot;background_background&quot;:&quot;classic&quot;}\">\n\t\t\t\t<div class=\"elementor-element elementor-element-af72f5c elementor-widget elementor-widget-heading\" data-id=\"af72f5c\" data-element_type=\"widget\" data-widget_type=\"heading.default\">\n\t\t\t\t<div class=\"elementor-widget-container\">\n\t\t\t\t\t<h1 class=\"elementor-heading-title elementor-size-default\">Po\u010das\u00ed na Gro\u00dfer Arber  <\/h1>\t\t\t\t<\/div>\n\t\t\t\t<\/div>\n\t\t\t\t<div class=\"elementor-element elementor-element-c402bd9 elementor-widget elementor-widget-heading\" data-id=\"c402bd9\" data-element_type=\"widget\" data-widget_type=\"heading.default\">\n\t\t\t\t<div class=\"elementor-widget-container\">\n\t\t\t\t\t<h2 class=\"elementor-heading-title elementor-size-default\">Denn\u00ed p\u0159ehled<\/h2>\t\t\t\t<\/div>\n\t\t\t\t<\/div>\n\t\t\t\t<div class=\"elementor-element elementor-element-92f0cf2 elementor-widget elementor-widget-html\" data-id=\"92f0cf2\" data-element_type=\"widget\" data-widget_type=\"html.default\">\n\t\t\t\t<div class=\"elementor-widget-container\">\n\t\t\t\t\t<iframe style=\"width: 100%; border: none; height: 260px; background-color: transparent;\" src=\"https:\/\/www.wetter.de\/widget\/heute\/u29rkqqq\/false\/\"><\/iframe><br><a href=\"https:\/\/www.wetter.de\" rel=\"nofollow noopener\" target=\"_blank\"><\/a>\n\n\t\t\t\t<\/div>\n\t\t\t\t<\/div>\n\t\t\t\t<div class=\"elementor-element elementor-element-b8ddc2a elementor-widget elementor-widget-heading\" data-id=\"b8ddc2a\" data-element_type=\"widget\" data-widget_type=\"heading.default\">\n\t\t\t\t<div class=\"elementor-widget-container\">\n\t\t\t\t\t<h2 class=\"elementor-heading-title elementor-size-default\">P\u0159edpov\u011b\u010f po\u010das\u00ed<\/h2>\t\t\t\t<\/div>\n\t\t\t\t<\/div>\n\t\t\t\t<div class=\"elementor-element elementor-element-a24301d elementor-widget elementor-widget-html\" data-id=\"a24301d\" data-element_type=\"widget\" data-widget_type=\"html.default\">\n\t\t\t\t<div class=\"elementor-widget-container\">\n\t\t\t\t\t<iframe style=\"width: 100%; border: none; height: 215px; background-color: transparent;\" src=\"https:\/\/www.wetter.de\/widget\/3tage\/u29rkqqq\/false\/\"><\/iframe><br><a href=\"https:\/\/www.wetter.de\" rel=\"nofollow noopener\" target=\"_blank\" original=\"PC9hPg==\"><\/a>\n\t\t\t\t<\/div>\n\t\t\t\t<\/div>\n\t\t\t\t<\/div>\n\t\t<div class=\"elementor-element elementor-element-a313d85 e-con-full e-flex e-con e-child\" data-id=\"a313d85\" data-element_type=\"container\">\n\t\t\t\t<div class=\"elementor-element elementor-element-e683d7b elementor-hidden-tablet elementor-hidden-mobile elementor-widget elementor-widget-html\" data-id=\"e683d7b\" data-element_type=\"widget\" data-widget_type=\"html.default\">\n\t\t\t\t<div class=\"elementor-widget-container\">\n\t\t\t\t\t<script async src=\"https:\/\/pagead2.googlesyndication.com\/pagead\/js\/adsbygoogle.js?client=ca-pub-7227747204893348\"\r\n     crossorigin=\"anonymous\"><\/script><!-- Display Vertical --><ins class=\"adsbygoogle\" style=\"display:inline-block;width:200px;height:600px\" data-ad-client=\"ca-pub-7227747204893348\" data-ad-slot=\"1384623419\"><\/ins><script>(adsbygoogle = window.adsbygoogle || []).push({});\r\n<\/script>\t\t\t\t<\/div>\n\t\t\t\t<\/div>\n\t\t\t\t<div class=\"elementor-element elementor-element-657138d elementor-widget elementor-widget-html\" data-id=\"657138d\" data-element_type=\"widget\" data-widget_type=\"html.default\">\n\t\t\t\t<div class=\"elementor-widget-container\">\n\t\t\t\t\t<script async src=\"https:\/\/pagead2.googlesyndication.com\/pagead\/js\/adsbygoogle.js?client=ca-pub-7227747204893348\"\r\n     crossorigin=\"anonymous\"><\/script><!-- Display Webcam\/Wetter --><ins class=\"adsbygoogle\" style=\"display:block\" data-ad-client=\"ca-pub-7227747204893348\" data-ad-slot=\"3975520942\" data-ad-format=\"auto\" data-full-width-responsive=\"true\"><\/ins><script>(adsbygoogle = window.adsbygoogle || []).push({});\r\n<\/script>\t\t\t\t<\/div>\n\t\t\t\t<\/div>\n\t\t\t\t<\/div>\n\t\t\t\t<\/div>\n\t\t\t\t<\/div>\n\t\t","protected":false},"excerpt":{"rendered":"<p>Po\u010das\u00ed na Gro\u00dfer Arber Denn\u00ed p\u0159ehled P\u0159edpov\u011b\u010f po\u010das\u00ed<\/p>\n","protected":false},"author":1,"featured_media":0,"parent":8580,"menu_order":0,"comment_status":"closed","ping_status":"closed","template":"","meta":{"inline_featured_image":false,"footnotes":""},"class_list":["post-13678","page","type-page","status-publish","hentry"],"_links":{"self":[{"href":"https:\/\/www.arber.de\/cs\/wp-json\/wp\/v2\/pages\/13678","targetHints":{"allow":["GET"]}}],"collection":[{"href":"https:\/\/www.arber.de\/cs\/wp-json\/wp\/v2\/pages"}],"about":[{"href":"https:\/\/www.arber.de\/cs\/wp-json\/wp\/v2\/types\/page"}],"author":[{"embeddable":true,"href":"https:\/\/www.arber.de\/cs\/wp-json\/wp\/v2\/users\/1"}],"replies":[{"embeddable":true,"href":"https:\/\/www.arber.de\/cs\/wp-json\/wp\/v2\/comments?post=13678"}],"version-history":[{"count":2,"href":"https:\/\/www.arber.de\/cs\/wp-json\/wp\/v2\/pages\/13678\/revisions"}],"predecessor-version":[{"id":13688,"href":"https:\/\/www.arber.de\/cs\/wp-json\/wp\/v2\/pages\/13678\/revisions\/13688"}],"up":[{"embeddable":true,"href":"https:\/\/www.arber.de\/cs\/wp-json\/wp\/v2\/pages\/8580"}],"wp:attachment":[{"href":"https:\/\/www.arber.de\/cs\/wp-json\/wp\/v2\/media?parent=13678"}],"curies":[{"name":"wp","href":"https:\/\/api.w.org\/{rel}","templated":true}]}}