{"id":10662,"date":"2022-12-20T15:55:20","date_gmt":"2022-12-20T14:55:20","guid":{"rendered":"https:\/\/www.arber.de\/skigebiet\/familienskigebiet\/riesenslalom-mit-doppelzeitmessung\/"},"modified":"2026-01-14T08:20:52","modified_gmt":"2026-01-14T07:20:52","slug":"riesenslalom-mit-doppelzeitmessung","status":"publish","type":"page","link":"https:\/\/www.arber.de\/cs\/skigebiet\/familienskigebiet\/riesenslalom-mit-doppelzeitmessung\/","title":{"rendered":"Riesenslalom mit Doppelzeitmessung"},"content":{"rendered":"\t\t<div data-elementor-type=\"wp-page\" data-elementor-id=\"10662\" class=\"elementor elementor-10662 elementor-4728\" data-elementor-post-type=\"page\">\n\t\t\t\t<div class=\"elementor-element elementor-element-19258905 e-con-full e-flex e-con e-parent\" data-id=\"19258905\" data-element_type=\"container\">\n\t\t<div class=\"elementor-element elementor-element-47931e31 e-flex e-con-boxed e-con e-child\" data-id=\"47931e31\" data-element_type=\"container\" data-settings=\"{&quot;background_background&quot;:&quot;classic&quot;,&quot;shape_divider_bottom&quot;:&quot;pyramids&quot;}\">\n\t\t\t\t\t<div class=\"e-con-inner\">\n\t\t\t\t<div class=\"elementor-shape elementor-shape-bottom\" aria-hidden=\"true\" data-negative=\"false\">\n\t\t\t<svg xmlns=\"http:\/\/www.w3.org\/2000\/svg\" viewBox=\"0 0 1000 100\" preserveAspectRatio=\"none\">\n\t<path class=\"elementor-shape-fill\" d=\"M761.9,44.1L643.1,27.2L333.8,98L0,3.8V0l1000,0v3.9\"\/>\n<\/svg>\t\t<\/div>\n\t\t\t\t\t<\/div>\n\t\t\t\t<\/div>\n\t\t<div class=\"elementor-element elementor-element-e40c596 e-flex e-con-boxed e-con e-child\" data-id=\"e40c596\" data-element_type=\"container\" data-settings=\"{&quot;background_background&quot;:&quot;gradient&quot;,&quot;shape_divider_bottom&quot;:&quot;pyramids&quot;}\">\n\t\t\t\t\t<div class=\"e-con-inner\">\n\t\t\t\t<div class=\"elementor-shape elementor-shape-bottom\" aria-hidden=\"true\" data-negative=\"false\">\n\t\t\t<svg xmlns=\"http:\/\/www.w3.org\/2000\/svg\" viewBox=\"0 0 1000 100\" preserveAspectRatio=\"none\">\n\t<path class=\"elementor-shape-fill\" d=\"M761.9,44.1L643.1,27.2L333.8,98L0,3.8V0l1000,0v3.9\"\/>\n<\/svg>\t\t<\/div>\n\t\t\t\t<div class=\"elementor-element elementor-element-1883b11a elementor-widget__width-initial elementor-widget-mobile__width-inherit elementor-widget elementor-widget-heading\" data-id=\"1883b11a\" data-element_type=\"widget\" data-widget_type=\"heading.default\">\n\t\t\t\t<div class=\"elementor-widget-container\">\n\t\t\t\t\t<div class=\"elementor-heading-title elementor-size-default\">Riesenslalom mit Doppelzeitmessung<\/div>\t\t\t\t<\/div>\n\t\t\t\t<\/div>\n\t\t\t\t\t<\/div>\n\t\t\t\t<\/div>\n\t\t\t\t<\/div>\n\t\t<div class=\"elementor-element elementor-element-5b746543 e-flex e-con-boxed e-con e-parent\" data-id=\"5b746543\" data-element_type=\"container\">\n\t\t\t\t\t<div class=\"e-con-inner\">\n\t\t<div class=\"elementor-element elementor-element-6e66b216 e-con-full e-flex e-con e-child\" data-id=\"6e66b216\" data-element_type=\"container\" data-settings=\"{&quot;motion_fx_motion_fx_scrolling&quot;:&quot;yes&quot;,&quot;motion_fx_translateY_effect&quot;:&quot;yes&quot;,&quot;motion_fx_translateY_speed&quot;:{&quot;unit&quot;:&quot;px&quot;,&quot;size&quot;:1.5,&quot;sizes&quot;:[]},&quot;motion_fx_devices&quot;:[&quot;desktop&quot;,&quot;tablet&quot;],&quot;motion_fx_translateY_affectedRange&quot;:{&quot;unit&quot;:&quot;%&quot;,&quot;size&quot;:&quot;&quot;,&quot;sizes&quot;:{&quot;start&quot;:0,&quot;end&quot;:100}}}\">\n\t\t\t\t<div class=\"elementor-element elementor-element-79be0b3 elementor-widget elementor-widget-heading\" data-id=\"79be0b3\" data-element_type=\"widget\" data-widget_type=\"heading.default\">\n\t\t\t\t<div class=\"elementor-widget-container\">\n\t\t\t\t\t<span class=\"elementor-heading-title elementor-size-default\">Sich einmal wie die Gro\u00dfen f\u00fchlen!<\/span>\t\t\t\t<\/div>\n\t\t\t\t<\/div>\n\t\t\t\t<div class=\"elementor-element elementor-element-2ae0692b elementor-widget elementor-widget-heading\" data-id=\"2ae0692b\" data-element_type=\"widget\" data-widget_type=\"heading.default\">\n\t\t\t\t<div class=\"elementor-widget-container\">\n\t\t\t\t\t<h1 class=\"elementor-heading-title elementor-size-default\">\u201eKinder-Weltcup-Parallel-Riesenslalom\u201c<\/h1>\t\t\t\t<\/div>\n\t\t\t\t<\/div>\n\t\t\t\t<div class=\"elementor-element elementor-element-2921a27c elementor-widget elementor-widget-text-editor\" data-id=\"2921a27c\" data-element_type=\"widget\" data-widget_type=\"text-editor.default\">\n\t\t\t\t<div class=\"elementor-widget-container\">\n\t\t\t\t\t\t\t\t\t<p>Welcher junge Gipfelst\u00fcrmer m\u00f6chte nicht gern einmal sein K\u00f6nnen auf einer echten Weltcup-Strecke unter Beweis stellen?<\/p><p>Auf unserer Parallel-Riesenslalom-Strecke lassen wir diesen Traum wahr werden: Zwei Starth\u00e4user und zwei parallel verlaufende Strecken, die eine mit roten und die andere mit blauen Toren ausgeflaggt \u2013 so sieht unsere Arena f\u00fcr spannende Slalom-Wettk\u00e4mpfe aus. Dabei kann sich der Nachwuchs untereinander oder auch mit Ihnen gemeinsam im direkten Vergleich messen.<\/p><p>F\u00fcr Skivereine und -schulen ist unser kinderleichtes und absolut sicheres Schnee\u00adabenteuer gleichfalls bestens geeignet. Sie sind herzlich dazu eingeladen, mit Ihren Sch\u00fctzlingen Ihre Abschlussrennen auf unserem Parallel-Rie\u00adsen\u00adslalom durchf\u00fchren.<\/p><p>Dieses gro\u00dfartige Erleb\u00adnis wird allen Teilnehmern mit Sicherheit noch lange im Ged\u00e4chtnis bleiben.<\/p>\t\t\t\t\t\t\t\t<\/div>\n\t\t\t\t<\/div>\n\t\t\t\t<\/div>\n\t\t<div class=\"elementor-element elementor-element-fe2e375 e-con-full e-flex e-con e-child\" data-id=\"fe2e375\" data-element_type=\"container\" data-settings=\"{&quot;motion_fx_motion_fx_scrolling&quot;:&quot;yes&quot;,&quot;motion_fx_translateY_effect&quot;:&quot;yes&quot;,&quot;motion_fx_translateY_direction&quot;:&quot;negative&quot;,&quot;motion_fx_translateY_speed&quot;:{&quot;unit&quot;:&quot;px&quot;,&quot;size&quot;:3.5,&quot;sizes&quot;:[]},&quot;motion_fx_devices&quot;:[&quot;desktop&quot;,&quot;tablet&quot;],&quot;motion_fx_translateY_affectedRange&quot;:{&quot;unit&quot;:&quot;%&quot;,&quot;size&quot;:&quot;&quot;,&quot;sizes&quot;:{&quot;start&quot;:0,&quot;end&quot;:100}}}\">\n\t\t\t\t<div class=\"elementor-element elementor-element-7d0bc4f3 elementor-widget elementor-widget-image\" data-id=\"7d0bc4f3\" data-element_type=\"widget\" data-widget_type=\"image.default\">\n\t\t\t\t<div class=\"elementor-widget-container\">\n\t\t\t\t\t\t\t\t\t\t\t\t\t\t\t<img fetchpriority=\"high\" decoding=\"async\" width=\"800\" height=\"543\" src=\"https:\/\/www.arber.de\/wp-content\/uploads\/Arber_2013_02.jpg\" class=\"attachment-large size-large wp-image-4736\" alt=\"\" srcset=\"https:\/\/www.arber.de\/wp-content\/uploads\/Arber_2013_02.jpg 800w, https:\/\/www.arber.de\/wp-content\/uploads\/Arber_2013_02-300x204.jpg 300w, https:\/\/www.arber.de\/wp-content\/uploads\/Arber_2013_02-768x521.jpg 768w\" sizes=\"(max-width: 800px) 100vw, 800px\" \/>\t\t\t\t\t\t\t\t\t\t\t\t\t\t\t<\/div>\n\t\t\t\t<\/div>\n\t\t\t\t<\/div>\n\t\t\t\t\t<\/div>\n\t\t\t\t<\/div>\n\t\t<div class=\"elementor-element elementor-element-2af9d33f e-flex e-con-boxed e-con e-parent\" data-id=\"2af9d33f\" data-element_type=\"container\" data-settings=\"{&quot;background_background&quot;:&quot;classic&quot;,&quot;shape_divider_top&quot;:&quot;pyramids&quot;,&quot;shape_divider_bottom&quot;:&quot;pyramids&quot;}\">\n\t\t\t\t\t<div class=\"e-con-inner\">\n\t\t\t\t<div class=\"elementor-shape elementor-shape-top\" aria-hidden=\"true\" data-negative=\"false\">\n\t\t\t<svg xmlns=\"http:\/\/www.w3.org\/2000\/svg\" viewBox=\"0 0 1000 100\" preserveAspectRatio=\"none\">\n\t<path class=\"elementor-shape-fill\" d=\"M761.9,44.1L643.1,27.2L333.8,98L0,3.8V0l1000,0v3.9\"\/>\n<\/svg>\t\t<\/div>\n\t\t\t\t<div class=\"elementor-shape elementor-shape-bottom\" aria-hidden=\"true\" data-negative=\"false\">\n\t\t\t<svg xmlns=\"http:\/\/www.w3.org\/2000\/svg\" viewBox=\"0 0 1000 100\" preserveAspectRatio=\"none\">\n\t<path class=\"elementor-shape-fill\" d=\"M761.9,44.1L643.1,27.2L333.8,98L0,3.8V0l1000,0v3.9\"\/>\n<\/svg>\t\t<\/div>\n\t\t<div class=\"elementor-element elementor-element-312df379 e-flex e-con-boxed e-con e-child\" data-id=\"312df379\" data-element_type=\"container\">\n\t\t\t\t\t<div class=\"e-con-inner\">\n\t\t\t\t<div class=\"elementor-element elementor-element-3b81bc1d elementor-widget elementor-widget-heading\" data-id=\"3b81bc1d\" data-element_type=\"widget\" data-widget_type=\"heading.default\">\n\t\t\t\t<div class=\"elementor-widget-container\">\n\t\t\t\t\t<h2 class=\"elementor-heading-title elementor-size-default\">Der perfekte Abschluss f\u00fcr ein Skiabenteuer<\/h2>\t\t\t\t<\/div>\n\t\t\t\t<\/div>\n\t\t\t\t<div class=\"elementor-element elementor-element-52075ff3 elementor-widget elementor-widget-text-editor\" data-id=\"52075ff3\" data-element_type=\"widget\" data-widget_type=\"text-editor.default\">\n\t\t\t\t<div class=\"elementor-widget-container\">\n\t\t\t\t\t\t\t\t\t<p>Gerade nach einem herausfordernden Skikurs ist unser Parallel-Riesenslalom der sportliche H\u00f6hepunkt f\u00fcr alle Teilnehmer. Hier kann jeder kinderleicht \u00fcberpr\u00fcfen, inwieweit die erlernten wintersportlichen Bewegungsabl\u00e4ufe bereits in Fleisch und Blut \u00fcbergegangen sind und die Schw\u00fcnge sitzen. Gleichzeitig kann die eigene Koordination und Kondition ausgiebig getestet werden.<\/p><p>Zus\u00e4tzlich ist die Wettkampf\u00aderfahrung aus skip\u00e4dagogischer Perspektive sehr wertvoll f\u00fcr die pers\u00f6nliche Entwicklung.\u00a0<\/p><p>Unsere Slalomstrecke ist also das optimale Rundum-Paket f\u00fcr einen gelungenen Skikurs-Abschluss. Die Ergebnis\u00adzeiten werden Ihnen dank einer professionellen Zeitmessanlage, wie im Weltcup \u00fcblich, sofort an unserem Zielhaus angezeigt.<\/p><p>Sollten Sie Fragen zu den Wettkampfregeln haben, geben Ihnen die Aush\u00e4nge im Starthaus unserer ARBER-BERGBAHN die passenden Antworten.<\/p>\t\t\t\t\t\t\t\t<\/div>\n\t\t\t\t<\/div>\n\t\t\t\t\t<\/div>\n\t\t\t\t<\/div>\n\t\t\t\t\t<\/div>\n\t\t\t\t<\/div>\n\t\t<div class=\"elementor-element elementor-element-7925a33 e-flex e-con-boxed e-con e-parent\" data-id=\"7925a33\" data-element_type=\"container\">\n\t\t\t\t\t<div class=\"e-con-inner\">\n\t\t<div class=\"elementor-element elementor-element-91a1640 e-con-full e-flex e-con e-child\" data-id=\"91a1640\" data-element_type=\"container\">\n\t\t\t\t<div class=\"elementor-element elementor-element-5096a61d elementor-widget elementor-widget-heading\" data-id=\"5096a61d\" data-element_type=\"widget\" data-widget_type=\"heading.default\">\n\t\t\t\t<div class=\"elementor-widget-container\">\n\t\t\t\t\t<h2 class=\"elementor-heading-title elementor-size-default\">Gruppenreservierung<\/h2>\t\t\t\t<\/div>\n\t\t\t\t<\/div>\n\t\t\t\t<div class=\"elementor-element elementor-element-ae4f802 elementor-widget elementor-widget-text-editor\" data-id=\"ae4f802\" data-element_type=\"widget\" data-widget_type=\"text-editor.default\">\n\t\t\t\t<div class=\"elementor-widget-container\">\n\t\t\t\t\t\t\t\t\t<p>Sie sind eine <strong>Schulklasse<\/strong> oder eine <strong>Gruppe<\/strong> mit mehr als <strong>10 Personen<\/strong>?<\/p><p>Aufgrund der gro\u00dfen Nachfrage bitten wir Sie, sich f\u00fcr die Anmeldung direkt an die folgende Telefonnummer am Thurnhoflift zu wenden:<\/p>\t\t\t\t\t\t\t\t<\/div>\n\t\t\t\t<\/div>\n\t\t\t\t<div class=\"elementor-element elementor-element-d8cd20d elementor-icon-list--layout-traditional elementor-list-item-link-full_width elementor-widget elementor-widget-icon-list\" data-id=\"d8cd20d\" data-element_type=\"widget\" data-widget_type=\"icon-list.default\">\n\t\t\t\t<div class=\"elementor-widget-container\">\n\t\t\t\t\t\t\t<ul class=\"elementor-icon-list-items\">\n\t\t\t\t\t\t\t<li class=\"elementor-icon-list-item\">\n\t\t\t\t\t\t\t\t\t\t\t<a href=\"tel:+499925903056\">\n\n\t\t\t\t\t\t\t\t\t\t\t\t<span class=\"elementor-icon-list-icon\">\n\t\t\t\t\t\t\t<svg aria-hidden=\"true\" class=\"e-font-icon-svg e-fas-phone\" viewBox=\"0 0 512 512\" xmlns=\"http:\/\/www.w3.org\/2000\/svg\"><path d=\"M493.4 24.6l-104-24c-11.3-2.6-22.9 3.3-27.5 13.9l-48 112c-4.2 9.8-1.4 21.3 6.9 28l60.6 49.6c-36 76.7-98.9 140.5-177.2 177.2l-49.6-60.6c-6.8-8.3-18.2-11.1-28-6.9l-112 48C3.9 366.5-2 378.1.6 389.4l24 104C27.1 504.2 36.7 512 48 512c256.1 0 464-207.5 464-464 0-11.2-7.7-20.9-18.6-23.4z\"><\/path><\/svg>\t\t\t\t\t\t<\/span>\n\t\t\t\t\t\t\t\t\t\t<span class=\"elementor-icon-list-text\">+49 (0) 9925 9414612<\/span>\n\t\t\t\t\t\t\t\t\t\t\t<\/a>\n\t\t\t\t\t\t\t\t\t<\/li>\n\t\t\t\t\t\t<\/ul>\n\t\t\t\t\t\t<\/div>\n\t\t\t\t<\/div>\n\t\t\t\t<div class=\"elementor-element elementor-element-ca6975b elementor-widget elementor-widget-text-editor\" data-id=\"ca6975b\" data-element_type=\"widget\" data-widget_type=\"text-editor.default\">\n\t\t\t\t<div class=\"elementor-widget-container\">\n\t\t\t\t\t\t\t\t\t<p>Hier erfolgt die Eintragung in die Reservierungslisten.<\/p>\t\t\t\t\t\t\t\t<\/div>\n\t\t\t\t<\/div>\n\t\t\t\t<\/div>\n\t\t<div class=\"elementor-element elementor-element-f67c743 e-con-full e-flex e-con e-child\" data-id=\"f67c743\" data-element_type=\"container\">\n\t\t\t\t<div class=\"elementor-element elementor-element-0418e55 elementor-widget elementor-widget-image\" data-id=\"0418e55\" data-element_type=\"widget\" data-widget_type=\"image.default\">\n\t\t\t\t<div class=\"elementor-widget-container\">\n\t\t\t\t\t\t\t\t\t\t\t\t\t\t\t<img decoding=\"async\" width=\"800\" height=\"521\" src=\"https:\/\/www.arber.de\/wp-content\/uploads\/Arber_2013_38.jpg\" class=\"attachment-large size-large wp-image-4740\" alt=\"\" srcset=\"https:\/\/www.arber.de\/wp-content\/uploads\/Arber_2013_38.jpg 800w, https:\/\/www.arber.de\/wp-content\/uploads\/Arber_2013_38-300x195.jpg 300w, https:\/\/www.arber.de\/wp-content\/uploads\/Arber_2013_38-768x500.jpg 768w\" sizes=\"(max-width: 800px) 100vw, 800px\" \/>\t\t\t\t\t\t\t\t\t\t\t\t\t\t\t<\/div>\n\t\t\t\t<\/div>\n\t\t\t\t<\/div>\n\t\t\t\t\t<\/div>\n\t\t\t\t<\/div>\n\t\t\t\t<\/div>\n\t\t","protected":false},"excerpt":{"rendered":"<p>Riesenslalom mit Doppelzeitmessung Sich einmal wie die Gro\u00dfen f\u00fchlen! \u201eKinder-Weltcup-Parallel-Riesenslalom\u201c Welcher junge Gipfelst\u00fcrmer m\u00f6chte nicht gern einmal sein K\u00f6nnen auf einer echten Weltcup-Strecke unter Beweis stellen? Auf unserer Parallel-Riesenslalom-Strecke lassen wir diesen Traum wahr werden: Zwei Starth\u00e4user und zwei parallel verlaufende Strecken, die eine mit roten und die andere mit blauen Toren ausgeflaggt \u2013 so [&hellip;]<\/p>\n","protected":false},"author":1,"featured_media":0,"parent":10601,"menu_order":0,"comment_status":"closed","ping_status":"closed","template":"","meta":{"inline_featured_image":false,"footnotes":""},"class_list":["post-10662","page","type-page","status-publish","hentry"],"_links":{"self":[{"href":"https:\/\/www.arber.de\/cs\/wp-json\/wp\/v2\/pages\/10662","targetHints":{"allow":["GET"]}}],"collection":[{"href":"https:\/\/www.arber.de\/cs\/wp-json\/wp\/v2\/pages"}],"about":[{"href":"https:\/\/www.arber.de\/cs\/wp-json\/wp\/v2\/types\/page"}],"author":[{"embeddable":true,"href":"https:\/\/www.arber.de\/cs\/wp-json\/wp\/v2\/users\/1"}],"replies":[{"embeddable":true,"href":"https:\/\/www.arber.de\/cs\/wp-json\/wp\/v2\/comments?post=10662"}],"version-history":[{"count":3,"href":"https:\/\/www.arber.de\/cs\/wp-json\/wp\/v2\/pages\/10662\/revisions"}],"predecessor-version":[{"id":14563,"href":"https:\/\/www.arber.de\/cs\/wp-json\/wp\/v2\/pages\/10662\/revisions\/14563"}],"up":[{"embeddable":true,"href":"https:\/\/www.arber.de\/cs\/wp-json\/wp\/v2\/pages\/10601"}],"wp:attachment":[{"href":"https:\/\/www.arber.de\/cs\/wp-json\/wp\/v2\/media?parent=10662"}],"curies":[{"name":"wp","href":"https:\/\/api.w.org\/{rel}","templated":true}]}}