{"id":10660,"date":"2022-12-20T16:13:57","date_gmt":"2022-12-20T15:13:57","guid":{"rendered":"https:\/\/www.arber.de\/skigebiet\/familienskigebiet\/familien-cross-park\/"},"modified":"2022-12-20T16:13:57","modified_gmt":"2022-12-20T15:13:57","slug":"familien-cross-park","status":"publish","type":"page","link":"https:\/\/www.arber.de\/cs\/skigebiet\/familienskigebiet\/familien-cross-park\/","title":{"rendered":"Familien-Cross-Park"},"content":{"rendered":"\t\t<div data-elementor-type=\"wp-page\" data-elementor-id=\"10660\" class=\"elementor elementor-10660 elementor-4752\" data-elementor-post-type=\"page\">\n\t\t\t\t<div class=\"elementor-element elementor-element-60248095 e-con-full e-flex e-con e-parent\" data-id=\"60248095\" data-element_type=\"container\">\n\t\t<div class=\"elementor-element elementor-element-3b10a6d1 e-flex e-con-boxed e-con e-parent\" data-id=\"3b10a6d1\" data-element_type=\"container\" data-settings=\"{&quot;background_background&quot;:&quot;classic&quot;,&quot;shape_divider_bottom&quot;:&quot;pyramids&quot;}\">\n\t\t\t\t\t<div class=\"e-con-inner\">\n\t\t\t\t<div class=\"elementor-shape elementor-shape-bottom\" aria-hidden=\"true\" data-negative=\"false\">\n\t\t\t<svg xmlns=\"http:\/\/www.w3.org\/2000\/svg\" viewBox=\"0 0 1000 100\" preserveAspectRatio=\"none\">\n\t<path class=\"elementor-shape-fill\" d=\"M761.9,44.1L643.1,27.2L333.8,98L0,3.8V0l1000,0v3.9\"\/>\n<\/svg>\t\t<\/div>\n\t\t\t\t\t<\/div>\n\t\t\t\t<\/div>\n\t\t<div class=\"elementor-element elementor-element-7ebe5432 e-flex e-con-boxed e-con e-parent\" data-id=\"7ebe5432\" data-element_type=\"container\" data-settings=\"{&quot;background_background&quot;:&quot;gradient&quot;,&quot;shape_divider_bottom&quot;:&quot;pyramids&quot;}\">\n\t\t\t\t\t<div class=\"e-con-inner\">\n\t\t\t\t<div class=\"elementor-shape elementor-shape-bottom\" aria-hidden=\"true\" data-negative=\"false\">\n\t\t\t<svg xmlns=\"http:\/\/www.w3.org\/2000\/svg\" viewBox=\"0 0 1000 100\" preserveAspectRatio=\"none\">\n\t<path class=\"elementor-shape-fill\" d=\"M761.9,44.1L643.1,27.2L333.8,98L0,3.8V0l1000,0v3.9\"\/>\n<\/svg>\t\t<\/div>\n\t\t\t\t<div class=\"elementor-element elementor-element-5b385408 elementor-widget__width-initial elementor-widget-mobile__width-inherit elementor-widget elementor-widget-heading\" data-id=\"5b385408\" data-element_type=\"widget\" data-widget_type=\"heading.default\">\n\t\t\t\t<div class=\"elementor-widget-container\">\n\t\t\t\t\t<h1 class=\"elementor-heading-title elementor-size-default\">Familien-Cross-Park am Thurnhofhang<\/h1>\t\t\t\t<\/div>\n\t\t\t\t<\/div>\n\t\t\t\t\t<\/div>\n\t\t\t\t<\/div>\n\t\t\t\t<\/div>\n\t\t<div class=\"elementor-element elementor-element-1b8d0fa8 e-flex e-con-boxed e-con e-parent\" data-id=\"1b8d0fa8\" data-element_type=\"container\">\n\t\t\t\t\t<div class=\"e-con-inner\">\n\t\t<div class=\"elementor-element elementor-element-5e2178c8 e-con-full e-flex e-con e-parent\" data-id=\"5e2178c8\" data-element_type=\"container\" data-settings=\"{&quot;motion_fx_motion_fx_scrolling&quot;:&quot;yes&quot;,&quot;motion_fx_translateY_effect&quot;:&quot;yes&quot;,&quot;motion_fx_translateY_speed&quot;:{&quot;unit&quot;:&quot;px&quot;,&quot;size&quot;:1.5,&quot;sizes&quot;:[]},&quot;motion_fx_devices&quot;:[&quot;desktop&quot;,&quot;tablet&quot;],&quot;motion_fx_translateY_affectedRange&quot;:{&quot;unit&quot;:&quot;%&quot;,&quot;size&quot;:&quot;&quot;,&quot;sizes&quot;:{&quot;start&quot;:0,&quot;end&quot;:100}}}\">\n\t\t\t\t<div class=\"elementor-element elementor-element-1b05c62d elementor-widget elementor-widget-heading\" data-id=\"1b05c62d\" data-element_type=\"widget\" data-widget_type=\"heading.default\">\n\t\t\t\t<div class=\"elementor-widget-container\">\n\t\t\t\t\t<h2 class=\"elementor-heading-title elementor-size-default\">Auf die Wellen, fertig, los...<\/h2>\t\t\t\t<\/div>\n\t\t\t\t<\/div>\n\t\t\t\t<div class=\"elementor-element elementor-element-31f9d898 elementor-widget elementor-widget-text-editor\" data-id=\"31f9d898\" data-element_type=\"widget\" data-widget_type=\"text-editor.default\">\n\t\t\t\t<div class=\"elementor-widget-container\">\n\t\t\t\t\t\t\t\t\t<p>Der Familien-Cross-Park beinhaltet vorwiegend Spa\u00dfwellen und niedrige Spr\u00fcnge. Damit \u00e4hnelt er sehr stark einem kleinen Boarder-Cross-Park und ist mit seiner Ausstattung ein echtes Kinder-Skihighlight im Bayerischen Wald.\u00a0<\/p><p>Bei unseren jungen G\u00e4sten kommt er vor allem aufgrund seiner einfachen Befahr\u00adbarkeit besonders gut an. Er sorgt f\u00fcr riesigen Spa\u00df und ist gleichzeitig vollkommen ungef\u00e4hrlich. Da die weichen Wellen und H\u00fcgel problemlos zu meistern sind, verbessern die kleinen und gro\u00dfen Schneehelden schnell und nachhaltig ihr Skifahr- bzw. Boardergef\u00fchl. Steilkurven und kleine Spr\u00fcnge erh\u00f6hen zus\u00e4tzlich den Pistenspa\u00df.<\/p><p>Haben Ihre Kinder erfolgreich das ArB\u00e4r-Kinderland gemeistert, warten neue Herausforderungen auf sie in unserem Familien-Cross-Park. Damit bieten wir den Kleinen einen konstanten skip\u00e4dagogischen Fortschritt. Werden alle Stufen mit Geduld und Ehrgeiz bew\u00e4ltigt, ist auch die gro\u00dfe Abfahrt vom Arber-Gipfel kein Problem mehr.<\/p>\t\t\t\t\t\t\t\t<\/div>\n\t\t\t\t<\/div>\n\t\t\t\t<\/div>\n\t\t<div class=\"elementor-element elementor-element-1aa9ad16 e-con-full e-flex e-con e-parent\" data-id=\"1aa9ad16\" data-element_type=\"container\" data-settings=\"{&quot;motion_fx_motion_fx_scrolling&quot;:&quot;yes&quot;,&quot;motion_fx_translateY_effect&quot;:&quot;yes&quot;,&quot;motion_fx_translateY_direction&quot;:&quot;negative&quot;,&quot;motion_fx_translateY_speed&quot;:{&quot;unit&quot;:&quot;px&quot;,&quot;size&quot;:3.5,&quot;sizes&quot;:[]},&quot;motion_fx_devices&quot;:[&quot;desktop&quot;,&quot;tablet&quot;],&quot;motion_fx_translateY_affectedRange&quot;:{&quot;unit&quot;:&quot;%&quot;,&quot;size&quot;:&quot;&quot;,&quot;sizes&quot;:{&quot;start&quot;:0,&quot;end&quot;:100}}}\">\n\t\t\t\t<div class=\"elementor-element elementor-element-383643b1 elementor-widget elementor-widget-image\" data-id=\"383643b1\" data-element_type=\"widget\" data-widget_type=\"image.default\">\n\t\t\t\t<div class=\"elementor-widget-container\">\n\t\t\t\t\t\t\t\t\t\t\t\t\t\t\t<img fetchpriority=\"high\" decoding=\"async\" width=\"800\" height=\"499\" src=\"https:\/\/www.arber.de\/wp-content\/uploads\/Arber__Funpark__Schanze_6_bearbeitet-1-1024x639.jpg\" class=\"attachment-large size-large wp-image-4763\" alt=\"\" srcset=\"https:\/\/www.arber.de\/wp-content\/uploads\/Arber__Funpark__Schanze_6_bearbeitet-1-1024x639.jpg 1024w, https:\/\/www.arber.de\/wp-content\/uploads\/Arber__Funpark__Schanze_6_bearbeitet-1-300x187.jpg 300w, https:\/\/www.arber.de\/wp-content\/uploads\/Arber__Funpark__Schanze_6_bearbeitet-1-768x480.jpg 768w, https:\/\/www.arber.de\/wp-content\/uploads\/Arber__Funpark__Schanze_6_bearbeitet-1-1536x959.jpg 1536w, https:\/\/www.arber.de\/wp-content\/uploads\/Arber__Funpark__Schanze_6_bearbeitet-1-2048x1279.jpg 2048w\" sizes=\"(max-width: 800px) 100vw, 800px\" \/>\t\t\t\t\t\t\t\t\t\t\t\t\t\t\t<\/div>\n\t\t\t\t<\/div>\n\t\t\t\t<\/div>\n\t\t\t\t\t<\/div>\n\t\t\t\t<\/div>\n\t\t<div class=\"elementor-element elementor-element-7f1b28c4 e-flex e-con-boxed e-con e-parent\" data-id=\"7f1b28c4\" data-element_type=\"container\" data-settings=\"{&quot;background_background&quot;:&quot;classic&quot;,&quot;shape_divider_top&quot;:&quot;pyramids&quot;,&quot;shape_divider_bottom&quot;:&quot;pyramids&quot;}\">\n\t\t\t\t\t<div class=\"e-con-inner\">\n\t\t\t\t<div class=\"elementor-shape elementor-shape-top\" aria-hidden=\"true\" data-negative=\"false\">\n\t\t\t<svg xmlns=\"http:\/\/www.w3.org\/2000\/svg\" viewBox=\"0 0 1000 100\" preserveAspectRatio=\"none\">\n\t<path class=\"elementor-shape-fill\" d=\"M761.9,44.1L643.1,27.2L333.8,98L0,3.8V0l1000,0v3.9\"\/>\n<\/svg>\t\t<\/div>\n\t\t\t\t<div class=\"elementor-shape elementor-shape-bottom\" aria-hidden=\"true\" data-negative=\"false\">\n\t\t\t<svg xmlns=\"http:\/\/www.w3.org\/2000\/svg\" viewBox=\"0 0 1000 100\" preserveAspectRatio=\"none\">\n\t<path class=\"elementor-shape-fill\" d=\"M761.9,44.1L643.1,27.2L333.8,98L0,3.8V0l1000,0v3.9\"\/>\n<\/svg>\t\t<\/div>\n\t\t<div class=\"elementor-element elementor-element-78ef604f e-con-full e-flex e-con e-parent\" data-id=\"78ef604f\" data-element_type=\"container\">\n\t\t\t\t<div class=\"elementor-element elementor-element-4ff796d elementor-widget elementor-widget-heading\" data-id=\"4ff796d\" data-element_type=\"widget\" data-widget_type=\"heading.default\">\n\t\t\t\t<div class=\"elementor-widget-container\">\n\t\t\t\t\t<h2 class=\"elementor-heading-title elementor-size-default\">Kinderrails \u2013 kleine Hindernisse f\u00fcr gro\u00dfe Schneehelden<\/h2>\t\t\t\t<\/div>\n\t\t\t\t<\/div>\n\t\t\t\t<div class=\"elementor-element elementor-element-4cf6320d elementor-widget elementor-widget-text-editor\" data-id=\"4cf6320d\" data-element_type=\"widget\" data-widget_type=\"text-editor.default\">\n\t\t\t\t<div class=\"elementor-widget-container\">\n\t\t\t\t\t\t\t\t\t<p>Neben den vielf\u00e4ltigen Herausforderungen im Familien-Cross-Park bieten wir Ihnen und Ihren Kleinen noch weitere alters- und leistungsgerechte Hindernisse.<\/p><p>So finden Sie im ArB\u00e4r-Kinderland unsere abenteuerreichen Kinderrails, auf denen alle Anf\u00e4nger ungest\u00f6rt und abgesichert ihre ersten Skierfahrungen sammeln k\u00f6nnen. Da unsere Kinderrails zusammen mit dem Deutschen Skilehrerverband e.V. entwickelt wurden, \u00fcber\u00adzeugen sie durch allerh\u00f6chste Sicherheits\u00adstan\u00addards. Dar\u00fcber hinaus eignen sie sich optimal f\u00fcr abwechslungsreiche Lehrprogramme und Schulungen.<\/p><p>Die Bel\u00e4ge unserer Kinderrails sind in einem auf\u00adf\u00e4lligen Blau gef\u00e4rbt und verf\u00fcgen \u00fcber keinen Metallrahmen.<\/p>\t\t\t\t\t\t\t\t<\/div>\n\t\t\t\t<\/div>\n\t\t\t\t<\/div>\n\t\t<div class=\"elementor-element elementor-element-65268fda e-con-full e-flex e-con e-parent\" data-id=\"65268fda\" data-element_type=\"container\">\n\t\t\t\t<div class=\"elementor-element elementor-element-e9d5371 elementor-widget elementor-widget-heading\" data-id=\"e9d5371\" data-element_type=\"widget\" data-widget_type=\"heading.default\">\n\t\t\t\t<div class=\"elementor-widget-container\">\n\t\t\t\t\t<h2 class=\"elementor-heading-title elementor-size-default\">Spa\u00dfwellen \u2013 Funpark-Vergn\u00fcgen f\u00fcr Jung und Alt<\/h2>\t\t\t\t<\/div>\n\t\t\t\t<\/div>\n\t\t\t\t<div class=\"elementor-element elementor-element-14c9d96 elementor-widget elementor-widget-text-editor\" data-id=\"14c9d96\" data-element_type=\"widget\" data-widget_type=\"text-editor.default\">\n\t\t\t\t<div class=\"elementor-widget-container\">\n\t\t\t\t\t\t\t\t\t<p>Die linke Linie durch den Familien-Cross-Park startet mit einer Reihe von Wellen. Diese k\u00f6nnen Sie problem- und risikolos zusammen mit Ihren Kindern befahren und dabei viele spannende Abenteuer erleben.<\/p><p>Trotz des einfachen Terrains sollten Sie nat\u00fcrlich auf die passende Kleidung und Ausr\u00fcstung achten. Auch das Tragen eines Skihelms empfiehlt sich in jedem Fall. Uns ist besonders daran gelegen, dass Sie Ihren Schneespa\u00df sicher genie\u00dfen k\u00f6nnen.<\/p>\t\t\t\t\t\t\t\t<\/div>\n\t\t\t\t<\/div>\n\t\t\t\t<\/div>\n\t\t\t\t\t<\/div>\n\t\t\t\t<\/div>\n\t\t<div class=\"elementor-element elementor-element-16c37ffd e-flex e-con-boxed e-con e-parent\" data-id=\"16c37ffd\" data-element_type=\"container\">\n\t\t\t\t\t<div class=\"e-con-inner\">\n\t\t\t\t<div class=\"elementor-element elementor-element-21db2e2c elementor-widget elementor-widget-gallery\" data-id=\"21db2e2c\" data-element_type=\"widget\" data-settings=\"{&quot;columns_mobile&quot;:2,&quot;aspect_ratio&quot;:&quot;1:1&quot;,&quot;columns&quot;:2,&quot;lazyload&quot;:&quot;yes&quot;,&quot;gallery_layout&quot;:&quot;grid&quot;,&quot;columns_tablet&quot;:2,&quot;gap&quot;:{&quot;unit&quot;:&quot;px&quot;,&quot;size&quot;:10,&quot;sizes&quot;:[]},&quot;gap_tablet&quot;:{&quot;unit&quot;:&quot;px&quot;,&quot;size&quot;:10,&quot;sizes&quot;:[]},&quot;gap_mobile&quot;:{&quot;unit&quot;:&quot;px&quot;,&quot;size&quot;:10,&quot;sizes&quot;:[]},&quot;link_to&quot;:&quot;file&quot;,&quot;overlay_background&quot;:&quot;yes&quot;,&quot;content_hover_animation&quot;:&quot;fade-in&quot;}\" data-widget_type=\"gallery.default\">\n\t\t\t\t<div class=\"elementor-widget-container\">\n\t\t\t\t\t\t\t<div class=\"elementor-gallery__container\">\n\t\t\t\t\t\t\t<a class=\"e-gallery-item elementor-gallery-item elementor-animated-content\" href=\"https:\/\/www.arber.de\/wp-content\/uploads\/Bild24-2010.jpg\" data-elementor-open-lightbox=\"yes\" data-elementor-lightbox-slideshow=\"21db2e2c\" data-e-action-hash=\"#elementor-action%3Aaction%3Dlightbox%26settings%3DeyJpZCI6NDc1OCwidXJsIjoiaHR0cHM6XC9cL3d3dy5hcmJlci5kZVwvd3AtY29udGVudFwvdXBsb2Fkc1wvQmlsZDI0LTIwMTAuanBnIiwic2xpZGVzaG93IjoiMjFkYjJlMmMifQ%3D%3D\">\n\t\t\t\t\t<div class=\"e-gallery-image elementor-gallery-item__image\" data-thumbnail=\"https:\/\/www.arber.de\/wp-content\/uploads\/Bild24-2010.jpg\" data-width=\"800\" data-height=\"523\" aria-label=\"Snowboardfahrer auf der Piste im Familienskigebiet Gro\u00dfer Arber\" role=\"img\" ><\/div>\n\t\t\t\t\t\t\t\t\t\t\t<div class=\"elementor-gallery-item__overlay\"><\/div>\n\t\t\t\t\t\t\t\t\t\t\t\t\t\t<\/a>\n\t\t\t\t\t\t\t<a class=\"e-gallery-item elementor-gallery-item elementor-animated-content\" href=\"https:\/\/www.arber.de\/wp-content\/uploads\/Arber_2013_40-scaled.jpg\" data-elementor-open-lightbox=\"yes\" data-elementor-lightbox-slideshow=\"21db2e2c\" data-e-action-hash=\"#elementor-action%3Aaction%3Dlightbox%26settings%3DeyJpZCI6NDc2NiwidXJsIjoiaHR0cHM6XC9cL3d3dy5hcmJlci5kZVwvd3AtY29udGVudFwvdXBsb2Fkc1wvQXJiZXJfMjAxM180MC1zY2FsZWQuanBnIiwic2xpZGVzaG93IjoiMjFkYjJlMmMifQ%3D%3D\">\n\t\t\t\t\t<div class=\"e-gallery-image elementor-gallery-item__image\" data-thumbnail=\"https:\/\/www.arber.de\/wp-content\/uploads\/Arber_2013_40-1024x673.jpg\" data-width=\"800\" data-height=\"526\" aria-label=\"Kind beim Skikurs im Kinderland im Familienskigebiet Gro\u00dfer Arber\" role=\"img\" ><\/div>\n\t\t\t\t\t\t\t\t\t\t\t<div class=\"elementor-gallery-item__overlay\"><\/div>\n\t\t\t\t\t\t\t\t\t\t\t\t\t\t<\/a>\n\t\t\t\t\t<\/div>\n\t\t\t\t\t<\/div>\n\t\t\t\t<\/div>\n\t\t\t\t\t<\/div>\n\t\t\t\t<\/div>\n\t\t\t\t<\/div>\n\t\t","protected":false},"excerpt":{"rendered":"<p>Familien-Cross-Park am Thurnhofhang Auf die Wellen, fertig, los&#8230; Der Familien-Cross-Park beinhaltet vorwiegend Spa\u00dfwellen und niedrige Spr\u00fcnge. Damit \u00e4hnelt er sehr stark einem kleinen Boarder-Cross-Park und ist mit seiner Ausstattung ein echtes Kinder-Skihighlight im Bayerischen Wald.\u00a0 Bei unseren jungen G\u00e4sten kommt er vor allem aufgrund seiner einfachen Befahr\u00adbarkeit besonders gut an. Er sorgt f\u00fcr riesigen Spa\u00df [&hellip;]<\/p>\n","protected":false},"author":1,"featured_media":0,"parent":10601,"menu_order":0,"comment_status":"closed","ping_status":"closed","template":"","meta":{"inline_featured_image":false,"footnotes":""},"class_list":["post-10660","page","type-page","status-publish","hentry"],"_links":{"self":[{"href":"https:\/\/www.arber.de\/cs\/wp-json\/wp\/v2\/pages\/10660","targetHints":{"allow":["GET"]}}],"collection":[{"href":"https:\/\/www.arber.de\/cs\/wp-json\/wp\/v2\/pages"}],"about":[{"href":"https:\/\/www.arber.de\/cs\/wp-json\/wp\/v2\/types\/page"}],"author":[{"embeddable":true,"href":"https:\/\/www.arber.de\/cs\/wp-json\/wp\/v2\/users\/1"}],"replies":[{"embeddable":true,"href":"https:\/\/www.arber.de\/cs\/wp-json\/wp\/v2\/comments?post=10660"}],"version-history":[{"count":0,"href":"https:\/\/www.arber.de\/cs\/wp-json\/wp\/v2\/pages\/10660\/revisions"}],"up":[{"embeddable":true,"href":"https:\/\/www.arber.de\/cs\/wp-json\/wp\/v2\/pages\/10601"}],"wp:attachment":[{"href":"https:\/\/www.arber.de\/cs\/wp-json\/wp\/v2\/media?parent=10660"}],"curies":[{"name":"wp","href":"https:\/\/api.w.org\/{rel}","templated":true}]}}