{"id":10646,"date":"2022-11-17T14:27:03","date_gmt":"2022-11-17T13:27:03","guid":{"rendered":"https:\/\/www.arber.de\/fis-verhaltensregeln\/"},"modified":"2022-11-17T14:27:03","modified_gmt":"2022-11-17T13:27:03","slug":"fis-verhaltensregeln","status":"publish","type":"page","link":"https:\/\/www.arber.de\/cs\/fis-verhaltensregeln\/","title":{"rendered":"FIS \u2013 Verhaltensregeln"},"content":{"rendered":"\t\t<div data-elementor-type=\"wp-page\" data-elementor-id=\"10646\" class=\"elementor elementor-10646 elementor-3357\" data-elementor-post-type=\"page\">\n\t\t\t\t<div class=\"elementor-element elementor-element-4a45f5b7 e-con-full e-flex e-con e-parent\" data-id=\"4a45f5b7\" data-element_type=\"container\" data-settings=\"{&quot;shape_divider_bottom&quot;:&quot;pyramids&quot;}\">\n\t\t\t\t<div class=\"elementor-shape elementor-shape-bottom\" aria-hidden=\"true\" data-negative=\"false\">\n\t\t\t<svg xmlns=\"http:\/\/www.w3.org\/2000\/svg\" viewBox=\"0 0 1000 100\" preserveAspectRatio=\"none\">\n\t<path class=\"elementor-shape-fill\" d=\"M761.9,44.1L643.1,27.2L333.8,98L0,3.8V0l1000,0v3.9\"\/>\n<\/svg>\t\t<\/div>\n\t\t<div class=\"elementor-element elementor-element-ed082e9 e-flex e-con-boxed e-con e-parent\" data-id=\"ed082e9\" data-element_type=\"container\" data-settings=\"{&quot;background_background&quot;:&quot;classic&quot;,&quot;shape_divider_bottom&quot;:&quot;pyramids&quot;}\">\n\t\t\t\t\t<div class=\"e-con-inner\">\n\t\t\t\t<div class=\"elementor-shape elementor-shape-bottom\" aria-hidden=\"true\" data-negative=\"false\">\n\t\t\t<svg xmlns=\"http:\/\/www.w3.org\/2000\/svg\" viewBox=\"0 0 1000 100\" preserveAspectRatio=\"none\">\n\t<path class=\"elementor-shape-fill\" d=\"M761.9,44.1L643.1,27.2L333.8,98L0,3.8V0l1000,0v3.9\"\/>\n<\/svg>\t\t<\/div>\n\t\t\t\t\t<\/div>\n\t\t\t\t<\/div>\n\t\t<div class=\"elementor-element elementor-element-605ec6dd e-flex e-con-boxed e-con e-parent\" data-id=\"605ec6dd\" data-element_type=\"container\" data-settings=\"{&quot;background_background&quot;:&quot;gradient&quot;,&quot;shape_divider_bottom&quot;:&quot;pyramids&quot;}\">\n\t\t\t\t\t<div class=\"e-con-inner\">\n\t\t\t\t<div class=\"elementor-shape elementor-shape-bottom\" aria-hidden=\"true\" data-negative=\"false\">\n\t\t\t<svg xmlns=\"http:\/\/www.w3.org\/2000\/svg\" viewBox=\"0 0 1000 100\" preserveAspectRatio=\"none\">\n\t<path class=\"elementor-shape-fill\" d=\"M761.9,44.1L643.1,27.2L333.8,98L0,3.8V0l1000,0v3.9\"\/>\n<\/svg>\t\t<\/div>\n\t\t\t\t<div class=\"elementor-element elementor-element-218f77a4 elementor-widget__width-initial elementor-widget-mobile__width-inherit elementor-widget elementor-widget-heading\" data-id=\"218f77a4\" data-element_type=\"widget\" data-widget_type=\"heading.default\">\n\t\t\t\t<div class=\"elementor-widget-container\">\n\t\t\t\t\t<h1 class=\"elementor-heading-title elementor-size-default\">FIS \u2013 Verhaltensregeln<\/h1>\t\t\t\t<\/div>\n\t\t\t\t<\/div>\n\t\t\t\t\t<\/div>\n\t\t\t\t<\/div>\n\t\t\t\t<\/div>\n\t\t<div class=\"elementor-element elementor-element-479aac0 e-flex e-con-boxed e-con e-parent\" data-id=\"479aac0\" data-element_type=\"container\">\n\t\t\t\t\t<div class=\"e-con-inner\">\n\t\t\t\t<div class=\"elementor-element elementor-element-5ab8238 elementor-widget elementor-widget-heading\" data-id=\"5ab8238\" data-element_type=\"widget\" data-widget_type=\"heading.default\">\n\t\t\t\t<div class=\"elementor-widget-container\">\n\t\t\t\t\t<h2 class=\"elementor-heading-title elementor-size-default\">Unsere Tipps f\u00fcr mehr Sicherheit auf der Piste<\/h2>\t\t\t\t<\/div>\n\t\t\t\t<\/div>\n\t\t\t\t<div class=\"elementor-element elementor-element-a297048 elementor-widget elementor-widget-text-editor\" data-id=\"a297048\" data-element_type=\"widget\" data-widget_type=\"text-editor.default\">\n\t\t\t\t<div class=\"elementor-widget-container\">\n\t\t\t\t\t\t\t\t\t<p>Wenn man auf der Piste unterwegs ist, ist man normalerweise nicht allein unterwegs. Hier hei\u00dft es Vorsicht und R\u00fccksicht nehmen auf andere und Mitfahrer. So sollte man zum Beispiel je nach Situation und Besucherzahl der Piste seine Geschwingkeit und den Fahrstil anpassen.<\/p>\t\t\t\t\t\t\t\t<\/div>\n\t\t\t\t<\/div>\n\t\t\t\t\t<\/div>\n\t\t\t\t<\/div>\n\t\t<div class=\"elementor-element elementor-element-b72242e e-flex e-con-boxed e-con e-parent\" data-id=\"b72242e\" data-element_type=\"container\">\n\t\t\t\t\t<div class=\"e-con-inner\">\n\t\t\t\t<div class=\"elementor-element elementor-element-ada26c4 elementor-widget elementor-widget-jet-tabs\" data-id=\"ada26c4\" data-element_type=\"widget\" data-settings=\"{&quot;tabs_position&quot;:&quot;left&quot;,&quot;tabs_position_mobile&quot;:&quot;top&quot;,&quot;no_active_tabs&quot;:&quot;false&quot;}\" data-widget_type=\"jet-tabs.default\">\n\t\t\t\t<div class=\"elementor-widget-container\">\n\t\t\t\t\t\n\t\t<div class=\"jet-tabs jet-tabs-position-left jet-tabs-fall-perspective-effect \" data-settings=\"{&quot;activeIndex&quot;:0,&quot;event&quot;:&quot;click&quot;,&quot;autoSwitch&quot;:false,&quot;autoSwitchDelay&quot;:3000,&quot;ajaxTemplate&quot;:false,&quot;tabsPosition&quot;:&quot;left&quot;,&quot;switchScrolling&quot;:true,&quot;switchScrollingOffset&quot;:{&quot;unit&quot;:&quot;px&quot;,&quot;size&quot;:60,&quot;sizes&quot;:[]}}\">\n\t\t\t<div class=\"jet-tabs__control-wrapper \" role=\"tablist\">\n                                    <div id=\"jet-tabs-control-1821\" class=\"jet-tabs__control jet-tabs__control-icon-left elementor-menu-anchor active-tab \" data-tab=\"1\" tabindex=\"0\" role=\"tab\" aria-controls=\"jet-tabs-content-1821\" aria-expanded=\"true\" data-template-id=\"false\"><div class=\"jet-tabs__control-inner\"><div class=\"jet-tabs__label-text\">FIS Verhaltensregeln f\u00fcr Ski- und Snowboardfahrer<\/div><\/div><\/div><div id=\"jet-tabs-control-1822\" class=\"jet-tabs__control jet-tabs__control-icon-left elementor-menu-anchor  \" data-tab=\"2\" tabindex=\"0\" role=\"tab\" aria-controls=\"jet-tabs-content-1822\" aria-expanded=\"false\" data-template-id=\"false\"><div class=\"jet-tabs__control-inner\"><div class=\"jet-tabs__label-text\">DSV-Tipps zum Verhalten gegen\u00fcber Pistenraupen<\/div><\/div><\/div><div id=\"jet-tabs-control-1823\" class=\"jet-tabs__control jet-tabs__control-icon-left elementor-menu-anchor  \" data-tab=\"3\" tabindex=\"0\" role=\"tab\" aria-controls=\"jet-tabs-content-1823\" aria-expanded=\"false\" data-template-id=\"false\"><div class=\"jet-tabs__control-inner\"><div class=\"jet-tabs__label-text\">DSV-Tipps f\u00fcr Sesselliftfahrer Sonnenhang-Sesselbahn<\/div><\/div><\/div><div id=\"jet-tabs-control-1824\" class=\"jet-tabs__control jet-tabs__control-icon-left elementor-menu-anchor  \" data-tab=\"4\" tabindex=\"0\" role=\"tab\" aria-controls=\"jet-tabs-content-1824\" aria-expanded=\"false\" data-template-id=\"false\"><div class=\"jet-tabs__control-inner\"><div class=\"jet-tabs__label-text\">DSV-Tipps f\u00fcr Sesselliftfahrer Nordhang-Sesselbahn<\/div><\/div><\/div><div id=\"jet-tabs-control-1825\" class=\"jet-tabs__control jet-tabs__control-icon-left elementor-menu-anchor  \" data-tab=\"5\" tabindex=\"0\" role=\"tab\" aria-controls=\"jet-tabs-content-1825\" aria-expanded=\"false\" data-template-id=\"false\"><div class=\"jet-tabs__control-inner\"><div class=\"jet-tabs__label-text\">DSV-Tipps f\u00fcr Schleppliftfahrer<\/div><\/div><\/div><div id=\"jet-tabs-control-1826\" class=\"jet-tabs__control jet-tabs__control-icon-left elementor-menu-anchor  \" data-tab=\"6\" tabindex=\"0\" role=\"tab\" aria-controls=\"jet-tabs-content-1826\" aria-expanded=\"false\" data-template-id=\"false\"><div class=\"jet-tabs__control-inner\"><div class=\"jet-tabs__label-text\">Wichtige Sicherheitsregeln f\u00fcr den Arber-Funpark mit den aufgestellten Rails am Thurnhofhang<\/div><\/div><\/div><div id=\"jet-tabs-control-1827\" class=\"jet-tabs__control jet-tabs__control-icon-left elementor-menu-anchor  \" data-tab=\"7\" tabindex=\"0\" role=\"tab\" aria-controls=\"jet-tabs-content-1827\" aria-expanded=\"false\" data-template-id=\"false\"><div class=\"jet-tabs__control-inner\"><div class=\"jet-tabs__label-text\">Regeln f\u00fcr die Benutzung der Rodelbahn am Arber<\/div><\/div><\/div>\n                    \t\t\t    <\/div>\n\t\t\t<div class=\"jet-tabs__content-wrapper\">\n\t\t\t\t<div id=\"jet-tabs-content-1821\" class=\"jet-tabs__content active-content\" data-tab=\"1\" role=\"tabpanel\" aria-hidden=\"false\" data-template-id=\"false\"><h3>FIS Verhaltensregeln f\u00fcr Ski- und Snowboardfahrer<\/h3><h4>1. R\u00fccksicht auf die anderen Skifahrer und Snowboarder<\/h4><p>Jeder Skifahrer und Snowboarder muss sich so verhalten, dass er keinen anderen gef\u00e4hrdet oder sch\u00e4digt.<\/p><h4>\u00a02. Beherrschung der Geschwindigkeit und der Fahrweise<\/h4><p>Jeder Skifahrer und Snowboarder muss auf Sicht fahren. Er muss seine Geschwindigkeit und seine Fahrweise seinem K\u00f6nnen und den Gel\u00e4nde-, Schnee- und Witterungsverh\u00e4ltnissen sowie der Verkehrsdichte anpassen.<\/p><h4>3. Wahl der Fahrspur<\/h4><p>Der von hinten kommende Skifahrer und Snowboarder muss seine Fahrspur so w\u00e4hlen, dass er vor ihm fahrende Skifahrer und Snowboarder nicht gef\u00e4hrdet.<\/p><h4>4. \u00dcberholen<\/h4><p>\u00dcberholt werden darf von oben oder unten, von rechts oder von links, aber immer nur mit einem Abstand, der dem \u00fcberholten Skifahrer oder Snowboarder f\u00fcr alle seine Bewegungen gen\u00fcgend Raum l\u00e4sst.<\/p><h4>5. Einfahren und Anfahren und hangaufw\u00e4rts Fahren<\/h4><p>Jeder Skifahrer und Snowboarder, der in eine Skiabfahrt einfahren, nach einem Halt wieder anfahren oder hangaufw\u00e4rts schwingen oder fahren will, muss sich nach oben und unten vergewissern, dass er dies ohne Gefahr f\u00fcr sich und andere tun kann.<\/p><h4>6. Anhalten<\/h4><p>Jeder Skifahrer und Snowboarder muss es vermeiden, sich ohne Not an engen oder un\u00fcbersichtlichen Stellen einer Abfahrt aufzuhalten. Ein gest\u00fcrzter Skifahrer oder Snowboarder muss eine solche Stelle so schnell wie m\u00f6glich freimachen.<\/p><h4>7. Aufstieg und Abstieg<\/h4><p>Ein Skifahrer oder Snowboarder, der aufsteigt oder zu Fu\u00df absteigt, muss den Rand der Abfahrt benutzen.<\/p><h4>8. Beachten der Zeichen<\/h4><p>Jeder Skifahrer und Snowboarder muss die Markierung und die Signalisation beachten.<\/p><h4>9. Hilfeleistung<\/h4><p>Bei Unf\u00e4llen ist jeder Skifahrer und Snowboarder zur Hilfeleistung verpflichtet.<\/p><h4>10. Ausweispflicht<\/h4><p>Jeder Skifahrer und Snowboarder, ob Zeuge oder Beteiligter, ob verantwortlich oder nicht, muss im Falle eines Unfalles seine Personalien angeben.<\/p><\/div><div id=\"jet-tabs-content-1822\" class=\"jet-tabs__content \" data-tab=\"2\" role=\"tabpanel\" aria-hidden=\"true\" data-template-id=\"false\"><h3>DSV-Tipps zum Verhalten gegen\u00fcber Pistenraupen<\/h3><h4>1. EIGENVERANTWORTLICHKEIT DES PISTENBENUTZERS<\/h4><p>Mit dem Einsatz von Pistenraupen muss jederzeit auch w\u00e4hrend des Skibetriebs gerechnet werden. Der Pistenbenutzer soll bei seiner Spurwahl stets daran denken, dass die Ger\u00e4te h\u00e4ufig bergw\u00e4rts fahren, schwer lenkbar sind und der Fahrer das Gel\u00e4nde nicht immer rundum voll \u00fcberblicken kann.<\/p><h4>2. ABSTAND HALTEN<\/h4><p>Einer Pistenraupe, egal ob sie f\u00e4hrt oder steht, darf der Pistenbenutzer niemals zu nahe kommen. Er muss immer damit rechnen, dass sie pl\u00f6tzlich die Fahrtrichtung \u00e4ndert, anh\u00e4lt oder r\u00fcckw\u00e4rts f\u00e4hrt. Der Sicherheitsabstand darf deshalb zur Vorder- und R\u00fcckseite 15 Meter, zu den Seiten 3 Meter nicht unterschreiten.<\/p><h4>3. NICHT ANH\u00c4NGEN<\/h4><p>Die Fahrman\u00f6ver der Pistenraupen sind unberechenbar. Anh\u00e4ngen ist lebensgef\u00e4hrlich!.<\/p><p>4. MANCHMAL VERDECKT<br \/>Pistenraupen m\u00fcssen auch im nicht einsehbaren Gel\u00e4nde oder an Engstellen arbeiten. Dabei fahren sie oft bergw\u00e4rts. Mit ihrem pl\u00f6tzlichen Auftauchen ist jederzeit zu rechnen. Der Pistenbenutzer muss deshalb auch zur eigenen Sicherheit stets auf Sicht fahren und Gel\u00e4ndespr\u00fcnge unterlassen.<\/p><h4>5. VORRANG DER PISTENRAUPEN<\/h4><p>Pistenraupen immer den Vorrang einr\u00e4umen und zuerst passieren lassen. Der Pistenbenutzer muss im Zweifel in ausreichendem Abstand anhalten, bis das Ger\u00e4t vorbei ist. Dies gilt vor allem im Bereich von Engstellen.<\/p><h4>6. AM STEILHANG ABRUTSCHGEFAHR<\/h4><p>Am steileren Hang kann die Pistenraupe ins Rutschen kommen. Der unterhalb befindliche Pistenbenutzer soll sie deshalb genau beobachten, gro\u00dfr\u00e4umig Abstand halten und so schnell wie m\u00f6glich ihren Arbeitsbereich verlassen. Im Steilhang niemals oberhalb einer Pistenraupe queren. Bei einem Sturz besteht Gefahr, in das Ger\u00e4t hineinzurutschen.<\/p><h4>7. BEMERKBAR MACHEN<\/h4><p>Wenn ein Pistenbenutzer nicht ausweichen kann (Sturz, Materialdefekt o. \u00e4.), muss er sich dem Fahrer durch m\u00f6glichst deutliche Zeichen bemerkbar machen. Wenn n\u00f6tig, sollen andere Pistenbenutzer den Lenker warnen.<\/p><h4>8. GEFAHR NACH PISTENSCHLUSS ODER BEI PISTENSPERRE<\/h4><p>Nach Pistenschluss oder bei Pistensperre finden Pr\u00e4parierungsarbeiten statt, bei denen die Ger\u00e4te vielfach an \u00fcber 1000 Meter langen Stahlseilen verankert sind. Wegen des oft unsichtbaren oder pl\u00f6tzlich empor schnellenden Seils besteht Lebensgefahr!<\/p><\/div><div id=\"jet-tabs-content-1823\" class=\"jet-tabs__content \" data-tab=\"3\" role=\"tabpanel\" aria-hidden=\"true\" data-template-id=\"false\"><p>Die DSV-Tipps dienen der Sicherheit aller Pistenbenutzer. Anweisungen des Liftpersonals gehen aber im Zweifel vor. Wer Kinder in seiner Obhut hat oder anvertraut bekommt, soll ihnen helfen, die <strong>DSV-Tipps<\/strong> und die Anweisungen des Personals einzuhalten.<\/p><h4>1. Anstellen<\/h4><p>Bitte geordnet anstellen und nicht dr\u00e4ngeln. Keinen Einstiegsplatz frei lassen, um unn\u00f6tige Wartezeiten zu vermeiden. Snowboarder steigen aus der hinteren Bindung.<\/p><h4>2. Einsteigen<\/h4><p>Z\u00fcgig an die Einstiegsstelle bewegen und die St\u00f6cke in eine Hand nehmen. Blick nach hinten wenden und den herannahenden Sessel beobachten.<\/p><p>Nicht schulpflichtige Kinder nur den Sessel gemeinsam mit Erwachsenen benutzen. Dabei d\u00fcrfen nicht mehr als zwei Kinder nebeneinander sitzen.<br \/>Nach dem Hinsetzen schlie\u00dft der Sicherungsb\u00fcgel automatisch in der Station. Ski h\u00e4ngen lassen und ruhig halten, damit es bei der Fahrt nicht zu ungewollten Bindungs\u00f6ffnungen kommt.<\/p><h4>3. W\u00e4hrend der Fahrt<\/h4><p>Bitte ruhig sitzen, Ski in Fahrtrichtung halten und nicht schaukeln. Bis zum Ausstieg fahren. Wer vorzeitig aussteigt, gef\u00e4hrdet sich und andere. Das Hinabwerfen von Gegenst\u00e4nden und das Rauchen ist aus Sicherheits- und Umweltgr\u00fcnden streng verboten.<\/p><h4>4. Fahrtunterbrechung<\/h4><p>Auch bei l\u00e4ngerer Fahrtunterbrechung Ruhe bewahren und Sesselpartner beruhigen. Unbedingt Informationen abwarten, niemals eigenm\u00e4chtig handeln. Abspringen ist lebensgef\u00e4hrlich, weil der H\u00f6henabstand zum Boden immer t\u00e4uscht.<\/p><h4>5. Vor dem Ausstieg<\/h4><p>Rechtzeitig auf das Aussteigen einrichten. Der Sicherungsb\u00fcgel \u00f6ffnet sich automatisch in der Bergstation. Vor der Ankunft die Skispitzen anheben.<\/p><h4>6. Aussteigen<\/h4><p>Zur vorgeschriebenen Seite hin aussteigen und sofort den gesamten Ausstiegsbereich verlassen. Wer hier verweilt, gef\u00e4hrdet die Nachfolgenden und sich selbst.<\/p><\/div><div id=\"jet-tabs-content-1824\" class=\"jet-tabs__content \" data-tab=\"4\" role=\"tabpanel\" aria-hidden=\"true\" data-template-id=\"false\"><p>Die DSV-Tipps dienen der Sicherheit aller Pistenbenutzer. Anweisungen des Liftpersonals gehen aber im Zweifel vor. Wer Kinder in seiner Obhut hat oder anvertraut bekommt, soll ihnen helfen, die <strong>DSV-Tipps<\/strong> und die Anweisungen des Personals einzuhalten.<\/p><h4>1. Anstellen<\/h4><p>Bitte geordnet anstellen und nicht dr\u00e4ngeln. Keinen Einstiegsplatz frei lassen, um unn\u00f6tige Wartezeiten zu vermeiden. Snowboarder steigen aus der hinteren Bindung.<\/p><h4>2. Einsteigen<\/h4><p>Z\u00fcgig an die Einstiegsstelle bewegen und die St\u00f6cke in eine Hand nehmen. Blick nach hinten wenden und den herannahenden Sessel beobachten.<\/p><p>Nicht schulpflichtige Kinder nur den Sessel gemeinsam mit Erwachsenen benutzen. Dabei d\u00fcrfen nicht mehr als zwei Kinder nebeneinander sitzen.<br \/>Nach dem Hinsetzen Sicherungsb\u00fcgel schlie\u00dfen und dabei R\u00fccksicht auf Sesselpartner nehmen. Ski auf die Raster stellen und ruhig halten, damit es bei der Fahrt nicht zu ungewollten Bindungs\u00f6ffnungen kommt.<\/p><h4>3. W\u00e4hrend der Fahrt<\/h4><p>Bitte ruhig sitzen, Ski in Fahrtrichtung halten und nicht schaukeln. Bis zum Ausstieg fahren. Wer vorzeitig aussteigt, gef\u00e4hrdet sich und andere. Das Hinabwerfen von Gegenst\u00e4nden und das Rauchen ist aus Sicherheits- und Umweltgr\u00fcnden streng verboten.<\/p><h4>4. Fahrtunterbrechung<\/h4><p>Auch bei l\u00e4ngerer Fahrtunterbrechung Ruhe bewahren und Sesselpartner beruhigen. Unbedingt Informationen abwarten, niemals eigenm\u00e4chtig handeln. Abspringen ist lebensgef\u00e4hrlich, weil der H\u00f6henabstand zum Boden immer t\u00e4uscht.<\/p><h4>5. Vor dem Ausstieg<\/h4><p>Rechtzeitig auf das Aussteigen einrichten. Sicherungsb\u00fcgel erst bei Erreichen des Hinweisschilds \u00f6ffnen und vor der Ankunft die Skispitzen anheben.<\/p><h4>6. Aussteigen<\/h4><p>Zur vorgeschriebenen Seite hin aussteigen und sofort den gesamten Ausstiegsbereich verlassen. Wer hier verweilt, gef\u00e4hrdet die Nachfolgenden und sich selbst.<\/p><\/div><div id=\"jet-tabs-content-1825\" class=\"jet-tabs__content \" data-tab=\"5\" role=\"tabpanel\" aria-hidden=\"true\" data-template-id=\"false\"><p>Die DSV-Tipps dienen der Sicherheit aller Pistenbenutzer. Anweisungen des Liftpersonals gehen aber im Zweifel vor. Wer Kinder in seiner Obhut hat oder anvertraut bekommt, soll ihnen helfen, die <strong>DSV-Tipps<\/strong> und die Anweisungen des Personals einzuhalten.<\/p><h4>1. Anstellen<\/h4><p>Bitte geordnet paarweise anstellen und nicht vordr\u00e4ngen, um unn\u00f6tige Wartezeiten zu vermeiden. Snowboarder steigen aus der hinteren Bindung.<\/p><h4>2. Einsteigen<\/h4><p>St\u00f6cke in die \u00e4u\u00dfere Hand nehmen und z\u00fcgig an die Einstiegsstelle herantreten. Nach innen wenden und mit der freien Hand nach dem Schleppb\u00fcgel greifen.<\/p><h4>3. Anfahren<\/h4><p>Nicht auf den B\u00fcgel setzen! Aufrecht stehen, leicht gegen den B\u00fcgel lehnen und sich ziehen lassen. Snowboarder stellen den freien Fu\u00df zwischen die Bindungen.<\/p><h4>4. W\u00e4hrend der Fahrt<\/h4><p>Gleichgewicht halten. Bei Doppelb\u00fcgel weder nach au\u00dfen noch auf den B\u00fcgelpartner lehnen.<\/p><h4>5. Keine Experimente<\/h4><p>Auf der Lifttrasse bleiben und nicht Slalom fahren. Niemals vorzeitig aussteigen, damit gef\u00e4hrdet man sich und andere.<\/p><h4>6. Verhalten nach einem Sturz<\/h4><p>Z\u00fcgig zur vorgeschriebenen Seite aussteigen. B\u00fcgel in Zugrichtung loslassen. Seitliches Wegwerfen bringt andere in Gefahr.<\/p><h4>7. Vor dem Ausstieg<\/h4><p>Rechtzeitig auf das Aussteigen einrichten. Darauf achten, dass der Schleppb\u00fcgel sich nicht in der Kleidung verf\u00e4ngt.<\/p><h4>8. Aussteigen<\/h4><p>Z\u00fcgig zur vorgeschriebenen Seite aussteigen. B\u00fcgel in Zugrichtung loslassen. Seitliches Wegwerfen bringt andere in Gefahr.<\/p><h4>9. Ausstiegsbereich verlassen<\/h4><p>Sofort den gesamten Ausstiegsbereich verlassen, damit die Nachfolgenden Platz haben. Wer hier verweilt, kann au\u00dferdem von einem pendelnden B\u00fcgel getroffen werden.<\/p><\/div><div id=\"jet-tabs-content-1826\" class=\"jet-tabs__content \" data-tab=\"6\" role=\"tabpanel\" aria-hidden=\"true\" data-template-id=\"false\"><p>Der <strong>Arber-Funpark<\/strong> mit den im Arber-Funpark integrierten Rail-Konstruktionen (= Stahlrohrrahmen) ist eine Sonderfl\u00e4che nur f\u00fcr Ge\u00fcbte. Auf die aufgestellten Rails (= Stahlrohrrahmen) im Bereich des Arber-Funparks wird besonders hingewiesen. Vor Benutzung des Arber-Funparks muss erst eine Besichtigung oder ein vorsichtiges Befahren erfolgen. Die Positionen der Rails sind zu beachten. <strong>F\u00fcr die Benutzer des Arber-Funparks gelten die FIS-Regeln.<\/strong> Der Aufsprungbereich ist sofort freizumachen. Ein Verweilen hinter einer Schanze und hinter einem Rail ist strikt verboten. Abgesperrte Bereiche d\u00fcrfen zur eigenen Sicherheit nicht betreten werden.<\/p><\/div><div id=\"jet-tabs-content-1827\" class=\"jet-tabs__content \" data-tab=\"7\" role=\"tabpanel\" aria-hidden=\"true\" data-template-id=\"false\"><h4>1. F\u00fcr Rodelbahnbenutzer gelten die FIS-Regeln<\/h4><p>F\u00fcr die Rodelbahn gelten, wie auch f\u00fcr die Skifahrer die <strong>FIS-Regeln<\/strong>. Siehe FIS-Regeln! Diese Regeln sind zuverl\u00e4ssig zu beachten und gelten als Vorschrift.<\/p><h4>2. Besondere Hinweise f\u00fcr Kinder<\/h4><p>Bei Kindern ist darauf zu achten, dass die Verantwortlichen selbst entscheiden m\u00fcssen, ob die Kinder alleine fahren k\u00f6nnen. Sie befinden sich auf einem Sportgel\u00e4nde. Dieses stellt an die Erfahrung und Nutzer Anspr\u00fcche. Wir bitten die Erziehungsberechtigten in eigenem Interesse, die Kinder mit den FIS-Regeln und der Rodelstrecke vor Benutzung vertraut zu machen.<\/p><h4>3. Zul\u00e4ssige Rodelschlitten<\/h4><p>Es d\u00fcrfen aus Sicherheitsgr\u00fcnden aus Gr\u00fcnden der Mitbef\u00f6rderung durch die Sesselbahn und aus Gr\u00fcnden der Rodelbahntauglichkeit nur Rodel von der ARBER-BERGBAHN verwendet werden oder solche die von Seiten der ARBER-BERGBAHN als sicherheitstechnisch einwandfrei eingestuft werden.<\/p><p>Nicht lenkbare Schlitten, Bobs, Airboards, Snowtubes, Reifen, Plastikt\u00fcten oder andere konstruktiv \u00e4hnliche Rutschger\u00e4te werden nicht mit der Sesselbahn bef\u00f6rdert und sind ausdr\u00fccklich verboten.<\/p><p>Werden solche Ger\u00e4tschaften auf der Rodelbahn verwendet, \u00fcbernimmt die ARBER-BERGBAHN grunds\u00e4tzlich keinerlei Haftung.<\/p><h4>4. Rodeln nur in der Rodelbahn erlaubt \u2013 nicht auf Skipisten<\/h4><p>Die Rodel d\u00fcrfen bei der ARBER-BERGBAHN nur auf der daf\u00fcr bestimmten Rodelbahn verwendet werden. Ein Rodeln auf den Skipisten ist verboten.<\/p><h4>5. Betriebszeiten der Rodelbahn<\/h4><p>Die Rodelbahn ist nur w\u00e4hrend der t\u00e4glichen Betriebszeiten der ARBER-BERGBAHN benutzbar. W\u00e4hrend dem Flutlichtbetrieb f\u00fcr Skifahrer ist die Rodelbahn gesperrt.<\/p><h4>6. R\u00fccksichtnehmen auf andere<\/h4><p>Jeder Rodler muss sich stets so verhalten, dass er keinen anderen gef\u00e4hrdet oder sch\u00e4digt.<\/p><h4>7. Beherrschung der Geschwindigkeit und der Fahrweise<\/h4><p>Jeder Rodler muss auf Sicht fahren. Er muss seine Geschwindigkeit und seine Fahrweise seinem K\u00f6nnen und den Gel\u00e4nde-, Schnee- und Witterungsverh\u00e4ltnissen anpassen.<\/p><h4>8. Wahl der Fahrspur<\/h4><p>Der von hinten kommende Rodler muss seine Fahrspur so w\u00e4hlen, dass er vor ihm Fahrende nicht gef\u00e4hrdet.<\/p><h4>9. \u00dcberholen<\/h4><p>\u00dcberholt werden darf von oben oder unten, von rechts und von links, aber immer nur mit einem Abstand, der dem \u00fcberholten Rodler f\u00fcr alle seine Bewegungen gen\u00fcgend Raum l\u00e4sst.<\/p><h4>10. Einfahren und Anfahren<\/h4><p>Jeder Rodler, der in eine Rodelabfahrt einfahren oder nach einem Halt wieder anfahren will, muss sich nach oben und unten vergewissern, dass er dies ohne Gefahr f\u00fcr sich und andere tun kann.<\/p><h4>11. Anhalten<\/h4><p>Jeder Rodler muss es vermeiden, sich ohne Not an engen oder un\u00fcbersichtlichen Stellen der Abfahrt aufzuhalten. Ein gest\u00fcrzter Rodler muss eine solche Stelle so schnell wie m\u00f6glich wieder frei machen.<\/p><h4>12. Aufstieg in Rodelbahn und auf Skipisten \u2013 aus Sicherheitsgr\u00fcnden verboten.<\/h4><p>Ein Aufsteigen zu Fu\u00df mit Rodel oder auch ohne Rodel in der Rodelbahn ist nicht erlaubt. Ebenso ist das Aufsteigen auf den Skipisten und neben den Skipisten mit Rodeln wegen m\u00f6glicher Kollisionsgefahr mit Skifahrern untersagt.<\/p><h4>13. Abstieg in der Rodelbahn<\/h4><p>Ein Rodler, der die Rodler aus bestimmten Gr\u00fcnden absteigt, muss aus Sicherheitsgr\u00fcnden den Rand der Rodelbahn benutzen und darf keine vorbeifahrenden Rodler gef\u00e4hrden.<\/p><h4>14. Beachten der Hinweise und Zeichen<\/h4><p>Jeder Rodler muss die Hinweisschilder, Sicherheitshinweise und Anordnungen der ARBER-BERGBAHN beachten.<\/p><h4>15. Hilfeleistung<\/h4><p>Bei Unf\u00e4llen ist jeder zur Hilfeleistung verpflichtet.<\/p><h4>16. Ausweispflicht<\/h4><p>Jeder Rodler, ob Zeuge oder Beteiligter, ob verantwortlich oder nicht, muss im Falle eines Unfalles seine Personalien angeben.<\/p><\/div>\t\t\t<\/div>\n\t\t\t\t\t<\/div>\n\t\t\t\t\t\t<\/div>\n\t\t\t\t<\/div>\n\t\t\t\t\t<\/div>\n\t\t\t\t<\/div>\n\t\t\t\t<\/div>\n\t\t","protected":false},"excerpt":{"rendered":"<p>FIS \u2013 Verhaltensregeln Unsere Tipps f\u00fcr mehr Sicherheit auf der Piste Wenn man auf der Piste unterwegs ist, ist man normalerweise nicht allein unterwegs. Hier hei\u00dft es Vorsicht und R\u00fccksicht nehmen auf andere und Mitfahrer. So sollte man zum Beispiel je nach Situation und Besucherzahl der Piste seine Geschwingkeit und den Fahrstil anpassen. FIS Verhaltensregeln [&hellip;]<\/p>\n","protected":false},"author":1,"featured_media":0,"parent":0,"menu_order":0,"comment_status":"closed","ping_status":"closed","template":"","meta":{"inline_featured_image":false,"footnotes":""},"class_list":["post-10646","page","type-page","status-publish","hentry"],"_links":{"self":[{"href":"https:\/\/www.arber.de\/cs\/wp-json\/wp\/v2\/pages\/10646","targetHints":{"allow":["GET"]}}],"collection":[{"href":"https:\/\/www.arber.de\/cs\/wp-json\/wp\/v2\/pages"}],"about":[{"href":"https:\/\/www.arber.de\/cs\/wp-json\/wp\/v2\/types\/page"}],"author":[{"embeddable":true,"href":"https:\/\/www.arber.de\/cs\/wp-json\/wp\/v2\/users\/1"}],"replies":[{"embeddable":true,"href":"https:\/\/www.arber.de\/cs\/wp-json\/wp\/v2\/comments?post=10646"}],"version-history":[{"count":0,"href":"https:\/\/www.arber.de\/cs\/wp-json\/wp\/v2\/pages\/10646\/revisions"}],"wp:attachment":[{"href":"https:\/\/www.arber.de\/cs\/wp-json\/wp\/v2\/media?parent=10646"}],"curies":[{"name":"wp","href":"https:\/\/api.w.org\/{rel}","templated":true}]}}