{"id":10636,"date":"2023-01-13T16:24:05","date_gmt":"2023-01-13T15:24:05","guid":{"rendered":"https:\/\/www.arber.de\/agb\/"},"modified":"2023-12-06T13:29:18","modified_gmt":"2023-12-06T12:29:18","slug":"agb","status":"publish","type":"page","link":"https:\/\/www.arber.de\/cs\/agb\/","title":{"rendered":"AGB"},"content":{"rendered":"\t\t<div data-elementor-type=\"wp-page\" data-elementor-id=\"10636\" class=\"elementor elementor-10636 elementor-6043\" data-elementor-post-type=\"page\">\n\t\t\t\t<div class=\"elementor-element elementor-element-22b7e9d e-con-full e-flex e-con e-parent\" data-id=\"22b7e9d\" data-element_type=\"container\">\n\t\t<div class=\"elementor-element elementor-element-d3f988f e-flex e-con-boxed e-con e-child\" data-id=\"d3f988f\" data-element_type=\"container\" data-settings=\"{&quot;background_background&quot;:&quot;classic&quot;,&quot;shape_divider_bottom&quot;:&quot;pyramids&quot;}\">\n\t\t\t\t\t<div class=\"e-con-inner\">\n\t\t\t\t<div class=\"elementor-shape elementor-shape-bottom\" aria-hidden=\"true\" data-negative=\"false\">\n\t\t\t<svg xmlns=\"http:\/\/www.w3.org\/2000\/svg\" viewBox=\"0 0 1000 100\" preserveAspectRatio=\"none\">\n\t<path class=\"elementor-shape-fill\" d=\"M761.9,44.1L643.1,27.2L333.8,98L0,3.8V0l1000,0v3.9\"\/>\n<\/svg>\t\t<\/div>\n\t\t\t\t\t<\/div>\n\t\t\t\t<\/div>\n\t\t\t\t<\/div>\n\t\t<div class=\"elementor-element elementor-element-237852c e-flex e-con-boxed e-con e-parent\" data-id=\"237852c\" data-element_type=\"container\">\n\t\t\t\t\t<div class=\"e-con-inner\">\n\t\t<div class=\"elementor-element elementor-element-4ee97df e-con-full e-flex e-con e-child\" data-id=\"4ee97df\" data-element_type=\"container\" data-settings=\"{&quot;background_background&quot;:&quot;classic&quot;}\">\n\t\t\t\t<div class=\"elementor-element elementor-element-d175c37 elementor-widget elementor-widget-heading\" data-id=\"d175c37\" data-element_type=\"widget\" data-widget_type=\"heading.default\">\n\t\t\t\t<div class=\"elementor-widget-container\">\n\t\t\t\t\t<h1 class=\"elementor-heading-title elementor-size-default\">Allgemeine Gesch\u00e4ftsbedingungen Facebook Gewinnspiel<\/h1>\t\t\t\t<\/div>\n\t\t\t\t<\/div>\n\t\t\t\t<div class=\"elementor-element elementor-element-67e961f elementor-widget elementor-widget-text-editor\" data-id=\"67e961f\" data-element_type=\"widget\" data-widget_type=\"text-editor.default\">\n\t\t\t\t<div class=\"elementor-widget-container\">\n\t\t\t\t\t\t\t\t\t<h4 style=\"font-weight: 400;\">Facebook Gewinnspiel<\/h4><p style=\"font-weight: 400;\">Das Gewinnspiel wird von F\u00fcrstlich Hohenzollernsche ARBER-BERGBAHN e.K. veranstaltet. Teilnahmeberechtigt ist<br \/>jede nat\u00fcrliche Person mit Wohnsitz in Deutschland, die das 18. Lebensjahr vollendet hat. Das Gewinnspiel beginnt am 08.12.2023; Teilnahmeschluss des Gewinnspiels ist der 17.12.2023 um 23:59 Uhr. Versp\u00e4tete Teilnahmen k\u00f6nnen<br \/>nicht ber\u00fccksichtigt werden.<\/p><p style=\"font-weight: 400;\"><br \/>Die Teilnahme am Gewinnspiel ist nur durch die pers\u00f6nliche Eintragung des Teilnehmers\/der Teilnehmerin zul\u00e4ssig.<br \/>Die Teilnahme \u00fcber automatisierte Verfahren (z. B. \u00fcber Gewinnspielclubs oder Gewinnspielservice-Anbieter) ist unzul\u00e4ssig. Wir behalten uns in diesen F\u00e4llen und bei Verst\u00f6\u00dfen gegen die Teilnahmebedingungen oder<br \/>Manipulationen den Ausschluss der betreffenden Teilnehmer vor.<\/p><p style=\"font-weight: 400;\">Mehrere Kommentare desselben Facebook-Nutzers und\/oder derselben Person werden als eine Teilnahme am<br \/>Gewinnspiel gewertet. Eine Jury beurteilt die eingegangenen Kommentare nach Authentizit\u00e4t und Kreativit\u00e4t und w\u00e4hlt<br \/>daraufhin die Gewinner des Gewinnspiels nach eigenem Ermessen aus. Hierf\u00fcr werden alle \u201eFacebook-Namen\u201c der<br \/>Teilnehmer erfasst und zur Gewinnermittlung gespeichert. Adressdaten werden sp\u00e4ter nur von den Gewinnern erfasst<br \/>und nur zum Versand des Gewinnes genutzt. Den Teilnehmern stehen gesetzliche Auskunfts-, und Widerrufsrechte zu.<\/p><h4 style=\"font-weight: 400;\">Gewinnbeschreibung<\/h4><p style=\"font-weight: 400;\">Zu gewinnen gibt es ein Winter Socks Geschenk Set von Happy Socks mit je drei paar Socken.<br \/>Gesamt werden acht Geschenk-Sets (an acht Gewinner) verschenkt. Je vier Sets mit der Gr\u00f6\u00dfe 41 bis 46 und je vier mit der Gr\u00f6\u00dfe 36 bis 40.<\/p><p style=\"font-weight: 400;\">Die Gewinner haben sich bis zum 14.01.2024 um 23:59 Uhr zur\u00fcckzumelden und ihre Anschrift f\u00fcr den Versand des<br \/>Gewinns mitzuteilen.<\/p><p style=\"font-weight: 400;\">Die Gewinner werden im Anschluss an das Gewinnspiel direkt auf unserer Facebook-Seite benachrichtigt, indem durch den offiziellen \u201eF\u00fcrstlich Hohenzollernsche ARBER-BERGBAHN e.K.\u201c-Account auf den urspr\u00fcnglichen Kommentar,<br \/>durch den an dem Gewinnspiel teilgenommen wurde, geantwortet wird.<\/p><p style=\"font-weight: 400;\">Die Gewinner werden in diesem Kommentar aufgefordert, ihre Adresse f\u00fcr den Gewinnversand per Facebook-Direktnachricht an F\u00fcrstlich Hohenzollernsche ARBER-BERGBAHN e.K. zur Verf\u00fcgung zu stellen. In dem Fall, dass sich ein Gewinner nicht bis zum 14.01.2024 um 23:59 Uhr eigenst\u00e4ndig mit F\u00fcrstlich Hohenzollernsche ARBER-BERGBAHN<br \/>e.K. in Verbindung setzt, verf\u00e4llt der Gewinn und der Gewinner verliert seinen Anspruch auf eine \u00dcbersendung des<br \/>Gewinns. Die Bekanntgabe der Gewinner erfolgt ohne Gew\u00e4hr. F\u00fcrstlich Hohenzollernsche ARBER-BERGBAHN e.K. ist berechtigt, die pers\u00f6nlichen Daten an Dritte zu \u00fcbermitteln, um eine Auslieferung des Gewinns zu erm\u00f6glichen. Pro Teilnehmer ist nur ein Gewinn m\u00f6glich, der nicht alternativ in bar ausgezahlt werden kann. Gewinnanspr\u00fcche sind nicht auf andere Personen \u00fcbertragbar. F\u00fcrstlich Hohenzollernsche<br \/>ARBER-BERGBAHN e.K. wird mit Aush\u00e4ndigung des Gewinns von allen Verpflichtungen frei. F\u00fcr Rechts- und<br \/>Sachm\u00e4ngel haftet F\u00fcrstlich Hohenzollernsche ARBER-BERGBAHN e.K. nur bei Vorsatz oder grober Fahrl\u00e4ssigkeit.<\/p><h4 style=\"font-weight: 400;\">Vorzeitige Beendigung des Gewinnspiels<\/h4><p style=\"font-weight: 400;\">F\u00fcrstlich Hohenzollernsche ARBER-BERGBAHN e.K. beh\u00e4lt sich vor, das Gewinnspiel zu jedem Zeitpunkt ohne Vorank\u00fcndigung abzubrechen oder zu beenden. Von dieser M\u00f6glichkeit macht F\u00fcrstlich Hohenzollernsche ARBERBERGBAHN<br \/>e.K. insbesondere dann Gebrauch, wenn aus technischen Gr\u00fcnden (z. B. Viren im Computersystem,<br \/>Manipulation oder Fehler in der Hard- und\/oder Software) oder aus rechtlichen Gr\u00fcnden eine ordnungsgem\u00e4\u00dfe<br \/>Durchf\u00fchrung des Gewinnspiels nicht gew\u00e4hrleistet werden kann. Sofern eine derartige Beendigung durch das<br \/>Verhalten eines Teilnehmers verursacht wurde, so kann F\u00fcrstlich Hohenzollernsche ARBER-BERGBAHN e.K. von dieser<br \/>Person Ersatz f\u00fcr den entstandenen Schaden verlangen.<\/p><h4 style=\"font-weight: 400;\">Anwendbares Recht; Salvatorische Klausel; Ausschluss des<br \/>Rechtswegs; \u00c4nderungsrecht<\/h4><p style=\"font-weight: 400;\">Diese Teilnahmebedingungen und die gesamte Rechtsbeziehung zwischen den Teilnehmern und F\u00fcrstlich<br \/>Hohenzollernsche ARBER-BERGBAHN e.K. unterliegen ausschlie\u00dflich dem Recht der Bundesrepublik Deutschland.<br \/>Sollten einzelne Bestimmungen der Teilnahmebedingungen ung\u00fcltig sein oder werden, bleibt die G\u00fcltigkeit der<br \/>\u00fcbrigen Bestimmungen unber\u00fchrt. L\u00fcckenhafte oder unwirksame Bestimmungen sind so zu erg\u00e4nzen oder zu<br \/>ersetzen, dass eine andere angemessene Regelung gefunden wird, die wirtschaftlich dem am n\u00e4chsten kommt, was<br \/>dem Sinn und Zweck der unwirksamen oder l\u00fcckenhaften Bestimmung entspricht. Der Rechtsweg ist ausgeschlossen.<\/p><h4 style=\"font-weight: 400;\">Keine Beteiligung von Facebook an dem Gewinnspiel<\/h4><p style=\"font-weight: 400;\">Das Gewinnspiel steht in keiner Verbindung zu Facebook und wird in keiner Weise von Facebook unterst\u00fctzt, begleitet<br \/>oder kontrolliert. Der Empf\u00e4nger der bereitgestellten Informationen ist nicht Facebook, sondern F\u00fcrstlich<br \/>Hohenzollernsche ARBER-BERGBAHN e.K.. S\u00e4mtliche Fragen, Kommentare oder Beschwerden sind somit nicht an Facebook zu richten, sondern an F\u00fcrstlich Hohenzollernsche ARBER-BERGBAHN e.K.. Es entstehen durch die Teilnahme keinerlei Anspr\u00fcche gegen\u00fcber Facebook.<\/p><h4 style=\"font-weight: 400;\">Impressum des Gewinnspielveranstalters<\/h4><p style=\"font-weight: 400;\">Das Impressum des Gewinnspielveranstalters ist \u00fcber folgenden Link abrufbar: Impressum<\/p>\t\t\t\t\t\t\t\t<\/div>\n\t\t\t\t<\/div>\n\t\t\t\t<\/div>\n\t\t\t\t\t<\/div>\n\t\t\t\t<\/div>\n\t\t\t\t<\/div>\n\t\t","protected":false},"excerpt":{"rendered":"<p>Allgemeine Gesch\u00e4ftsbedingungen Facebook Gewinnspiel Facebook Gewinnspiel Das Gewinnspiel wird von F\u00fcrstlich Hohenzollernsche ARBER-BERGBAHN e.K. veranstaltet. Teilnahmeberechtigt istjede nat\u00fcrliche Person mit Wohnsitz in Deutschland, die das 18. Lebensjahr vollendet hat. Das Gewinnspiel beginnt am 08.12.2023; Teilnahmeschluss des Gewinnspiels ist der 17.12.2023 um 23:59 Uhr. Versp\u00e4tete Teilnahmen k\u00f6nnennicht ber\u00fccksichtigt werden. Die Teilnahme am Gewinnspiel ist nur durch [&hellip;]<\/p>\n","protected":false},"author":1,"featured_media":0,"parent":0,"menu_order":0,"comment_status":"closed","ping_status":"closed","template":"","meta":{"inline_featured_image":false,"footnotes":""},"class_list":["post-10636","page","type-page","status-publish","hentry"],"_links":{"self":[{"href":"https:\/\/www.arber.de\/cs\/wp-json\/wp\/v2\/pages\/10636","targetHints":{"allow":["GET"]}}],"collection":[{"href":"https:\/\/www.arber.de\/cs\/wp-json\/wp\/v2\/pages"}],"about":[{"href":"https:\/\/www.arber.de\/cs\/wp-json\/wp\/v2\/types\/page"}],"author":[{"embeddable":true,"href":"https:\/\/www.arber.de\/cs\/wp-json\/wp\/v2\/users\/1"}],"replies":[{"embeddable":true,"href":"https:\/\/www.arber.de\/cs\/wp-json\/wp\/v2\/comments?post=10636"}],"version-history":[{"count":3,"href":"https:\/\/www.arber.de\/cs\/wp-json\/wp\/v2\/pages\/10636\/revisions"}],"predecessor-version":[{"id":10812,"href":"https:\/\/www.arber.de\/cs\/wp-json\/wp\/v2\/pages\/10636\/revisions\/10812"}],"wp:attachment":[{"href":"https:\/\/www.arber.de\/cs\/wp-json\/wp\/v2\/media?parent=10636"}],"curies":[{"name":"wp","href":"https:\/\/api.w.org\/{rel}","templated":true}]}}