{"id":10618,"date":"2023-08-25T14:01:12","date_gmt":"2023-08-25T12:01:12","guid":{"rendered":"https:\/\/www.arber.de\/kuschelgondel-am-grossen-arber\/"},"modified":"2025-07-28T11:09:31","modified_gmt":"2025-07-28T09:09:31","slug":"kuschelgondel-am-grossen-arber","status":"publish","type":"page","link":"https:\/\/www.arber.de\/cs\/kuschelgondel-am-grossen-arber\/","title":{"rendered":"Kuschelgondel am Gro\u00dfen Arber"},"content":{"rendered":"\t\t<div data-elementor-type=\"wp-page\" data-elementor-id=\"10618\" class=\"elementor elementor-10618 elementor-8484\" data-elementor-post-type=\"page\">\n\t\t\t\t<div class=\"elementor-element elementor-element-7742feb2 e-con-full e-flex e-con e-parent\" data-id=\"7742feb2\" data-element_type=\"container\">\n\t\t<div class=\"elementor-element elementor-element-592f5bc0 e-flex e-con-boxed e-con e-child\" data-id=\"592f5bc0\" data-element_type=\"container\" data-settings=\"{&quot;background_background&quot;:&quot;classic&quot;,&quot;shape_divider_bottom&quot;:&quot;pyramids&quot;}\">\n\t\t\t\t\t<div class=\"e-con-inner\">\n\t\t\t\t<div class=\"elementor-shape elementor-shape-bottom\" aria-hidden=\"true\" data-negative=\"false\">\n\t\t\t<svg xmlns=\"http:\/\/www.w3.org\/2000\/svg\" viewBox=\"0 0 1000 100\" preserveAspectRatio=\"none\">\n\t<path class=\"elementor-shape-fill\" d=\"M761.9,44.1L643.1,27.2L333.8,98L0,3.8V0l1000,0v3.9\"\/>\n<\/svg>\t\t<\/div>\n\t\t\t\t\t<\/div>\n\t\t\t\t<\/div>\n\t\t<div class=\"elementor-element elementor-element-68d1b562 e-flex e-con-boxed e-con e-child\" data-id=\"68d1b562\" data-element_type=\"container\" data-settings=\"{&quot;background_background&quot;:&quot;gradient&quot;,&quot;shape_divider_bottom&quot;:&quot;pyramids&quot;}\">\n\t\t\t\t\t<div class=\"e-con-inner\">\n\t\t\t\t<div class=\"elementor-shape elementor-shape-bottom\" aria-hidden=\"true\" data-negative=\"false\">\n\t\t\t<svg xmlns=\"http:\/\/www.w3.org\/2000\/svg\" viewBox=\"0 0 1000 100\" preserveAspectRatio=\"none\">\n\t<path class=\"elementor-shape-fill\" d=\"M761.9,44.1L643.1,27.2L333.8,98L0,3.8V0l1000,0v3.9\"\/>\n<\/svg>\t\t<\/div>\n\t\t\t\t<div class=\"elementor-element elementor-element-5430a042 elementor-widget__width-initial elementor-widget-mobile__width-inherit elementor-widget elementor-widget-heading\" data-id=\"5430a042\" data-element_type=\"widget\" data-widget_type=\"heading.default\">\n\t\t\t\t<div class=\"elementor-widget-container\">\n\t\t\t\t\t<div class=\"elementor-heading-title elementor-size-default\">Unsere Kuschelgondel<\/div>\t\t\t\t<\/div>\n\t\t\t\t<\/div>\n\t\t\t\t\t<\/div>\n\t\t\t\t<\/div>\n\t\t\t\t<div class=\"elementor-element elementor-element-f0ac90f elementor-widget elementor-widget-spacer\" data-id=\"f0ac90f\" data-element_type=\"widget\" data-widget_type=\"spacer.default\">\n\t\t\t\t<div class=\"elementor-widget-container\">\n\t\t\t\t\t\t\t<div class=\"elementor-spacer\">\n\t\t\t<div class=\"elementor-spacer-inner\"><\/div>\n\t\t<\/div>\n\t\t\t\t\t\t<\/div>\n\t\t\t\t<\/div>\n\t\t\t\t<\/div>\n\t\t<div class=\"elementor-element elementor-element-3a776d e-flex e-con-boxed e-con e-parent\" data-id=\"3a776d\" data-element_type=\"container\">\n\t\t\t\t\t<div class=\"e-con-inner\">\n\t\t<div class=\"elementor-element elementor-element-6fec5394 e-con-full animated-slow e-flex e-con e-child\" data-id=\"6fec5394\" data-element_type=\"container\" data-settings=\"{&quot;background_background&quot;:&quot;classic&quot;,&quot;animation&quot;:&quot;none&quot;}\">\n\t\t\t\t<div class=\"elementor-element elementor-element-6642a975 elementor-widget elementor-widget-heading\" data-id=\"6642a975\" data-element_type=\"widget\" data-widget_type=\"heading.default\">\n\t\t\t\t<div class=\"elementor-widget-container\">\n\t\t\t\t\t<h2 class=\"elementor-heading-title elementor-size-default\">Erlebt oder verschenkt eine Fahrt in der Kuschelgondel am Gro\u00dfen Arber!<\/h2>\t\t\t\t<\/div>\n\t\t\t\t<\/div>\n\t\t\t\t<div class=\"elementor-element elementor-element-11b61ce5 elementor-widget elementor-widget-text-editor\" data-id=\"11b61ce5\" data-element_type=\"widget\" data-widget_type=\"text-editor.default\">\n\t\t\t\t<div class=\"elementor-widget-container\">\n\t\t\t\t\t\t\t\t\t<p>Lehnt euch zur\u00fcck, entspannt und lasst den Alltagsstress hinter euch, w\u00e4hrend ihr mit unserer Kuschelgondel und einem Glas Sekt zum K\u00f6nig des Bayerischen Waldes schwebt. Ob im Sommer oder im Winter, die Kuschelgondel ist zu jeder Jahreszeit ein Highlight und sorgt f\u00fcr unvergessliche Momente.<br \/>Diese besondere Erfahrung eignet sich perfekt f\u00fcr Paare, die eine romantische Zeit zu zweit verbringen m\u00f6chten.<\/p><p>M\u00f6chtet ihr diese au\u00dfergew\u00f6hnliche Erfahrung verschenken? <a href=\"http:\/\/arber.shop\" target=\"_blank\" rel=\"noopener\"><strong>Dann sind Gutscheine f\u00fcr die Kuschelgondel am Gro\u00dfen Arber die ideale Wahl!<\/strong><\/a><\/p><p>\u00dcberrascht eure Liebsten mit einem unvergesslichen Erlebnis inmitten der atemberaubenden Natur des Bayerischen Waldes. Ob zum Geburtstag, zu Weihnachten, zum Valentinstag oder einfach als Dankesch\u00f6n &#8211; mit einem Gutschein f\u00fcr die Kuschelgondel macht ihr jedem eine Freude.<\/p><p>Die Gutscheine k\u00f6nnen einfach per Onlineshop bestellt werden und sind flexibel einl\u00f6sbar.<\/p><p>Sobald der Beschenkte seinen Gutschein erhalten hat, kann er jederzeit den Gutschein an der Kasse einl\u00f6sen und sich auf ein unvergessliches Erlebnis freuen.<\/p>\t\t\t\t\t\t\t\t<\/div>\n\t\t\t\t<\/div>\n\t\t\t\t<div class=\"elementor-element elementor-element-11006cd7 elementor-widget elementor-widget-heading\" data-id=\"11006cd7\" data-element_type=\"widget\" data-widget_type=\"heading.default\">\n\t\t\t\t<div class=\"elementor-widget-container\">\n\t\t\t\t\t<h2 class=\"elementor-heading-title elementor-size-default\">\u00dcbernachtung im Hochzeitszimmer im Arberschutzhaus<\/h2>\t\t\t\t<\/div>\n\t\t\t\t<\/div>\n\t\t\t\t<div class=\"elementor-element elementor-element-7b1f9859 elementor-widget elementor-widget-text-editor\" data-id=\"7b1f9859\" data-element_type=\"widget\" data-widget_type=\"text-editor.default\">\n\t\t\t\t<div class=\"elementor-widget-container\">\n\t\t\t\t\t\t\t\t\t<p>Bucht zus\u00e4tzlich eine romantische \u00dcbernachtung im Hochzeitszimmer des Arberschutzhauses unter einem funkelnden Sternenhimmel.<\/p><p>Das Arberschutzhaus bietet euch die M\u00f6glichkeit, eine ganz besondere Nacht in seinem zauberhaften Hochzeitszimmer zu verbringen. Das Zimmer ist liebevoll gestaltet und verf\u00fcgt \u00fcber eine einzigartige Attraktion: einen atemberaubenden Sternenhimmel \u00fcber dem Bett.<\/p><p>Stellt euch vor, wie ihr gemeinsam mit eurem Partner oder eurer Partnerin in einem gem\u00fctlichen Bett liegt und den Blick nach oben richtet, um einen funkelnden Himmel voller Sterne zu sehen. Die romantische Atmosph\u00e4re wird euch verzaubern und f\u00fcr unvergessliche Momente sorgen.<\/p>\t\t\t\t\t\t\t\t<\/div>\n\t\t\t\t<\/div>\n\t\t\t\t<\/div>\n\t\t<div class=\"elementor-element elementor-element-15f305bb e-con-full e-flex e-con e-child\" data-id=\"15f305bb\" data-element_type=\"container\">\n\t\t<div class=\"elementor-element elementor-element-60ea9682 animated-slow e-flex e-con-boxed e-con e-child\" data-id=\"60ea9682\" data-element_type=\"container\" data-settings=\"{&quot;background_background&quot;:&quot;classic&quot;,&quot;sticky&quot;:&quot;top&quot;,&quot;sticky_on&quot;:[&quot;desktop&quot;,&quot;tablet&quot;],&quot;sticky_offset&quot;:20,&quot;sticky_effects_offset&quot;:20,&quot;sticky_parent&quot;:&quot;yes&quot;,&quot;animation&quot;:&quot;none&quot;,&quot;sticky_anchor_link_offset&quot;:0}\">\n\t\t\t\t\t<div class=\"e-con-inner\">\n\t\t\t\t<div class=\"elementor-element elementor-element-4a8aa908 elementor-widget elementor-widget-heading\" data-id=\"4a8aa908\" data-element_type=\"widget\" data-widget_type=\"heading.default\">\n\t\t\t\t<div class=\"elementor-widget-container\">\n\t\t\t\t\t<span class=\"elementor-heading-title elementor-size-default\">Unser Geschenktipp:<\/span>\t\t\t\t<\/div>\n\t\t\t\t<\/div>\n\t\t\t\t<div class=\"elementor-element elementor-element-524f3323 elementor-widget elementor-widget-heading\" data-id=\"524f3323\" data-element_type=\"widget\" data-widget_type=\"heading.default\">\n\t\t\t\t<div class=\"elementor-widget-container\">\n\t\t\t\t\t<div class=\"elementor-heading-title elementor-size-default\"><a href=\"mailto:arberschutzhaus@hohenzollern.com?subject=Kauf%20Gutschein%20\u00dcN%20im%20AS%20inkl.%20Kuschelgondel&#038;body=Sehr%20geehrte%20Damen%20und%20Herren,%20ich%20h\u00e4tte%20Interesse%20an%20einem%20Gutschein%20f\u00fcr%20eine%20\u00dcbernachtung%20im%20Arberschutzhaus%20inkl.%20Fr\u00fchst\u00fcck%20sowie%20eines%20Gutscheins%20f\u00fcr%20eine%20Fahrt%20mit%20der%20Kuschelgondel%20f\u00fcr%202%20Personen.%20Bitte%20senden%20Sie%20den%20Gutschein%20und%20die%20Rechnung%20an%20folgende%20Addresse:%20\">Fahrt mit der Kuschelgondel inkl. Sekt f\u00fcr 40\u20ac.<\/a><\/div>\t\t\t\t<\/div>\n\t\t\t\t<\/div>\n\t\t\t\t<div class=\"elementor-element elementor-element-51f0a6e5 elementor-align-justify elementor-widget elementor-widget-button\" data-id=\"51f0a6e5\" data-element_type=\"widget\" data-widget_type=\"button.default\">\n\t\t\t\t<div class=\"elementor-widget-container\">\n\t\t\t\t\t\t\t\t\t<div class=\"elementor-button-wrapper\">\n\t\t\t\t\t<a class=\"elementor-button elementor-button-link elementor-size-sm\" href=\"https:\/\/www.arber.shop\/\" target=\"_blank\" rel=\"noopener\">\n\t\t\t\t\t\t<span class=\"elementor-button-content-wrapper\">\n\t\t\t\t\t\t\t\t\t<span class=\"elementor-button-text\">Hier geht es zum Gutscheinshop<\/span>\n\t\t\t\t\t<\/span>\n\t\t\t\t\t<\/a>\n\t\t\t\t<\/div>\n\t\t\t\t\t\t\t\t<\/div>\n\t\t\t\t<\/div>\n\t\t\t\t\t<\/div>\n\t\t\t\t<\/div>\n\t\t\t\t<\/div>\n\t\t\t\t\t<\/div>\n\t\t\t\t<\/div>\n\t\t\t\t<\/div>\n\t\t","protected":false},"excerpt":{"rendered":"<p>Unsere Kuschelgondel Erlebt oder verschenkt eine Fahrt in der Kuschelgondel am Gro\u00dfen Arber! Lehnt euch zur\u00fcck, entspannt und lasst den Alltagsstress hinter euch, w\u00e4hrend ihr mit unserer Kuschelgondel und einem Glas Sekt zum K\u00f6nig des Bayerischen Waldes schwebt. Ob im Sommer oder im Winter, die Kuschelgondel ist zu jeder Jahreszeit ein Highlight und sorgt f\u00fcr [&hellip;]<\/p>\n","protected":false},"author":3,"featured_media":0,"parent":0,"menu_order":0,"comment_status":"closed","ping_status":"closed","template":"","meta":{"inline_featured_image":false,"footnotes":""},"class_list":["post-10618","page","type-page","status-publish","hentry"],"_links":{"self":[{"href":"https:\/\/www.arber.de\/cs\/wp-json\/wp\/v2\/pages\/10618","targetHints":{"allow":["GET"]}}],"collection":[{"href":"https:\/\/www.arber.de\/cs\/wp-json\/wp\/v2\/pages"}],"about":[{"href":"https:\/\/www.arber.de\/cs\/wp-json\/wp\/v2\/types\/page"}],"author":[{"embeddable":true,"href":"https:\/\/www.arber.de\/cs\/wp-json\/wp\/v2\/users\/3"}],"replies":[{"embeddable":true,"href":"https:\/\/www.arber.de\/cs\/wp-json\/wp\/v2\/comments?post=10618"}],"version-history":[{"count":6,"href":"https:\/\/www.arber.de\/cs\/wp-json\/wp\/v2\/pages\/10618\/revisions"}],"predecessor-version":[{"id":13716,"href":"https:\/\/www.arber.de\/cs\/wp-json\/wp\/v2\/pages\/10618\/revisions\/13716"}],"wp:attachment":[{"href":"https:\/\/www.arber.de\/cs\/wp-json\/wp\/v2\/media?parent=10618"}],"curies":[{"name":"wp","href":"https:\/\/api.w.org\/{rel}","templated":true}]}}