{"id":10608,"date":"2022-12-20T11:24:59","date_gmt":"2022-12-20T10:24:59","guid":{"rendered":"https:\/\/www.arber.de\/skigebiet\/pistenpraeparierung-und-beschneiung\/"},"modified":"2022-12-20T11:24:59","modified_gmt":"2022-12-20T10:24:59","slug":"pistenpraeparierung-und-beschneiung","status":"publish","type":"page","link":"https:\/\/www.arber.de\/cs\/skigebiet\/pistenpraeparierung-und-beschneiung\/","title":{"rendered":"Pistenpr\u00e4parierung und Beschneiung"},"content":{"rendered":"\t\t<div data-elementor-type=\"wp-page\" data-elementor-id=\"10608\" class=\"elementor elementor-10608 elementor-4567\" data-elementor-post-type=\"page\">\n\t\t\t\t<div class=\"elementor-element elementor-element-31709a17 e-con-full e-flex e-con e-parent\" data-id=\"31709a17\" data-element_type=\"container\">\n\t\t<div class=\"elementor-element elementor-element-2156f305 e-flex e-con-boxed e-con e-parent\" data-id=\"2156f305\" data-element_type=\"container\" data-settings=\"{&quot;background_background&quot;:&quot;classic&quot;,&quot;shape_divider_bottom&quot;:&quot;pyramids&quot;}\">\n\t\t\t\t\t<div class=\"e-con-inner\">\n\t\t\t\t<div class=\"elementor-shape elementor-shape-bottom\" aria-hidden=\"true\" data-negative=\"false\">\n\t\t\t<svg xmlns=\"http:\/\/www.w3.org\/2000\/svg\" viewBox=\"0 0 1000 100\" preserveAspectRatio=\"none\">\n\t<path class=\"elementor-shape-fill\" d=\"M761.9,44.1L643.1,27.2L333.8,98L0,3.8V0l1000,0v3.9\"\/>\n<\/svg>\t\t<\/div>\n\t\t\t\t\t<\/div>\n\t\t\t\t<\/div>\n\t\t<div class=\"elementor-element elementor-element-4e78ee63 e-flex e-con-boxed e-con e-parent\" data-id=\"4e78ee63\" data-element_type=\"container\" data-settings=\"{&quot;background_background&quot;:&quot;gradient&quot;,&quot;shape_divider_bottom&quot;:&quot;pyramids&quot;}\">\n\t\t\t\t\t<div class=\"e-con-inner\">\n\t\t\t\t<div class=\"elementor-shape elementor-shape-bottom\" aria-hidden=\"true\" data-negative=\"false\">\n\t\t\t<svg xmlns=\"http:\/\/www.w3.org\/2000\/svg\" viewBox=\"0 0 1000 100\" preserveAspectRatio=\"none\">\n\t<path class=\"elementor-shape-fill\" d=\"M761.9,44.1L643.1,27.2L333.8,98L0,3.8V0l1000,0v3.9\"\/>\n<\/svg>\t\t<\/div>\n\t\t\t\t<div class=\"elementor-element elementor-element-56ad9a3e elementor-widget__width-initial elementor-widget-mobile__width-inherit elementor-widget elementor-widget-heading\" data-id=\"56ad9a3e\" data-element_type=\"widget\" data-widget_type=\"heading.default\">\n\t\t\t\t<div class=\"elementor-widget-container\">\n\t\t\t\t\t<h1 class=\"elementor-heading-title elementor-size-default\">Modernste Beschneiung und Pistenraupen f\u00fcr optimale Pisten<\/h1>\t\t\t\t<\/div>\n\t\t\t\t<\/div>\n\t\t\t\t\t<\/div>\n\t\t\t\t<\/div>\n\t\t\t\t<\/div>\n\t\t<div class=\"elementor-element elementor-element-f860edf e-flex e-con-boxed e-con e-parent\" data-id=\"f860edf\" data-element_type=\"container\">\n\t\t\t\t\t<div class=\"e-con-inner\">\n\t\t\t\t<div class=\"elementor-element elementor-element-a48151c elementor-widget elementor-widget-heading\" data-id=\"a48151c\" data-element_type=\"widget\" data-widget_type=\"heading.default\">\n\t\t\t\t<div class=\"elementor-widget-container\">\n\t\t\t\t\t<span class=\"elementor-heading-title elementor-size-default\">Modern und effizient<\/span>\t\t\t\t<\/div>\n\t\t\t\t<\/div>\n\t\t\t\t<div class=\"elementor-element elementor-element-f4cb445 elementor-widget elementor-widget-heading\" data-id=\"f4cb445\" data-element_type=\"widget\" data-widget_type=\"heading.default\">\n\t\t\t\t<div class=\"elementor-widget-container\">\n\t\t\t\t\t<h2 class=\"elementor-heading-title elementor-size-default\">Unser Beschneiungskonzept<\/h2>\t\t\t\t<\/div>\n\t\t\t\t<\/div>\n\t\t\t\t<div class=\"elementor-element elementor-element-6800704 elementor-widget elementor-widget-text-editor\" data-id=\"6800704\" data-element_type=\"widget\" data-widget_type=\"text-editor.default\">\n\t\t\t\t<div class=\"elementor-widget-container\">\n\t\t\t\t\t\t\t\t\t<p>Unsere vollautomatische Beschneiungsanlage am Gro\u00dfen Arber stammt von der S\u00fcdtiroler Firma Techno Alpin, dem Marktf\u00fchrer auf dem Gebiet der technischen Schnee-Erzeugung.<\/p><p>Damit verf\u00fcgen wir \u00fcber eine der modernsten Anlagen in Deutschland und k\u00f6nnen in der kompletten Skisaison f\u00fcr einen optimalen Schneegenuss auf allen unseren H\u00e4ngen sorgen.<\/p><p>Die k\u00fcnstliche wei\u00dfe Pracht wird aktuell von 50 Maschinen erzeugt. Dabei sind wir besonders stolz, dass das verwendete Beschneiungswasser bei uns am Gro\u00dfen Arber stets \u00fcber Trinkwasserqualit\u00e4t verf\u00fcgt.<\/p><p>Es wird von den Techno Alpin-Maschinen zu feinsten Partikeln zerst\u00e4ubt und durch die kalte Umgebungsluft am Arber in erstklassigen Schnee verwandelt.\u00a0<\/p><p>Diesen Prozess steuern wir durch ein zentrales Leitsystem in der Talstation, von wo aus wir auch die Qualit\u00e4t der wei\u00dfen Flocken festlegen k\u00f6nnen: Von nass bis trocken stehen uns dabei neun Stufen zur Verf\u00fcgung.\u00a0<\/p><p>Durch diese feine Ausregelbarkeit der Wassermenge liefern die Ger\u00e4te von Techno Alpin auch bei wechselnden Umweltbedingungen eine absolut gleichbleibende Schneequalit\u00e4t und sorgen so f\u00fcr ein optimales Skivergn\u00fcgen!<\/p>\t\t\t\t\t\t\t\t<\/div>\n\t\t\t\t<\/div>\n\t\t\t\t\t<\/div>\n\t\t\t\t<\/div>\n\t\t<div class=\"elementor-element elementor-element-2e1d8dea e-flex e-con-boxed e-con e-parent\" data-id=\"2e1d8dea\" data-element_type=\"container\">\n\t\t\t\t\t<div class=\"e-con-inner\">\n\t\t\t\t<div class=\"elementor-element elementor-element-497db08a elementor-widget elementor-widget-gallery\" data-id=\"497db08a\" data-element_type=\"widget\" data-settings=\"{&quot;columns_mobile&quot;:3,&quot;columns_tablet&quot;:3,&quot;aspect_ratio&quot;:&quot;1:1&quot;,&quot;columns&quot;:3,&quot;lazyload&quot;:&quot;yes&quot;,&quot;gallery_layout&quot;:&quot;grid&quot;,&quot;gap&quot;:{&quot;unit&quot;:&quot;px&quot;,&quot;size&quot;:10,&quot;sizes&quot;:[]},&quot;gap_tablet&quot;:{&quot;unit&quot;:&quot;px&quot;,&quot;size&quot;:10,&quot;sizes&quot;:[]},&quot;gap_mobile&quot;:{&quot;unit&quot;:&quot;px&quot;,&quot;size&quot;:10,&quot;sizes&quot;:[]},&quot;link_to&quot;:&quot;file&quot;,&quot;overlay_background&quot;:&quot;yes&quot;,&quot;content_hover_animation&quot;:&quot;fade-in&quot;}\" data-widget_type=\"gallery.default\">\n\t\t\t\t<div class=\"elementor-widget-container\">\n\t\t\t\t\t\t\t<div class=\"elementor-gallery__container\">\n\t\t\t\t\t\t\t<a class=\"e-gallery-item elementor-gallery-item elementor-animated-content\" href=\"https:\/\/www.arber.de\/wp-content\/uploads\/grosser-arber-beschneiung-2-scaled.jpg\" data-elementor-open-lightbox=\"yes\" data-elementor-lightbox-slideshow=\"497db08a\" data-e-action-hash=\"#elementor-action%3Aaction%3Dlightbox%26settings%3DeyJpZCI6NDU3NCwidXJsIjoiaHR0cHM6XC9cL3d3dy5hcmJlci5kZVwvd3AtY29udGVudFwvdXBsb2Fkc1wvZ3Jvc3Nlci1hcmJlci1iZXNjaG5laXVuZy0yLXNjYWxlZC5qcGciLCJzbGlkZXNob3ciOiI0OTdkYjA4YSJ9\">\n\t\t\t\t\t<div class=\"e-gallery-image elementor-gallery-item__image\" data-thumbnail=\"https:\/\/www.arber.de\/wp-content\/uploads\/grosser-arber-beschneiung-2-1024x675.jpg\" data-width=\"800\" data-height=\"527\" aria-label=\"\" role=\"img\" ><\/div>\n\t\t\t\t\t\t\t\t\t\t\t<div class=\"elementor-gallery-item__overlay\"><\/div>\n\t\t\t\t\t\t\t\t\t\t\t\t\t\t<\/a>\n\t\t\t\t\t\t\t<a class=\"e-gallery-item elementor-gallery-item elementor-animated-content\" href=\"https:\/\/www.arber.de\/wp-content\/uploads\/grosser-arber-beschneiung-3-scaled.jpg\" data-elementor-open-lightbox=\"yes\" data-elementor-lightbox-slideshow=\"497db08a\" data-e-action-hash=\"#elementor-action%3Aaction%3Dlightbox%26settings%3DeyJpZCI6NDU3OCwidXJsIjoiaHR0cHM6XC9cL3d3dy5hcmJlci5kZVwvd3AtY29udGVudFwvdXBsb2Fkc1wvZ3Jvc3Nlci1hcmJlci1iZXNjaG5laXVuZy0zLXNjYWxlZC5qcGciLCJzbGlkZXNob3ciOiI0OTdkYjA4YSJ9\">\n\t\t\t\t\t<div class=\"e-gallery-image elementor-gallery-item__image\" data-thumbnail=\"https:\/\/www.arber.de\/wp-content\/uploads\/grosser-arber-beschneiung-3-1024x683.jpg\" data-width=\"800\" data-height=\"534\" aria-label=\"\" role=\"img\" ><\/div>\n\t\t\t\t\t\t\t\t\t\t\t<div class=\"elementor-gallery-item__overlay\"><\/div>\n\t\t\t\t\t\t\t\t\t\t\t\t\t\t<\/a>\n\t\t\t\t\t\t\t<a class=\"e-gallery-item elementor-gallery-item elementor-animated-content\" href=\"https:\/\/www.arber.de\/wp-content\/uploads\/grosser-arber-beschneiung-4-scaled.jpg\" data-elementor-open-lightbox=\"yes\" data-elementor-lightbox-slideshow=\"497db08a\" data-e-action-hash=\"#elementor-action%3Aaction%3Dlightbox%26settings%3DeyJpZCI6NDU4MiwidXJsIjoiaHR0cHM6XC9cL3d3dy5hcmJlci5kZVwvd3AtY29udGVudFwvdXBsb2Fkc1wvZ3Jvc3Nlci1hcmJlci1iZXNjaG5laXVuZy00LXNjYWxlZC5qcGciLCJzbGlkZXNob3ciOiI0OTdkYjA4YSJ9\">\n\t\t\t\t\t<div class=\"e-gallery-image elementor-gallery-item__image\" data-thumbnail=\"https:\/\/www.arber.de\/wp-content\/uploads\/grosser-arber-beschneiung-4-1024x652.jpg\" data-width=\"800\" data-height=\"509\" aria-label=\"\" role=\"img\" ><\/div>\n\t\t\t\t\t\t\t\t\t\t\t<div class=\"elementor-gallery-item__overlay\"><\/div>\n\t\t\t\t\t\t\t\t\t\t\t\t\t\t<\/a>\n\t\t\t\t\t<\/div>\n\t\t\t\t\t<\/div>\n\t\t\t\t<\/div>\n\t\t\t\t\t<\/div>\n\t\t\t\t<\/div>\n\t\t<div class=\"elementor-element elementor-element-1f67c40a e-flex e-con-boxed e-con e-parent\" data-id=\"1f67c40a\" data-element_type=\"container\" data-settings=\"{&quot;background_background&quot;:&quot;classic&quot;,&quot;shape_divider_top&quot;:&quot;pyramids&quot;,&quot;shape_divider_bottom&quot;:&quot;pyramids&quot;}\">\n\t\t\t\t\t<div class=\"e-con-inner\">\n\t\t\t\t<div class=\"elementor-shape elementor-shape-top\" aria-hidden=\"true\" data-negative=\"false\">\n\t\t\t<svg xmlns=\"http:\/\/www.w3.org\/2000\/svg\" viewBox=\"0 0 1000 100\" preserveAspectRatio=\"none\">\n\t<path class=\"elementor-shape-fill\" d=\"M761.9,44.1L643.1,27.2L333.8,98L0,3.8V0l1000,0v3.9\"\/>\n<\/svg>\t\t<\/div>\n\t\t\t\t<div class=\"elementor-shape elementor-shape-bottom\" aria-hidden=\"true\" data-negative=\"false\">\n\t\t\t<svg xmlns=\"http:\/\/www.w3.org\/2000\/svg\" viewBox=\"0 0 1000 100\" preserveAspectRatio=\"none\">\n\t<path class=\"elementor-shape-fill\" d=\"M761.9,44.1L643.1,27.2L333.8,98L0,3.8V0l1000,0v3.9\"\/>\n<\/svg>\t\t<\/div>\n\t\t<div class=\"elementor-element elementor-element-25220f97 e-flex e-con-boxed e-con e-parent\" data-id=\"25220f97\" data-element_type=\"container\">\n\t\t\t\t\t<div class=\"e-con-inner\">\n\t\t\t\t<div class=\"elementor-element elementor-element-560fa749 elementor-widget elementor-widget-heading\" data-id=\"560fa749\" data-element_type=\"widget\" data-widget_type=\"heading.default\">\n\t\t\t\t<div class=\"elementor-widget-container\">\n\t\t\t\t\t<h2 class=\"elementor-heading-title elementor-size-default\">Unsere Technik f\u00fcr Ihren Schneespa\u00df<\/h2>\t\t\t\t<\/div>\n\t\t\t\t<\/div>\n\t\t\t\t<div class=\"elementor-element elementor-element-459075e elementor-widget elementor-widget-text-editor\" data-id=\"459075e\" data-element_type=\"widget\" data-widget_type=\"text-editor.default\">\n\t\t\t\t<div class=\"elementor-widget-container\">\n\t\t\t\t\t\t\t\t\t<p>Dass wir uns am Gro\u00dfen Arber dazu entschlossen haben, V\u00e4terchen Frost etwas unter die Arme zu greifen, hat noch weitere Vorteile f\u00fcr euren Skigenuss.\u00a0<\/p><p>Aufgrund seiner Beschaffenheit ist der Maschinenschnee ebenfalls deutlich weniger anf\u00e4llig f\u00fcr kurze Regenschauer und Temperaturschwankungen oberhalb des Gefrierpunkts. So k\u00f6nnt ihr auch bei unerwarteten Witterungs\u00e4nderungen trotzdem weiterhin vollkommen entspannt die Piste genie\u00dfen.<\/p><p>Die absolute Gleichm\u00e4\u00dfigkeit der Schneedecke stellt au\u00dferdem ein deutliches Sicherheitsplus f\u00fcr alle Skifahrer und Snowboarder dar. Das Verletzungsrisiko durch St\u00fcrze wird durch die besondere Griffigkeit Schnees stark vermindert und die Laufruhe der Ski und Boards merklich erh\u00f6ht. Besonders unseren kleinen Skihelden, die ihre ersten Schw\u00fcnge im Schnee unternehmen, kommt dieser Vorteil zugute. Nat\u00fcrlich solltet ihr im Sinne eurer eigenen Sicherheit stets auf die passende Kleidung und optimale Ausr\u00fcstung f\u00fcr eure Liebsten achten.<\/p><p>Neben diesen Effekten, von denen Sie als Gast direkt profitieren, hat die k\u00fcnstliche Beschneiung zudem positive \u00f6kologische Auswir\u00adkungen. Die gleichbleibende Schneedecke sorgt daf\u00fcr, dass Sch\u00e4den durch Stahlkanten der Ski und Pistenmaschinen an der Grasnarbe vermieden werden. Selbst in der Hochphase des Wintersports werden dadurch unsere H\u00e4nge am Gro\u00dfen Arber geschont, sodass sie im Sommer wieder im saftigsten Gr\u00fcn erstrahlen k\u00f6nnen.<\/p>\t\t\t\t\t\t\t\t<\/div>\n\t\t\t\t<\/div>\n\t\t\t\t\t<\/div>\n\t\t\t\t<\/div>\n\t\t\t\t\t<\/div>\n\t\t\t\t<\/div>\n\t\t<div class=\"elementor-element elementor-element-3950079 e-flex e-con-boxed e-con e-parent\" data-id=\"3950079\" data-element_type=\"container\">\n\t\t\t\t\t<div class=\"e-con-inner\">\n\t\t<div class=\"elementor-element elementor-element-82d404a e-con-full e-flex e-con e-parent\" data-id=\"82d404a\" data-element_type=\"container\">\n\t\t\t\t<div class=\"elementor-element elementor-element-72c03de elementor-widget elementor-widget-heading\" data-id=\"72c03de\" data-element_type=\"widget\" data-widget_type=\"heading.default\">\n\t\t\t\t<div class=\"elementor-widget-container\">\n\t\t\t\t\t<h2 class=\"elementor-heading-title elementor-size-default\">Pistenpr\u00e4parierung der Extraklasse<\/h2>\t\t\t\t<\/div>\n\t\t\t\t<\/div>\n\t\t\t\t<div class=\"elementor-element elementor-element-c423908 elementor-widget elementor-widget-text-editor\" data-id=\"c423908\" data-element_type=\"widget\" data-widget_type=\"text-editor.default\">\n\t\t\t\t<div class=\"elementor-widget-container\">\n\t\t\t\t\t\t\t\t\t<p>F\u00fcr die Pistenpr\u00e4parierung stehen uns am Gro\u00dfen Arber insgesamt vier hochmoderne Pistenbullys zur Verf\u00fcgung. Drei dieser Fahrzeuge sind sogenannte Windenpistenraupen. Mit ihren 330 PS k\u00f6nnen Sie insbesondere die steilen H\u00e4nge optimal aufbereiten.\u00a0<\/p><p>Damit verf\u00fcgen wir \u00fcber eine der modernsten und gr\u00f6\u00dften Pistenbully-Flotte im gesamten Bayerischen Wald.\u00a0<\/p><p>In Kombination mit unserer vollautoma\u00adtischen Beschneiungsanlage k\u00f6nnen wir euch daher in der kompletten Wintersaison durch\u00adg\u00e4ngig ein fantastisches Skivergn\u00fcgen garan\u00adtieren.\u00a0<\/p>\t\t\t\t\t\t\t\t<\/div>\n\t\t\t\t<\/div>\n\t\t\t\t<\/div>\n\t\t<div class=\"elementor-element elementor-element-c972711 e-con-full e-flex e-con e-parent\" data-id=\"c972711\" data-element_type=\"container\" data-settings=\"{&quot;motion_fx_motion_fx_scrolling&quot;:&quot;yes&quot;,&quot;motion_fx_translateY_effect&quot;:&quot;yes&quot;,&quot;motion_fx_translateY_direction&quot;:&quot;negative&quot;,&quot;motion_fx_translateY_affectedRange&quot;:{&quot;unit&quot;:&quot;%&quot;,&quot;size&quot;:&quot;&quot;,&quot;sizes&quot;:{&quot;start&quot;:0,&quot;end&quot;:55}},&quot;motion_fx_translateY_speed&quot;:{&quot;unit&quot;:&quot;px&quot;,&quot;size&quot;:3,&quot;sizes&quot;:[]},&quot;motion_fx_devices&quot;:[&quot;desktop&quot;]}\">\n\t\t\t\t<div class=\"elementor-element elementor-element-aa14a88 elementor-widget elementor-widget-image\" data-id=\"aa14a88\" data-element_type=\"widget\" data-widget_type=\"image.default\">\n\t\t\t\t<div class=\"elementor-widget-container\">\n\t\t\t\t\t\t\t\t\t\t\t\t\t\t\t<img fetchpriority=\"high\" decoding=\"async\" width=\"1536\" height=\"1024\" src=\"https:\/\/www.arber.de\/wp-content\/uploads\/grosser-arber-pistenpraeparierung-2-1536x1024.jpg\" class=\"attachment-1536x1536 size-1536x1536 wp-image-4595\" alt=\"\" srcset=\"https:\/\/www.arber.de\/wp-content\/uploads\/grosser-arber-pistenpraeparierung-2-1536x1024.jpg 1536w, https:\/\/www.arber.de\/wp-content\/uploads\/grosser-arber-pistenpraeparierung-2-300x200.jpg 300w, https:\/\/www.arber.de\/wp-content\/uploads\/grosser-arber-pistenpraeparierung-2-1024x683.jpg 1024w, https:\/\/www.arber.de\/wp-content\/uploads\/grosser-arber-pistenpraeparierung-2-768x512.jpg 768w, https:\/\/www.arber.de\/wp-content\/uploads\/grosser-arber-pistenpraeparierung-2-2048x1365.jpg 2048w\" sizes=\"(max-width: 1536px) 100vw, 1536px\" \/>\t\t\t\t\t\t\t\t\t\t\t\t\t\t\t<\/div>\n\t\t\t\t<\/div>\n\t\t\t\t<\/div>\n\t\t\t\t\t<\/div>\n\t\t\t\t<\/div>\n\t\t\t\t<\/div>\n\t\t","protected":false},"excerpt":{"rendered":"<p>Modernste Beschneiung und Pistenraupen f\u00fcr optimale Pisten Modern und effizient Unser Beschneiungskonzept Unsere vollautomatische Beschneiungsanlage am Gro\u00dfen Arber stammt von der S\u00fcdtiroler Firma Techno Alpin, dem Marktf\u00fchrer auf dem Gebiet der technischen Schnee-Erzeugung. Damit verf\u00fcgen wir \u00fcber eine der modernsten Anlagen in Deutschland und k\u00f6nnen in der kompletten Skisaison f\u00fcr einen optimalen Schneegenuss auf allen [&hellip;]<\/p>\n","protected":false},"author":1,"featured_media":0,"parent":8568,"menu_order":0,"comment_status":"closed","ping_status":"closed","template":"","meta":{"inline_featured_image":false,"footnotes":""},"class_list":["post-10608","page","type-page","status-publish","hentry"],"_links":{"self":[{"href":"https:\/\/www.arber.de\/cs\/wp-json\/wp\/v2\/pages\/10608","targetHints":{"allow":["GET"]}}],"collection":[{"href":"https:\/\/www.arber.de\/cs\/wp-json\/wp\/v2\/pages"}],"about":[{"href":"https:\/\/www.arber.de\/cs\/wp-json\/wp\/v2\/types\/page"}],"author":[{"embeddable":true,"href":"https:\/\/www.arber.de\/cs\/wp-json\/wp\/v2\/users\/1"}],"replies":[{"embeddable":true,"href":"https:\/\/www.arber.de\/cs\/wp-json\/wp\/v2\/comments?post=10608"}],"version-history":[{"count":0,"href":"https:\/\/www.arber.de\/cs\/wp-json\/wp\/v2\/pages\/10608\/revisions"}],"up":[{"embeddable":true,"href":"https:\/\/www.arber.de\/cs\/wp-json\/wp\/v2\/pages\/8568"}],"wp:attachment":[{"href":"https:\/\/www.arber.de\/cs\/wp-json\/wp\/v2\/media?parent=10608"}],"curies":[{"name":"wp","href":"https:\/\/api.w.org\/{rel}","templated":true}]}}