{"id":10601,"date":"2022-11-02T16:37:56","date_gmt":"2022-11-02T15:37:56","guid":{"rendered":"https:\/\/www.arber.de\/skigebiet\/familienskigebiet\/"},"modified":"2022-11-02T16:37:56","modified_gmt":"2022-11-02T15:37:56","slug":"familienskigebiet","status":"publish","type":"page","link":"https:\/\/www.arber.de\/cs\/skigebiet\/familienskigebiet\/","title":{"rendered":"Familienskigebiet"},"content":{"rendered":"\t\t<div data-elementor-type=\"wp-page\" data-elementor-id=\"10601\" class=\"elementor elementor-10601 elementor-1003\" data-elementor-post-type=\"page\">\n\t\t\t\t<div class=\"elementor-element elementor-element-cec09ac e-con-full e-flex e-con e-parent\" data-id=\"cec09ac\" data-element_type=\"container\" data-settings=\"{&quot;shape_divider_bottom&quot;:&quot;pyramids&quot;}\">\n\t\t\t\t<div class=\"elementor-shape elementor-shape-bottom\" aria-hidden=\"true\" data-negative=\"false\">\n\t\t\t<svg xmlns=\"http:\/\/www.w3.org\/2000\/svg\" viewBox=\"0 0 1000 100\" preserveAspectRatio=\"none\">\n\t<path class=\"elementor-shape-fill\" d=\"M761.9,44.1L643.1,27.2L333.8,98L0,3.8V0l1000,0v3.9\"\/>\n<\/svg>\t\t<\/div>\n\t\t<div class=\"elementor-element elementor-element-a44553d e-flex e-con-boxed e-con e-parent\" data-id=\"a44553d\" data-element_type=\"container\" data-settings=\"{&quot;background_background&quot;:&quot;video&quot;,&quot;shape_divider_bottom&quot;:&quot;pyramids&quot;,&quot;background_video_link&quot;:&quot;https:\\\/\\\/www.arber.de\\\/wp-content\\\/uploads\\\/Skifahren_Video.mp4&quot;}\">\n\t\t\t\t\t<div class=\"e-con-inner\">\n\t\t<div class=\"elementor-background-video-container elementor-hidden-mobile\" aria-hidden=\"true\">\n\t\t\t\t\t\t\t<video class=\"elementor-background-video-hosted\" autoplay muted playsinline loop><\/video>\n\t\t\t\t\t<\/div>\t\t<div class=\"elementor-shape elementor-shape-bottom\" aria-hidden=\"true\" data-negative=\"false\">\n\t\t\t<svg xmlns=\"http:\/\/www.w3.org\/2000\/svg\" viewBox=\"0 0 1000 100\" preserveAspectRatio=\"none\">\n\t<path class=\"elementor-shape-fill\" d=\"M761.9,44.1L643.1,27.2L333.8,98L0,3.8V0l1000,0v3.9\"\/>\n<\/svg>\t\t<\/div>\n\t\t\t\t\t<\/div>\n\t\t\t\t<\/div>\n\t\t<div class=\"elementor-element elementor-element-4dee864 e-flex e-con-boxed e-con e-parent\" data-id=\"4dee864\" data-element_type=\"container\" data-settings=\"{&quot;background_background&quot;:&quot;gradient&quot;,&quot;shape_divider_bottom&quot;:&quot;pyramids&quot;}\">\n\t\t\t\t\t<div class=\"e-con-inner\">\n\t\t\t\t<div class=\"elementor-shape elementor-shape-bottom\" aria-hidden=\"true\" data-negative=\"false\">\n\t\t\t<svg xmlns=\"http:\/\/www.w3.org\/2000\/svg\" viewBox=\"0 0 1000 100\" preserveAspectRatio=\"none\">\n\t<path class=\"elementor-shape-fill\" d=\"M761.9,44.1L643.1,27.2L333.8,98L0,3.8V0l1000,0v3.9\"\/>\n<\/svg>\t\t<\/div>\n\t\t\t\t<div class=\"elementor-element elementor-element-c8502c6 elementor-widget__width-initial elementor-widget-mobile__width-inherit elementor-widget elementor-widget-heading\" data-id=\"c8502c6\" data-element_type=\"widget\" data-widget_type=\"heading.default\">\n\t\t\t\t<div class=\"elementor-widget-container\">\n\t\t\t\t\t<div class=\"elementor-heading-title elementor-size-default\">Das Skigebiet f\u00fcr die ganze Familie!<\/div>\t\t\t\t<\/div>\n\t\t\t\t<\/div>\n\t\t\t\t<div class=\"elementor-element elementor-element-56c0c5d elementor-widget__width-initial elementor-widget-mobile__width-inherit elementor-widget elementor-widget-text-editor\" data-id=\"56c0c5d\" data-element_type=\"widget\" data-widget_type=\"text-editor.default\">\n\t\t\t\t<div class=\"elementor-widget-container\">\n\t\t\t\t\t\t\t\t\t<p>Unser Gro\u00dfer Arber ist das beliebteste und gr\u00f6\u00dfte Familienskigebiet im Bayerischen Wald<\/p>\t\t\t\t\t\t\t\t<\/div>\n\t\t\t\t<\/div>\n\t\t\t\t\t<\/div>\n\t\t\t\t<\/div>\n\t\t\t\t<\/div>\n\t\t<div class=\"elementor-element elementor-element-3bb001d e-flex e-con-boxed e-con e-parent\" data-id=\"3bb001d\" data-element_type=\"container\">\n\t\t\t\t\t<div class=\"e-con-inner\">\n\t\t<div class=\"elementor-element elementor-element-c9525d9 e-con-full e-flex e-con e-parent\" data-id=\"c9525d9\" data-element_type=\"container\" data-settings=\"{&quot;motion_fx_motion_fx_scrolling&quot;:&quot;yes&quot;,&quot;motion_fx_translateY_effect&quot;:&quot;yes&quot;,&quot;motion_fx_translateY_speed&quot;:{&quot;unit&quot;:&quot;px&quot;,&quot;size&quot;:1.5,&quot;sizes&quot;:[]},&quot;motion_fx_devices&quot;:[&quot;desktop&quot;,&quot;tablet&quot;],&quot;motion_fx_translateY_affectedRange&quot;:{&quot;unit&quot;:&quot;%&quot;,&quot;size&quot;:&quot;&quot;,&quot;sizes&quot;:{&quot;start&quot;:0,&quot;end&quot;:100}}}\">\n\t\t\t\t<div class=\"elementor-element elementor-element-18b1c14 elementor-widget elementor-widget-heading\" data-id=\"18b1c14\" data-element_type=\"widget\" data-widget_type=\"heading.default\">\n\t\t\t\t<div class=\"elementor-widget-container\">\n\t\t\t\t\t<h1 class=\"elementor-heading-title elementor-size-default\">Das beliebteste Familienskigebiet im Bayerischen Wald!<\/h1>\t\t\t\t<\/div>\n\t\t\t\t<\/div>\n\t\t\t\t<div class=\"elementor-element elementor-element-853f86e elementor-widget elementor-widget-text-editor\" data-id=\"853f86e\" data-element_type=\"widget\" data-widget_type=\"text-editor.default\">\n\t\t\t\t<div class=\"elementor-widget-container\">\n\t\t\t\t\t\t\t\t\t<p>Ob Skilaufen, Carven, Skitouren, Skiwandern oder Snowboarden \u2013 bei uns am Gro\u00dfen Arber findet jeder entsprechend seiner F\u00e4higkeiten die optimale Piste!<\/p><p>Beginner und Wiedereinsteiger lernen bei uns unter hervorragenden Voraussetzungen in einem der familienfreundlichsten Skigebiete Deutsch\u00adlands.<\/p><p>So wartet am Sonnenhang unsere 6er-Familiensesselbahn auf ihre gro\u00dfen und kleinen Fahrg\u00e4ste die erste weltweit mit einem auto\u00admatischen Kinderschlie\u00dfb\u00fcgel \u2013 und das beliebte <a href=\"https:\/\/www.arber.de\/skigebiet\/familienskigebiet\/arbaer-kinderland\/\">ArB\u00e4r-Kinderland<\/a> erfreut mit seiner <a href=\"https:\/\/www.arber.de\/skigebiet\/familienskigebiet\/riesenslalom-mit-doppelzeitmessung\/\">Kinder-Zeit\u00admessstrecke<\/a> sowie vier F\u00f6rderb\u00e4ndern besonders junge Wintersportler.<\/p><p>Zudem gibt es bei uns im ArberLand insgesamt <a href=\"https:\/\/www.arber.de\/skigebiet\/skischulen\/\">14 Ski- und Snowboardschulen<\/a> mit professionell geschultem Personal. Unsere stets hilfsbereiten Mitarbeiter freuen sich auf Ihre Teilnahme an einem der vielen Kurse f\u00fcr jede Alters- und Niveaugruppe.<\/p>\t\t\t\t\t\t\t\t<\/div>\n\t\t\t\t<\/div>\n\t\t\t\t<\/div>\n\t\t<div class=\"elementor-element elementor-element-47fd776 e-con-full e-flex e-con e-parent\" data-id=\"47fd776\" data-element_type=\"container\" data-settings=\"{&quot;motion_fx_motion_fx_scrolling&quot;:&quot;yes&quot;,&quot;motion_fx_translateY_effect&quot;:&quot;yes&quot;,&quot;motion_fx_translateY_direction&quot;:&quot;negative&quot;,&quot;motion_fx_translateY_speed&quot;:{&quot;unit&quot;:&quot;px&quot;,&quot;size&quot;:3.5,&quot;sizes&quot;:[]},&quot;motion_fx_devices&quot;:[&quot;desktop&quot;,&quot;tablet&quot;],&quot;motion_fx_translateY_affectedRange&quot;:{&quot;unit&quot;:&quot;%&quot;,&quot;size&quot;:&quot;&quot;,&quot;sizes&quot;:{&quot;start&quot;:0,&quot;end&quot;:100}}}\">\n\t\t\t\t<div class=\"elementor-element elementor-element-93157e8 elementor-widget elementor-widget-image\" data-id=\"93157e8\" data-element_type=\"widget\" data-widget_type=\"image.default\">\n\t\t\t\t<div class=\"elementor-widget-container\">\n\t\t\t\t\t\t\t\t\t\t\t\t\t\t\t<img fetchpriority=\"high\" decoding=\"async\" width=\"800\" height=\"626\" src=\"https:\/\/www.arber.de\/wp-content\/uploads\/arber-familienskigebiet-1024x801.jpg\" class=\"attachment-large size-large wp-image-3542\" alt=\"\" srcset=\"https:\/\/www.arber.de\/wp-content\/uploads\/arber-familienskigebiet-1024x801.jpg 1024w, https:\/\/www.arber.de\/wp-content\/uploads\/arber-familienskigebiet-300x235.jpg 300w, https:\/\/www.arber.de\/wp-content\/uploads\/arber-familienskigebiet-768x601.jpg 768w, https:\/\/www.arber.de\/wp-content\/uploads\/arber-familienskigebiet-1536x1202.jpg 1536w, https:\/\/www.arber.de\/wp-content\/uploads\/arber-familienskigebiet.jpg 2000w\" sizes=\"(max-width: 800px) 100vw, 800px\" \/>\t\t\t\t\t\t\t\t\t\t\t\t\t\t\t<\/div>\n\t\t\t\t<\/div>\n\t\t\t\t<\/div>\n\t\t\t\t\t<\/div>\n\t\t\t\t<\/div>\n\t\t<div class=\"elementor-element elementor-element-1448159 e-flex e-con-boxed e-con e-parent\" data-id=\"1448159\" data-element_type=\"container\" data-settings=\"{&quot;animation&quot;:&quot;none&quot;}\">\n\t\t\t\t\t<div class=\"e-con-inner\">\n\t\t<div class=\"elementor-element elementor-element-226fe77 e-con-full e-flex elementor-invisible e-con e-parent\" data-id=\"226fe77\" data-element_type=\"container\" data-settings=\"{&quot;animation&quot;:&quot;fadeInUp&quot;}\">\n\t\t\t\t<div class=\"elementor-element elementor-element-c6329c3 elementor-cta--skin-cover elementor-cta--valign-bottom elementor-bg-transform elementor-bg-transform-zoom-in elementor-widget elementor-widget-call-to-action\" data-id=\"c6329c3\" data-element_type=\"widget\" data-widget_type=\"call-to-action.default\">\n\t\t\t\t<div class=\"elementor-widget-container\">\n\t\t\t\t\t\t\t<a class=\"elementor-cta\" href=\"https:\/\/www.arber.de\/skigebiet\/familienskigebiet\/arbaer-kinderland\/\">\n\t\t\t\t\t<div class=\"elementor-cta__bg-wrapper\">\n\t\t\t\t<div class=\"elementor-cta__bg elementor-bg\" style=\"background-image: url(https:\/\/www.arber.de\/wp-content\/uploads\/2022\/10\/Woidlife160121mf130_Startseite-e1666861192721-768x551.jpg);\" role=\"img\" aria-label=\"Woidlife160121mf130_Startseite\"><\/div>\n\t\t\t\t<div class=\"elementor-cta__bg-overlay\"><\/div>\n\t\t\t<\/div>\n\t\t\t\t\t\t\t<div class=\"elementor-cta__content\">\n\t\t\t\t\n\t\t\t\t\t\t\t\t\t<h3 class=\"elementor-cta__title elementor-cta__content-item elementor-content-item\">\n\t\t\t\t\t\tArB\u00e4r-Kinderland\t\t\t\t\t<\/h3>\n\t\t\t\t\n\t\t\t\t\n\t\t\t\t\t\t\t\t\t<div class=\"elementor-cta__button-wrapper elementor-cta__content-item elementor-content-item \">\n\t\t\t\t\t<span class=\"elementor-cta__button elementor-button elementor-size-\">\n\t\t\t\t\t\tDen Einstieg wagen\t\t\t\t\t<\/span>\n\t\t\t\t\t<\/div>\n\t\t\t\t\t\t\t<\/div>\n\t\t\t\t\t\t<\/a>\n\t\t\t\t\t\t<\/div>\n\t\t\t\t<\/div>\n\t\t\t\t<\/div>\n\t\t<div class=\"elementor-element elementor-element-62c6a6a e-con-full e-flex elementor-invisible e-con e-parent\" data-id=\"62c6a6a\" data-element_type=\"container\" data-settings=\"{&quot;animation&quot;:&quot;fadeInUp&quot;}\">\n\t\t\t\t<div class=\"elementor-element elementor-element-fe5d711 elementor-cta--skin-cover elementor-cta--valign-bottom elementor-bg-transform elementor-bg-transform-zoom-in elementor-widget elementor-widget-call-to-action\" data-id=\"fe5d711\" data-element_type=\"widget\" data-widget_type=\"call-to-action.default\">\n\t\t\t\t<div class=\"elementor-widget-container\">\n\t\t\t\t\t\t\t<a class=\"elementor-cta\" href=\"https:\/\/www.arber.de\/skigebiet\/familienskigebiet\/riesenslalom-mit-doppelzeitmessung\/\">\n\t\t\t\t\t<div class=\"elementor-cta__bg-wrapper\">\n\t\t\t\t<div class=\"elementor-cta__bg elementor-bg\" style=\"background-image: url(https:\/\/www.arber.de\/wp-content\/uploads\/Arber_2013_02-768x521.jpg);\" role=\"img\" aria-label=\"Arber_2013_02\"><\/div>\n\t\t\t\t<div class=\"elementor-cta__bg-overlay\"><\/div>\n\t\t\t<\/div>\n\t\t\t\t\t\t\t<div class=\"elementor-cta__content\">\n\t\t\t\t\n\t\t\t\t\t\t\t\t\t<h3 class=\"elementor-cta__title elementor-cta__content-item elementor-content-item\">\n\t\t\t\t\t\tRiesenslalom mit  Doppelzeitmessung\t\t\t\t\t<\/h3>\n\t\t\t\t\n\t\t\t\t\n\t\t\t\t\t\t\t\t\t<div class=\"elementor-cta__button-wrapper elementor-cta__content-item elementor-content-item \">\n\t\t\t\t\t<span class=\"elementor-cta__button elementor-button elementor-size-\">\n\t\t\t\t\t\tMehr zur Strecke\t\t\t\t\t<\/span>\n\t\t\t\t\t<\/div>\n\t\t\t\t\t\t\t<\/div>\n\t\t\t\t\t\t<\/a>\n\t\t\t\t\t\t<\/div>\n\t\t\t\t<\/div>\n\t\t\t\t<\/div>\n\t\t<div class=\"elementor-element elementor-element-32a4a58 e-con-full e-flex elementor-invisible e-con e-parent\" data-id=\"32a4a58\" data-element_type=\"container\" data-settings=\"{&quot;animation&quot;:&quot;fadeInUp&quot;}\">\n\t\t\t\t<div class=\"elementor-element elementor-element-50a76d8 elementor-cta--skin-cover elementor-cta--valign-bottom elementor-bg-transform elementor-bg-transform-zoom-in elementor-widget elementor-widget-call-to-action\" data-id=\"50a76d8\" data-element_type=\"widget\" data-widget_type=\"call-to-action.default\">\n\t\t\t\t<div class=\"elementor-widget-container\">\n\t\t\t\t\t\t\t<a class=\"elementor-cta\" href=\"https:\/\/www.arber.de\/skigebiet\/familienskigebiet\/familien-cross-park\/\">\n\t\t\t\t\t<div class=\"elementor-cta__bg-wrapper\">\n\t\t\t\t<div class=\"elementor-cta__bg elementor-bg\" style=\"background-image: url(https:\/\/www.arber.de\/wp-content\/uploads\/Arber__Funpark__Schanze_6_bearbeitet-1-768x480.jpg);\" role=\"img\" aria-label=\"Snowboardfahrer im Sprung auf der Piste im Familienskigebiet Gro\u00dfer Arber\"><\/div>\n\t\t\t\t<div class=\"elementor-cta__bg-overlay\"><\/div>\n\t\t\t<\/div>\n\t\t\t\t\t\t\t<div class=\"elementor-cta__content\">\n\t\t\t\t\n\t\t\t\t\t\t\t\t\t<h3 class=\"elementor-cta__title elementor-cta__content-item elementor-content-item\">\n\t\t\t\t\t\tFamilien-Cross-Park\t\t\t\t\t<\/h3>\n\t\t\t\t\n\t\t\t\t\n\t\t\t\t\t\t\t\t\t<div class=\"elementor-cta__button-wrapper elementor-cta__content-item elementor-content-item \">\n\t\t\t\t\t<span class=\"elementor-cta__button elementor-button elementor-size-\">\n\t\t\t\t\t\tJetzt entdecken\t\t\t\t\t<\/span>\n\t\t\t\t\t<\/div>\n\t\t\t\t\t\t\t<\/div>\n\t\t\t\t\t\t<\/a>\n\t\t\t\t\t\t<\/div>\n\t\t\t\t<\/div>\n\t\t\t\t<\/div>\n\t\t\t\t\t<\/div>\n\t\t\t\t<\/div>\n\t\t<div class=\"elementor-element elementor-element-4db5934 e-flex e-con-boxed e-con e-parent\" data-id=\"4db5934\" data-element_type=\"container\" data-settings=\"{&quot;background_background&quot;:&quot;classic&quot;,&quot;shape_divider_top&quot;:&quot;pyramids&quot;,&quot;shape_divider_bottom&quot;:&quot;pyramids&quot;}\">\n\t\t\t\t\t<div class=\"e-con-inner\">\n\t\t\t\t<div class=\"elementor-shape elementor-shape-top\" aria-hidden=\"true\" data-negative=\"false\">\n\t\t\t<svg xmlns=\"http:\/\/www.w3.org\/2000\/svg\" viewBox=\"0 0 1000 100\" preserveAspectRatio=\"none\">\n\t<path class=\"elementor-shape-fill\" d=\"M761.9,44.1L643.1,27.2L333.8,98L0,3.8V0l1000,0v3.9\"\/>\n<\/svg>\t\t<\/div>\n\t\t\t\t<div class=\"elementor-shape elementor-shape-bottom\" aria-hidden=\"true\" data-negative=\"false\">\n\t\t\t<svg xmlns=\"http:\/\/www.w3.org\/2000\/svg\" viewBox=\"0 0 1000 100\" preserveAspectRatio=\"none\">\n\t<path class=\"elementor-shape-fill\" d=\"M761.9,44.1L643.1,27.2L333.8,98L0,3.8V0l1000,0v3.9\"\/>\n<\/svg>\t\t<\/div>\n\t\t<div class=\"elementor-element elementor-element-fbfd729 e-con-full e-flex e-con e-parent\" data-id=\"fbfd729\" data-element_type=\"container\">\n\t\t\t\t<div class=\"elementor-element elementor-element-823e98b elementor-widget elementor-widget-heading\" data-id=\"823e98b\" data-element_type=\"widget\" data-widget_type=\"heading.default\">\n\t\t\t\t<div class=\"elementor-widget-container\">\n\t\t\t\t\t<h2 class=\"elementor-heading-title elementor-size-default\">\u201eWer am Arber Skifahren kann, kann auf der ganzen Welt Skifahren.\u201c<\/h2>\t\t\t\t<\/div>\n\t\t\t\t<\/div>\n\t\t\t\t<\/div>\n\t\t<div class=\"elementor-element elementor-element-7305cd8 e-con-full e-flex e-con e-parent\" data-id=\"7305cd8\" data-element_type=\"container\">\n\t\t\t\t<div class=\"elementor-element elementor-element-4d47b0e elementor-widget elementor-widget-text-editor\" data-id=\"4d47b0e\" data-element_type=\"widget\" data-widget_type=\"text-editor.default\">\n\t\t\t\t<div class=\"elementor-widget-container\">\n\t\t\t\t\t\t\t\t\t<p>W\u00e4hrend der Nachwuchs unter Aufsicht in unserem ArB\u00e4r-Kinderland flei\u00dfig \u00fcbt, sind unsere erfahreneren Ski-G\u00e4ste eingeladen, mit der Nordhang-Sesselbahn und der 6er-Gondelbahn bis knapp unter den Gipfel unseres Gro\u00dfen Arber zu fahren.<\/p><p>Von dort f\u00fchren verschiedene anspruchsvolle Abfahrten zur\u00fcck ins Tal. Die bekannteste Piste ist die rabenschwarze Weltcupstrecke, an der sich schon viele internationale Skisport-Gr\u00f6\u00dfen versucht haben.<\/p>\t\t\t\t\t\t\t\t<\/div>\n\t\t\t\t<\/div>\n\t\t\t\t<\/div>\n\t\t\t\t\t<\/div>\n\t\t\t\t<\/div>\n\t\t<div class=\"elementor-element elementor-element-dac3544 e-flex e-con-boxed e-con e-parent\" data-id=\"dac3544\" data-element_type=\"container\">\n\t\t\t\t\t<div class=\"e-con-inner\">\n\t\t\t\t<div class=\"elementor-element elementor-element-fee4da7 elementor-widget elementor-widget-heading\" data-id=\"fee4da7\" data-element_type=\"widget\" data-widget_type=\"heading.default\">\n\t\t\t\t<div class=\"elementor-widget-container\">\n\t\t\t\t\t<h2 class=\"elementor-heading-title elementor-size-default\">Impressionen vom Gro\u00dfen Arber<\/h2>\t\t\t\t<\/div>\n\t\t\t\t<\/div>\n\t\t\t\t<div class=\"elementor-element elementor-element-cc5aeab elementor-widget elementor-widget-gallery\" data-id=\"cc5aeab\" data-element_type=\"widget\" data-settings=\"{&quot;columns_mobile&quot;:2,&quot;columns_tablet&quot;:4,&quot;aspect_ratio&quot;:&quot;1:1&quot;,&quot;lazyload&quot;:&quot;yes&quot;,&quot;gallery_layout&quot;:&quot;grid&quot;,&quot;columns&quot;:4,&quot;gap&quot;:{&quot;unit&quot;:&quot;px&quot;,&quot;size&quot;:10,&quot;sizes&quot;:[]},&quot;gap_tablet&quot;:{&quot;unit&quot;:&quot;px&quot;,&quot;size&quot;:10,&quot;sizes&quot;:[]},&quot;gap_mobile&quot;:{&quot;unit&quot;:&quot;px&quot;,&quot;size&quot;:10,&quot;sizes&quot;:[]},&quot;link_to&quot;:&quot;file&quot;,&quot;overlay_background&quot;:&quot;yes&quot;,&quot;content_hover_animation&quot;:&quot;fade-in&quot;}\" data-widget_type=\"gallery.default\">\n\t\t\t\t<div class=\"elementor-widget-container\">\n\t\t\t\t\t\t\t<div class=\"elementor-gallery__container\">\n\t\t\t\t\t\t\t<a class=\"e-gallery-item elementor-gallery-item elementor-animated-content\" href=\"https:\/\/www.arber.de\/wp-content\/uploads\/arber-skischule.jpg\" data-elementor-open-lightbox=\"yes\" data-elementor-lightbox-slideshow=\"cc5aeab\" data-e-action-hash=\"#elementor-action%3Aaction%3Dlightbox%26settings%3DeyJpZCI6Nzc3LCJ1cmwiOiJodHRwczpcL1wvd3d3LmFyYmVyLmRlXC93cC1jb250ZW50XC91cGxvYWRzXC9hcmJlci1za2lzY2h1bGUuanBnIiwic2xpZGVzaG93IjoiY2M1YWVhYiJ9\">\n\t\t\t\t\t<div class=\"e-gallery-image elementor-gallery-item__image\" data-thumbnail=\"https:\/\/www.arber.de\/wp-content\/uploads\/arber-skischule-768x512.jpg\" data-width=\"768\" data-height=\"512\" aria-label=\"\" role=\"img\" ><\/div>\n\t\t\t\t\t\t\t\t\t\t\t<div class=\"elementor-gallery-item__overlay\"><\/div>\n\t\t\t\t\t\t\t\t\t\t\t\t\t\t<\/a>\n\t\t\t\t\t\t\t<a class=\"e-gallery-item elementor-gallery-item elementor-animated-content\" href=\"https:\/\/www.arber.de\/wp-content\/uploads\/2022\/10\/grosser-arber-sesselbahn.jpg\" data-elementor-open-lightbox=\"yes\" data-elementor-lightbox-slideshow=\"cc5aeab\" data-e-action-hash=\"#elementor-action%3Aaction%3Dlightbox%26settings%3DeyJpZCI6Mzg5LCJ1cmwiOiJodHRwczpcL1wvd3d3LmFyYmVyLmRlXC93cC1jb250ZW50XC91cGxvYWRzXC8yMDIyXC8xMFwvZ3Jvc3Nlci1hcmJlci1zZXNzZWxiYWhuLmpwZyIsInNsaWRlc2hvdyI6ImNjNWFlYWIifQ%3D%3D\">\n\t\t\t\t\t<div class=\"e-gallery-image elementor-gallery-item__image\" data-thumbnail=\"https:\/\/www.arber.de\/wp-content\/uploads\/2022\/10\/grosser-arber-sesselbahn-768x512.jpg\" data-width=\"768\" data-height=\"512\" aria-label=\"\" role=\"img\" ><\/div>\n\t\t\t\t\t\t\t\t\t\t\t<div class=\"elementor-gallery-item__overlay\"><\/div>\n\t\t\t\t\t\t\t\t\t\t\t\t\t\t<\/a>\n\t\t\t\t\t\t\t<a class=\"e-gallery-item elementor-gallery-item elementor-animated-content\" href=\"https:\/\/www.arber.de\/wp-content\/uploads\/2022\/10\/Woidlife160121mf130_Startseite-e1666861192721.jpg\" data-elementor-open-lightbox=\"yes\" data-elementor-lightbox-slideshow=\"cc5aeab\" data-e-action-hash=\"#elementor-action%3Aaction%3Dlightbox%26settings%3DeyJpZCI6Mzg3LCJ1cmwiOiJodHRwczpcL1wvd3d3LmFyYmVyLmRlXC93cC1jb250ZW50XC91cGxvYWRzXC8yMDIyXC8xMFwvV29pZGxpZmUxNjAxMjFtZjEzMF9TdGFydHNlaXRlLWUxNjY2ODYxMTkyNzIxLmpwZyIsInNsaWRlc2hvdyI6ImNjNWFlYWIifQ%3D%3D\">\n\t\t\t\t\t<div class=\"e-gallery-image elementor-gallery-item__image\" data-thumbnail=\"https:\/\/www.arber.de\/wp-content\/uploads\/2022\/10\/Woidlife160121mf130_Startseite-e1666861192721-768x551.jpg\" data-width=\"768\" data-height=\"551\" aria-label=\"\" role=\"img\" ><\/div>\n\t\t\t\t\t\t\t\t\t\t\t<div class=\"elementor-gallery-item__overlay\"><\/div>\n\t\t\t\t\t\t\t\t\t\t\t\t\t\t<\/a>\n\t\t\t\t\t\t\t<a class=\"e-gallery-item elementor-gallery-item elementor-animated-content\" href=\"https:\/\/www.arber.de\/wp-content\/uploads\/2022\/10\/grosser-arber-rodelbahnen-e1666861880766.jpg\" data-elementor-open-lightbox=\"yes\" data-elementor-lightbox-slideshow=\"cc5aeab\" data-e-action-hash=\"#elementor-action%3Aaction%3Dlightbox%26settings%3DeyJpZCI6Mzk2LCJ1cmwiOiJodHRwczpcL1wvd3d3LmFyYmVyLmRlXC93cC1jb250ZW50XC91cGxvYWRzXC8yMDIyXC8xMFwvZ3Jvc3Nlci1hcmJlci1yb2RlbGJhaG5lbi1lMTY2Njg2MTg4MDc2Ni5qcGciLCJzbGlkZXNob3ciOiJjYzVhZWFiIn0%3D\">\n\t\t\t\t\t<div class=\"e-gallery-image elementor-gallery-item__image\" data-thumbnail=\"https:\/\/www.arber.de\/wp-content\/uploads\/2022\/10\/grosser-arber-rodelbahnen-e1666861880766-768x511.jpg\" data-width=\"768\" data-height=\"511\" aria-label=\"\" role=\"img\" ><\/div>\n\t\t\t\t\t\t\t\t\t\t\t<div class=\"elementor-gallery-item__overlay\"><\/div>\n\t\t\t\t\t\t\t\t\t\t\t\t\t\t<\/a>\n\t\t\t\t\t\t\t<a class=\"e-gallery-item elementor-gallery-item elementor-animated-content\" href=\"https:\/\/www.arber.de\/wp-content\/uploads\/Arber__Funpark__Schanze_6_bearbeitet-1-scaled.jpg\" data-elementor-open-lightbox=\"yes\" data-elementor-lightbox-slideshow=\"cc5aeab\" data-e-action-hash=\"#elementor-action%3Aaction%3Dlightbox%26settings%3DeyJpZCI6NDc2MiwidXJsIjoiaHR0cHM6XC9cL3d3dy5hcmJlci5kZVwvd3AtY29udGVudFwvdXBsb2Fkc1wvQXJiZXJfX0Z1bnBhcmtfX1NjaGFuemVfNl9iZWFyYmVpdGV0LTEtc2NhbGVkLmpwZyIsInNsaWRlc2hvdyI6ImNjNWFlYWIifQ%3D%3D\">\n\t\t\t\t\t<div class=\"e-gallery-image elementor-gallery-item__image\" data-thumbnail=\"https:\/\/www.arber.de\/wp-content\/uploads\/Arber__Funpark__Schanze_6_bearbeitet-1-768x480.jpg\" data-width=\"768\" data-height=\"480\" aria-label=\"Snowboardfahrer im Sprung auf der Piste im Familienskigebiet Gro\u00dfer Arber\" role=\"img\" ><\/div>\n\t\t\t\t\t\t\t\t\t\t\t<div class=\"elementor-gallery-item__overlay\"><\/div>\n\t\t\t\t\t\t\t\t\t\t\t\t\t\t<\/a>\n\t\t\t\t\t\t\t<a class=\"e-gallery-item elementor-gallery-item elementor-animated-content\" href=\"https:\/\/www.arber.de\/wp-content\/uploads\/Arber_2013_40-scaled.jpg\" data-elementor-open-lightbox=\"yes\" data-elementor-lightbox-slideshow=\"cc5aeab\" data-e-action-hash=\"#elementor-action%3Aaction%3Dlightbox%26settings%3DeyJpZCI6NDc2NiwidXJsIjoiaHR0cHM6XC9cL3d3dy5hcmJlci5kZVwvd3AtY29udGVudFwvdXBsb2Fkc1wvQXJiZXJfMjAxM180MC1zY2FsZWQuanBnIiwic2xpZGVzaG93IjoiY2M1YWVhYiJ9\">\n\t\t\t\t\t<div class=\"e-gallery-image elementor-gallery-item__image\" data-thumbnail=\"https:\/\/www.arber.de\/wp-content\/uploads\/Arber_2013_40-768x505.jpg\" data-width=\"768\" data-height=\"505\" aria-label=\"Kind beim Skikurs im Kinderland im Familienskigebiet Gro\u00dfer Arber\" role=\"img\" ><\/div>\n\t\t\t\t\t\t\t\t\t\t\t<div class=\"elementor-gallery-item__overlay\"><\/div>\n\t\t\t\t\t\t\t\t\t\t\t\t\t\t<\/a>\n\t\t\t\t\t\t\t<a class=\"e-gallery-item elementor-gallery-item elementor-animated-content\" href=\"https:\/\/www.arber.de\/wp-content\/uploads\/Woidlife160121mf128-scaled.jpg\" data-elementor-open-lightbox=\"yes\" data-elementor-lightbox-slideshow=\"cc5aeab\" data-e-action-hash=\"#elementor-action%3Aaction%3Dlightbox%26settings%3DeyJpZCI6MzAxNywidXJsIjoiaHR0cHM6XC9cL3d3dy5hcmJlci5kZVwvd3AtY29udGVudFwvdXBsb2Fkc1wvV29pZGxpZmUxNjAxMjFtZjEyOC1zY2FsZWQuanBnIiwic2xpZGVzaG93IjoiY2M1YWVhYiJ9\">\n\t\t\t\t\t<div class=\"e-gallery-image elementor-gallery-item__image\" data-thumbnail=\"https:\/\/www.arber.de\/wp-content\/uploads\/Woidlife160121mf128-768x451.jpg\" data-width=\"768\" data-height=\"451\" aria-label=\"\" role=\"img\" ><\/div>\n\t\t\t\t\t\t\t\t\t\t\t<div class=\"elementor-gallery-item__overlay\"><\/div>\n\t\t\t\t\t\t\t\t\t\t\t\t\t\t<\/a>\n\t\t\t\t\t\t\t<a class=\"e-gallery-item elementor-gallery-item elementor-animated-content\" href=\"https:\/\/www.arber.de\/wp-content\/uploads\/2022\/10\/grosser-arber-skifahren-e1666861244223.jpg\" data-elementor-open-lightbox=\"yes\" data-elementor-lightbox-slideshow=\"cc5aeab\" data-e-action-hash=\"#elementor-action%3Aaction%3Dlightbox%26settings%3DeyJpZCI6Mzg1LCJ1cmwiOiJodHRwczpcL1wvd3d3LmFyYmVyLmRlXC93cC1jb250ZW50XC91cGxvYWRzXC8yMDIyXC8xMFwvZ3Jvc3Nlci1hcmJlci1za2lmYWhyZW4tZTE2NjY4NjEyNDQyMjMuanBnIiwic2xpZGVzaG93IjoiY2M1YWVhYiJ9\">\n\t\t\t\t\t<div class=\"e-gallery-image elementor-gallery-item__image\" data-thumbnail=\"https:\/\/www.arber.de\/wp-content\/uploads\/2022\/10\/grosser-arber-skifahren-e1666861244223-768x456.jpg\" data-width=\"768\" data-height=\"456\" aria-label=\"\" role=\"img\" ><\/div>\n\t\t\t\t\t\t\t\t\t\t\t<div class=\"elementor-gallery-item__overlay\"><\/div>\n\t\t\t\t\t\t\t\t\t\t\t\t\t\t<\/a>\n\t\t\t\t\t<\/div>\n\t\t\t\t\t<\/div>\n\t\t\t\t<\/div>\n\t\t\t\t\t<\/div>\n\t\t\t\t<\/div>\n\t\t\t\t<\/div>\n\t\t","protected":false},"excerpt":{"rendered":"<p>Das Skigebiet f\u00fcr die ganze Familie! Unser Gro\u00dfer Arber ist das beliebteste und gr\u00f6\u00dfte Familienskigebiet im Bayerischen Wald Das beliebteste Familienskigebiet im Bayerischen Wald! Ob Skilaufen, Carven, Skitouren, Skiwandern oder Snowboarden \u2013 bei uns am Gro\u00dfen Arber findet jeder entsprechend seiner F\u00e4higkeiten die optimale Piste! Beginner und Wiedereinsteiger lernen bei uns unter hervorragenden Voraussetzungen in [&hellip;]<\/p>\n","protected":false},"author":1,"featured_media":0,"parent":8568,"menu_order":0,"comment_status":"closed","ping_status":"closed","template":"","meta":{"inline_featured_image":false,"footnotes":""},"class_list":["post-10601","page","type-page","status-publish","hentry"],"_links":{"self":[{"href":"https:\/\/www.arber.de\/cs\/wp-json\/wp\/v2\/pages\/10601","targetHints":{"allow":["GET"]}}],"collection":[{"href":"https:\/\/www.arber.de\/cs\/wp-json\/wp\/v2\/pages"}],"about":[{"href":"https:\/\/www.arber.de\/cs\/wp-json\/wp\/v2\/types\/page"}],"author":[{"embeddable":true,"href":"https:\/\/www.arber.de\/cs\/wp-json\/wp\/v2\/users\/1"}],"replies":[{"embeddable":true,"href":"https:\/\/www.arber.de\/cs\/wp-json\/wp\/v2\/comments?post=10601"}],"version-history":[{"count":0,"href":"https:\/\/www.arber.de\/cs\/wp-json\/wp\/v2\/pages\/10601\/revisions"}],"up":[{"embeddable":true,"href":"https:\/\/www.arber.de\/cs\/wp-json\/wp\/v2\/pages\/8568"}],"wp:attachment":[{"href":"https:\/\/www.arber.de\/cs\/wp-json\/wp\/v2\/media?parent=10601"}],"curies":[{"name":"wp","href":"https:\/\/api.w.org\/{rel}","templated":true}]}}