{"id":10599,"date":"2023-09-05T12:36:42","date_gmt":"2023-09-05T10:36:42","guid":{"rendered":"https:\/\/www.arber.de\/wandertipps-bayerischer-wald\/"},"modified":"2023-09-05T12:36:42","modified_gmt":"2023-09-05T10:36:42","slug":"wandertipps-bayerischer-wald","status":"publish","type":"page","link":"https:\/\/www.arber.de\/cs\/wandertipps-bayerischer-wald\/","title":{"rendered":"Wandertipps Bayerischer Wald"},"content":{"rendered":"\t\t<div data-elementor-type=\"wp-page\" data-elementor-id=\"10599\" class=\"elementor elementor-10599 elementor-9171\" data-elementor-post-type=\"page\">\n\t\t\t\t<div class=\"elementor-element elementor-element-6f0307df e-con-full e-flex e-con e-parent\" data-id=\"6f0307df\" data-element_type=\"container\">\n\t\t<div class=\"elementor-element elementor-element-48764d6 e-flex e-con-boxed e-con e-parent\" data-id=\"48764d6\" data-element_type=\"container\" data-settings=\"{&quot;background_background&quot;:&quot;classic&quot;,&quot;shape_divider_bottom&quot;:&quot;pyramids&quot;}\">\n\t\t\t\t\t<div class=\"e-con-inner\">\n\t\t\t\t<div class=\"elementor-shape elementor-shape-bottom\" aria-hidden=\"true\" data-negative=\"false\">\n\t\t\t<svg xmlns=\"http:\/\/www.w3.org\/2000\/svg\" viewBox=\"0 0 1000 100\" preserveAspectRatio=\"none\">\n\t<path class=\"elementor-shape-fill\" d=\"M761.9,44.1L643.1,27.2L333.8,98L0,3.8V0l1000,0v3.9\"\/>\n<\/svg>\t\t<\/div>\n\t\t\t\t\t<\/div>\n\t\t\t\t<\/div>\n\t\t<div class=\"elementor-element elementor-element-2f5c9dea e-flex e-con-boxed e-con e-parent\" data-id=\"2f5c9dea\" data-element_type=\"container\" data-settings=\"{&quot;background_background&quot;:&quot;gradient&quot;,&quot;shape_divider_bottom&quot;:&quot;pyramids&quot;}\">\n\t\t\t\t\t<div class=\"e-con-inner\">\n\t\t\t\t<div class=\"elementor-shape elementor-shape-bottom\" aria-hidden=\"true\" data-negative=\"false\">\n\t\t\t<svg xmlns=\"http:\/\/www.w3.org\/2000\/svg\" viewBox=\"0 0 1000 100\" preserveAspectRatio=\"none\">\n\t<path class=\"elementor-shape-fill\" d=\"M761.9,44.1L643.1,27.2L333.8,98L0,3.8V0l1000,0v3.9\"\/>\n<\/svg>\t\t<\/div>\n\t\t\t\t<div class=\"elementor-element elementor-element-1e7beca5 elementor-widget__width-initial elementor-widget-mobile__width-inherit elementor-widget elementor-widget-heading\" data-id=\"1e7beca5\" data-element_type=\"widget\" data-widget_type=\"heading.default\">\n\t\t\t\t<div class=\"elementor-widget-container\">\n\t\t\t\t\t<div class=\"elementor-heading-title elementor-size-default\">Wandertipps f\u00fcr eine Wanderung am Gro\u00dfen Arber im Bayerischen Wald<\/div>\t\t\t\t<\/div>\n\t\t\t\t<\/div>\n\t\t\t\t<div class=\"elementor-element elementor-element-6c22739f elementor-widget__width-initial elementor-widget-mobile__width-inherit elementor-widget elementor-widget-text-editor\" data-id=\"6c22739f\" data-element_type=\"widget\" data-widget_type=\"text-editor.default\">\n\t\t\t\t<div class=\"elementor-widget-container\">\n\t\t\t\t\t\t\t\t\t<p>Diese Tipps umfassen nicht nur die Auswahl der richtigen Wanderbekleidung und die Mitnahme eines Erste-Hilfe-Sets, sondern auch andere wichtige Informationen, die ihr beachten sollten.<\/p>\t\t\t\t\t\t\t\t<\/div>\n\t\t\t\t<\/div>\n\t\t\t\t\t<\/div>\n\t\t\t\t<\/div>\n\t\t\t\t<\/div>\n\t\t<div class=\"elementor-element elementor-element-e531549 e-flex e-con-boxed e-con e-parent\" data-id=\"e531549\" data-element_type=\"container\">\n\t\t\t\t\t<div class=\"e-con-inner\">\n\t\t\t\t<div class=\"elementor-element elementor-element-fe6b1e5 elementor-tabs-view-horizontal elementor-widget elementor-widget-tabs\" data-id=\"fe6b1e5\" data-element_type=\"widget\" data-widget_type=\"tabs.default\">\n\t\t\t\t<div class=\"elementor-widget-container\">\n\t\t\t\t\t\t\t<div class=\"elementor-tabs\">\n\t\t\t<div class=\"elementor-tabs-wrapper\" role=\"tablist\" >\n\t\t\t\t\t\t\t\t\t<div id=\"elementor-tab-title-2661\" class=\"elementor-tab-title elementor-tab-desktop-title\" aria-selected=\"true\" data-tab=\"1\" role=\"tab\" tabindex=\"0\" aria-controls=\"elementor-tab-content-2661\" aria-expanded=\"false\">Wanderbekleidung: <\/div>\n\t\t\t\t\t\t\t\t\t<div id=\"elementor-tab-title-2662\" class=\"elementor-tab-title elementor-tab-desktop-title\" aria-selected=\"false\" data-tab=\"2\" role=\"tab\" tabindex=\"-1\" aria-controls=\"elementor-tab-content-2662\" aria-expanded=\"false\">Rucksack: <\/div>\n\t\t\t\t\t\t\t\t\t<div id=\"elementor-tab-title-2663\" class=\"elementor-tab-title elementor-tab-desktop-title\" aria-selected=\"false\" data-tab=\"3\" role=\"tab\" tabindex=\"-1\" aria-controls=\"elementor-tab-content-2663\" aria-expanded=\"false\">Wasser und Verpflegung:<\/div>\n\t\t\t\t\t\t\t\t\t<div id=\"elementor-tab-title-2664\" class=\"elementor-tab-title elementor-tab-desktop-title\" aria-selected=\"false\" data-tab=\"4\" role=\"tab\" tabindex=\"-1\" aria-controls=\"elementor-tab-content-2664\" aria-expanded=\"false\">Karten und GPS:<\/div>\n\t\t\t\t\t\t\t\t\t<div id=\"elementor-tab-title-2665\" class=\"elementor-tab-title elementor-tab-desktop-title\" aria-selected=\"false\" data-tab=\"5\" role=\"tab\" tabindex=\"-1\" aria-controls=\"elementor-tab-content-2665\" aria-expanded=\"false\">Erste-Hilfe-Set: <\/div>\n\t\t\t\t\t\t\t\t\t<div id=\"elementor-tab-title-2666\" class=\"elementor-tab-title elementor-tab-desktop-title\" aria-selected=\"false\" data-tab=\"6\" role=\"tab\" tabindex=\"-1\" aria-controls=\"elementor-tab-content-2666\" aria-expanded=\"false\">Mobiltelefon:<\/div>\n\t\t\t\t\t\t\t<\/div>\n\t\t\t<div class=\"elementor-tabs-content-wrapper\" role=\"tablist\" aria-orientation=\"vertical\">\n\t\t\t\t\t\t\t\t\t<div class=\"elementor-tab-title elementor-tab-mobile-title\" aria-selected=\"true\" data-tab=\"1\" role=\"tab\" tabindex=\"0\" aria-controls=\"elementor-tab-content-2661\" aria-expanded=\"false\">Wanderbekleidung: <\/div>\n\t\t\t\t\t<div id=\"elementor-tab-content-2661\" class=\"elementor-tab-content elementor-clearfix\" data-tab=\"1\" role=\"tabpanel\" aria-labelledby=\"elementor-tab-title-2661\" tabindex=\"0\" hidden=\"false\"><p>Die Wahl der richtigen Kleidung ist entscheidend. Tragen Sie bequeme, wetterfeste Kleidung, die je nach Jahreszeit und Wetterlage angepasst werden kann. Denken Sie an wasserfeste Wanderschuhe, atmungsaktive Schichten und eine Kopfbedeckung gegen Sonne oder Regen.<\/p><\/div>\n\t\t\t\t\t\t\t\t\t<div class=\"elementor-tab-title elementor-tab-mobile-title\" aria-selected=\"false\" data-tab=\"2\" role=\"tab\" tabindex=\"-1\" aria-controls=\"elementor-tab-content-2662\" aria-expanded=\"false\">Rucksack: <\/div>\n\t\t\t\t\t<div id=\"elementor-tab-content-2662\" class=\"elementor-tab-content elementor-clearfix\" data-tab=\"2\" role=\"tabpanel\" aria-labelledby=\"elementor-tab-title-2662\" tabindex=\"0\" hidden=\"hidden\"><p>Packen Sie einen gut sitzenden Rucksack mit ausreichend Platz f\u00fcr Wasser, Verpflegung und die notwendige Ausr\u00fcstung. Ein Regenschutz f\u00fcr den Rucksack kann bei unerwartetem Regen sehr n\u00fctzlich sein.<\/p><\/div>\n\t\t\t\t\t\t\t\t\t<div class=\"elementor-tab-title elementor-tab-mobile-title\" aria-selected=\"false\" data-tab=\"3\" role=\"tab\" tabindex=\"-1\" aria-controls=\"elementor-tab-content-2663\" aria-expanded=\"false\">Wasser und Verpflegung:<\/div>\n\t\t\t\t\t<div id=\"elementor-tab-content-2663\" class=\"elementor-tab-content elementor-clearfix\" data-tab=\"3\" role=\"tabpanel\" aria-labelledby=\"elementor-tab-title-2663\" tabindex=\"0\" hidden=\"hidden\"><p>Tragen Sie ausreichend Wasser mit sich und nehmen Sie energiereiche Snacks oder Proviant mit, um w\u00e4hrend der Wanderung gest\u00e4rkt zu bleiben. Es gibt auf den Wegen nicht immer Zugang zu Trinkwasser.<\/p><\/div>\n\t\t\t\t\t\t\t\t\t<div class=\"elementor-tab-title elementor-tab-mobile-title\" aria-selected=\"false\" data-tab=\"4\" role=\"tab\" tabindex=\"-1\" aria-controls=\"elementor-tab-content-2664\" aria-expanded=\"false\">Karten und GPS:<\/div>\n\t\t\t\t\t<div id=\"elementor-tab-content-2664\" class=\"elementor-tab-content elementor-clearfix\" data-tab=\"4\" role=\"tabpanel\" aria-labelledby=\"elementor-tab-title-2664\" tabindex=\"0\" hidden=\"hidden\"><p>Nehmen Sie topografische Karten oder GPS-Ger\u00e4te mit, um sich in der Umgebung zurechtzufinden. Stellen Sie sicher, dass Sie die Route vorab studiert haben.<\/p><\/div>\n\t\t\t\t\t\t\t\t\t<div class=\"elementor-tab-title elementor-tab-mobile-title\" aria-selected=\"false\" data-tab=\"5\" role=\"tab\" tabindex=\"-1\" aria-controls=\"elementor-tab-content-2665\" aria-expanded=\"false\">Erste-Hilfe-Set: <\/div>\n\t\t\t\t\t<div id=\"elementor-tab-content-2665\" class=\"elementor-tab-content elementor-clearfix\" data-tab=\"5\" role=\"tabpanel\" aria-labelledby=\"elementor-tab-title-2665\" tabindex=\"0\" hidden=\"hidden\"><p>Ein kleines Erste-Hilfe-Set sollte in Ihrem Rucksack nicht fehlen. Es sollte Pflaster, Desinfektionsmittel, Verbandsmaterial, Schmerzmittel und andere wichtige Notfallutensilien enthalten.<\/p><\/div>\n\t\t\t\t\t\t\t\t\t<div class=\"elementor-tab-title elementor-tab-mobile-title\" aria-selected=\"false\" data-tab=\"6\" role=\"tab\" tabindex=\"-1\" aria-controls=\"elementor-tab-content-2666\" aria-expanded=\"false\">Mobiltelefon:<\/div>\n\t\t\t\t\t<div id=\"elementor-tab-content-2666\" class=\"elementor-tab-content elementor-clearfix\" data-tab=\"6\" role=\"tabpanel\" aria-labelledby=\"elementor-tab-title-2666\" tabindex=\"0\" hidden=\"hidden\"><p>Tragen Sie ein aufgeladenes Mobiltelefon mit sich und stellen Sie sicher, dass Sie Empfang haben. Es kann im Notfall lebensrettend sein.<\/p><\/div>\n\t\t\t\t\t\t\t<\/div>\n\t\t<\/div>\n\t\t\t\t\t\t<\/div>\n\t\t\t\t<\/div>\n\t\t\t\t\t<\/div>\n\t\t\t\t<\/div>\n\t\t<div class=\"elementor-element elementor-element-322f80e e-flex e-con-boxed e-con e-parent\" data-id=\"322f80e\" data-element_type=\"container\">\n\t\t\t\t\t<div class=\"e-con-inner\">\n\t\t\t\t<div class=\"elementor-element elementor-element-db539b2 elementor-tabs-view-horizontal elementor-widget elementor-widget-tabs\" data-id=\"db539b2\" data-element_type=\"widget\" data-widget_type=\"tabs.default\">\n\t\t\t\t<div class=\"elementor-widget-container\">\n\t\t\t\t\t\t\t<div class=\"elementor-tabs\">\n\t\t\t<div class=\"elementor-tabs-wrapper\" role=\"tablist\" >\n\t\t\t\t\t\t\t\t\t<div id=\"elementor-tab-title-2291\" class=\"elementor-tab-title elementor-tab-desktop-title\" aria-selected=\"true\" data-tab=\"1\" role=\"tab\" tabindex=\"0\" aria-controls=\"elementor-tab-content-2291\" aria-expanded=\"false\">Wettervorhersage:<\/div>\n\t\t\t\t\t\t\t\t\t<div id=\"elementor-tab-title-2292\" class=\"elementor-tab-title elementor-tab-desktop-title\" aria-selected=\"false\" data-tab=\"2\" role=\"tab\" tabindex=\"-1\" aria-controls=\"elementor-tab-content-2292\" aria-expanded=\"false\">Respektiertdie Natur:<\/div>\n\t\t\t\t\t\t\t\t\t<div id=\"elementor-tab-title-2293\" class=\"elementor-tab-title elementor-tab-desktop-title\" aria-selected=\"false\" data-tab=\"3\" role=\"tab\" tabindex=\"-1\" aria-controls=\"elementor-tab-content-2293\" aria-expanded=\"false\">Notrufnummern:<\/div>\n\t\t\t\t\t\t\t\t\t<div id=\"elementor-tab-title-2294\" class=\"elementor-tab-title elementor-tab-desktop-title\" aria-selected=\"false\" data-tab=\"4\" role=\"tab\" tabindex=\"-1\" aria-controls=\"elementor-tab-content-2294\" aria-expanded=\"false\">Gruppenwandern: <\/div>\n\t\t\t\t\t\t\t\t\t<div id=\"elementor-tab-title-2295\" class=\"elementor-tab-title elementor-tab-desktop-title\" aria-selected=\"false\" data-tab=\"5\" role=\"tab\" tabindex=\"-1\" aria-controls=\"elementor-tab-content-2295\" aria-expanded=\"false\">Zeitplan:<\/div>\n\t\t\t\t\t\t\t\t\t<div id=\"elementor-tab-title-2296\" class=\"elementor-tab-title elementor-tab-desktop-title\" aria-selected=\"false\" data-tab=\"6\" role=\"tab\" tabindex=\"-1\" aria-controls=\"elementor-tab-content-2296\" aria-expanded=\"false\">Notfallplan:<\/div>\n\t\t\t\t\t\t\t<\/div>\n\t\t\t<div class=\"elementor-tabs-content-wrapper\" role=\"tablist\" aria-orientation=\"vertical\">\n\t\t\t\t\t\t\t\t\t<div class=\"elementor-tab-title elementor-tab-mobile-title\" aria-selected=\"true\" data-tab=\"1\" role=\"tab\" tabindex=\"0\" aria-controls=\"elementor-tab-content-2291\" aria-expanded=\"false\">Wettervorhersage:<\/div>\n\t\t\t\t\t<div id=\"elementor-tab-content-2291\" class=\"elementor-tab-content elementor-clearfix\" data-tab=\"1\" role=\"tabpanel\" aria-labelledby=\"elementor-tab-title-2291\" tabindex=\"0\" hidden=\"false\"><p>\u00dcberpr\u00fcfen Sie vor der Wanderung die aktuelle Wettervorhersage und passen Sie Ihre Planung entsprechend an. Das Wetter in Gebirgsregionen kann sich schnell \u00e4ndern.<\/p><\/div>\n\t\t\t\t\t\t\t\t\t<div class=\"elementor-tab-title elementor-tab-mobile-title\" aria-selected=\"false\" data-tab=\"2\" role=\"tab\" tabindex=\"-1\" aria-controls=\"elementor-tab-content-2292\" aria-expanded=\"false\">Respektiertdie Natur:<\/div>\n\t\t\t\t\t<div id=\"elementor-tab-content-2292\" class=\"elementor-tab-content elementor-clearfix\" data-tab=\"2\" role=\"tabpanel\" aria-labelledby=\"elementor-tab-title-2292\" tabindex=\"0\" hidden=\"hidden\"><p>Bewahrt die Natur und die Umgebung des Gro\u00dfen Arber, indem ihr keine Abf\u00e4lle hinterl\u00e4sst und keine Pflanzen oder Tiere st\u00f6rt.<\/p><\/div>\n\t\t\t\t\t\t\t\t\t<div class=\"elementor-tab-title elementor-tab-mobile-title\" aria-selected=\"false\" data-tab=\"3\" role=\"tab\" tabindex=\"-1\" aria-controls=\"elementor-tab-content-2293\" aria-expanded=\"false\">Notrufnummern:<\/div>\n\t\t\t\t\t<div id=\"elementor-tab-content-2293\" class=\"elementor-tab-content elementor-clearfix\" data-tab=\"3\" role=\"tabpanel\" aria-labelledby=\"elementor-tab-title-2293\" tabindex=\"0\" hidden=\"hidden\"><p>Notieren Sie sich die Notrufnummern f\u00fcr Rettungsdienste und Notf\u00e4lle in der Region.<\/p><\/div>\n\t\t\t\t\t\t\t\t\t<div class=\"elementor-tab-title elementor-tab-mobile-title\" aria-selected=\"false\" data-tab=\"4\" role=\"tab\" tabindex=\"-1\" aria-controls=\"elementor-tab-content-2294\" aria-expanded=\"false\">Gruppenwandern: <\/div>\n\t\t\t\t\t<div id=\"elementor-tab-content-2294\" class=\"elementor-tab-content elementor-clearfix\" data-tab=\"4\" role=\"tabpanel\" aria-labelledby=\"elementor-tab-title-2294\" tabindex=\"0\" hidden=\"hidden\"><p>Wenn Sie in einer Gruppe unterwegs sind, bleiben Sie zusammen und kommunizieren Sie klar, um Verwirrungen zu vermeiden.<\/p><\/div>\n\t\t\t\t\t\t\t\t\t<div class=\"elementor-tab-title elementor-tab-mobile-title\" aria-selected=\"false\" data-tab=\"5\" role=\"tab\" tabindex=\"-1\" aria-controls=\"elementor-tab-content-2295\" aria-expanded=\"false\">Zeitplan:<\/div>\n\t\t\t\t\t<div id=\"elementor-tab-content-2295\" class=\"elementor-tab-content elementor-clearfix\" data-tab=\"5\" role=\"tabpanel\" aria-labelledby=\"elementor-tab-title-2295\" tabindex=\"0\" hidden=\"hidden\"><p>Planen Sie Ihre Wanderung so, dass Sie vor Einbruch der Dunkelheit zur\u00fcck sind. Es wird fr\u00fch dunkel in den Bergen.<\/p><\/div>\n\t\t\t\t\t\t\t\t\t<div class=\"elementor-tab-title elementor-tab-mobile-title\" aria-selected=\"false\" data-tab=\"6\" role=\"tab\" tabindex=\"-1\" aria-controls=\"elementor-tab-content-2296\" aria-expanded=\"false\">Notfallplan:<\/div>\n\t\t\t\t\t<div id=\"elementor-tab-content-2296\" class=\"elementor-tab-content elementor-clearfix\" data-tab=\"6\" role=\"tabpanel\" aria-labelledby=\"elementor-tab-title-2296\" tabindex=\"0\" hidden=\"hidden\"><p>Informieren Sie Freunde oder Familienmitglieder \u00fcber Ihre Wanderpl\u00e4ne und Ihre voraussichtliche R\u00fcckkehrzeit. Teilen Sie ihnen mit, wen sie im Notfall kontaktieren sollen.<\/p><\/div>\n\t\t\t\t\t\t\t<\/div>\n\t\t<\/div>\n\t\t\t\t\t\t<\/div>\n\t\t\t\t<\/div>\n\t\t\t\t\t<\/div>\n\t\t\t\t<\/div>\n\t\t<div class=\"elementor-element elementor-element-e0c76d4 e-flex e-con-boxed e-con e-parent\" data-id=\"e0c76d4\" data-element_type=\"container\">\n\t\t\t\t\t<div class=\"e-con-inner\">\n\t\t\t\t<div class=\"elementor-element elementor-element-c2dbabd elementor-flip-box--effect-flip elementor-flip-box--direction-up elementor-widget elementor-widget-flip-box\" data-id=\"c2dbabd\" data-element_type=\"widget\" data-widget_type=\"flip-box.default\">\n\t\t\t\t<div class=\"elementor-widget-container\">\n\t\t\t\t\t\t\t<div class=\"elementor-flip-box\" tabindex=\"0\">\n\t\t\t<div class=\"elementor-flip-box__layer elementor-flip-box__front\">\n\t\t\t\t<div class=\"elementor-flip-box__layer__overlay\">\n\t\t\t\t\t<div class=\"elementor-flip-box__layer__inner\">\n\t\t\t\t\t\t\t\t\t\t\t\t\t<div class=\"elementor-icon-wrapper elementor-view-default\">\n\t\t\t\t\t\t\t\t<div class=\"elementor-icon\">\n\t\t\t\t\t\t\t\t\t<svg class=\"e-font-icon-svg e-fas-hiking\" viewBox=\"0 0 384 512\" xmlns=\"http:\/\/www.w3.org\/2000\/svg\"><path d=\"M80.95 472.23c-4.28 17.16 6.14 34.53 23.28 38.81 2.61.66 5.22.95 7.8.95 14.33 0 27.37-9.7 31.02-24.23l25.24-100.97-52.78-52.78-34.56 138.22zm14.89-196.12L137 117c2.19-8.42-3.14-16.95-11.92-19.06-43.88-10.52-88.35 15.07-99.32 57.17L.49 253.24c-2.19 8.42 3.14 16.95 11.92 19.06l63.56 15.25c8.79 2.1 17.68-3.02 19.87-11.44zM368 160h-16c-8.84 0-16 7.16-16 16v16h-34.75l-46.78-46.78C243.38 134.11 228.61 128 212.91 128c-27.02 0-50.47 18.3-57.03 44.52l-26.92 107.72a32.012 32.012 0 0 0 8.42 30.39L224 397.25V480c0 17.67 14.33 32 32 32s32-14.33 32-32v-82.75c0-17.09-6.66-33.16-18.75-45.25l-46.82-46.82c.15-.5.49-.89.62-1.41l19.89-79.57 22.43 22.43c6 6 14.14 9.38 22.62 9.38h48v240c0 8.84 7.16 16 16 16h16c8.84 0 16-7.16 16-16V176c.01-8.84-7.15-16-15.99-16zM240 96c26.51 0 48-21.49 48-48S266.51 0 240 0s-48 21.49-48 48 21.49 48 48 48z\"><\/path><\/svg>\t\t\t\t\t\t\t\t<\/div>\n\t\t\t\t\t\t\t<\/div>\n\t\t\t\t\t\t\n\t\t\t\t\t\t\t\t\t\t\t\t\t<h3 class=\"elementor-flip-box__layer__title\">\n\t\t\t\t\t\t\t\tWanderbekleidung\t\t\t\t\t\t\t<\/h3>\n\t\t\t\t\t\t\n\t\t\t\t\t\t\t\t\t\t\t<\/div>\n\t\t\t\t<\/div>\n\t\t\t<\/div>\n\t\t\t<div class=\"elementor-flip-box__layer elementor-flip-box__back\">\n\t\t\t<div class=\"elementor-flip-box__layer__overlay\">\n\t\t\t\t<div class=\"elementor-flip-box__layer__inner\">\n\t\t\t\t\t\t\t\t\t\t\t<h3 class=\"elementor-flip-box__layer__title\">\n\t\t\t\t\t\t\tWanderbekleidung\t\t\t\t\t\t<\/h3>\n\t\t\t\t\t\n\t\t\t\t\t\t\t\t\t\t\t<div class=\"elementor-flip-box__layer__description\">\n\t\t\t\t\t\t\tDie Wahl der richtigen Kleidung ist entscheidend. Tragen Sie bequeme, wetterfeste Kleidung, die je nach Jahreszeit und Wetterlage angepasst werden kann. Denken Sie an wasserfeste Wanderschuhe, atmungsaktive Schichten und eine Kopfbedeckung gegen Sonne oder Regen.\t\t\t\t\t\t<\/div>\n\t\t\t\t\t\n\t\t\t\t\t\t\t\t\t\t\t<a class=\"elementor-flip-box__button elementor-button elementor-size-sm\" href=\"https:\/\/www.bergzeit.de\/lp\/wanderbekleidung\/\" target=\"_blank\" rel=\"noopener\">\n\t\t\t\t\t\t\tHier gibt es eine tolle Auswahl an Wanderbekleidungen\t\t\t\t\t\t<\/a>\n\t\t\t\t\t\t\t\t<\/div>\n\t\t<\/div>\n\t\t<\/div>\n\t\t<\/div>\n\t\t\t\t\t\t<\/div>\n\t\t\t\t<\/div>\n\t\t\t\t<div class=\"elementor-element elementor-element-cde9b67 elementor-flip-box--effect-flip elementor-flip-box--direction-up elementor-widget elementor-widget-flip-box\" data-id=\"cde9b67\" data-element_type=\"widget\" data-widget_type=\"flip-box.default\">\n\t\t\t\t<div class=\"elementor-widget-container\">\n\t\t\t\t\t\t\t<div class=\"elementor-flip-box\" tabindex=\"0\">\n\t\t\t<div class=\"elementor-flip-box__layer elementor-flip-box__front\">\n\t\t\t\t<div class=\"elementor-flip-box__layer__overlay\">\n\t\t\t\t\t<div class=\"elementor-flip-box__layer__inner\">\n\t\t\t\t\t\t\t\t\t\t\t\t\t<div class=\"elementor-icon-wrapper elementor-view-default\">\n\t\t\t\t\t\t\t\t<div class=\"elementor-icon\">\n\t\t\t\t\t\t\t\t\t<svg class=\"e-font-icon-svg e-fas-hiking\" viewBox=\"0 0 384 512\" xmlns=\"http:\/\/www.w3.org\/2000\/svg\"><path d=\"M80.95 472.23c-4.28 17.16 6.14 34.53 23.28 38.81 2.61.66 5.22.95 7.8.95 14.33 0 27.37-9.7 31.02-24.23l25.24-100.97-52.78-52.78-34.56 138.22zm14.89-196.12L137 117c2.19-8.42-3.14-16.95-11.92-19.06-43.88-10.52-88.35 15.07-99.32 57.17L.49 253.24c-2.19 8.42 3.14 16.95 11.92 19.06l63.56 15.25c8.79 2.1 17.68-3.02 19.87-11.44zM368 160h-16c-8.84 0-16 7.16-16 16v16h-34.75l-46.78-46.78C243.38 134.11 228.61 128 212.91 128c-27.02 0-50.47 18.3-57.03 44.52l-26.92 107.72a32.012 32.012 0 0 0 8.42 30.39L224 397.25V480c0 17.67 14.33 32 32 32s32-14.33 32-32v-82.75c0-17.09-6.66-33.16-18.75-45.25l-46.82-46.82c.15-.5.49-.89.62-1.41l19.89-79.57 22.43 22.43c6 6 14.14 9.38 22.62 9.38h48v240c0 8.84 7.16 16 16 16h16c8.84 0 16-7.16 16-16V176c.01-8.84-7.15-16-15.99-16zM240 96c26.51 0 48-21.49 48-48S266.51 0 240 0s-48 21.49-48 48 21.49 48 48 48z\"><\/path><\/svg>\t\t\t\t\t\t\t\t<\/div>\n\t\t\t\t\t\t\t<\/div>\n\t\t\t\t\t\t\n\t\t\t\t\t\t\t\t\t\t\t\t\t<h3 class=\"elementor-flip-box__layer__title\">\n\t\t\t\t\t\t\t\tRucksack\t\t\t\t\t\t\t<\/h3>\n\t\t\t\t\t\t\n\t\t\t\t\t\t\t\t\t\t\t<\/div>\n\t\t\t\t<\/div>\n\t\t\t<\/div>\n\t\t\t<div class=\"elementor-flip-box__layer elementor-flip-box__back\">\n\t\t\t<div class=\"elementor-flip-box__layer__overlay\">\n\t\t\t\t<div class=\"elementor-flip-box__layer__inner\">\n\t\t\t\t\t\t\t\t\t\t\t<h3 class=\"elementor-flip-box__layer__title\">\n\t\t\t\t\t\t\tder Richtige Rucksack\t\t\t\t\t\t<\/h3>\n\t\t\t\t\t\n\t\t\t\t\t\t\t\t\t\t\t<div class=\"elementor-flip-box__layer__description\">\n\t\t\t\t\t\t\tPacken Sie einen gut sitzenden Rucksack mit ausreichend Platz f\u00fcr Wasser, Verpflegung und die notwendige Ausr\u00fcstung. Ein Regenschutz f\u00fcr den Rucksack kann bei unerwartetem Regen sehr n\u00fctzlich sein.\t\t\t\t\t\t<\/div>\n\t\t\t\t\t\n\t\t\t\t\t\t\t\t\t\t\t<a class=\"elementor-flip-box__button elementor-button elementor-size-sm\" href=\"https:\/\/www.bergfreunde.de\/wanderrucksaecke\/\" target=\"_blank\" rel=\"noopener\">\n\t\t\t\t\t\t\tHier gibt es eine tolle Auswahl an Rucks\u00e4cken\t\t\t\t\t\t<\/a>\n\t\t\t\t\t\t\t\t<\/div>\n\t\t<\/div>\n\t\t<\/div>\n\t\t<\/div>\n\t\t\t\t\t\t<\/div>\n\t\t\t\t<\/div>\n\t\t\t\t\t<\/div>\n\t\t\t\t<\/div>\n\t\t\t\t<\/div>\n\t\t","protected":false},"excerpt":{"rendered":"<p>Wandertipps f\u00fcr eine Wanderung am Gro\u00dfen Arber im Bayerischen Wald Diese Tipps umfassen nicht nur die Auswahl der richtigen Wanderbekleidung und die Mitnahme eines Erste-Hilfe-Sets, sondern auch andere wichtige Informationen, die ihr beachten sollten. Wanderbekleidung: Rucksack: Wasser und Verpflegung: Karten und GPS: Erste-Hilfe-Set: Mobiltelefon: Wanderbekleidung: Die Wahl der richtigen Kleidung ist entscheidend. Tragen Sie bequeme, [&hellip;]<\/p>\n","protected":false},"author":3,"featured_media":0,"parent":0,"menu_order":0,"comment_status":"closed","ping_status":"closed","template":"","meta":{"inline_featured_image":false,"footnotes":""},"class_list":["post-10599","page","type-page","status-publish","hentry"],"_links":{"self":[{"href":"https:\/\/www.arber.de\/cs\/wp-json\/wp\/v2\/pages\/10599","targetHints":{"allow":["GET"]}}],"collection":[{"href":"https:\/\/www.arber.de\/cs\/wp-json\/wp\/v2\/pages"}],"about":[{"href":"https:\/\/www.arber.de\/cs\/wp-json\/wp\/v2\/types\/page"}],"author":[{"embeddable":true,"href":"https:\/\/www.arber.de\/cs\/wp-json\/wp\/v2\/users\/3"}],"replies":[{"embeddable":true,"href":"https:\/\/www.arber.de\/cs\/wp-json\/wp\/v2\/comments?post=10599"}],"version-history":[{"count":0,"href":"https:\/\/www.arber.de\/cs\/wp-json\/wp\/v2\/pages\/10599\/revisions"}],"wp:attachment":[{"href":"https:\/\/www.arber.de\/cs\/wp-json\/wp\/v2\/media?parent=10599"}],"curies":[{"name":"wp","href":"https:\/\/api.w.org\/{rel}","templated":true}]}}