{"id":10595,"date":"2023-01-13T13:16:39","date_gmt":"2023-01-13T12:16:39","guid":{"rendered":"https:\/\/www.arber.de\/sommer\/e-mobilitaet\/"},"modified":"2023-01-13T13:16:39","modified_gmt":"2023-01-13T12:16:39","slug":"e-mobilitaet","status":"publish","type":"page","link":"https:\/\/www.arber.de\/cs\/sommer\/e-mobilitaet\/","title":{"rendered":"Umwelt &#038; Energie"},"content":{"rendered":"\t\t<div data-elementor-type=\"wp-page\" data-elementor-id=\"10595\" class=\"elementor elementor-10595 elementor-5874\" data-elementor-post-type=\"page\">\n\t\t\t\t<div class=\"elementor-element elementor-element-41a32e9e e-con-full e-flex e-con e-parent\" data-id=\"41a32e9e\" data-element_type=\"container\">\n\t\t<div class=\"elementor-element elementor-element-63ea7bc4 e-flex e-con-boxed e-con e-parent\" data-id=\"63ea7bc4\" data-element_type=\"container\" data-settings=\"{&quot;background_background&quot;:&quot;classic&quot;,&quot;shape_divider_bottom&quot;:&quot;pyramids&quot;}\">\n\t\t\t\t\t<div class=\"e-con-inner\">\n\t\t\t\t<div class=\"elementor-shape elementor-shape-bottom\" aria-hidden=\"true\" data-negative=\"false\">\n\t\t\t<svg xmlns=\"http:\/\/www.w3.org\/2000\/svg\" viewBox=\"0 0 1000 100\" preserveAspectRatio=\"none\">\n\t<path class=\"elementor-shape-fill\" d=\"M761.9,44.1L643.1,27.2L333.8,98L0,3.8V0l1000,0v3.9\"\/>\n<\/svg>\t\t<\/div>\n\t\t\t\t\t<\/div>\n\t\t\t\t<\/div>\n\t\t<div class=\"elementor-element elementor-element-26399796 e-flex e-con-boxed e-con e-parent\" data-id=\"26399796\" data-element_type=\"container\" data-settings=\"{&quot;background_background&quot;:&quot;gradient&quot;,&quot;shape_divider_bottom&quot;:&quot;pyramids&quot;}\">\n\t\t\t\t\t<div class=\"e-con-inner\">\n\t\t\t\t<div class=\"elementor-shape elementor-shape-bottom\" aria-hidden=\"true\" data-negative=\"false\">\n\t\t\t<svg xmlns=\"http:\/\/www.w3.org\/2000\/svg\" viewBox=\"0 0 1000 100\" preserveAspectRatio=\"none\">\n\t<path class=\"elementor-shape-fill\" d=\"M761.9,44.1L643.1,27.2L333.8,98L0,3.8V0l1000,0v3.9\"\/>\n<\/svg>\t\t<\/div>\n\t\t\t\t<div class=\"elementor-element elementor-element-718709cb elementor-widget__width-initial elementor-widget-mobile__width-inherit elementor-widget elementor-widget-heading\" data-id=\"718709cb\" data-element_type=\"widget\" data-widget_type=\"heading.default\">\n\t\t\t\t<div class=\"elementor-widget-container\">\n\t\t\t\t\t<h1 class=\"elementor-heading-title elementor-size-default\">#Careforfuture<\/h1>\t\t\t\t<\/div>\n\t\t\t\t<\/div>\n\t\t\t\t<div class=\"elementor-element elementor-element-752d4a0 elementor-widget elementor-widget-text-editor\" data-id=\"752d4a0\" data-element_type=\"widget\" data-widget_type=\"text-editor.default\">\n\t\t\t\t<div class=\"elementor-widget-container\">\n\t\t\t\t\t\t\t\t\t<p>Gemeinsam gestalten wir die Zukunft &#8211; verantwortlich f\u00fcr jede Generation<\/p>\t\t\t\t\t\t\t\t<\/div>\n\t\t\t\t<\/div>\n\t\t\t\t\t<\/div>\n\t\t\t\t<\/div>\n\t\t\t\t<\/div>\n\t\t<div class=\"elementor-element elementor-element-44337e9 e-flex e-con-boxed e-con e-parent\" data-id=\"44337e9\" data-element_type=\"container\">\n\t\t\t\t\t<div class=\"e-con-inner\">\n\t\t\t\t<div class=\"elementor-element elementor-element-01aff3d elementor-widget elementor-widget-heading\" data-id=\"01aff3d\" data-element_type=\"widget\" data-widget_type=\"heading.default\">\n\t\t\t\t<div class=\"elementor-widget-container\">\n\t\t\t\t\t<h2 class=\"elementor-heading-title elementor-size-default\">ENERgie - Beschneiung - umwelt<\/h2>\t\t\t\t<\/div>\n\t\t\t\t<\/div>\n\t\t\t\t<div class=\"elementor-element elementor-element-4cbe0e6 elementor-widget elementor-widget-text-editor\" data-id=\"4cbe0e6\" data-element_type=\"widget\" data-widget_type=\"text-editor.default\">\n\t\t\t\t<div class=\"elementor-widget-container\">\n\t\t\t\t\t\t\t\t\t<p>Am Gro\u00dfen Arber ist uns bewusst, dass ein sorgf\u00e4ltiger Umgang mit Energie und Ressourcen essentiell ist, um unsere wundersch\u00f6ne Umgebung zu sch\u00fctzen. Unsere Verantwortung f\u00fcr die Umwelt spiegelt sich in unserem Ansatz zur Energieeffizienz und der Beschneiung wieder.<\/p><p>Durch innovative Technologien und einen nachhaltigen Ansatz bei der Energiegewinnung setzen wir alles daran, unseren \u00f6kologischen Fu\u00dfabdruck zu minimieren. Unsere energieeffiziente Beschneiungsanlage erm\u00f6glicht es uns, auch in den Wintermonaten eine optimale Schneequalit\u00e4t zu bieten, w\u00e4hrend wir gleichzeitig Energie sparen und die Natur respektieren.<\/p><p>Wir sind stolz darauf, Teil der Bewegung f\u00fcr umweltbewussten Tourismus zu sein, indem wir sicherstellen, dass unsere Aktivit\u00e4ten im Einklang mit der nat\u00fcrlichen Sch\u00f6nheit des Gro\u00dfen Arbers stehen. Unser Engagement f\u00fcr die Umwelt pr\u00e4gt nicht nur unser Handeln, sondern tr\u00e4gt auch dazu bei, dass kommende Generationen die Pracht dieses einzigartigen Ortes erleben k\u00f6nnen.<\/p>\t\t\t\t\t\t\t\t<\/div>\n\t\t\t\t<\/div>\n\t\t\t\t\t<\/div>\n\t\t\t\t<\/div>\n\t\t<div class=\"elementor-element elementor-element-7bab3f3 e-flex e-con-boxed e-con e-parent\" data-id=\"7bab3f3\" data-element_type=\"container\" data-settings=\"{&quot;background_background&quot;:&quot;classic&quot;,&quot;shape_divider_top&quot;:&quot;pyramids&quot;,&quot;shape_divider_bottom&quot;:&quot;pyramids&quot;,&quot;shape_divider_bottom_negative&quot;:&quot;yes&quot;}\">\n\t\t\t\t\t<div class=\"e-con-inner\">\n\t\t\t\t<div class=\"elementor-shape elementor-shape-top\" aria-hidden=\"true\" data-negative=\"false\">\n\t\t\t<svg xmlns=\"http:\/\/www.w3.org\/2000\/svg\" viewBox=\"0 0 1000 100\" preserveAspectRatio=\"none\">\n\t<path class=\"elementor-shape-fill\" d=\"M761.9,44.1L643.1,27.2L333.8,98L0,3.8V0l1000,0v3.9\"\/>\n<\/svg>\t\t<\/div>\n\t\t\t\t<div class=\"elementor-shape elementor-shape-bottom\" aria-hidden=\"true\" data-negative=\"true\">\n\t\t\t<svg xmlns=\"http:\/\/www.w3.org\/2000\/svg\" viewBox=\"0 0 1000 100\" preserveAspectRatio=\"none\">\n\t<path class=\"elementor-shape-fill\" d=\"M761.9,40.6L643.1,24L333.9,93.8L0.1,1H0v99h1000V1\"\/>\n<\/svg>\t\t<\/div>\n\t\t<div class=\"elementor-element elementor-element-52eb1b9 e-con-full e-flex e-con e-parent\" data-id=\"52eb1b9\" data-element_type=\"container\">\n\t\t\t\t<div class=\"elementor-element elementor-element-b444bbf elementor-widget elementor-widget-heading\" data-id=\"b444bbf\" data-element_type=\"widget\" data-widget_type=\"heading.default\">\n\t\t\t\t<div class=\"elementor-widget-container\">\n\t\t\t\t\t<h2 class=\"elementor-heading-title elementor-size-default\">Energiebedarf und Einsparma\u00dfnahmen<\/h2>\t\t\t\t<\/div>\n\t\t\t\t<\/div>\n\t\t\t\t<div class=\"elementor-element elementor-element-47cba0b elementor-widget elementor-widget-text-editor\" data-id=\"47cba0b\" data-element_type=\"widget\" data-widget_type=\"text-editor.default\">\n\t\t\t\t<div class=\"elementor-widget-container\">\n\t\t\t\t\t\t\t\t\t<p>Bereits vor Jahren haben wir den Weg des nachhaltigen Energiemanagements eingeschlagen. Ein wesentlicher Bestandteil dieser Bem\u00fchungen sind regelm\u00e4\u00dfig durchgef\u00fchrte Energieaudits.<\/p><p>Ein Energieaudit stellt die genaueste Energiebedarfsanalyse eines Unternehmens dar. Die ARBER-BERGBAHN verfolgt diesen Ansatz konsequent, um l\u00fcckenlos Energiespar-Potenziale zu identifizieren und zu erschlie\u00dfen. Dieser Ansatz erm\u00f6glicht es uns, nachhaltigere Betriebsabl\u00e4ufe zu gestalten und unsere Umweltauswirkungen zu minimieren.<\/p><p>Unsere Verpflichtung zum umweltbewussten Handeln spiegelt sich nicht nur in unserer atemberaubenden Berglandschaft wieder, sondern auch in unseren unternehmerischen Entscheidungen. Indem wir die Effizienz unserer Energieverwendung steigern, setzen wir nicht nur ein Zeichen f\u00fcr den Schutz der Umwelt, sondern auch f\u00fcr eine wirtschaftlich nachhaltige Zukunft.<\/p>\t\t\t\t\t\t\t\t<\/div>\n\t\t\t\t<\/div>\n\t\t\t\t<div class=\"elementor-element elementor-element-2367946 elementor-widget elementor-widget-heading\" data-id=\"2367946\" data-element_type=\"widget\" data-widget_type=\"heading.default\">\n\t\t\t\t<div class=\"elementor-widget-container\">\n\t\t\t\t\t<h2 class=\"elementor-heading-title elementor-size-default\">Innovative Beschneiung mit Snowsat<\/h2>\t\t\t\t<\/div>\n\t\t\t\t<\/div>\n\t\t\t\t<div class=\"elementor-element elementor-element-16a72e1 elementor-widget elementor-widget-text-editor\" data-id=\"16a72e1\" data-element_type=\"widget\" data-widget_type=\"text-editor.default\">\n\t\t\t\t<div class=\"elementor-widget-container\">\n\t\t\t\t\t\t\t\t\t<p>Wir setzen auf zukunftsweisende Technologie, um unseren Betrieb effizienter und umweltfreundlicher zu gestalten. Die Verwendung von Snowsat, einem fortschrittlichen Schneeh\u00f6henmesssystem, erm\u00f6glicht es uns, die Beschneiung am Gro\u00dfen Arber pr\u00e4zise zu steuern und Ressourcen gezielt einzusetzen.<\/p><p>Snowsat analysiert in Echtzeit die Schneedecke und hilft uns, den Bedarf an k\u00fcnstlichem Schnee exakt zu ermitteln. So k\u00f6nnen wir die Beschneiung gezielt planen und unn\u00f6tigen Energie- und Wasserverbrauch reduzieren. Das Ergebnis: Eine optimale Schneequalit\u00e4t bei minimalem Umwelteinfluss.<\/p>\t\t\t\t\t\t\t\t<\/div>\n\t\t\t\t<\/div>\n\t\t\t\t<\/div>\n\t\t<div class=\"elementor-element elementor-element-ecd1fe7 e-con-full e-flex e-con e-parent\" data-id=\"ecd1fe7\" data-element_type=\"container\">\n\t\t\t\t<div class=\"elementor-element elementor-element-debc41f elementor-widget elementor-widget-image\" data-id=\"debc41f\" data-element_type=\"widget\" data-widget_type=\"image.default\">\n\t\t\t\t<div class=\"elementor-widget-container\">\n\t\t\t\t\t\t\t\t\t\t\t\t\t\t\t<img decoding=\"async\" src=\"https:\/\/www.arber.de\/wp-content\/uploads\/elementor\/thumbs\/Energie-am-Grossen-Arber-qbadxd8lfngzchk723wteqm205s0i47ir64go8x534.png\" title=\"Energie am Gro\u00dfen Arber\" alt=\"Energie am Gro\u00dfen Arber\" loading=\"lazy\" \/>\t\t\t\t\t\t\t\t\t\t\t\t\t\t\t<\/div>\n\t\t\t\t<\/div>\n\t\t\t\t<\/div>\n\t\t\t\t\t<\/div>\n\t\t\t\t<\/div>\n\t\t<div class=\"elementor-element elementor-element-4c7e742 e-flex e-con-boxed e-con e-parent\" data-id=\"4c7e742\" data-element_type=\"container\">\n\t\t\t\t\t<div class=\"e-con-inner\">\n\t\t<div class=\"elementor-element elementor-element-3394ed9 e-con-full e-flex e-con e-parent\" data-id=\"3394ed9\" data-element_type=\"container\">\n\t\t\t\t<div class=\"elementor-element elementor-element-2a250de elementor-widget elementor-widget-image\" data-id=\"2a250de\" data-element_type=\"widget\" data-widget_type=\"image.default\">\n\t\t\t\t<div class=\"elementor-widget-container\">\n\t\t\t\t\t\t\t\t\t\t\t\t\t\t\t<img fetchpriority=\"high\" decoding=\"async\" width=\"1024\" height=\"1024\" src=\"https:\/\/www.arber.de\/wp-content\/uploads\/tierischer-Rasenmaeher.png\" class=\"attachment-2048x2048 size-2048x2048 wp-image-9288\" alt=\"\" srcset=\"https:\/\/www.arber.de\/wp-content\/uploads\/tierischer-Rasenmaeher.png 1024w, https:\/\/www.arber.de\/wp-content\/uploads\/tierischer-Rasenmaeher-300x300.png 300w, https:\/\/www.arber.de\/wp-content\/uploads\/tierischer-Rasenmaeher-150x150.png 150w, https:\/\/www.arber.de\/wp-content\/uploads\/tierischer-Rasenmaeher-768x768.png 768w\" sizes=\"(max-width: 1024px) 100vw, 1024px\" \/>\t\t\t\t\t\t\t\t\t\t\t\t\t\t\t<\/div>\n\t\t\t\t<\/div>\n\t\t\t\t<\/div>\n\t\t<div class=\"elementor-element elementor-element-125c43d e-con-full e-flex e-con e-parent\" data-id=\"125c43d\" data-element_type=\"container\">\n\t\t\t\t<div class=\"elementor-element elementor-element-101db89 elementor-widget elementor-widget-heading\" data-id=\"101db89\" data-element_type=\"widget\" data-widget_type=\"heading.default\">\n\t\t\t\t<div class=\"elementor-widget-container\">\n\t\t\t\t\t<h2 class=\"elementor-heading-title elementor-size-default\">Umweltschutz am Gro\u00dfen Arber: Gemeinsam f\u00fcr eine intakte Natur<\/h2>\t\t\t\t<\/div>\n\t\t\t\t<\/div>\n\t\t\t\t<div class=\"elementor-element elementor-element-e96e0fd elementor-widget elementor-widget-text-editor\" data-id=\"e96e0fd\" data-element_type=\"widget\" data-widget_type=\"text-editor.default\">\n\t\t\t\t<div class=\"elementor-widget-container\">\n\t\t\t\t\t\t\t\t\t<p>Wir sind stolz darauf, nicht nur ein beeindruckendes Naturerlebnis zu bieten, sondern auch daf\u00fcr zu sorgen, dass dieser einzigartige Ort f\u00fcr kommende Generationen bewahrt bleibt.<\/p><p>Unsere Partnerschaft mit den Naturschutzbeh\u00f6rden ist ein leuchtendes Beispiel f\u00fcr unser Engagement. Ein harmonisches Miteinander von Mensch und Natur ist f\u00fcr uns von h\u00f6chster Bedeutung. Gemeinsam arbeiten wir daran, die einzigartige Flora und Fauna des Gro\u00dfen Arbers zu sch\u00fctzen und zu bewahren.<\/p><p>Unsere Ma\u00dfnahmen reichen von umweltfreundlichen Betriebspraktiken bis hin zu Bildungsinitiativen f\u00fcr unsere G\u00e4ste. Dabei setzen wir auf Innovation und bew\u00e4hrte Methoden, um die Umweltauswirkungen unserer Aktivit\u00e4ten zu minimieren. Energieeffizienz, ressourcenschonende Beschneiung und Abfallreduzierung sind nur einige Beispiele f\u00fcr unser Streben nach Nachhaltigkeit.<\/p><p>Indem wir die Balance zwischen Erholung und Naturschutz schaffen, schaffen wir eine Win-Win-Situation f\u00fcr alle. Besucher k\u00f6nnen die Sch\u00f6nheit des Gro\u00dfen Arbers genie\u00dfen, w\u00e4hrend sie gleichzeitig Teil unserer Bem\u00fchungen sind, die Natur zu erhalten. <\/p>\t\t\t\t\t\t\t\t<\/div>\n\t\t\t\t<\/div>\n\t\t\t\t<\/div>\n\t\t\t\t\t<\/div>\n\t\t\t\t<\/div>\n\t\t<div class=\"elementor-element elementor-element-7abc3670 e-flex e-con-boxed e-con e-parent\" data-id=\"7abc3670\" data-element_type=\"container\">\n\t\t\t\t\t<div class=\"e-con-inner\">\n\t\t<div class=\"elementor-element elementor-element-1ff15f37 e-flex e-con-boxed e-con e-parent\" data-id=\"1ff15f37\" data-element_type=\"container\" data-settings=\"{&quot;background_background&quot;:&quot;gradient&quot;}\">\n\t\t\t\t\t<div class=\"e-con-inner\">\n\t\t\t\t<div class=\"elementor-element elementor-element-5243a7c0 elementor-widget__width-initial animated-slow elementor-view-default elementor-invisible elementor-widget elementor-widget-icon\" data-id=\"5243a7c0\" data-element_type=\"widget\" data-settings=\"{&quot;_animation&quot;:&quot;bounceIn&quot;,&quot;_animation_delay&quot;:400}\" data-widget_type=\"icon.default\">\n\t\t\t\t<div class=\"elementor-widget-container\">\n\t\t\t\t\t\t\t<div class=\"elementor-icon-wrapper\">\n\t\t\t<div class=\"elementor-icon\">\n\t\t\t<svg aria-hidden=\"true\" class=\"e-font-icon-svg e-fas-lightbulb\" viewBox=\"0 0 352 512\" xmlns=\"http:\/\/www.w3.org\/2000\/svg\"><path d=\"M96.06 454.35c.01 6.29 1.87 12.45 5.36 17.69l17.09 25.69a31.99 31.99 0 0 0 26.64 14.28h61.71a31.99 31.99 0 0 0 26.64-14.28l17.09-25.69a31.989 31.989 0 0 0 5.36-17.69l.04-38.35H96.01l.05 38.35zM0 176c0 44.37 16.45 84.85 43.56 115.78 16.52 18.85 42.36 58.23 52.21 91.45.04.26.07.52.11.78h160.24c.04-.26.07-.51.11-.78 9.85-33.22 35.69-72.6 52.21-91.45C335.55 260.85 352 220.37 352 176 352 78.61 272.91-.3 175.45 0 73.44.31 0 82.97 0 176zm176-80c-44.11 0-80 35.89-80 80 0 8.84-7.16 16-16 16s-16-7.16-16-16c0-61.76 50.24-112 112-112 8.84 0 16 7.16 16 16s-7.16 16-16 16z\"><\/path><\/svg>\t\t\t<\/div>\n\t\t<\/div>\n\t\t\t\t\t\t<\/div>\n\t\t\t\t<\/div>\n\t\t\t\t<div class=\"elementor-element elementor-element-306744b3 elementor-widget elementor-widget-text-editor\" data-id=\"306744b3\" data-element_type=\"widget\" data-widget_type=\"text-editor.default\">\n\t\t\t\t<div class=\"elementor-widget-container\">\n\t\t\t\t\t\t\t\t\t<p><strong>TIPP:<\/strong> Mit den \u00f6ffentlichen Verkehrsmitteln reist ihr nicht nur stressfrei und bequem, sondern leistet auch einen wertvollen Beitrag zur Reduzierung von CO2-Emissionen. Eure G\u00e4stekarte erm\u00f6glicht euch oft sogar die kostenlose Nutzung von Bus und Bahn in der Region.<\/p><p><strong>Ein kleiner Schritt, der eine gro\u00dfe Wirkung erzielt.<\/strong><\/p>\t\t\t\t\t\t\t\t<\/div>\n\t\t\t\t<\/div>\n\t\t\t\t\t<\/div>\n\t\t\t\t<\/div>\n\t\t\t\t\t<\/div>\n\t\t\t\t<\/div>\n\t\t\t\t<\/div>\n\t\t","protected":false},"excerpt":{"rendered":"<p>#Careforfuture Gemeinsam gestalten wir die Zukunft &#8211; verantwortlich f\u00fcr jede Generation ENERgie &#8211; Beschneiung &#8211; umwelt Am Gro\u00dfen Arber ist uns bewusst, dass ein sorgf\u00e4ltiger Umgang mit Energie und Ressourcen essentiell ist, um unsere wundersch\u00f6ne Umgebung zu sch\u00fctzen. Unsere Verantwortung f\u00fcr die Umwelt spiegelt sich in unserem Ansatz zur Energieeffizienz und der Beschneiung wieder. Durch [&hellip;]<\/p>\n","protected":false},"author":1,"featured_media":0,"parent":10524,"menu_order":0,"comment_status":"closed","ping_status":"closed","template":"","meta":{"inline_featured_image":false,"footnotes":""},"class_list":["post-10595","page","type-page","status-publish","hentry"],"_links":{"self":[{"href":"https:\/\/www.arber.de\/cs\/wp-json\/wp\/v2\/pages\/10595","targetHints":{"allow":["GET"]}}],"collection":[{"href":"https:\/\/www.arber.de\/cs\/wp-json\/wp\/v2\/pages"}],"about":[{"href":"https:\/\/www.arber.de\/cs\/wp-json\/wp\/v2\/types\/page"}],"author":[{"embeddable":true,"href":"https:\/\/www.arber.de\/cs\/wp-json\/wp\/v2\/users\/1"}],"replies":[{"embeddable":true,"href":"https:\/\/www.arber.de\/cs\/wp-json\/wp\/v2\/comments?post=10595"}],"version-history":[{"count":0,"href":"https:\/\/www.arber.de\/cs\/wp-json\/wp\/v2\/pages\/10595\/revisions"}],"up":[{"embeddable":true,"href":"https:\/\/www.arber.de\/cs\/wp-json\/wp\/v2\/pages\/10524"}],"wp:attachment":[{"href":"https:\/\/www.arber.de\/cs\/wp-json\/wp\/v2\/media?parent=10595"}],"curies":[{"name":"wp","href":"https:\/\/api.w.org\/{rel}","templated":true}]}}