{"id":10571,"date":"2023-01-12T14:57:50","date_gmt":"2023-01-12T13:57:50","guid":{"rendered":"https:\/\/www.arber.de\/sommer\/geschichten\/"},"modified":"2023-01-12T14:57:50","modified_gmt":"2023-01-12T13:57:50","slug":"geschichten","status":"publish","type":"page","link":"https:\/\/www.arber.de\/cs\/sommer\/geschichten\/","title":{"rendered":"Geschichten"},"content":{"rendered":"\t\t<div data-elementor-type=\"wp-page\" data-elementor-id=\"10571\" class=\"elementor elementor-10571 elementor-5578\" data-elementor-post-type=\"page\">\n\t\t\t\t<div class=\"elementor-element elementor-element-3be5774d e-con-full e-flex e-con e-parent\" data-id=\"3be5774d\" data-element_type=\"container\" data-settings=\"{&quot;background_background&quot;:&quot;classic&quot;}\">\n\t\t<div class=\"elementor-element elementor-element-28c6f356 e-flex e-con-boxed e-con e-child\" data-id=\"28c6f356\" data-element_type=\"container\" data-settings=\"{&quot;background_background&quot;:&quot;classic&quot;,&quot;shape_divider_bottom&quot;:&quot;pyramids&quot;}\">\n\t\t\t\t\t<div class=\"e-con-inner\">\n\t\t\t\t<div class=\"elementor-shape elementor-shape-bottom\" aria-hidden=\"true\" data-negative=\"false\">\n\t\t\t<svg xmlns=\"http:\/\/www.w3.org\/2000\/svg\" viewBox=\"0 0 1000 100\" preserveAspectRatio=\"none\">\n\t<path class=\"elementor-shape-fill\" d=\"M761.9,44.1L643.1,27.2L333.8,98L0,3.8V0l1000,0v3.9\"\/>\n<\/svg>\t\t<\/div>\n\t\t\t\t\t<\/div>\n\t\t\t\t<\/div>\n\t\t<div class=\"elementor-element elementor-element-c1a000f e-flex e-con-boxed e-con e-child\" data-id=\"c1a000f\" data-element_type=\"container\" data-settings=\"{&quot;background_background&quot;:&quot;gradient&quot;,&quot;shape_divider_bottom&quot;:&quot;pyramids&quot;}\">\n\t\t\t\t\t<div class=\"e-con-inner\">\n\t\t\t\t<div class=\"elementor-shape elementor-shape-bottom\" aria-hidden=\"true\" data-negative=\"false\">\n\t\t\t<svg xmlns=\"http:\/\/www.w3.org\/2000\/svg\" viewBox=\"0 0 1000 100\" preserveAspectRatio=\"none\">\n\t<path class=\"elementor-shape-fill\" d=\"M761.9,44.1L643.1,27.2L333.8,98L0,3.8V0l1000,0v3.9\"\/>\n<\/svg>\t\t<\/div>\n\t\t\t\t<div class=\"elementor-element elementor-element-52824c8b elementor-widget__width-initial elementor-widget-mobile__width-inherit elementor-widget elementor-widget-heading\" data-id=\"52824c8b\" data-element_type=\"widget\" data-widget_type=\"heading.default\">\n\t\t\t\t<div class=\"elementor-widget-container\">\n\t\t\t\t\t<div class=\"elementor-heading-title elementor-size-default\">Geschichten vom und<br>\u00fcber den Gro\u00dfen Arber<\/div>\t\t\t\t<\/div>\n\t\t\t\t<\/div>\n\t\t\t\t\t<\/div>\n\t\t\t\t<\/div>\n\t\t\t\t<\/div>\n\t\t<div class=\"elementor-element elementor-element-89572af e-flex e-con-boxed e-con e-parent\" data-id=\"89572af\" data-element_type=\"container\" data-settings=\"{&quot;background_background&quot;:&quot;classic&quot;}\">\n\t\t\t\t\t<div class=\"e-con-inner\">\n\t\t\t\t<div class=\"elementor-element elementor-element-1625fb4 elementor-widget elementor-widget-heading\" data-id=\"1625fb4\" data-element_type=\"widget\" data-widget_type=\"heading.default\">\n\t\t\t\t<div class=\"elementor-widget-container\">\n\t\t\t\t\t<h2 class=\"elementor-heading-title elementor-size-default\">Renaissance der Totenbretter<\/h2>\t\t\t\t<\/div>\n\t\t\t\t<\/div>\n\t\t\t\t\t<\/div>\n\t\t\t\t<\/div>\n\t\t<div class=\"elementor-element elementor-element-f208b90 e-flex e-con-boxed e-con e-parent\" data-id=\"f208b90\" data-element_type=\"container\">\n\t\t\t\t\t<div class=\"e-con-inner\">\n\t\t\t\t<div class=\"elementor-element elementor-element-aa6e30f elementor-widget__width-initial elementor-widget-mobile__width-initial elementor-widget elementor-widget-image\" data-id=\"aa6e30f\" data-element_type=\"widget\" data-widget_type=\"image.default\">\n\t\t\t\t<div class=\"elementor-widget-container\">\n\t\t\t\t\t\t\t\t\t\t\t\t\t\t\t<img fetchpriority=\"high\" decoding=\"async\" width=\"250\" height=\"200\" src=\"https:\/\/www.arber.de\/wp-content\/uploads\/geschichten-renaissance-totenbretter.jpg\" class=\"attachment-large size-large wp-image-5621\" alt=\"\" \/>\t\t\t\t\t\t\t\t\t\t\t\t\t\t\t<\/div>\n\t\t\t\t<\/div>\n\t\t\t\t<div class=\"elementor-element elementor-element-51eab7bd elementor-widget elementor-widget-text-editor\" data-id=\"51eab7bd\" data-element_type=\"widget\" data-widget_type=\"text-editor.default\">\n\t\t\t\t<div class=\"elementor-widget-container\">\n\t\t\t\t\t\t\t\t\t<p>Stumm stehen sie an am Wegesrand, recken sich wie mahnende Finger dem Himmel entgegen. Morbide Symbole finden sich auf wei\u00dfem Grund, kurze Verse lassen die Erinnerung an l\u00e4ngst Verstorbene lebendig bleiben. \u201eZwischen dem Egerland und dem \u00f6sterreichischen Waldviertel sind die Totenbretter verbreitet, die sch\u00f6nsten aber finden sich im Lamer Winkl\u201c, wei\u00df der Passauer Volkskunde-Professor Dr. Reinhard Haller.<\/p><p>Die Originale allerdings sterben langsam aus. Der Grund: Bis etwa zur Mitte des letzten Jahrhunderts waren die Bretter, auf denen die Toten zu Hause aufgebahrt und die sp\u00e4ter vom M\u00f6belmaler kunstvoll verziert wurden, aus weichem Fichtenholz. \u201eDer Volksglaube sagte: Ist das Holz verfault, dann ist der Tote erl\u00f6st\u201c, erz\u00e4hlt Haller. Mittlerweile allerdings gibt es rund um den Arber eine Renaissance der Totenbretter. Vor allem die Traditionsvereine bem\u00fchen sich, den alten Brauch zu erhalten. Nur auf Fichtenholz wird heute verzichtet. An Eiche und Buche nagt der Zahn der Zeit halt viel langsamer.<\/p>\t\t\t\t\t\t\t\t<\/div>\n\t\t\t\t<\/div>\n\t\t\t\t\t<\/div>\n\t\t\t\t<\/div>\n\t\t<div class=\"elementor-element elementor-element-39041d9 e-flex e-con-boxed e-con e-parent\" data-id=\"39041d9\" data-element_type=\"container\" data-settings=\"{&quot;background_background&quot;:&quot;classic&quot;,&quot;shape_divider_top&quot;:&quot;pyramids&quot;,&quot;shape_divider_bottom&quot;:&quot;pyramids&quot;}\">\n\t\t\t\t\t<div class=\"e-con-inner\">\n\t\t\t\t<div class=\"elementor-shape elementor-shape-top\" aria-hidden=\"true\" data-negative=\"false\">\n\t\t\t<svg xmlns=\"http:\/\/www.w3.org\/2000\/svg\" viewBox=\"0 0 1000 100\" preserveAspectRatio=\"none\">\n\t<path class=\"elementor-shape-fill\" d=\"M761.9,44.1L643.1,27.2L333.8,98L0,3.8V0l1000,0v3.9\"\/>\n<\/svg>\t\t<\/div>\n\t\t\t\t<div class=\"elementor-shape elementor-shape-bottom\" aria-hidden=\"true\" data-negative=\"false\">\n\t\t\t<svg xmlns=\"http:\/\/www.w3.org\/2000\/svg\" viewBox=\"0 0 1000 100\" preserveAspectRatio=\"none\">\n\t<path class=\"elementor-shape-fill\" d=\"M761.9,44.1L643.1,27.2L333.8,98L0,3.8V0l1000,0v3.9\"\/>\n<\/svg>\t\t<\/div>\n\t\t\t\t<div class=\"elementor-element elementor-element-e6bd8c9 elementor-widget elementor-widget-heading\" data-id=\"e6bd8c9\" data-element_type=\"widget\" data-widget_type=\"heading.default\">\n\t\t\t\t<div class=\"elementor-widget-container\">\n\t\t\t\t\t<h2 class=\"elementor-heading-title elementor-size-default\">Richard Wagner und der Arber<\/h2>\t\t\t\t<\/div>\n\t\t\t\t<\/div>\n\t\t<div class=\"elementor-element elementor-element-a527f3d e-con-full e-flex e-con e-child\" data-id=\"a527f3d\" data-element_type=\"container\">\n\t\t\t\t<div class=\"elementor-element elementor-element-9df910d elementor-widget__width-initial elementor-widget-mobile__width-initial elementor-hidden-mobile elementor-widget elementor-widget-image\" data-id=\"9df910d\" data-element_type=\"widget\" data-widget_type=\"image.default\">\n\t\t\t\t<div class=\"elementor-widget-container\">\n\t\t\t\t\t\t\t\t\t\t\t\t\t\t\t<img decoding=\"async\" width=\"250\" height=\"200\" src=\"https:\/\/www.arber.de\/wp-content\/uploads\/wagner-geschichten.jpg\" class=\"attachment-large size-large wp-image-5696\" alt=\"\" \/>\t\t\t\t\t\t\t\t\t\t\t\t\t\t\t<\/div>\n\t\t\t\t<\/div>\n\t\t\t\t<div class=\"elementor-element elementor-element-63406fd elementor-widget elementor-widget-text-editor\" data-id=\"63406fd\" data-element_type=\"widget\" data-widget_type=\"text-editor.default\">\n\t\t\t\t<div class=\"elementor-widget-container\">\n\t\t\t\t\t\t\t\t\t<p>Das markante Kinn, die dominante Nase, die fliehende Stirn \u2013 tats\u00e4chlich: das ist das Profil Richard Wagners. Am besten sind die Namen gebenden Linien des Felsaufbaus am westlichen Arber-Gipfel vom Seeriegel aus zu erkennen. Doch wer hat den ehemaligen Bodenmaiser Riegel mit dem ber\u00fchmten Sch\u00f6pfer der Nibelungen in Verbindung gebracht? Selbst versierte Arber-Kenner kommen bei dieser Frage ins Gr\u00fcbeln. Einer der profundesten Kenner der Region, der Passauer Volkskunde-Professor Dr. Reinhard Haller hat nachrecherchiert. \u201eBelegbar ist die Bezeichnung Richard-Wagner-Kopf zum ersten Mal in einem Prospekt aus dem Jahr 1934\u201c. Noch vier Jahre vorher habe der Regensburger Oberregierungsrat Dr. Burger die Felsformation in einer Abhandlung lapidar als \u201eArber-S\u00fcdhang\u201c bezeichnet. Auch wenn es keine sicheren Beweise mehr gibt, vermutet Haller hinter der Namensgebung den Zwieseler Fachschullehrer Anton Pech. Der Maler und Fotograf, der als \u201eHausmeister des Bayerischen Waldes\u201c in die Annalen einging, hatte ein Faible f\u00fcr derartige Wortsch\u00f6pfungen. \u201eDer Richard-Wagner-Kopf tr\u00e4gt seine Handschrift\u201c, ist sich der Professor sicher. Sicher ist auch: Mit einem Besuch des Komponisten hat der Name nichts zu tun. Richard Wagner hat den Arber nie selbst gesehen.<\/p>\t\t\t\t\t\t\t\t<\/div>\n\t\t\t\t<\/div>\n\t\t\t\t<\/div>\n\t\t\t\t\t<\/div>\n\t\t\t\t<\/div>\n\t\t<div class=\"elementor-element elementor-element-3c75be6 e-flex e-con-boxed e-con e-parent\" data-id=\"3c75be6\" data-element_type=\"container\" data-settings=\"{&quot;background_background&quot;:&quot;classic&quot;}\">\n\t\t\t\t\t<div class=\"e-con-inner\">\n\t\t\t\t<div class=\"elementor-element elementor-element-69317b5 elementor-widget elementor-widget-heading\" data-id=\"69317b5\" data-element_type=\"widget\" data-widget_type=\"heading.default\">\n\t\t\t\t<div class=\"elementor-widget-container\">\n\t\t\t\t\t<h2 class=\"elementor-heading-title elementor-size-default\">Wie aus Schmidt der Waldschmidt wurde<\/h2>\t\t\t\t<\/div>\n\t\t\t\t<\/div>\n\t\t\t\t\t<\/div>\n\t\t\t\t<\/div>\n\t\t<div class=\"elementor-element elementor-element-6a9c6e5 e-flex e-con-boxed e-con e-parent\" data-id=\"6a9c6e5\" data-element_type=\"container\" data-settings=\"{&quot;background_background&quot;:&quot;classic&quot;}\">\n\t\t\t\t\t<div class=\"e-con-inner\">\n\t\t\t\t<div class=\"elementor-element elementor-element-5ccf788 elementor-widget__width-initial elementor-hidden-mobile elementor-widget elementor-widget-image\" data-id=\"5ccf788\" data-element_type=\"widget\" data-widget_type=\"image.default\">\n\t\t\t\t<div class=\"elementor-widget-container\">\n\t\t\t\t\t\t\t\t\t\t\t\t\t\t\t<img decoding=\"async\" width=\"138\" height=\"150\" src=\"https:\/\/www.arber.de\/wp-content\/uploads\/waldschmidt-geschichten.jpg\" class=\"attachment-large size-large wp-image-6034\" alt=\"\" \/>\t\t\t\t\t\t\t\t\t\t\t\t\t\t\t<\/div>\n\t\t\t\t<\/div>\n\t\t\t\t<div class=\"elementor-element elementor-element-3930162 elementor-widget elementor-widget-text-editor\" data-id=\"3930162\" data-element_type=\"widget\" data-widget_type=\"text-editor.default\">\n\t\t\t\t<div class=\"elementor-widget-container\">\n\t\t\t\t\t\t\t\t\t<p>Maximilian Schmidt gibt es viele, der Waldschmidt ist einmalig. Sogar ein monumentales Denkmal wurde dem ber\u00fchmtesten Sohn Eschlkams, der in seiner autobiographischen Wanderung dem Bayerischen Wald zu litararischem Ruhm verhalf, droben am Riedelstein erbaut. Dass der hoch dekorierte Heimatdichter (1832 \u2013 1919) seinen \u201eK\u00fcnstlernamen\u201c allerdings \u201evon allerh\u00f6chster Stelle\u201c zuerkannt bekam, wissen nur Wenige.<\/p><p>Bereits K\u00f6nig Max von Bayern gew\u00e4hrte dem jungen Leutnant aus dem Wald die Huld der Audienz und zeigte sich sehr angetan von den Gedichten und Erz\u00e4hlungen Schmidts. \u201eEchte, gute, geistige Kost\u201c, urteilte der Monarch und betonte seine Bewunderung f\u00fcr den Ostteil seines Reiches: \u201eIch sch\u00e4tze den Wald als eine kostbare Perle sehr hoch\u201c. Die guten Kontakte zum Hause Wittelsbach sollten nicht mehr abrei\u00dfen.<\/p><p>F\u00fcr den kunstsinnigen Ludwig II. schrieb Schmidt eigens die \u201eFischerrosl von St. Heinrich\u201c, der Titel eines Hofrats wurde ihm als Dank zuerkannt. Best\u00e4ndiger allerdings sollte die \u201eAuszeichnung\u201c bleiben, die Maximilian Schmidt 1897 erhielt. Prinzregent Luitpold erlaubte dem damals beliebtesten Volksschriftsteller Bayerns, sich offiziell \u201eWaldschmidt\u201c zu nennen.<\/p>\t\t\t\t\t\t\t\t<\/div>\n\t\t\t\t<\/div>\n\t\t\t\t\t<\/div>\n\t\t\t\t<\/div>\n\t\t<div class=\"elementor-element elementor-element-b0d5b31 e-flex e-con-boxed e-con e-parent\" data-id=\"b0d5b31\" data-element_type=\"container\" data-settings=\"{&quot;background_background&quot;:&quot;classic&quot;,&quot;shape_divider_top&quot;:&quot;pyramids&quot;}\">\n\t\t\t\t\t<div class=\"e-con-inner\">\n\t\t\t\t<div class=\"elementor-shape elementor-shape-top\" aria-hidden=\"true\" data-negative=\"false\">\n\t\t\t<svg xmlns=\"http:\/\/www.w3.org\/2000\/svg\" viewBox=\"0 0 1000 100\" preserveAspectRatio=\"none\">\n\t<path class=\"elementor-shape-fill\" d=\"M761.9,44.1L643.1,27.2L333.8,98L0,3.8V0l1000,0v3.9\"\/>\n<\/svg>\t\t<\/div>\n\t\t\t\t<div class=\"elementor-element elementor-element-98ccf08 elementor-widget elementor-widget-heading\" data-id=\"98ccf08\" data-element_type=\"widget\" data-widget_type=\"heading.default\">\n\t\t\t\t<div class=\"elementor-widget-container\">\n\t\t\t\t\t<h2 class=\"elementor-heading-title elementor-size-default\">Auf den Spuren der Schwefels\u00e4ure<\/h2>\t\t\t\t<\/div>\n\t\t\t\t<\/div>\n\t\t\t\t\t<\/div>\n\t\t\t\t<\/div>\n\t\t<div class=\"elementor-element elementor-element-16107a5 e-flex e-con-boxed e-con e-parent\" data-id=\"16107a5\" data-element_type=\"container\" data-settings=\"{&quot;background_background&quot;:&quot;classic&quot;,&quot;shape_divider_bottom&quot;:&quot;pyramids&quot;}\">\n\t\t\t\t\t<div class=\"e-con-inner\">\n\t\t\t\t<div class=\"elementor-shape elementor-shape-bottom\" aria-hidden=\"true\" data-negative=\"false\">\n\t\t\t<svg xmlns=\"http:\/\/www.w3.org\/2000\/svg\" viewBox=\"0 0 1000 100\" preserveAspectRatio=\"none\">\n\t<path class=\"elementor-shape-fill\" d=\"M761.9,44.1L643.1,27.2L333.8,98L0,3.8V0l1000,0v3.9\"\/>\n<\/svg>\t\t<\/div>\n\t\t<div class=\"elementor-element elementor-element-b77bc82 e-con-full e-flex e-con e-child\" data-id=\"b77bc82\" data-element_type=\"container\">\n\t\t\t\t<div class=\"elementor-element elementor-element-55c4cb5 elementor-widget__width-initial elementor-hidden-mobile elementor-widget elementor-widget-image\" data-id=\"55c4cb5\" data-element_type=\"widget\" data-widget_type=\"image.default\">\n\t\t\t\t<div class=\"elementor-widget-container\">\n\t\t\t\t\t\t\t\t\t\t\t\t\t\t\t<img loading=\"lazy\" decoding=\"async\" width=\"250\" height=\"200\" src=\"https:\/\/www.arber.de\/wp-content\/uploads\/schwefelsaeure-geschichten.jpg\" class=\"attachment-large size-large wp-image-6105\" alt=\"\" \/>\t\t\t\t\t\t\t\t\t\t\t\t\t\t\t<\/div>\n\t\t\t\t<\/div>\n\t\t\t\t<div class=\"elementor-element elementor-element-acac9e2 elementor-widget elementor-widget-text-editor\" data-id=\"acac9e2\" data-element_type=\"widget\" data-widget_type=\"text-editor.default\">\n\t\t\t\t<div class=\"elementor-widget-container\">\n\t\t\t\t\t\t\t\t\t<p>Das markante Kinn, die dominante Nase, die fliehende Stirn \u2013 tats\u00e4chlich: das ist das Profil Richard Wagners. Am besten sind die Namen gebenden Linien des Felsaufbaus am westlichen Arber-Gipfel vom Seeriegel aus zu erkennen. Doch wer hat den ehemaligen Bodenmaiser Riegel mit dem ber\u00fchmten Sch\u00f6pfer der Nibelungen in Verbindung gebracht? Selbst versierte Arber-Kenner kommen bei dieser Frage ins Gr\u00fcbeln. Einer der profundesten Kenner der Region, der Passauer Volkskunde-Professor Dr. Reinhard Haller hat nachrecherchiert. \u201eBelegbar ist die Bezeichnung Richard-Wagner-Kopf zum ersten Mal in einem Prospekt aus dem Jahr 1934\u201c. Noch vier Jahre vorher habe der Regensburger Oberregierungsrat Dr. Burger die Felsformation in einer Abhandlung lapidar als \u201eArber-S\u00fcdhang\u201c bezeichnet. Auch wenn es keine sicheren Beweise mehr gibt, vermutet Haller hinter der Namensgebung den Zwieseler Fachschullehrer Anton Pech. Der Maler und Fotograf, der als \u201eHausmeister des Bayerischen Waldes\u201c in die Annalen einging, hatte ein Faible f\u00fcr derartige Wortsch\u00f6pfungen. \u201eDer Richard-Wagner-Kopf tr\u00e4gt seine Handschrift\u201c, ist sich der Professor sicher. Sicher ist auch: Mit einem Besuch des Komponisten hat der Name nichts zu tun. Richard Wagner hat den Arber nie selbst gesehen.<\/p>\t\t\t\t\t\t\t\t<\/div>\n\t\t\t\t<\/div>\n\t\t\t\t<\/div>\n\t\t\t\t\t<\/div>\n\t\t\t\t<\/div>\n\t\t<div class=\"elementor-element elementor-element-1015212 e-flex e-con-boxed e-con e-parent\" data-id=\"1015212\" data-element_type=\"container\">\n\t\t\t\t\t<div class=\"e-con-inner\">\n\t\t\t\t<div class=\"elementor-element elementor-element-394e355 elementor-widget elementor-widget-heading\" data-id=\"394e355\" data-element_type=\"widget\" data-widget_type=\"heading.default\">\n\t\t\t\t<div class=\"elementor-widget-container\">\n\t\t\t\t\t<h2 class=\"elementor-heading-title elementor-size-default\">Der Fischer vom Arbersee<\/h2>\t\t\t\t<\/div>\n\t\t\t\t<\/div>\n\t\t\t\t\t<\/div>\n\t\t\t\t<\/div>\n\t\t<div class=\"elementor-element elementor-element-2b04013 e-flex e-con-boxed e-con e-parent\" data-id=\"2b04013\" data-element_type=\"container\">\n\t\t\t\t\t<div class=\"e-con-inner\">\n\t\t<div class=\"elementor-element elementor-element-1779c6b e-con-full e-flex e-con e-child\" data-id=\"1779c6b\" data-element_type=\"container\">\n\t\t\t\t<div class=\"elementor-element elementor-element-7249386 elementor-widget elementor-widget-text-editor\" data-id=\"7249386\" data-element_type=\"widget\" data-widget_type=\"text-editor.default\">\n\t\t\t\t<div class=\"elementor-widget-container\">\n\t\t\t\t\t\t\t\t\t<p>Ruhig liegt er da, schwarz und tief. Eingerahmt von den Tannen und Fichten der Uferh\u00e4nge, hinten die mystische Seewand geh\u00f6rt der Gro\u00dfe Arbersee heute zu den beliebtesten Ausflugszielen der Region. Ob im k\u00fchlen Schatten des Wanderwegs oder w\u00e4hrend einer romantischen Fahrt im Ruderboot, hier l\u00e4sst sich die Kraft des Waldes tanken \u2013 nur gierig sollte man nicht sein. Dem Fischer vom Arbersee \u2013 so erz\u00e4hlt die gleichnamige Ballade des Arnschwangers Josef Wensauer (1809 \u2013 1878) \u2013 wurde eben diese Gier zum Verh\u00e4ngnis. Ein listiger Fisch, der schon im Netz zappelte, rettete sein Leben, indem er das Interesse des Mannes auf die goldenen Fische am Grund des Sees lenkte. Das glei\u00dfende Licht der Sonne spiegelte sich goldgelb auf den Schuppen und lie\u00df den Fischer vom gro\u00dfen Reichtum tr\u00e4umen. Er beugte sich so weit \u00fcber den Rand des Kahns, dass er in den See st\u00fcrzte und versank. \u201eDie Fische aber\u201c, so erz\u00e4hlt die Ballade, \u201ekamen von allen Seite zu Gast; sie kamen zum Leichenmahl\u201c.<\/p>\t\t\t\t\t\t\t\t<\/div>\n\t\t\t\t<\/div>\n\t\t\t\t<\/div>\n\t\t<div class=\"elementor-element elementor-element-f157ebd e-con-full elementor-hidden-mobile e-flex e-con e-child\" data-id=\"f157ebd\" data-element_type=\"container\">\n\t\t\t\t<div class=\"elementor-element elementor-element-5762dc9 elementor-widget__width-initial elementor-widget elementor-widget-image\" data-id=\"5762dc9\" data-element_type=\"widget\" data-widget_type=\"image.default\">\n\t\t\t\t<div class=\"elementor-widget-container\">\n\t\t\t\t\t\t\t\t\t\t\t\t\t\t\t<img loading=\"lazy\" decoding=\"async\" width=\"250\" height=\"200\" src=\"https:\/\/www.arber.de\/wp-content\/uploads\/arbersee-geschichten.jpg\" class=\"attachment-large size-large wp-image-6249\" alt=\"\" \/>\t\t\t\t\t\t\t\t\t\t\t\t\t\t\t<\/div>\n\t\t\t\t<\/div>\n\t\t\t\t<\/div>\n\t\t\t\t\t<\/div>\n\t\t\t\t<\/div>\n\t\t<div class=\"elementor-element elementor-element-e4055d3 e-flex e-con-boxed e-con e-parent\" data-id=\"e4055d3\" data-element_type=\"container\" data-settings=\"{&quot;background_background&quot;:&quot;classic&quot;,&quot;shape_divider_top&quot;:&quot;pyramids&quot;}\">\n\t\t\t\t\t<div class=\"e-con-inner\">\n\t\t\t\t<div class=\"elementor-shape elementor-shape-top\" aria-hidden=\"true\" data-negative=\"false\">\n\t\t\t<svg xmlns=\"http:\/\/www.w3.org\/2000\/svg\" viewBox=\"0 0 1000 100\" preserveAspectRatio=\"none\">\n\t<path class=\"elementor-shape-fill\" d=\"M761.9,44.1L643.1,27.2L333.8,98L0,3.8V0l1000,0v3.9\"\/>\n<\/svg>\t\t<\/div>\n\t\t\t\t<div class=\"elementor-element elementor-element-0f139b3 elementor-widget elementor-widget-heading\" data-id=\"0f139b3\" data-element_type=\"widget\" data-widget_type=\"heading.default\">\n\t\t\t\t<div class=\"elementor-widget-container\">\n\t\t\t\t\t<h2 class=\"elementor-heading-title elementor-size-default\">Der Krimi vom Arbersee<\/h2>\t\t\t\t<\/div>\n\t\t\t\t<\/div>\n\t\t\t\t\t<\/div>\n\t\t\t\t<\/div>\n\t\t<div class=\"elementor-element elementor-element-eaf6b8d e-flex e-con-boxed e-con e-parent\" data-id=\"eaf6b8d\" data-element_type=\"container\" data-settings=\"{&quot;background_background&quot;:&quot;classic&quot;}\">\n\t\t\t\t\t<div class=\"e-con-inner\">\n\t\t<div class=\"elementor-element elementor-element-f2bc80d e-con-full elementor-hidden-mobile e-flex e-con e-child\" data-id=\"f2bc80d\" data-element_type=\"container\">\n\t\t\t\t<div class=\"elementor-element elementor-element-ca2a196 elementor-widget elementor-widget-image\" data-id=\"ca2a196\" data-element_type=\"widget\" data-widget_type=\"image.default\">\n\t\t\t\t<div class=\"elementor-widget-container\">\n\t\t\t\t\t\t\t\t\t\t\t\t\t\t\t<img loading=\"lazy\" decoding=\"async\" width=\"250\" height=\"200\" src=\"https:\/\/www.arber.de\/wp-content\/uploads\/aebersee-krimi-geschichten.jpg\" class=\"attachment-full size-full wp-image-6274\" alt=\"\" \/>\t\t\t\t\t\t\t\t\t\t\t\t\t\t\t<\/div>\n\t\t\t\t<\/div>\n\t\t\t\t<\/div>\n\t\t<div class=\"elementor-element elementor-element-14c65d8 e-con-full e-flex e-con e-child\" data-id=\"14c65d8\" data-element_type=\"container\">\n\t\t\t\t<div class=\"elementor-element elementor-element-083bc5c elementor-widget elementor-widget-text-editor\" data-id=\"083bc5c\" data-element_type=\"widget\" data-widget_type=\"text-editor.default\">\n\t\t\t\t<div class=\"elementor-widget-container\">\n\t\t\t\t\t\t\t\t\t<p>Edgar Wallace h\u00e4tte das nicht besser inszeniert. Nur der Henkel der Damenhandtasche ragt aus dem Schlamm am Grund des Kleinen Arbersees, da kann die Leiche nicht weit sein. F\u00fcr wen ist der idyllische See da nur zum nassen Grab geworden?<\/p><p>Diese Frage stellten sich am 28. Juni 1991 zwei Taucher, als sie am Rand der mittleren Insel auf die Tasche stie\u00dfen. Eine Leiche allerdings lie\u00df sich nicht finden, daf\u00fcr kamen aus der Handtasche eine Kamera, drei Geldb\u00f6rsen mit zusammen 440 Mark und die Rabattkarte eines Modehauses ans Tageslicht. \u00dcber diese lie\u00df sich schlie\u00dflich deren Eigent\u00fcmerin ermitteln, die den seltsamen Fund im Arbersee aufkl\u00e4rte. Bei einem Seniorenausflug hatte die Passauerin mit ihrer Freundin eine Bootstour unternommen und zuvor alle Geldb\u00f6rsen in ihrer Tasche verstaut.<\/p><p>Als die Frauen Platz tauschen wollten, kenterte das Boot. Sich selbst konnten die beiden Seniorinnen zwar retten, nicht jedoch die wertvolle Handtasche.<\/p><p>\u00dcberliefert hat den \u201eKrimi\u201c der bekannte Bayerwald-Autor Walther Zeitler in seinem Buch: \u201eDer Arber, K\u00f6nig des Bayerischen Waldes\u201c (Straubing, 1999)<\/p>\t\t\t\t\t\t\t\t<\/div>\n\t\t\t\t<\/div>\n\t\t\t\t<\/div>\n\t\t\t\t\t<\/div>\n\t\t\t\t<\/div>\n\t\t\t\t<\/div>\n\t\t","protected":false},"excerpt":{"rendered":"<p>Geschichten vom und\u00fcber den Gro\u00dfen Arber Renaissance der Totenbretter Stumm stehen sie an am Wegesrand, recken sich wie mahnende Finger dem Himmel entgegen. Morbide Symbole finden sich auf wei\u00dfem Grund, kurze Verse lassen die Erinnerung an l\u00e4ngst Verstorbene lebendig bleiben. \u201eZwischen dem Egerland und dem \u00f6sterreichischen Waldviertel sind die Totenbretter verbreitet, die sch\u00f6nsten aber finden [&hellip;]<\/p>\n","protected":false},"author":1,"featured_media":0,"parent":10524,"menu_order":0,"comment_status":"closed","ping_status":"closed","template":"","meta":{"inline_featured_image":false,"footnotes":""},"class_list":["post-10571","page","type-page","status-publish","hentry"],"_links":{"self":[{"href":"https:\/\/www.arber.de\/cs\/wp-json\/wp\/v2\/pages\/10571","targetHints":{"allow":["GET"]}}],"collection":[{"href":"https:\/\/www.arber.de\/cs\/wp-json\/wp\/v2\/pages"}],"about":[{"href":"https:\/\/www.arber.de\/cs\/wp-json\/wp\/v2\/types\/page"}],"author":[{"embeddable":true,"href":"https:\/\/www.arber.de\/cs\/wp-json\/wp\/v2\/users\/1"}],"replies":[{"embeddable":true,"href":"https:\/\/www.arber.de\/cs\/wp-json\/wp\/v2\/comments?post=10571"}],"version-history":[{"count":0,"href":"https:\/\/www.arber.de\/cs\/wp-json\/wp\/v2\/pages\/10571\/revisions"}],"up":[{"embeddable":true,"href":"https:\/\/www.arber.de\/cs\/wp-json\/wp\/v2\/pages\/10524"}],"wp:attachment":[{"href":"https:\/\/www.arber.de\/cs\/wp-json\/wp\/v2\/media?parent=10571"}],"curies":[{"name":"wp","href":"https:\/\/api.w.org\/{rel}","templated":true}]}}